{"id":27180,"date":"2020-10-25T14:36:17","date_gmt":"2020-10-25T12:36:17","guid":{"rendered":"https:\/\/www.mondragon-assembly.com\/laminators\/ml-membrane-best-value-laminator\/"},"modified":"2024-01-08T15:35:40","modified_gmt":"2024-01-08T13:35:40","slug":"ml-membrane-best-value-laminator","status":"publish","type":"page","link":"https:\/\/www.mondragon-assembly.com\/pt-br\/solar-automation-solutions\/equipamento-individual-2\/laminators\/ml-membrane-best-value-laminator\/","title":{"rendered":"ML MEMBRANE: Laminador de qualidade superior"},"content":{"rendered":"<div class=\"wpb-content-wrapper\"><p>[vc_row][vc_column][vc_column_text]Alta produtividade com tecnologia comprovada.[\/vc_column_text][\/vc_column][\/vc_row][vc_row][vc_column][vc_single_image image=&#8221;45630&#8243; img_size=&#8221;full&#8221; alignment=&#8221;center&#8221; style=&#8221;vc_box_outline&#8221;][\/vc_column][\/vc_row][vc_row][vc_column width=&#8221;1\/4&#8243;][vc_row_inner][vc_column_inner width=&#8221;1\/4&#8243; css=&#8221;.vc_custom_1619778535631{padding-right: 0px !important;}&#8221; offset=&#8221;vc_col-xs-3&#8243;][vc_single_image image=&#8221;22019&#8243; img_size=&#8221;full&#8221; alignment=&#8221;center&#8221;][\/vc_column_inner][vc_column_inner width=&#8221;3\/4&#8243; css=&#8221;.vc_custom_1620201548132{padding-left: 0px !important;}&#8221; offset=&#8221;vc_col-xs-9&#8243;][vc_column_text]<\/p>\n<h4>Tempo de ciclo t\u00edpico\u00a0&lt;7 min<\/h4>\n<p>[\/vc_column_text][\/vc_column_inner][\/vc_row_inner][\/vc_column][vc_column width=&#8221;1\/4&#8243;][vc_row_inner][vc_column_inner width=&#8221;1\/4&#8243; css=&#8221;.vc_custom_1619777945487{padding-right: 0px !important;}&#8221; offset=&#8221;vc_col-xs-3&#8243;][vc_single_image image=&#8221;22279&#8243; img_size=&#8221;full&#8221; alignment=&#8221;center&#8221;][\/vc_column_inner][vc_column_inner width=&#8221;3\/4&#8243; css=&#8221;.vc_custom_1620201553885{padding-left: 0px !important;}&#8221; offset=&#8221;vc_col-xs-9&#8243;][vc_column_text]<\/p>\n<h4>Tamanho personalizado da placa de aquecimento<\/h4>\n<p>[\/vc_column_text][\/vc_column_inner][\/vc_row_inner][\/vc_column][vc_column width=&#8221;1\/4&#8243;][vc_row_inner css=&#8221;.vc_custom_1561537027700{padding-left: 0px !important;}&#8221;][vc_column_inner width=&#8221;1\/4&#8243; css=&#8221;.vc_custom_1619777961928{padding-right: 0px !important;}&#8221; offset=&#8221;vc_col-xs-3&#8243;][vc_single_image image=&#8221;22261&#8243; img_size=&#8221;full&#8221; alignment=&#8221;center&#8221;][\/vc_column_inner][vc_column_inner width=&#8221;3\/4&#8243; offset=&#8221;vc_col-xs-9&#8243; css=&#8221;.vc_custom_1620201559596{padding-left: 0px !important;}&#8221;][vc_column_text]<\/p>\n<h4>Adequado para m\u00f3dulos Vidro-Placa<\/h4>\n<p>[\/vc_column_text][\/vc_column_inner][\/vc_row_inner][\/vc_column][vc_column width=&#8221;1\/4&#8243;][vc_row_inner css=&#8221;.vc_custom_1561537027700{padding-left: 0px !important;}&#8221;][vc_column_inner width=&#8221;1\/4&#8243; css=&#8221;.vc_custom_1619777961928{padding-right: 0px !important;}&#8221; offset=&#8221;vc_col-xs-3&#8243;][vc_single_image image=&#8221;64186&#8243; img_size=&#8221;full&#8221; alignment=&#8221;center&#8221;][\/vc_column_inner][vc_column_inner width=&#8221;3\/4&#8243; offset=&#8221;vc_col-xs-9&#8243; css=&#8221;.vc_custom_1620201559596{padding-left: 0px !important;}&#8221;][vc_column_text]<\/p>\n<h4>Aquecimento superior como op\u00e7\u00e3o<\/h4>\n<p>[\/vc_column_text][\/vc_column_inner][\/vc_row_inner][\/vc_column][\/vc_row][vc_row full_width=&#8221;stretch_row_content&#8221;][vc_column width=&#8221;1\/6&#8243;][\/vc_column][vc_column width=&#8221;2\/6&#8243;][vc_column_text]<\/p>\n<h3><span style=\"color: #e20026;\"><img decoding=\"async\" class=\"alignnone size-full wp-image-22215\" src=\"https:\/\/www.mondragon-assembly.com\/wp-content\/uploads\/2019\/06\/icon-description.jpg\" alt=\"\" width=\"41\" height=\"41\" \/> Descri\u00e7\u00e3o<\/span><\/h3>\n<p>[\/vc_column_text][vc_column_text]A lamina\u00e7\u00e3o \u00e9 um dos processos mais cr\u00edticos na fabrica\u00e7\u00e3o de pain\u00e9is solares,<br \/>\npois garante a qualidade e durabilidade do m\u00f3dulo fotovoltaico.[\/vc_column_text][\/vc_column][vc_column width=&#8221;2\/6&#8243;][vc_column_text]<\/p>\n<h3><span style=\"color: #e20026;\"><img decoding=\"async\" class=\"alignnone wp-image-22325 size-full\" src=\"https:\/\/www.mondragon-assembly.com\/wp-content\/uploads\/2019\/06\/icon-advantages.jpg\" alt=\"\" width=\"41\" height=\"41\" \/> Vantagens<\/span><\/h3>\n<p>[\/vc_column_text][vc_column_text el_class=&#8221;icon_list&#8221;]<\/p>\n<ul>\n<li>Tamanhos de placa de aquecimento personalizados<\/li>\n<li>Precis\u00e3o &lt;\u00b1 1,5\u00baC<\/li>\n<li>Tempo de atividade &gt;95%<\/li>\n<li>As melhores marcas de bombas de v\u00e1cuo e compressores<\/li>\n<li>Solu\u00e7\u00e3o de lamina\u00e7\u00e3o mais popular no mercado solar<\/li>\n<li>Otimiza\u00e7\u00e3o de processos pelo Servi\u00e7o de Engenharia de Processos da Montagem Mondragon<\/li>\n<\/ul>\n<p>[\/vc_column_text][\/vc_column][vc_column width=&#8221;1\/6&#8243;][\/vc_column][\/vc_row][vc_row full_width=&#8221;stretch_row_content&#8221;][vc_column width=&#8221;1\/6&#8243;][\/vc_column][vc_column width=&#8221;2\/6&#8243;][vc_column_text]<\/p>\n<h3><span style=\"color: #e20026;\"><img decoding=\"async\" class=\"alignnone wp-image-22233 size-full\" src=\"https:\/\/www.mondragon-assembly.com\/wp-content\/uploads\/2019\/06\/icon-main-features.jpg\" alt=\"\" width=\"41\" height=\"41\" \/> Principais caracter\u00edsticas<\/span><\/h3>\n<p>[\/vc_column_text][vc_column_text el_class=&#8221;icon_list&#8221;]<\/p>\n<ul>\n<li>Laminador de prensa de membrana<\/li>\n<li>Sistema opcional de pin-lift<\/li>\n<li>Configura\u00e7\u00e3o de uma ou duas etapas<\/li>\n<li>Abertura simples ou dupla<\/li>\n<li>Prensa de resfriamento opcional<\/li>\n<\/ul>\n<p>[\/vc_column_text][\/vc_column][vc_column width=&#8221;2\/6&#8243;][vc_column_text]<\/p>\n<h3><span style=\"color: #e20026;\"><img decoding=\"async\" class=\"alignnone wp-image-25046 size-full\" src=\"https:\/\/www.mondragon-assembly.com\/wp-content\/uploads\/2020\/10\/icon-module-technology.jpg\" alt=\"\" width=\"41\" height=\"41\" \/> Tecnologias de m\u00f3dulo<\/span><\/h3>\n<p>[\/vc_column_text][vc_column_text el_class=&#8221;icon_list&#8221;]<\/p>\n<ul>\n<li>Adequado para m\u00f3dulos BIP<\/li>\n<li>Especialmente projetado para m\u00f3dulos Vidro-Placa.<\/li>\n<li>Adequado para m\u00f3dulos Vidro-Vidro<\/li>\n<li>V\u00e1lido para qualquer tipo de encapsulante<\/li>\n<\/ul>\n<p>[\/vc_column_text][\/vc_column][vc_column width=&#8221;1\/6&#8243;][\/vc_column][\/vc_row]<\/p>\n<\/div>","protected":false},"excerpt":{"rendered":"<p>[vc_row][vc_column][vc_column_text]Alta produtividade com tecnologia comprovada.[\/vc_column_text][\/vc_column][\/vc_row][vc_row][vc_column][vc_single_image image=&#8221;45630&#8243; img_size=&#8221;full&#8221; alignment=&#8221;center&#8221; style=&#8221;vc_box_outline&#8221;][\/vc_column][\/vc_row][vc_row][vc_column width=&#8221;1\/4&#8243;][vc_row_inner][vc_column_inner width=&#8221;1\/4&#8243; css=&#8221;.vc_custom_1619778535631{padding-right: 0px !important;}&#8221; offset=&#8221;vc_col-xs-3&#8243;][vc_single_image image=&#8221;22019&#8243; img_size=&#8221;full&#8221; alignment=&#8221;center&#8221;][\/vc_column_inner][vc_column_inner width=&#8221;3\/4&#8243; css=&#8221;.vc_custom_1620201548132{padding-left: 0px !important;}&#8221; offset=&#8221;vc_col-xs-9&#8243;][vc_column_text] Tempo de ciclo t\u00edpico\u00a0&lt;7 min [\/vc_column_text][\/vc_column_inner][\/vc_row_inner][\/vc_column][vc_column width=&#8221;1\/4&#8243;][vc_row_inner][vc_column_inner width=&#8221;1\/4&#8243; css=&#8221;.vc_custom_1619777945487{padding-right: 0px !important;}&#8221; offset=&#8221;vc_col-xs-3&#8243;][vc_single_image image=&#8221;22279&#8243; img_size=&#8221;full&#8221; alignment=&#8221;center&#8221;][\/vc_column_inner][vc_column_inner width=&#8221;3\/4&#8243; css=&#8221;.vc_custom_1620201553885{padding-left: 0px !important;}&#8221; offset=&#8221;vc_col-xs-9&#8243;][vc_column_text] Tamanho personalizado da placa de aquecimento [\/vc_column_text][\/vc_column_inner][\/vc_row_inner][\/vc_column][vc_column width=&#8221;1\/4&#8243;][vc_row_inner css=&#8221;.vc_custom_1561537027700{padding-left: 0px !important;}&#8221;][vc_column_inner width=&#8221;1\/4&#8243; [&hellip;]<\/p>\n","protected":false},"author":4,"featured_media":0,"parent":27135,"menu_order":0,"comment_status":"closed","ping_status":"closed","template":"sectors.php","meta":{"_lmt_disableupdate":"","_lmt_disable":"","footnotes":""},"yst_prominent_words":[554,969,1012,2120,2229],"class_list":["post-27180","page","type-page","status-publish","hentry"],"acf":[],"_links":{"self":[{"href":"https:\/\/www.mondragon-assembly.com\/pt-br\/wp-json\/wp\/v2\/pages\/27180","targetHints":{"allow":["GET"]}}],"collection":[{"href":"https:\/\/www.mondragon-assembly.com\/pt-br\/wp-json\/wp\/v2\/pages"}],"about":[{"href":"https:\/\/www.mondragon-assembly.com\/pt-br\/wp-json\/wp\/v2\/types\/page"}],"author":[{"embeddable":true,"href":"https:\/\/www.mondragon-assembly.com\/pt-br\/wp-json\/wp\/v2\/users\/4"}],"replies":[{"embeddable":true,"href":"https:\/\/www.mondragon-assembly.com\/pt-br\/wp-json\/wp\/v2\/comments?post=27180"}],"version-history":[{"count":25,"href":"https:\/\/www.mondragon-assembly.com\/pt-br\/wp-json\/wp\/v2\/pages\/27180\/revisions"}],"predecessor-version":[{"id":66617,"href":"https:\/\/www.mondragon-assembly.com\/pt-br\/wp-json\/wp\/v2\/pages\/27180\/revisions\/66617"}],"up":[{"embeddable":true,"href":"https:\/\/www.mondragon-assembly.com\/pt-br\/wp-json\/wp\/v2\/pages\/27135"}],"wp:attachment":[{"href":"https:\/\/www.mondragon-assembly.com\/pt-br\/wp-json\/wp\/v2\/media?parent=27180"}],"wp:term":[{"taxonomy":"yst_prominent_words","embeddable":true,"href":"https:\/\/www.mondragon-assembly.com\/pt-br\/wp-json\/wp\/v2\/yst_prominent_words?post=27180"}],"curies":[{"name":"wp","href":"https:\/\/api.w.org\/{rel}","templated":true}]}}