{"id":27199,"date":"2016-04-15T09:08:31","date_gmt":"2016-04-15T07:08:31","guid":{"rendered":"https:\/\/www.mondragon-assembly.com\/pv-module-testing\/"},"modified":"2021-03-22T11:34:29","modified_gmt":"2021-03-22T09:34:29","slug":"pv-module-testing","status":"publish","type":"page","link":"https:\/\/www.mondragon-assembly.com\/pt-br\/solar-automation-solutions\/equipamento-individual-2\/pv-module-testing\/","title":{"rendered":"Teste de m\u00f3dulo FV"},"content":{"rendered":"<div class=\"wpb-content-wrapper\"><p>[vc_row][vc_column][vc_column_text css=&#8221;.vc_custom_1604998544842{margin-top: -15px !important;}&#8221;]Nossas solu\u00e7\u00f5es utilizam as tecnologias mais avan\u00e7adas para garantir o desempenho ideal do m\u00f3dulo fotovoltaico.[\/vc_column_text][\/vc_column][\/vc_row][vc_row][vc_column][vc_column_text el_class=&#8221;icon_list_subt_gr&#8221; css=&#8221;.vc_custom_1610112159039{margin-top: -10px !important;}&#8221;]<\/p>\n<h3 style=\"font-weight: bold;\"><span style=\"color: #3d3d3d;\">Simulador de sol<\/span><\/h3>\n<p>[\/vc_column_text][vc_row_inner][vc_column_inner width=&#8221;1\/2&#8243;][vc_column_text css=&#8221;.vc_custom_1603968427427{margin-top: -10px !important;}&#8221;]<\/p>\n<h3><span style=\"color: #e20026;\"><img decoding=\"async\" class=\"alignnone size-full wp-image-22215\" src=\"https:\/\/www.mondragon-assembly.com\/wp-content\/uploads\/2019\/06\/icon-description.jpg\" alt=\"\" width=\"41\" height=\"41\" \/> Descri\u00e7\u00e3o<\/span><\/h3>\n<p>[\/vc_column_text][vc_column_text]Esta m\u00e1quina realiza uma avalia\u00e7\u00e3o de resist\u00eancia serial simples e direta para calcular a pot\u00eancia do m\u00f3dulo. Em seguida, ela armazena a medi\u00e7\u00e3o no computador da m\u00e1quina e imprime a etiqueta do m\u00f3dulo com seu c\u00f3digo de barras e pot\u00eancia medida.[\/vc_column_text][\/vc_column_inner][vc_column_inner width=&#8221;1\/2&#8243;][vc_single_image image=&#8221;22951&#8243; img_size=&#8221;full&#8221; style=&#8221;vc_box_outline&#8221; css_animation=&#8221;fadeIn&#8221;][\/vc_column_inner][\/vc_row_inner][vc_row_inner][vc_column_inner width=&#8221;1\/2&#8243;][vc_column_text css=&#8221;.vc_custom_1603968431888{margin-top: -10px !important;}&#8221;]<\/p>\n<h3><span style=\"color: #e20026;\"><img decoding=\"async\" class=\"alignnone wp-image-22233 size-full\" src=\"https:\/\/www.mondragon-assembly.com\/wp-content\/uploads\/2019\/06\/icon-main-features.jpg\" alt=\"\" width=\"41\" height=\"41\" \/> Principais caracter\u00edsticas<\/span><\/h3>\n<p>[\/vc_column_text][vc_column_text el_class=&#8221;icon_list&#8221;]<\/p>\n<ul>\n<li>Simuladores A+A+A+<\/li>\n<li>Faixa de espectro m\u00e1xima 300-1200 nm<\/li>\n<li>Tecnologia Xenon ou LED<\/li>\n<li>Faixa de irradi\u00e2ncia total 200-1200 W\/m2<\/li>\n<li>Padr\u00e3o IEC<\/li>\n<li>Tempo de ciclo &lt; 20 segundos<\/li>\n<li>F\u00e1cil integra\u00e7\u00e3o com o sistema MES<\/li>\n<\/ul>\n<p>[\/vc_column_text][\/vc_column_inner][vc_column_inner width=&#8221;1\/2&#8243;][vc_column_text css=&#8221;.vc_custom_1603968435809{margin-top: -10px !important;}&#8221;]<\/p>\n<h3><span style=\"color: #e20026;\"><img decoding=\"async\" class=\"alignnone wp-image-25046 size-full\" src=\"https:\/\/www.mondragon-assembly.com\/wp-content\/uploads\/2020\/10\/icon-module-technology.jpg\" alt=\"\" width=\"41\" height=\"41\" \/> Tecnologias de m\u00f3dulo<\/span><\/h3>\n<p>[\/vc_column_text][vc_column_text el_class=&#8221;icon_list&#8221;]<\/p>\n<ul>\n<li>Tipos de c\u00e9lulas: HJT, TopCon, Mono-PERC e POLY<\/li>\n<li>M\u00f3dulos de moldura e sem moldura<\/li>\n<li>C\u00e9lulas completas e cortadas<\/li>\n<li>M\u00f3dulos monofaciais e bifaciais<\/li>\n<\/ul>\n<p>[\/vc_column_text][\/vc_column_inner][\/vc_row_inner][\/vc_column][\/vc_row][vc_row][vc_column][vc_separator][\/vc_column][\/vc_row][vc_row][vc_column][vc_column_text el_class=&#8221;icon_list_subt_gr&#8221; css=&#8221;.vc_custom_1610112191280{margin-top: -10px !important;}&#8221;]<\/p>\n<h3 style=\"font-weight: bold;\"><span style=\"color: #3d3d3d;\">M\u00e1quina EL<\/span><\/h3>\n<p>[\/vc_column_text][vc_row_inner][vc_column_inner width=&#8221;1\/2&#8243;][vc_column_text css=&#8221;.vc_custom_1603968427427{margin-top: -10px !important;}&#8221;]<\/p>\n<h3><span style=\"color: #e20026;\"><img decoding=\"async\" class=\"alignnone size-full wp-image-22215\" src=\"https:\/\/www.mondragon-assembly.com\/wp-content\/uploads\/2019\/06\/icon-description.jpg\" alt=\"\" width=\"41\" height=\"41\" \/> Descri\u00e7\u00e3o<\/span><\/h3>\n<p>[\/vc_column_text][vc_column_text]O sistema de inspe\u00e7\u00e3o EL \u00e9 equipado com c\u00e2meras de alta defini\u00e7\u00e3o, permitindo a f\u00e1cil identifica\u00e7\u00e3o de defeitos como microfissuras, \u00e1reas escuras, problemas de dedos e curtos-circuitos.[\/vc_column_text][\/vc_column_inner][vc_column_inner width=&#8221;1\/2&#8243;][vc_single_image image=&#8221;26765&#8243; img_size=&#8221;full&#8221; style=&#8221;vc_box_outline&#8221; css_animation=&#8221;fadeIn&#8221;][\/vc_column_inner][\/vc_row_inner][vc_row_inner][vc_column_inner width=&#8221;1\/2&#8243;][vc_column_text css=&#8221;.vc_custom_1603968431888{margin-top: -10px !important;}&#8221;]<\/p>\n<h3><span style=\"color: #e20026;\"><img decoding=\"async\" class=\"alignnone wp-image-22233 size-full\" src=\"https:\/\/www.mondragon-assembly.com\/wp-content\/uploads\/2019\/06\/icon-main-features.jpg\" alt=\"\" width=\"41\" height=\"41\" \/> Principais caracter\u00edsticas<\/span><\/h3>\n<p>[\/vc_column_text][vc_column_text el_class=&#8221;icon_list&#8221;]<\/p>\n<ul>\n<li>Aquisi\u00e7\u00e3o de imagem r\u00e1pida e f\u00e1cil<\/li>\n<li>Software de verifica\u00e7\u00e3o autom\u00e1tica<\/li>\n<li>Tempo de ciclo &lt; 20 segundos<\/li>\n<li>Precis\u00e3o: 1px = 0,17 mm<\/li>\n<li>F\u00e1cil integra\u00e7\u00e3o com o sistema MES<\/li>\n<\/ul>\n<p>[\/vc_column_text][\/vc_column_inner][vc_column_inner width=&#8221;1\/2&#8243;][vc_column_text css=&#8221;.vc_custom_1603968435809{margin-top: -10px !important;}&#8221;]<\/p>\n<h3><span style=\"color: #e20026;\"><img decoding=\"async\" class=\"alignnone wp-image-25046 size-full\" src=\"https:\/\/www.mondragon-assembly.com\/wp-content\/uploads\/2020\/10\/icon-module-technology.jpg\" alt=\"\" width=\"41\" height=\"41\" \/> Tecnologias de m\u00f3dulo<\/span><\/h3>\n<p>[\/vc_column_text][vc_column_text el_class=&#8221;icon_list&#8221;]<\/p>\n<ul>\n<li>Tipos de c\u00e9lulas: HJT, TopCon, Mono-PERC e POLY<\/li>\n<li>M\u00f3dulos de moldura e sem moldura<\/li>\n<li>C\u00e9lulas completas e cortadas<\/li>\n<li>M\u00f3dulos monofaciais e bifaciais<\/li>\n<\/ul>\n<p>[\/vc_column_text][\/vc_column_inner][\/vc_row_inner][\/vc_column][\/vc_row][vc_row][vc_column][vc_separator][\/vc_column][\/vc_row][vc_row][vc_column][vc_column_text el_class=&#8221;icon_list_subt_gr&#8221; css=&#8221;.vc_custom_1610112339991{margin-top: -10px !important;}&#8221;]<\/p>\n<h3 style=\"font-weight: bold;\"><span style=\"color: #3d3d3d;\">Inspe\u00e7\u00e3o de alta pot\u00eancia<\/span><\/h3>\n<p>[\/vc_column_text][vc_row_inner][vc_column_inner width=&#8221;1\/2&#8243;][vc_column_text css=&#8221;.vc_custom_1603968427427{margin-top: -10px !important;}&#8221;]<\/p>\n<h3><span style=\"color: #e20026;\"><img decoding=\"async\" class=\"alignnone size-full wp-image-22215\" src=\"https:\/\/www.mondragon-assembly.com\/wp-content\/uploads\/2019\/06\/icon-description.jpg\" alt=\"\" width=\"41\" height=\"41\" \/> Descri\u00e7\u00e3o<\/span><\/h3>\n<p>[\/vc_column_text][vc_column_text]Este equipamento realiza testes de isolamento el\u00e9trico no painel.[\/vc_column_text][\/vc_column_inner][vc_column_inner width=&#8221;1\/2&#8243;][vc_single_image image=&#8221;25842&#8243; img_size=&#8221;full&#8221; style=&#8221;vc_box_outline&#8221; css_animation=&#8221;fadeIn&#8221;][\/vc_column_inner][\/vc_row_inner][vc_row_inner][vc_column_inner width=&#8221;1\/2&#8243;][vc_column_text css=&#8221;.vc_custom_1603968431888{margin-top: -10px !important;}&#8221;]<\/p>\n<h3><span style=\"color: #e20026;\"><img decoding=\"async\" class=\"alignnone wp-image-22233 size-full\" src=\"https:\/\/www.mondragon-assembly.com\/wp-content\/uploads\/2019\/06\/icon-main-features.jpg\" alt=\"\" width=\"41\" height=\"41\" \/> Principais caracter\u00edsticas<\/span><\/h3>\n<p>[\/vc_column_text][vc_column_text el_class=&#8221;icon_list&#8221;]<\/p>\n<ul>\n<li>Padr\u00e3o IEC<\/li>\n<li>Os seguintes tipos de teste podem ser realizados:\n<ul>\n<li>Resist\u00eancia diel\u00e9trica<\/li>\n<li>Testes de continuidade e efici\u00eancia<\/li>\n<li>Resist\u00eancia de isolamento<\/li>\n<\/ul>\n<\/li>\n<li>F\u00e1cil integra\u00e7\u00e3o com o sistema MES<\/li>\n<\/ul>\n<p>[\/vc_column_text][\/vc_column_inner][vc_column_inner width=&#8221;1\/2&#8243;][vc_column_text css=&#8221;.vc_custom_1603968435809{margin-top: -10px !important;}&#8221;]<\/p>\n<h3><span style=\"color: #e20026;\"><img decoding=\"async\" class=\"alignnone wp-image-25046 size-full\" src=\"https:\/\/www.mondragon-assembly.com\/wp-content\/uploads\/2020\/10\/icon-module-technology.jpg\" alt=\"\" width=\"41\" height=\"41\" \/> Tecnologias de m\u00f3dulo<\/span><\/h3>\n<p>[\/vc_column_text][vc_column_text el_class=&#8221;icon_list&#8221;]<\/p>\n<ul>\n<li>M\u00f3dulos de moldura e sem moldura<\/li>\n<\/ul>\n<p>[\/vc_column_text][\/vc_column_inner][\/vc_row_inner][\/vc_column][\/vc_row][vc_row][vc_column][vc_separator][\/vc_column][\/vc_row][vc_row][vc_column][vc_column_text el_class=&#8221;icon_list_subt_gr&#8221; css=&#8221;.vc_custom_1610112349276{margin-top: -10px !important;}&#8221;]<\/p>\n<h3 style=\"font-weight: bold;\"><span style=\"color: #3d3d3d;\">Inspe\u00e7\u00e3o visual<\/span><\/h3>\n<p>[\/vc_column_text][vc_row_inner][vc_column_inner width=&#8221;1\/2&#8243;][vc_column_text css=&#8221;.vc_custom_1603968427427{margin-top: -10px !important;}&#8221;]<\/p>\n<h3><span style=\"color: #e20026;\"><img decoding=\"async\" class=\"alignnone size-full wp-image-22215\" src=\"https:\/\/www.mondragon-assembly.com\/wp-content\/uploads\/2019\/06\/icon-description.jpg\" alt=\"\" width=\"41\" height=\"41\" \/> Descri\u00e7\u00e3o<\/span><\/h3>\n<p>[\/vc_column_text][vc_column_text]Inspe\u00e7\u00e3o autom\u00e1tica ou manual do m\u00f3dulo para garantir a qualidade antes do teste EOL.[\/vc_column_text][vc_empty_space height=&#8221;15px&#8221;][vc_column_text css=&#8221;.vc_custom_1603968431888{margin-top: -10px !important;}&#8221;]<\/p>\n<h3><span style=\"color: #e20026;\"><img decoding=\"async\" class=\"alignnone wp-image-22233 size-full\" src=\"https:\/\/www.mondragon-assembly.com\/wp-content\/uploads\/2019\/06\/icon-main-features.jpg\" alt=\"\" width=\"41\" height=\"41\" \/> Principais caracter\u00edsticas<\/span><\/h3>\n<p>[\/vc_column_text][vc_column_text el_class=&#8221;icon_list&#8221;]<\/p>\n<ul>\n<li>Op\u00e7\u00e3o manual ou autom\u00e1tica<\/li>\n<li>Controle de matriz de c\u00e9lula e s\u00e9rie<\/li>\n<li>C\u00e9lulas quebradas ou pe\u00e7as faltando<\/li>\n<li>Fita desalinhada ou defeitos no fio<\/li>\n<li>Bolhas ou outros erros de lamina\u00e7\u00e3o<\/li>\n<li>Dimens\u00f5es do m\u00f3dulo externo e retid\u00e3o da estrutura<\/li>\n<li>Outros recursos sob solicita\u00e7\u00e3o<\/li>\n<li>F\u00e1cil integra\u00e7\u00e3o com o sistema MES<\/li>\n<\/ul>\n<p>[\/vc_column_text][\/vc_column_inner][vc_column_inner width=&#8221;1\/2&#8243;][vc_single_image image=&#8221;25413&#8243; img_size=&#8221;full&#8221; style=&#8221;vc_box_outline&#8221; css_animation=&#8221;fadeIn&#8221;][\/vc_column_inner][\/vc_row_inner][vc_row_inner][vc_column_inner][\/vc_column_inner][\/vc_row_inner][\/vc_column][\/vc_row][vc_row][vc_column][vc_empty_space][\/vc_column][\/vc_row]<\/p>\n<\/div>","protected":false},"excerpt":{"rendered":"<p>[vc_row][vc_column][vc_column_text css=&#8221;.vc_custom_1604998544842{margin-top: -15px !important;}&#8221;]Nossas solu\u00e7\u00f5es utilizam as tecnologias mais avan\u00e7adas para garantir o desempenho ideal do m\u00f3dulo fotovoltaico.[\/vc_column_text][\/vc_column][\/vc_row][vc_row][vc_column][vc_column_text el_class=&#8221;icon_list_subt_gr&#8221; css=&#8221;.vc_custom_1610112159039{margin-top: -10px !important;}&#8221;] Simulador de sol [\/vc_column_text][vc_row_inner][vc_column_inner width=&#8221;1\/2&#8243;][vc_column_text css=&#8221;.vc_custom_1603968427427{margin-top: -10px !important;}&#8221;] Descri\u00e7\u00e3o [\/vc_column_text][vc_column_text]Esta m\u00e1quina realiza uma avalia\u00e7\u00e3o de resist\u00eancia serial simples e direta para calcular a pot\u00eancia do m\u00f3dulo. Em seguida, ela armazena a medi\u00e7\u00e3o no [&hellip;]<\/p>\n","protected":false},"author":4,"featured_media":0,"parent":27580,"menu_order":0,"comment_status":"closed","ping_status":"closed","template":"sectors.php","meta":{"_lmt_disableupdate":"","_lmt_disable":"","footnotes":""},"yst_prominent_words":[],"class_list":["post-27199","page","type-page","status-publish","hentry"],"acf":[],"_links":{"self":[{"href":"https:\/\/www.mondragon-assembly.com\/pt-br\/wp-json\/wp\/v2\/pages\/27199","targetHints":{"allow":["GET"]}}],"collection":[{"href":"https:\/\/www.mondragon-assembly.com\/pt-br\/wp-json\/wp\/v2\/pages"}],"about":[{"href":"https:\/\/www.mondragon-assembly.com\/pt-br\/wp-json\/wp\/v2\/types\/page"}],"author":[{"embeddable":true,"href":"https:\/\/www.mondragon-assembly.com\/pt-br\/wp-json\/wp\/v2\/users\/4"}],"replies":[{"embeddable":true,"href":"https:\/\/www.mondragon-assembly.com\/pt-br\/wp-json\/wp\/v2\/comments?post=27199"}],"version-history":[{"count":18,"href":"https:\/\/www.mondragon-assembly.com\/pt-br\/wp-json\/wp\/v2\/pages\/27199\/revisions"}],"predecessor-version":[{"id":36364,"href":"https:\/\/www.mondragon-assembly.com\/pt-br\/wp-json\/wp\/v2\/pages\/27199\/revisions\/36364"}],"up":[{"embeddable":true,"href":"https:\/\/www.mondragon-assembly.com\/pt-br\/wp-json\/wp\/v2\/pages\/27580"}],"wp:attachment":[{"href":"https:\/\/www.mondragon-assembly.com\/pt-br\/wp-json\/wp\/v2\/media?parent=27199"}],"wp:term":[{"taxonomy":"yst_prominent_words","embeddable":true,"href":"https:\/\/www.mondragon-assembly.com\/pt-br\/wp-json\/wp\/v2\/yst_prominent_words?post=27199"}],"curies":[{"name":"wp","href":"https:\/\/api.w.org\/{rel}","templated":true}]}}