{"id":27580,"date":"2016-04-15T08:54:25","date_gmt":"2016-04-15T07:54:25","guid":{"rendered":"https:\/\/www.mondragon-assembly.com\/?page_id=27580"},"modified":"2025-01-22T12:22:38","modified_gmt":"2025-01-22T11:22:38","slug":"equipamento-individual-2","status":"publish","type":"page","link":"https:\/\/www.mondragon-assembly.com\/pt-br\/solar-automation-solutions\/equipamento-individual-2\/","title":{"rendered":"Equipamento individual"},"content":{"rendered":"<div class=\"wpb-content-wrapper\"><p>[vc_row][vc_column][vc_column_text]A Mondragon Assembly oferece solu\u00e7\u00f5es flex\u00edveis, de alta tecnologia e com a m\u00e1xima efici\u00eancia para um \u00fanico equipamento. Nossas m\u00e1quinas s\u00e3o projetadas de acordo com as mais r\u00edgidas normas europeias, garantindo a robustez, seguran\u00e7a e durabilidade das solu\u00e7\u00f5es desenvolvidas.[\/vc_column_text][\/vc_column][\/vc_row][vc_row gap=&#8221;35&#8243;][vc_column width=&#8221;1\/2&#8243; css=&#8221;.vc_custom_1731062278114{padding-top: 150px !important;background-image: url(https:\/\/www.mondragon-assembly.com\/wp-content\/uploads\/2024\/11\/tabber-and-stringers-v2.webp?id=72540) !important;background-position: 0 0 !important;background-repeat: no-repeat !important;}&#8221; el_class=&#8221;columna_margen_izq&#8221;][vc_column_text css=&#8221;.vc_custom_1737543478039{margin-bottom: 15px !important;}&#8221;]<\/p>\n<h2 style=\"font-weight: bold;\"><span style=\"color: #ffffff;\">Tabber &amp; Stringers<\/span><\/h2>\n<p><span style=\"color: #ffffff;\"> Uma ampla variedade para atender a todas as necessidades de produ\u00e7\u00e3o<\/span>[\/vc_column_text][vc_btn title=&#8221;&gt; Encontre seu Stringer&#8221; style=&#8221;custom&#8221; custom_background=&#8221;#E20026&#8243; custom_text=&#8221;#FFFFFF&#8221; size=&#8221;sm&#8221; css=&#8221;&#8221; link=&#8221;url:https%3A%2F%2Fwww.mondragon-assembly.com%2Fpt-br%2Fsolar-automation-solutions%2Fequipamento-individual%2Ftabber-and-stringer-2%2F&#8221; el_class=&#8221;resaltar_texto_btn&#8221;][\/vc_column][vc_column width=&#8221;1\/2&#8243; css=&#8221;.vc_custom_1731062294245{padding-top: 150px !important;background-image: url(https:\/\/www.mondragon-assembly.com\/wp-content\/uploads\/2024\/11\/automatic-lay-up-v2.webp?id=72548) !important;background-position: 0 0 !important;background-repeat: no-repeat !important;}&#8221;][vc_column_text css=&#8221;.vc_custom_1737543529292{margin-bottom: 15px !important;}&#8221;]<\/p>\n<h2 style=\"font-weight: bold;\"><span style=\"color: #ffffff;\">Lay-up Autom\u00e1tico<\/span><\/h2>\n<p><span style=\"color: #ffffff;\">Alta velocidade e precis\u00e3o\u00a0<\/span>[\/vc_column_text][vc_btn title=&#8221;&gt; Encontre seu Lay-up&#8221; style=&#8221;custom&#8221; custom_background=&#8221;#E20026&#8243; custom_text=&#8221;#FFFFFF&#8221; size=&#8221;sm&#8221; css=&#8221;&#8221; link=&#8221;url:https%3A%2F%2Fwww.mondragon-assembly.com%2Fpt-br%2Fsolar-automation-solutions%2Fequipamento-individual%2Fautomatic-lay-up%2F&#8221; el_class=&#8221;resaltar_texto_btn&#8221;][\/vc_column][\/vc_row][vc_row gap=&#8221;35&#8243;][vc_column width=&#8221;1\/2&#8243; css=&#8221;.vc_custom_1731062307986{padding-top: 150px !important;background-image: url(https:\/\/www.mondragon-assembly.com\/wp-content\/uploads\/2024\/11\/interconnection-machine-v2.webp?id=72575) !important;background-position: 0 0 !important;background-repeat: no-repeat !important;}&#8221; el_class=&#8221;columna_margen_izq&#8221;][vc_column_text css=&#8221;.vc_custom_1737543790632{margin-bottom: 15px !important;}&#8221; el_class=&#8221;txt_interconnection&#8221;]<\/p>\n<h2 style=\"font-weight: bold;\"><span style=\"color: #ffffff;\">M\u00e1quina de Interconex\u00e3o<\/span><\/h2>\n<p><span style=\"color: #ffffff;\">\u00a0A m\u00e1quina que carrega, corta e dobra automaticamente a fita.<\/span>[\/vc_column_text][vc_btn title=&#8221;&gt; Descubra seu IC-120&#8243; style=&#8221;custom&#8221; custom_background=&#8221;#E20026&#8243; custom_text=&#8221;#FFFFFF&#8221; size=&#8221;sm&#8221; css=&#8221;&#8221; link=&#8221;url:https%3A%2F%2Fwww.mondragon-assembly.com%2Fpt-br%2Fsolar-automation-solutions%2Fequipamento-individual%2Finterconnection-machine%2F&#8221; el_class=&#8221;resaltar_texto_btn&#8221;][\/vc_column][vc_column width=&#8221;1\/2&#8243; css=&#8221;.vc_custom_1731062320794{padding-top: 150px !important;background-image: url(https:\/\/www.mondragon-assembly.com\/wp-content\/uploads\/2024\/11\/laminators-v2.webp?id=72583) !important;background-position: 0 0 !important;background-repeat: no-repeat !important;}&#8221;][vc_column_text css=&#8221;.vc_custom_1737539685807{margin-bottom: 15px !important;}&#8221;]<\/p>\n<h2 style=\"font-weight: bold;\"><span style=\"color: #ffffff;\">Laminadores<\/span><\/h2>\n<p><span style=\"color: #ffffff;\">Medidores personalizados para atender a todas as necessidades de produ\u00e7\u00e3o<\/span><span style=\"color: #ffffff;\">n<\/span>[\/vc_column_text][vc_btn title=&#8221;&gt; Descubra seu laminadores&#8221; style=&#8221;custom&#8221; custom_background=&#8221;#E20026&#8243; custom_text=&#8221;#FFFFFF&#8221; size=&#8221;sm&#8221; css=&#8221;&#8221; link=&#8221;url:https%3A%2F%2Fwww.mondragon-assembly.com%2Fpt-br%2Fsolar-automation-solutions%2Fequipamento-individual%2Flaminators%2F&#8221; el_class=&#8221;resaltar_texto_btn&#8221;][\/vc_column][\/vc_row][vc_row gap=&#8221;35&#8243;][vc_column width=&#8221;1\/2&#8243; css=&#8221;.vc_custom_1731062367966{padding-top: 150px !important;background-image: url(https:\/\/www.mondragon-assembly.com\/wp-content\/uploads\/2024\/11\/pv-module-testing-v2.webp?id=72591) !important;background-position: 0 0 !important;background-repeat: no-repeat !important;}&#8221; el_class=&#8221;columna_margen_izq&#8221;][vc_column_text css=&#8221;.vc_custom_1737544012129{margin-bottom: 15px !important;}&#8221;]<\/p>\n<h2 style=\"font-weight: bold;\"><span style=\"color: #ffffff;\">Teste de M\u00f3dulo Fotovoltaico<\/span><\/h2>\n<p><span style=\"color: #ffffff;\">Para garantir o desempenho ideal do m\u00f3dulo fotovoltaicoltaico<\/span>[\/vc_column_text][vc_btn title=&#8221;&gt; Encontre sua tecnologia&#8221; style=&#8221;custom&#8221; custom_background=&#8221;#E20026&#8243; custom_text=&#8221;#FFFFFF&#8221; size=&#8221;sm&#8221; css=&#8221;&#8221; link=&#8221;url:https%3A%2F%2Fwww.mondragon-assembly.com%2Fpt-br%2Fsolar-automation-solutions%2Fequipamento-individual%2Fpv-module-testing%2F&#8221; el_class=&#8221;resaltar_texto_btn&#8221;][\/vc_column][vc_column width=&#8221;1\/2&#8243; css=&#8221;.vc_custom_1731062377285{padding-top: 150px !important;background-image: url(https:\/\/www.mondragon-assembly.com\/wp-content\/uploads\/2024\/11\/second-glass-loading-v2.webp?id=72599) !important;background-position: 0 0 !important;background-repeat: no-repeat !important;}&#8221;][vc_column_text css=&#8221;.vc_custom_1737544067978{margin-bottom: 15px !important;}&#8221;]<\/p>\n<h2 style=\"font-weight: bold;\"><span style=\"color: #ffffff;\">Outros equipamentos<\/span><\/h2>\n<p><span style=\"color: #ffffff;\">Tudo o que voc\u00ea precisa para automatizar sua produ\u00e7\u00e3o<\/span>[\/vc_column_text][vc_btn title=&#8221;&gt; Encontre seu equipamento&#8221; style=&#8221;custom&#8221; custom_background=&#8221;#E20026&#8243; custom_text=&#8221;#FFFFFF&#8221; size=&#8221;sm&#8221; css=&#8221;&#8221; link=&#8221;url:https%3A%2F%2Fwww.mondragon-assembly.com%2Fpt-br%2Fsolar-automation-solutions%2Fequipamento-individual%2Fother-equipment%2F&#8221; el_class=&#8221;resaltar_texto_btn&#8221;][\/vc_column][\/vc_row]<\/p>\n<\/div>","protected":false},"excerpt":{"rendered":"<p>[vc_row][vc_column][vc_column_text]A Mondragon Assembly oferece solu\u00e7\u00f5es flex\u00edveis, de alta tecnologia e com a m\u00e1xima efici\u00eancia para um \u00fanico equipamento. Nossas m\u00e1quinas s\u00e3o projetadas de acordo com as mais r\u00edgidas normas europeias, garantindo a robustez, seguran\u00e7a e durabilidade das solu\u00e7\u00f5es desenvolvidas.[\/vc_column_text][\/vc_column][\/vc_row][vc_row gap=&#8221;35&#8243;][vc_column width=&#8221;1\/2&#8243; css=&#8221;.vc_custom_1731062278114{padding-top: 150px !important;background-image: url(https:\/\/www.mondragon-assembly.com\/wp-content\/uploads\/2024\/11\/tabber-and-stringers-v2.webp?id=72540) !important;background-position: 0 0 !important;background-repeat: no-repeat !important;}&#8221; el_class=&#8221;columna_margen_izq&#8221;][vc_column_text css=&#8221;.vc_custom_1737543478039{margin-bottom: 15px !important;}&#8221;] [&hellip;]<\/p>\n","protected":false},"author":4,"featured_media":0,"parent":31259,"menu_order":0,"comment_status":"closed","ping_status":"closed","template":"sectors.php","meta":{"_lmt_disableupdate":"","_lmt_disable":"","footnotes":""},"yst_prominent_words":[1675,2120,2234,518,554,1092],"class_list":["post-27580","page","type-page","status-publish","hentry"],"acf":[],"_links":{"self":[{"href":"https:\/\/www.mondragon-assembly.com\/pt-br\/wp-json\/wp\/v2\/pages\/27580","targetHints":{"allow":["GET"]}}],"collection":[{"href":"https:\/\/www.mondragon-assembly.com\/pt-br\/wp-json\/wp\/v2\/pages"}],"about":[{"href":"https:\/\/www.mondragon-assembly.com\/pt-br\/wp-json\/wp\/v2\/types\/page"}],"author":[{"embeddable":true,"href":"https:\/\/www.mondragon-assembly.com\/pt-br\/wp-json\/wp\/v2\/users\/4"}],"replies":[{"embeddable":true,"href":"https:\/\/www.mondragon-assembly.com\/pt-br\/wp-json\/wp\/v2\/comments?post=27580"}],"version-history":[{"count":28,"href":"https:\/\/www.mondragon-assembly.com\/pt-br\/wp-json\/wp\/v2\/pages\/27580\/revisions"}],"predecessor-version":[{"id":73987,"href":"https:\/\/www.mondragon-assembly.com\/pt-br\/wp-json\/wp\/v2\/pages\/27580\/revisions\/73987"}],"up":[{"embeddable":true,"href":"https:\/\/www.mondragon-assembly.com\/pt-br\/wp-json\/wp\/v2\/pages\/31259"}],"wp:attachment":[{"href":"https:\/\/www.mondragon-assembly.com\/pt-br\/wp-json\/wp\/v2\/media?parent=27580"}],"wp:term":[{"taxonomy":"yst_prominent_words","embeddable":true,"href":"https:\/\/www.mondragon-assembly.com\/pt-br\/wp-json\/wp\/v2\/yst_prominent_words?post=27580"}],"curies":[{"name":"wp","href":"https:\/\/api.w.org\/{rel}","templated":true}]}}