{"id":28411,"date":"2021-01-21T15:07:25","date_gmt":"2021-01-21T13:07:25","guid":{"rendered":"https:\/\/www.mondragon-assembly.com\/?page_id=28411"},"modified":"2021-07-07T11:03:06","modified_gmt":"2021-07-07T09:03:06","slug":"quem-somos","status":"publish","type":"page","link":"https:\/\/www.mondragon-assembly.com\/pt-br\/quem-somos\/","title":{"rendered":"Quem somos"},"content":{"rendered":"<div class=\"wpb-content-wrapper\"><p>[vc_row][vc_column][vc_column_text]A Mondragon Assembly \u00e9 um grupo internacional s\u00f3lido, especializado no desenvolvimento de solu\u00e7\u00f5es integradas de automa\u00e7\u00e3o. A empresa matriz, que \u00e9 uma cooperativa, foi constitu\u00edda em 1977, na Espanha, e \u00e9 um dos grupos pioneiros no desenvolvimento de tecnologias de produ\u00e7\u00e3o e montagem.<\/p>\n<p>Estamos divididos em tr\u00eas \u00e1reas de neg\u00f3cio: Solar, Mobilidade M\u00f3vel e Armazenamento de Energia, e Tecnologias de Automa\u00e7\u00e3o. Nossas principais atividades em cada um desses neg\u00f3cios incluem o desenvolvimento de linhas e m\u00e1quinas autom\u00e1ticas na m\u00e3o e fabrica\u00e7\u00e3o por contrato, com a possibilidade de oferecer solu\u00e7\u00f5es em qualquer lugar do mundo com nossas seis unidades de produ\u00e7\u00e3o e tr\u00eas escrit\u00f3rios t\u00e9cnicos e de vendas.[\/vc_column_text][\/vc_column][\/vc_row][vc_row][vc_column][vc_single_image image=&#8221;40631&#8243; img_size=&#8221;500&#215;500&#8243; alignment=&#8221;center&#8221;][\/vc_column][\/vc_row][vc_row][vc_column][vc_column_text]Se h\u00e1 algo que nos une como equipe \u00e9 a nossa paix\u00e3o pela automa\u00e7\u00e3o. Na Mondragon Assembly, vivemos cada projeto ao m\u00e1ximo, pois a automa\u00e7\u00e3o \u00e9 a nossa raz\u00e3o de ser. Cada projeto que desenvolvemos significa colocar toda a nossa experi\u00eancia a servi\u00e7o de cada cliente. Em outras palavras, significa aproveitar todo o nosso potencial para poder oferecer as melhores e mais inovadoras solu\u00e7\u00f5es para cada cliente, porque <strong><em><span style=\"font-weight: bold;\">conosco, \u00e9 poss\u00edvel<\/span><\/em><\/strong>.[\/vc_column_text][\/vc_column][\/vc_row][vc_row full_width=&#8221;stretch_row&#8221; css=&#8221;.vc_custom_1609836261542{background-color: #f7f7f7 !important;}&#8221;][vc_column width=&#8221;1\/2&#8243;][vc_custom_heading text=&#8221;V\u00cdDEO CORPORATIVO&#8221; font_container=&#8221;tag:h3|text_align:left&#8221; google_fonts=&#8221;font_family:Roboto%3A100%2C100italic%2C300%2C300italic%2Cregular%2Citalic%2C500%2C500italic%2C700%2C700italic%2C900%2C900italic|font_style:700%20bold%20regular%3A700%3Anormal&#8221; el_class=&#8221;linea_inferior_title&#8221;][vc_column_text]Saiba mais sobre n\u00f3s atrav\u00e9s do nosso v\u00eddeo Corporativo.[\/vc_column_text][\/vc_column][vc_column width=&#8221;1\/2&#8243;][vc_row_inner][vc_column_inner][vc_video link=&#8221;https:\/\/www.youtube.com\/watch?v=Wufh7QnY9PA&#8221;][\/vc_column_inner][\/vc_row_inner][\/vc_column][\/vc_row][vc_row][vc_column][vc_empty_space][\/vc_column][\/vc_row][vc_row css=&#8221;.vc_custom_1610364024464{background-color: #f7f7f7 !important;}&#8221;][vc_column width=&#8221;2\/5&#8243;][vc_single_image image=&#8221;28422&#8243; img_size=&#8221;full&#8221;][\/vc_column][vc_column width=&#8221;3\/5&#8243; css=&#8221;.vc_custom_1610363925452{background-color: #f7f7f7 !important;}&#8221;][vc_column_text]<\/p>\n<h4 style=\"text-align: center; font-weight: bold; padding: 50px 0;\"><b>SOMOS PARTE DO MAIOR GRUPO COOPERATIVO DO MUNDO<\/b><\/h4>\n<p style=\"text-align: center;\">Pertencemos \u00e0 Mondragon Corporation, um dos grupos empresariais mais importantes da Europa. Estabelecido em 1954, este grupo em constante expans\u00e3o inclui mais de 280 empresas que empregam 81 mil pessoas.<\/p>\n<p>[\/vc_column_text][\/vc_column][\/vc_row][vc_row][vc_column][vc_empty_space][\/vc_column][\/vc_row][vc_row css=&#8221;.vc_custom_1610364024464{background-color: #f7f7f7 !important;}&#8221;][vc_column width=&#8221;3\/5&#8243;][vc_column_text]<\/p>\n<h4 style=\"text-align: center; font-weight: bold; padding: 20px 0;\"><b>QUALIDADE \u00c9 UMA PRIORIDADE NA MONDRAGON ASSEMBLY<br \/>\n<\/b><\/h4>\n<p style=\"text-align: center;\">Desenvolvemos linhas de produ\u00e7\u00e3o autom\u00e1ticas nas quais a qualidade \u00e9 um fator essencial. Todos os nossos produtos s\u00e3o fabricados dentro dos mais elevados padr\u00f5es e sujeitos a rigorosos controles de qualidade, garantindo a seguran\u00e7a das pessoas que interagem com as nossas linhas e a qualidade de todos os nossos processos, atrav\u00e9s da colabora\u00e7\u00e3o com empresas e institui\u00e7\u00f5es que certificam a qualidade dos nossos produtos.<\/p>\n<p style=\"text-align: center;\">H\u00e1 anos, implementamos processos de qualidade claros na nossa organiza\u00e7\u00e3o e isso se reflete na satisfa\u00e7\u00e3o dos nossos colaboradores e clientes.<\/p>\n<p>[\/vc_column_text][\/vc_column][vc_column width=&#8221;2\/5&#8243; css=&#8221;.vc_custom_1610363925452{background-color: #f7f7f7 !important;}&#8221;][vc_single_image image=&#8221;31277&#8243; img_size=&#8221;full&#8221;][\/vc_column][\/vc_row][vc_row][vc_column][vc_empty_space][\/vc_column][\/vc_row][vc_row css=&#8221;.vc_custom_1610364024464{background-color: #f7f7f7 !important;}&#8221;][vc_column width=&#8221;2\/5&#8243;][vc_single_image image=&#8221;31278&#8243; img_size=&#8221;full&#8221;][\/vc_column][vc_column width=&#8221;3\/5&#8243; css=&#8221;.vc_custom_1610363925452{background-color: #f7f7f7 !important;}&#8221;][vc_column_text css=&#8221;.vc_custom_1613378153655{margin-top: 25px !important;}&#8221;]<\/p>\n<h4 style=\"text-align: center; font-weight: bold; padding: 20px 0;\"><b>NOSSOS CLIENTES<br \/>\n<\/b><\/h4>\n<p style=\"text-align: center;\">Gra\u00e7as ao nosso car\u00e1ter inovador, honesto, transparente, orientado ao cliente e de excelente gest\u00e3o, conquistamos a confian\u00e7a dos nossos clientes, tornando-nos um grupo de refer\u00eancia para eles em todo o mundo. Oferecemos solu\u00e7\u00f5es nas quais proporcionamos um alto n\u00edvel de conhecimento tecnol\u00f3gico, criando relacionamentos de longo prazo com nossos clientes e utilizando nossas ideias inovadoras para atender \u00e0s suas expectativas.<\/p>\n<p>[\/vc_column_text][\/vc_column][\/vc_row]<\/p>\n<\/div>","protected":false},"excerpt":{"rendered":"<p>[vc_row][vc_column][vc_column_text]A Mondragon Assembly \u00e9 um grupo internacional s\u00f3lido, especializado no desenvolvimento de solu\u00e7\u00f5es integradas de automa\u00e7\u00e3o. A empresa matriz, que \u00e9 uma cooperativa, foi constitu\u00edda em 1977, na Espanha, e \u00e9 um dos grupos pioneiros no desenvolvimento de tecnologias de produ\u00e7\u00e3o e montagem. Estamos divididos em tr\u00eas \u00e1reas de neg\u00f3cio: Solar, Mobilidade M\u00f3vel e Armazenamento [&hellip;]<\/p>\n","protected":false},"author":4,"featured_media":0,"parent":0,"menu_order":0,"comment_status":"closed","ping_status":"closed","template":"sectors.php","meta":{"_lmt_disableupdate":"","_lmt_disable":"","footnotes":""},"yst_prominent_words":[1853,2169,2246,2307,2312,2314,3221,3493,230,518],"class_list":["post-28411","page","type-page","status-publish","hentry"],"acf":[],"_links":{"self":[{"href":"https:\/\/www.mondragon-assembly.com\/pt-br\/wp-json\/wp\/v2\/pages\/28411","targetHints":{"allow":["GET"]}}],"collection":[{"href":"https:\/\/www.mondragon-assembly.com\/pt-br\/wp-json\/wp\/v2\/pages"}],"about":[{"href":"https:\/\/www.mondragon-assembly.com\/pt-br\/wp-json\/wp\/v2\/types\/page"}],"author":[{"embeddable":true,"href":"https:\/\/www.mondragon-assembly.com\/pt-br\/wp-json\/wp\/v2\/users\/4"}],"replies":[{"embeddable":true,"href":"https:\/\/www.mondragon-assembly.com\/pt-br\/wp-json\/wp\/v2\/comments?post=28411"}],"version-history":[{"count":12,"href":"https:\/\/www.mondragon-assembly.com\/pt-br\/wp-json\/wp\/v2\/pages\/28411\/revisions"}],"predecessor-version":[{"id":40632,"href":"https:\/\/www.mondragon-assembly.com\/pt-br\/wp-json\/wp\/v2\/pages\/28411\/revisions\/40632"}],"wp:attachment":[{"href":"https:\/\/www.mondragon-assembly.com\/pt-br\/wp-json\/wp\/v2\/media?parent=28411"}],"wp:term":[{"taxonomy":"yst_prominent_words","embeddable":true,"href":"https:\/\/www.mondragon-assembly.com\/pt-br\/wp-json\/wp\/v2\/yst_prominent_words?post=28411"}],"curies":[{"name":"wp","href":"https:\/\/api.w.org\/{rel}","templated":true}]}}