{"id":30037,"date":"2020-11-19T11:49:26","date_gmt":"2020-11-19T09:49:26","guid":{"rendered":"https:\/\/www.mondragon-assembly.com\/energy-storage\/"},"modified":"2021-03-28T21:37:24","modified_gmt":"2021-03-28T19:37:24","slug":"eletromobilidade-e-armazenamento-de-energia","status":"publish","type":"page","link":"https:\/\/www.mondragon-assembly.com\/pt-br\/eletromobilidade-e-armazenamento-de-energia\/","title":{"rendered":"Eletromobilidade e armazenamento de energia"},"content":{"rendered":"<div class=\"wpb-content-wrapper\"><p>[vc_row css=&#8221;.vc_custom_1604064744834{margin-top: -25px !important;}&#8221;][vc_column][vc_empty_space height=&#8221;20&#8243;][\/vc_column][\/vc_row][vc_row][vc_column][vc_empty_space][\/vc_column][\/vc_row][vc_row css=&#8221;.vc_custom_1604064744834{margin-top: -25px !important;}&#8221;][vc_column][vc_column_text css_animation=&#8221;appear&#8221; css=&#8221;.vc_custom_1609154212919{padding-top: 7px !important;padding-right: 20px !important;padding-bottom: 20px !important;padding-left: 20px !important;background-color: #f7f7f7 !important;}&#8221;]<\/p>\n<h3 style=\"text-align: center;\"><span style=\"color: #2b3c46;\">A demanda por sistemas de armazenamento de energia baseados em baterias de \u00edon de l\u00edtio est\u00e1 crescendo rapidamente, tanto na ind\u00fastria automotiva quanto em aplica\u00e7\u00f5es estacion\u00e1rias.<\/span><\/h3>\n<p>[\/vc_column_text][\/vc_column][\/vc_row][vc_row][vc_column][vc_column_text]Combinamos nossos mais de 40 anos de experi\u00eancia em setores como automotivo e fotovoltaico a fim de oferecer solu\u00e7\u00f5es automatizadas para armazenamento de energia. Oferecemos solu\u00e7\u00f5es de sistemas inovadores e flex\u00edveis para a fabrica\u00e7\u00e3o de m\u00f3dulos e conjuntos de baterias para diversos setores como automotivo e estacion\u00e1rio, sempre nos adaptando \u00e0s necessidades dos nossos clientes.[\/vc_column_text][\/vc_column][\/vc_row][vc_row][vc_column][vc_column_text el_class=&#8221;icon_list&#8221;]Oferecemos uma ampla gama de solu\u00e7\u00f5es para diferentes tecnologias de armazenamento de energia:<\/p>\n<ul>\n<li>M\u00f3dulos e conjuntos de baterias\n<ul>\n<li>Tecnologia baseada em l\u00edtio<\/li>\n<li>Outras tecnologias qu\u00edmicas<\/li>\n<\/ul>\n<\/li>\n<li>Tecnologias de hidrog\u00eanio\n<ul>\n<li>Processo de eletr\u00f3lise<\/li>\n<li>Processo de fabrica\u00e7\u00e3o em pilha<\/li>\n<\/ul>\n<\/li>\n<\/ul>\n<p>[\/vc_column_text][\/vc_column][\/vc_row][vc_row][vc_column][vc_empty_space height=&#8221;10px&#8221;][\/vc_column][\/vc_row][vc_row][vc_column][vc_column_text el_class=&#8221;icon_list_subt&#8221;]<\/p>\n<h4 style=\"color: #3d3d3d; font-weight: bold;\">Solu\u00e7\u00f5es para tecnologias de bateria<\/h4>\n<p>[\/vc_column_text][\/vc_column][\/vc_row][vc_row][vc_column width=&#8221;1\/2&#8243;][vc_single_image image=&#8221;26032&#8243; img_size=&#8221;full&#8221; alignment=&#8221;center&#8221; onclick=&#8221;custom_link&#8221; css_animation=&#8221;zoomInUp&#8221; css=&#8221;.vc_custom_1613552876077{border-top-width: 3px !important;border-right-width: 3px !important;border-bottom-width: 3px !important;border-left-width: 3px !important;border-left-color: #fce3e9 !important;border-left-style: solid !important;border-right-color: #fce3e9 !important;border-right-style: solid !important;border-top-color: #fce3e9 !important;border-top-style: solid !important;border-bottom-color: #fce3e9 !important;border-bottom-style: solid !important;}&#8221; link=&#8221;https:\/\/www.mondragon-assembly.com\/pt-br\/energy-storage\/turnkey-lines-for-batteries-modules-packs-assembly\/&#8221;][vc_column_text el_class=&#8221;icon_list_subt&#8221;]<\/p>\n<h4><strong>\u00a0Linhas autom\u00e1ticas para tecnologias de baterias<br \/>\n<\/strong><\/h4>\n<p>[\/vc_column_text][\/vc_column][vc_column width=&#8221;1\/2&#8243;][vc_single_image image=&#8221;35925&#8243; img_size=&#8221;full&#8221; alignment=&#8221;center&#8221; onclick=&#8221;custom_link&#8221; css_animation=&#8221;zoomInUp&#8221; css=&#8221;.vc_custom_1615893444531{border-top-width: 3px !important;border-right-width: 3px !important;border-bottom-width: 3px !important;border-left-width: 3px !important;border-left-color: #fce3e9 !important;border-left-style: solid !important;border-right-color: #fce3e9 !important;border-right-style: solid !important;border-top-color: #fce3e9 !important;border-top-style: solid !important;border-bottom-color: #fce3e9 !important;border-bottom-style: solid !important;}&#8221; link=&#8221;https:\/\/www.mondragon-assembly.com\/pt-br\/energy-storage\/energy-estorage-individual-equipment\/&#8221;][vc_toggle title=&#8221;\u00c9quipamento individual&#8221; style=&#8221;simple&#8221;]<\/p>\n<ul>\n<li class=\"icon_list_desplegable\"><a href=\"https:\/\/www.mondragon-assembly.com\/pt-br\/energy-storage\/energy-estorage-individual-equipment\/\">Equipamento de separa\u00e7\u00e3o e soldagem de bateria cil\u00edndrica<\/a><\/li>\n<li><a href=\"https:\/\/www.mondragon-assembly.com\/pt-br\/energy-storage\/energy-estorage-individual-equipment\/#ancla_prismatic\">M\u00e1quina de solda de c\u00e9lulas prism\u00e1ticas<\/a><\/li>\n<\/ul>\n<p>[\/vc_toggle][\/vc_column][\/vc_row][vc_row][vc_column][vc_separator][\/vc_column][\/vc_row][vc_row][vc_column][vc_column_text el_class=&#8221;icon_list_subt&#8221;]<\/p>\n<h4 style=\"color: #3d3d3d; font-weight: bold;\">Solu\u00e7\u00f5es para tecnologias autom\u00e1ticas de hidrog\u00eanio<\/h4>\n<p>[\/vc_column_text][\/vc_column][\/vc_row][vc_row][vc_column width=&#8221;1\/2&#8243;][vc_single_image image=&#8221;27632&#8243; img_size=&#8221;full&#8221; alignment=&#8221;center&#8221; onclick=&#8221;custom_link&#8221; css_animation=&#8221;zoomInUp&#8221; css=&#8221;.vc_custom_1614156977703{border-top-width: 3px !important;border-right-width: 3px !important;border-bottom-width: 3px !important;border-left-width: 3px !important;border-left-color: #fce3e9 !important;border-left-style: solid !important;border-right-color: #fce3e9 !important;border-right-style: solid !important;border-top-color: #fce3e9 !important;border-top-style: solid !important;border-bottom-color: #fce3e9 !important;border-bottom-style: solid !important;}&#8221; link=&#8221;https:\/\/www.mondragon-assembly.com\/pt-br\/turnkey-lines-for-bipolar-plate-fuell-cells\/&#8221;][vc_column_text el_class=&#8221;icon_list_subt&#8221;]<\/p>\n<h4><strong>Linhas turnkey para c\u00e9lulas combustiveis de placa bipolar<br \/>\n<\/strong><\/h4>\n<p>[\/vc_column_text][\/vc_column][vc_column width=&#8221;1\/2&#8243;][\/vc_column][\/vc_row]<\/p>\n<\/div>","protected":false},"excerpt":{"rendered":"<p>[vc_row css=&#8221;.vc_custom_1604064744834{margin-top: -25px !important;}&#8221;][vc_column][vc_empty_space height=&#8221;20&#8243;][\/vc_column][\/vc_row][vc_row][vc_column][vc_empty_space][\/vc_column][\/vc_row][vc_row css=&#8221;.vc_custom_1604064744834{margin-top: -25px !important;}&#8221;][vc_column][vc_column_text css_animation=&#8221;appear&#8221; css=&#8221;.vc_custom_1609154212919{padding-top: 7px !important;padding-right: 20px !important;padding-bottom: 20px !important;padding-left: 20px !important;background-color: #f7f7f7 !important;}&#8221;] A demanda por sistemas de armazenamento de energia baseados em baterias de \u00edon de l\u00edtio est\u00e1 crescendo rapidamente, tanto na ind\u00fastria automotiva quanto em aplica\u00e7\u00f5es estacion\u00e1rias. [\/vc_column_text][\/vc_column][\/vc_row][vc_row][vc_column][vc_column_text]Combinamos nossos mais de 40 anos de experi\u00eancia em [&hellip;]<\/p>\n","protected":false},"author":4,"featured_media":0,"parent":0,"menu_order":0,"comment_status":"closed","ping_status":"closed","template":"sectors.php","meta":{"_lmt_disableupdate":"","_lmt_disable":"","footnotes":""},"yst_prominent_words":[2120,2246,2472,2473,2474],"class_list":["post-30037","page","type-page","status-publish","hentry"],"acf":[],"_links":{"self":[{"href":"https:\/\/www.mondragon-assembly.com\/pt-br\/wp-json\/wp\/v2\/pages\/30037","targetHints":{"allow":["GET"]}}],"collection":[{"href":"https:\/\/www.mondragon-assembly.com\/pt-br\/wp-json\/wp\/v2\/pages"}],"about":[{"href":"https:\/\/www.mondragon-assembly.com\/pt-br\/wp-json\/wp\/v2\/types\/page"}],"author":[{"embeddable":true,"href":"https:\/\/www.mondragon-assembly.com\/pt-br\/wp-json\/wp\/v2\/users\/4"}],"replies":[{"embeddable":true,"href":"https:\/\/www.mondragon-assembly.com\/pt-br\/wp-json\/wp\/v2\/comments?post=30037"}],"version-history":[{"count":23,"href":"https:\/\/www.mondragon-assembly.com\/pt-br\/wp-json\/wp\/v2\/pages\/30037\/revisions"}],"predecessor-version":[{"id":37532,"href":"https:\/\/www.mondragon-assembly.com\/pt-br\/wp-json\/wp\/v2\/pages\/30037\/revisions\/37532"}],"wp:attachment":[{"href":"https:\/\/www.mondragon-assembly.com\/pt-br\/wp-json\/wp\/v2\/media?parent=30037"}],"wp:term":[{"taxonomy":"yst_prominent_words","embeddable":true,"href":"https:\/\/www.mondragon-assembly.com\/pt-br\/wp-json\/wp\/v2\/yst_prominent_words?post=30037"}],"curies":[{"name":"wp","href":"https:\/\/api.w.org\/{rel}","templated":true}]}}