{"id":30053,"date":"2020-12-30T13:08:35","date_gmt":"2020-12-30T11:08:35","guid":{"rendered":"https:\/\/www.mondragon-assembly.com\/automation-technologies\/"},"modified":"2021-03-28T11:58:39","modified_gmt":"2021-03-28T09:58:39","slug":"automation","status":"publish","type":"page","link":"https:\/\/www.mondragon-assembly.com\/pt-br\/automation\/","title":{"rendered":"Tecnologias de automa\u00e7\u00e3o"},"content":{"rendered":"<div class=\"wpb-content-wrapper\"><p>[vc_row][vc_column][vc_column_text css_animation=&#8221;left-to-right&#8221;]A automa\u00e7\u00e3o fabril continua sendo uma tend\u00eancia no setor industrial, com solu\u00e7\u00f5es cada vez mais sofisticadas e precisas a cada ano. A Mondragon Assembly, com mais de 40 anos de experi\u00eancia e mais de 1000 projetos desenvolvidos para 80 clientes, tornou-se uma refer\u00eancia mundial neste campo.[vc_row][vc_column width=&#8221;1\/1&#8243;][vc_column_text]<!-- wpml:html_fragment -->[\/vc_column_text][\/vc_column][\/vc_row][vc_row full_width=&#8221;stretch_row_content_no_spaces&#8221;][vc_column][vc_column_text]<div id=\"home-slider-2019\"><div id=\"home-slider-2019-icons\"><ul><li class=\"automotive\" data-target=\"automotive\"><a href=\"https:\/\/www.mondragon-assembly.com\/automotive\/\" title=\"Automated solutions, assembly lines and end of line testers for automotive components.\"><div class=\"imagen\"><\/div><h2>Automotive<\/h2><\/a><\/li><li class=\"electricalcomponents\" data-target=\"electricalcomponents\"><a href=\"https:\/\/www.mondragon-assembly.com\/electrical-components\/\" title=\"Automated turnkey solutions for the manufacturing of electronic components.\"><div class=\"imagen\"><\/div><h2>Electrical Components<\/h2><\/a><\/li><li class=\"medical\" data-target=\"medical\"><a href=\"https:\/\/www.mondragon-assembly.com\/medical\/\" title=\"Automated turnkey solutions for the production of medical devices.\"><div class=\"imagen\"><\/div><h2>Medical<\/h2><\/a><\/li><li class=\"whitegoods\" data-target=\"whitegoods\"><a href=\"https:\/\/www.mondragon-assembly.com\/white-goods\/\" title=\"Assembly lines and automated solutions for manufacturing white goods components.\"><div class=\"imagen\"><\/div><h2>White Goods<\/h2><\/a><\/li><li class=\"cosmetic\" data-target=\"cosmetic\"><a href=\"https:\/\/www.mondragon-assembly.com\/cosmetic\/\" title=\"Automated turnkey solutions for the production of cosmetic products.\"><div class=\"imagen\"><\/div><h2>Cosmetic<\/h2><\/a><\/li><\/ul><\/div><div id=\"home-slider-2019-description\"><h2 class=\"automotive\">Automated solutions, assembly lines and end of line testers for automotive components.<\/h2><h2 class=\"electricalcomponents\">Automated turnkey solutions for the manufacturing of electronic components.<\/h2><h2 class=\"medical\">Automated turnkey solutions for the production of medical devices.<\/h2><h2 class=\"whitegoods\">Assembly lines and automated solutions for manufacturing white goods components.<\/h2><h2 class=\"cosmetic\">Automated turnkey solutions for the production of cosmetic products.<\/h2><\/div><\/div>[\/vc_column_text][\/vc_column][\/vc_row][vc_row][vc_column][vc_column_text]<!-- wpml:html_fragment -->[\/vc_column_text][\/vc_column][\/vc_row]<\/p>\n<\/div>","protected":false},"excerpt":{"rendered":"<p>[vc_row][vc_column][vc_column_text css_animation=&#8221;left-to-right&#8221;]A automa\u00e7\u00e3o fabril continua sendo uma tend\u00eancia no setor industrial, com solu\u00e7\u00f5es cada vez mais sofisticadas e precisas a cada ano. A Mondragon Assembly, com mais de 40 anos de experi\u00eancia e mais de 1000 projetos desenvolvidos para 80 clientes, tornou-se uma refer\u00eancia mundial neste campo.[vc_row][vc_column width=&#8221;1\/1&#8243;][vc_column_text][\/vc_column_text][\/vc_column][\/vc_row][vc_row full_width=&#8221;stretch_row_content_no_spaces&#8221;][vc_column][vc_column_text][\/vc_column_text][\/vc_column][\/vc_row][vc_row][vc_column][vc_column_text][\/vc_column_text][\/vc_column][\/vc_row]<\/p>\n","protected":false},"author":4,"featured_media":0,"parent":0,"menu_order":0,"comment_status":"closed","ping_status":"closed","template":"sectors.php","meta":{"_lmt_disableupdate":"","_lmt_disable":"","footnotes":""},"yst_prominent_words":[1425,1426,2357,1416,1417,1418,1419,1420,1421,1422,1423,1424],"class_list":["post-30053","page","type-page","status-publish","hentry"],"acf":[],"_links":{"self":[{"href":"https:\/\/www.mondragon-assembly.com\/pt-br\/wp-json\/wp\/v2\/pages\/30053","targetHints":{"allow":["GET"]}}],"collection":[{"href":"https:\/\/www.mondragon-assembly.com\/pt-br\/wp-json\/wp\/v2\/pages"}],"about":[{"href":"https:\/\/www.mondragon-assembly.com\/pt-br\/wp-json\/wp\/v2\/types\/page"}],"author":[{"embeddable":true,"href":"https:\/\/www.mondragon-assembly.com\/pt-br\/wp-json\/wp\/v2\/users\/4"}],"replies":[{"embeddable":true,"href":"https:\/\/www.mondragon-assembly.com\/pt-br\/wp-json\/wp\/v2\/comments?post=30053"}],"version-history":[{"count":5,"href":"https:\/\/www.mondragon-assembly.com\/pt-br\/wp-json\/wp\/v2\/pages\/30053\/revisions"}],"predecessor-version":[{"id":33797,"href":"https:\/\/www.mondragon-assembly.com\/pt-br\/wp-json\/wp\/v2\/pages\/30053\/revisions\/33797"}],"wp:attachment":[{"href":"https:\/\/www.mondragon-assembly.com\/pt-br\/wp-json\/wp\/v2\/media?parent=30053"}],"wp:term":[{"taxonomy":"yst_prominent_words","embeddable":true,"href":"https:\/\/www.mondragon-assembly.com\/pt-br\/wp-json\/wp\/v2\/yst_prominent_words?post=30053"}],"curies":[{"name":"wp","href":"https:\/\/api.w.org\/{rel}","templated":true}]}}