{"id":30069,"date":"2020-12-29T21:15:54","date_gmt":"2020-12-29T20:15:54","guid":{"rendered":"https:\/\/www.mondragon-assembly.com\/our-locations\/"},"modified":"2025-02-13T09:42:35","modified_gmt":"2025-02-13T08:42:35","slug":"our-locations-2","status":"publish","type":"page","link":"https:\/\/www.mondragon-assembly.com\/pt-br\/our-locations-2\/","title":{"rendered":"Nossas localiza\u00e7\u00f5es"},"content":{"rendered":"<div class=\"wpb-content-wrapper\"><p>[vc_row][vc_column][vc_column_text css_animation=&#8221;left-to-right&#8221;]<!-- wpml:html_fragment --><\/p>\n<p style=\"text-align: justify;\">J\u00e1 s\u00e3o quase 30 anos desde que iniciamos nossa jornada internacional e, a desde ent\u00e3o, temos conseguido crescer de forma sustent\u00e1vel ao longo do tempo, al\u00e9m de estar mais pr\u00f3ximos de nossos clientes. Hoje, contamos com 6 unidades de produ\u00e7\u00e3o, nas quais desenvolvemos toda a cadeia de valor dos projetos em diversos pa\u00edses, e dois escrit\u00f3rios de engenharia e vendas, a partir dos quais prestamos suporte t\u00e9cnico e comercial.<\/p>\n<p>A nossa estrat\u00e9gia, alicer\u00e7ada na acessibilidade aos nossos clientes, tem-nos permitido consolidar nossa posi\u00e7\u00e3o como fornecedor global de novos empreendimentos, prestando apoio t\u00e9cnico e industrial. Nossas equipes de vendas e engenharia trabalham em conjunto com nossos clientes, buscando solu\u00e7\u00f5es de automa\u00e7\u00e3o flex\u00edveis, exclusivas e de alta tecnologia.[\/vc_column_text][\/vc_column][\/vc_row][vc_row css=&#8221;.vc_custom_1615195521002{padding-right: 20px !important;padding-bottom: 13px !important;padding-left: 20px !important;background-color: #f7f7f7 !important;}&#8221;][vc_column][vc_column_text]<\/p>\n<h4 style=\"text-align: center;\">Oferecemos solu\u00e7\u00f5es para os desafios atuais e futuros em qualquer parte do mundo, tornando-nos o parceiro tecnol\u00f3gico de refer\u00eancia para os nossos clientes.<\/h4>\n<p>[\/vc_column_text][\/vc_column][\/vc_row][vc_row][vc_column][vc_empty_space][\/vc_column][\/vc_row][vc_row][vc_column][vc_text_separator title=&#8221;NOSSO GRUPO NO MUNDO&#8221; el_class=&#8221;title_gr&#8221;][\/vc_column][\/vc_row][vc_row][vc_column][vc_column_text]\t<!-- CSS Part Start From Here-->\r\n\t<style>\r\n\t\t\r\n\t\t.portfolio-wraper {\r\n\t\t\t\t\t\tmargin-bottom:20px;\r\n\t\t}\r\n\t\t.pfg-bootstrap .img-fluid {\r\n\t\t  max-width: 100%;\r\n\t\t  height: auto;\r\n\t\t}\r\n\r\n\t\t.pfg-bootstrap .img-thumbnail {\r\n\t\t  padding: 0.25rem;\r\n\t\t  background-color: #fff;\r\n\r\n\t\t  \t\t  border: 1px solid #dee2e6;\r\n\t\t  border-radius: 0.25rem;\r\n\t\t  \t\t  max-width: 100%;\r\n\t\t  height: auto;\r\n\t\t}\r\n\t\t.pfg-bootstrap .img-circle {\r\n\t\t  border-radius: 50%;\r\n\t\t}\r\n\t\t.pfg-bootstrap img {\r\n\t\t -moz-transition: all .2s ease-in-out;\r\n\t\t  -webkit-transition: all .2s ease-in-out;\r\n\t\t  -ms-transition: all .2s ease-in-out;\r\n\t\t  -o-transition: all .2s ease-in-out;\r\n\t\t  transition: all .2s ease-in-out;\r\n\t\t}\r\n\t\t.pfg-bootstrap .thumbnail {\r\n\t\t  display: block;\r\n\t\t  padding: 4px;\r\n\t\t  \/*margin-bottom: 20px;*\/\r\n\t\t  line-height: 1.42857143;\r\n\t\t  background-color: #fff;\r\n\t\t  border: 1px solid #ddd;\r\n\t\t  border-radius: 4px;\r\n\t\t  -webkit-transition: border .2s ease-in-out;\r\n\t\t\t   -o-transition: border .2s ease-in-out;\r\n\t\t\t\t  transition: border .2s ease-in-out;\r\n\t\t}\r\n\t\t.pfg-bootstrap .thumbnail > img,\r\n\t\t.pfg-bootstrap .thumbnail a > img {\r\n\t\t  margin-right: auto;\r\n\t\t  margin-left: auto;\r\n\t\t}\r\n\t\t.pfg-bootstrap a.thumbnail:hover,\r\n\t\t.pfg-bootstrap a.thumbnail:focus,\r\n\t\t.pfg-bootstrap a.thumbnail.active {\r\n\t\t  border-color: #337ab7;\r\n\t\t}\r\n\t\t.pfg-bootstrap .thumbnail .caption {\r\n\t\t  padding: 9px;\r\n\t\t  color: #333;\r\n\t\t}\r\n\r\n\t\tfigure {\r\n\t\t  margin: 0;\r\n\t\t}\r\n\t\timg {\r\n\t\t  vertical-align: middle;\r\n\t\t}\r\n\t\t.pfg-bootstrap .img-responsive,\r\n\t\t.pfg-bootstrap .thumbnail > img,\r\n\t\t.pfg-bootstrap .thumbnail a > img,\r\n\t\t.pfg-bootstrap .carousel-inner > .item > img,\r\n\t\t.pfg-bootstrap .carousel-inner > .item > a > img {\r\n\t\t  display: block;\r\n\t\t  max-width: 100%;\r\n\t\t  height: auto;\r\n\t\t}\r\n\t\t.pfg-bootstrap .img-rounded {\r\n\t\t  border-radius: 6px;\r\n\t\t}\r\n\t\t\r\n\t\t\t\tli#all {\r\n\t\t\tmargin: 0;\r\n\t\t}\r\n\t\t\r\n\t\t.simplefilter li {\r\n\t\t\tmargin-top: 5px;\r\n\t\t}\r\n\t\t\r\n\t\t.filtr-search {\r\n\t\t\tmargin-top:10px !important;\r\n\t\t\twidth:200px !important;\r\n\t\t\tmargin-bottom: 20px;\r\n\t\t}\r\n\t\t#all-simplefilter {\r\n\t\t\tdisplay:inline;\r\n\t\t\tpadding-left: 0px !important;\r\n\t\t}\r\n\t\t#f-simplefilter-35398 {\r\n\t\t\tdisplay:inline;\r\n\t\t\tpadding-left: 0px !important;\r\n\t\t}\r\n\t\tbutton:hover {\r\n\t\t\tbackground-color: unset !important;\r\n\t\t}\r\n\t\t\r\n\t\t\t\t.simplefilter_35398 li:not(:first-child){\r\n\t\t\tmargin-left:4px;\r\n\t\t}\r\n\t\t\t\t\t\r\n\t\t@keyframes .YouTubePopUp-Content  {\r\n\t\t\tfrom {\r\n\t\t\t\ttransform: translate3d(0, 100%, 0);\r\n\t\t\t\tvisibility: visible;\r\n\t\t\t}\r\n\r\n\t\t\tto {\r\n\t\t\t\ttransform: translate3d(0, 0, 0);\r\n\t\t\t}\r\n\t\t}\r\n\r\n\t\t.YouTubePopUp-Content  {\r\n\t\t\tanimation-name: .YouTubePopUp-Content ;\r\n\t\t}\r\n\r\n\t\t.YouTubePopUp-Close { \r\n\t\t\tbackground:url(https:\/\/www.mondragon-assembly.com\/wp-content\/plugins\/portfolio-filter-gallery\/\/img\/close-icon-white.png) no-repeat;\r\n\t\t\tbackground-size:50px 50px;\r\n\t\t\t-webkit-background-size:70px 50px;\r\n\t\t\t-moz-background-size:70px 50px;\r\n\t\t\t-o-background-size:70px 50px;\r\n\t\t}\r\n\t\tul.simplefilter {\r\n\t\t\tmargin-left: 0 !important;\r\n\t\t}\r\n\t\t.pfg_img_35398 {\r\n\t\t\twidth: 100% !important;\r\n\t\t\theight: 100% !important;\r\n\t\t}\r\n\t\t.filter_gallery_35398 > a {\r\n\t\t\tposition: initial !important;\r\n\t\t}\r\n\t\t.thumbnail_35398 {\r\n\t\t\twidth:100% !important;\r\n\t\t\theight:auto;\r\n\t\t\tmargin-bottom: 0px !important;\r\n\t\t\t\r\n\t\t}\r\n\t\t.filtr-item {\r\n\t\t\tpadding-right:7px !important;\r\n\t\t\tpadding-left:7px !important;\r\n\t\t\tpadding-top:7px !important;\r\n\t\t\tpadding-bottom:7px !important;\r\n\t\t}\r\n\t\t.filtr-item img {\r\n\t\t\ttransition: all .2s !important\r\n\t\t}\r\n\t\t\t\t\t\t.simplefilter_35398 li {\r\n\t\t\tbackground-color: #ccc;\r\n\t\t\tcolor: #ffffff;\r\n\t\t}\r\n\t\t\r\n\t\t.simplefilter_35398 li:hover {\r\n\t\t\tbackground-color: #656565 !important;\r\n\t\t}\r\n\t\t\r\n\t\t.simplefilter_35398 li.active {\r\n\t\t\tbackground-color: #656565 !important;\r\n\t\t}\r\n\t\t\r\n\t\t.simplefilter li {\r\n    margin-bottom: 30px;\r\n    margin-right: 3px;\r\n}\r\n\r\n.pfg-bootstrap .img-responsive{\r\nmargin-bottom: 50px;\r\nmargin-left: 0px;\r\n}\r\n\r\n.item-desc.item_desc_35398{\r\nbackground-color: #ffffff;\r\ncolor: #2b3c46;\r\nfont-weight: 600;\r\ntext-align: left;\r\nleft: 0.5rem;\r\nwidth: 100%;\r\n}\t<\/style>\r\n\t\t<div class=\"portfolio-wraper pfg-bootstrap\" version=\"1.6.7\">\r\n\t\t\t\t\t<div class=\"col-lg-12 col-md-12 col-xs-12 text-center\">\r\n\t\t\t\t<ul id=\"all-simplefilter\" class=\"filtr-control-35398 simplefilter simplefilter_35398\">\r\n\t\t\t\t\t<li id=\"all\" class=\"active filtr-controls-35398\" data-filter=\"all\">TODAS<\/li>\r\n\t\t\t\t<\/ul>\r\n\t\t\t\t<ul id=\"f-simplefilter-35398\" class=\"filtr-control-35398 simplefilter simplefilter_35398\">\r\n\t\t\t\t\t\t\t\t\t\t\t\t\t<li data-filter=\"1\"\r\n\t\t\t\t\t\t\t\t\tclass=\"filtr-controls-35398\">EUROPE<\/li>\r\n\t\t\t\t\t\t\t\t\t\t\t\t\t\t\t\t<li data-filter=\"2\"\r\n\t\t\t\t\t\t\t\t\tclass=\"filtr-controls-35398\">ASIA<\/li>\r\n\t\t\t\t\t\t\t\t\t\t\t\t\t\t\t\t<li data-filter=\"3\"\r\n\t\t\t\t\t\t\t\t\tclass=\"filtr-controls-35398\">AMERICA<\/li>\r\n\t\t\t\t\t\t\t\t\t\t\t\t\t\t\t\t<li data-filter=\"4\"\r\n\t\t\t\t\t\t\t\t\tclass=\"filtr-controls-35398\">AFRICA<\/li>\r\n\t\t\t\t\t\t\t\t\t\t\t\t<\/ul>\r\n\r\n\t\t\t<\/div>\r\n\t\t\t\t<!-- Shuffle & Sort Controls -->\r\n\t\t\t\t\r\n\t\t<div class=\"row loading-wrapper text-center\">\r\n\t\t\t<img decoding=\"async\" src=\"https:\/\/www.mondragon-assembly.com\/wp-content\/plugins\/portfolio-filter-gallery\/\/img\/loading-icon.gif\" width=\"60\">\r\n\t\t<\/div>\r\n\t\t<div class=\"filter_gallery_35398 row filtr-container filters-div\" style=\"opacity:0; display:none;\">\r\n\t\t\t\t\t\t\t\t<a href=\"https:\/\/www.mondragon-assembly.com\/contact-us\/\" target=\"_blank\" title=\"ARETXABALETA (Espanha) I SEDE | VENDAS, ENGENHARIA, PRODU\u00c7\u00c3O E SERVI\u00c7O\" title=\"ARETXABALETA (Espanha) I SEDE | VENDAS, ENGENHARIA, PRODU\u00c7\u00c3O E SERVI\u00c7O\">\r\n\t\t\t\t\t\t<div data-category=\"1\" data-sort=\"ARETXABALETA (Espanha) I SEDE | VENDAS, ENGENHARIA, PRODU\u00c7\u00c3O E SERVI\u00c7O\" class=\"animateonload filtr-item filtr_item_35398 single_one col-lg-6 col-md-6 col-sm-12 col-12\">\r\n\t\t\t\t\t\t\t\t\t\t\t\t\t\t\t<img decoding=\"async\" class=\" thumbnail  thumbnail_35398 pfg-img pfg_img_35398 img-responsive none\" src=\"https:\/\/www.mondragon-assembly.com\/wp-content\/uploads\/2020\/12\/aretxabaleta-sede.jpg\" alt=\"\">\r\n\t\t\t\t\t\t\t\t\t\t\t\t\t\t\t\t\t<span class=\"item-desc item_desc_35398\">ARETXABALETA (Espanha) I SEDE | VENDAS, ENGENHARIA, PRODU\u00c7\u00c3O E SERVI\u00c7O<\/span>\r\n\t\t\t\t\t\t\t\t\t\t\t\t\t\t<\/div>\r\n\t\t\t\t\t<\/a>\r\n\t\t\t\t\t\t\t\t\t\t<a href=\"https:\/\/www.mondragon-assembly.com\/fr\/contact-us\/\" target=\"_blank\" title=\"ORANGE (France) I SALES, ENGINEERING, PRODUCTION &amp; SERVICE\" title=\"ORANGE (France) I SALES, ENGINEERING, PRODUCTION &amp; SERVICE\">\r\n\t\t\t\t\t\t<div data-category=\"1\" data-sort=\"ORANGE (France) I SALES, ENGINEERING, PRODUCTION &amp; SERVICE\" class=\"animateonload filtr-item filtr_item_35398 single_one col-lg-6 col-md-6 col-sm-12 col-12\">\r\n\t\t\t\t\t\t\t\t\t\t\t\t\t\t\t<img decoding=\"async\" class=\" thumbnail  thumbnail_35398 pfg-img pfg_img_35398 img-responsive none\" src=\"https:\/\/www.mondragon-assembly.com\/wp-content\/uploads\/2020\/12\/orange-francia-sede-final.jpg\" alt=\"\">\r\n\t\t\t\t\t\t\t\t\t\t\t\t\t\t\t\t\t<span class=\"item-desc item_desc_35398\">ORANGE (France) I SALES, ENGINEERING, PRODUCTION &amp; SERVICE<\/span>\r\n\t\t\t\t\t\t\t\t\t\t\t\t\t\t<\/div>\r\n\t\t\t\t\t<\/a>\r\n\t\t\t\t\t\t\t\t\t\t<a href=\"https:\/\/www.mondragon-assembly.com\/de\/kontakt\/\" target=\"_blank\" title=\"STAHRINGEN (Alemanha) I VENDAS, ENGENHARIA, PRODU\u00c7\u00c3O E SERVI\u00c7O\" title=\"STAHRINGEN (Alemanha) I VENDAS, ENGENHARIA, PRODU\u00c7\u00c3O E SERVI\u00c7O\">\r\n\t\t\t\t\t\t<div data-category=\"1\" data-sort=\"STAHRINGEN (Alemanha) I VENDAS, ENGENHARIA, PRODU\u00c7\u00c3O E SERVI\u00c7O\" class=\"animateonload filtr-item filtr_item_35398 single_one col-lg-6 col-md-6 col-sm-12 col-12\">\r\n\t\t\t\t\t\t\t\t\t\t\t\t\t\t\t<img decoding=\"async\" class=\" thumbnail  thumbnail_35398 pfg-img pfg_img_35398 img-responsive none\" src=\"https:\/\/www.mondragon-assembly.com\/wp-content\/uploads\/2020\/12\/stahringen-germany.jpg\" alt=\"\">\r\n\t\t\t\t\t\t\t\t\t\t\t\t\t\t\t\t\t<span class=\"item-desc item_desc_35398\">STAHRINGEN (Alemanha) I VENDAS, ENGENHARIA, PRODU\u00c7\u00c3O E SERVI\u00c7O<\/span>\r\n\t\t\t\t\t\t\t\t\t\t\t\t\t\t<\/div>\r\n\t\t\t\t\t<\/a>\r\n\t\t\t\t\t\t\t\t\t\t<a href=\"https:\/\/www.mondragon-assembly.com\/zh-hans\/\u806f\u7e6b\u6211\u5011\" target=\"_blank\" title=\"KUNSHAN (China) I VENDAS, ENGENHARIA, PRODU\u00c7\u00c3O E SERVI\u00c7O\" title=\"KUNSHAN (China) I VENDAS, ENGENHARIA, PRODU\u00c7\u00c3O E SERVI\u00c7O\">\r\n\t\t\t\t\t\t<div data-category=\"2\" data-sort=\"KUNSHAN (China) I VENDAS, ENGENHARIA, PRODU\u00c7\u00c3O E SERVI\u00c7O\" class=\"animateonload filtr-item filtr_item_35398 single_one col-lg-6 col-md-6 col-sm-12 col-12\">\r\n\t\t\t\t\t\t\t\t\t\t\t\t\t\t\t<img decoding=\"async\" class=\" thumbnail  thumbnail_35398 pfg-img pfg_img_35398 img-responsive none\" src=\"https:\/\/www.mondragon-assembly.com\/wp-content\/uploads\/2020\/12\/kushan-china-sede.jpg\" alt=\"\">\r\n\t\t\t\t\t\t\t\t\t\t\t\t\t\t\t\t\t<span class=\"item-desc item_desc_35398\">KUNSHAN (China) I VENDAS, ENGENHARIA, PRODU\u00c7\u00c3O E SERVI\u00c7O<\/span>\r\n\t\t\t\t\t\t\t\t\t\t\t\t\t\t<\/div>\r\n\t\t\t\t\t<\/a>\r\n\t\t\t\t\t\t\t\t\t\t<a href=\"https:\/\/www.mondragon-assembly.com\/es-mx\/contacto\/\" target=\"_blank\" title=\"QUERETARO (M\u00e9xico) I VENDAS, ENGENHARIA, PRODU\u00c7\u00c3O E SERVI\u00c7O\" title=\"QUERETARO (M\u00e9xico) I VENDAS, ENGENHARIA, PRODU\u00c7\u00c3O E SERVI\u00c7O\">\r\n\t\t\t\t\t\t<div data-category=\"3\" data-sort=\"QUERETARO (M\u00e9xico) I VENDAS, ENGENHARIA, PRODU\u00c7\u00c3O E SERVI\u00c7O\" class=\"animateonload filtr-item filtr_item_35398 single_one col-lg-6 col-md-6 col-sm-12 col-12\">\r\n\t\t\t\t\t\t\t\t\t\t\t\t\t\t\t<img decoding=\"async\" class=\" thumbnail  thumbnail_35398 pfg-img pfg_img_35398 img-responsive none\" src=\"https:\/\/www.mondragon-assembly.com\/wp-content\/uploads\/2020\/12\/queretaro-mexico.jpg\" alt=\"\">\r\n\t\t\t\t\t\t\t\t\t\t\t\t\t\t\t\t\t<span class=\"item-desc item_desc_35398\">QUERETARO (M\u00e9xico) I VENDAS, ENGENHARIA, PRODU\u00c7\u00c3O E SERVI\u00c7O<\/span>\r\n\t\t\t\t\t\t\t\t\t\t\t\t\t\t<\/div>\r\n\t\t\t\t\t<\/a>\r\n\t\t\t\t\t\t\t\t\t\t<a href=\"https:\/\/www.mondragon-assembly.com\/pt-br\/contact-us-2\/\" target=\"_blank\" title=\"AMERICANA (Brasil) I VENDAS, ENGENHARIA, PRODU\u00c7\u00c3O E SERVI\u00c7O\" title=\"AMERICANA (Brasil) I VENDAS, ENGENHARIA, PRODU\u00c7\u00c3O E SERVI\u00c7O\">\r\n\t\t\t\t\t\t<div data-category=\"3\" data-sort=\"AMERICANA (Brasil) I VENDAS, ENGENHARIA, PRODU\u00c7\u00c3O E SERVI\u00c7O\" class=\"animateonload filtr-item filtr_item_35398 single_one col-lg-6 col-md-6 col-sm-12 col-12\">\r\n\t\t\t\t\t\t\t\t\t\t\t\t\t\t\t<img decoding=\"async\" class=\" thumbnail  thumbnail_35398 pfg-img pfg_img_35398 img-responsive none\" src=\"https:\/\/www.mondragon-assembly.com\/wp-content\/uploads\/2020\/12\/americana-brazil.jpg\" alt=\"\">\r\n\t\t\t\t\t\t\t\t\t\t\t\t\t\t\t\t\t<span class=\"item-desc item_desc_35398\">AMERICANA (Brasil) I VENDAS, ENGENHARIA, PRODU\u00c7\u00c3O E SERVI\u00c7O<\/span>\r\n\t\t\t\t\t\t\t\t\t\t\t\t\t\t<\/div>\r\n\t\t\t\t\t<\/a>\r\n\t\t\t\t\t\t\t\t\t\t<a href=\"https:\/\/www.mondragon-assembly.com\/contact-us-india\/\" target=\"_blank\" title=\"NOVA DELHI (\u00cdndia) I VENDAS, ENGENHARIA E SERVI\u00c7O\" title=\"NOVA DELHI (\u00cdndia) I VENDAS, ENGENHARIA E SERVI\u00c7O\">\r\n\t\t\t\t\t\t<div data-category=\"2\" data-sort=\"NOVA DELHI (\u00cdndia) I VENDAS, ENGENHARIA E SERVI\u00c7O\" class=\"animateonload filtr-item filtr_item_35398 single_one col-lg-6 col-md-6 col-sm-12 col-12\">\r\n\t\t\t\t\t\t\t\t\t\t\t\t\t\t\t<img decoding=\"async\" class=\" thumbnail  thumbnail_35398 pfg-img pfg_img_35398 img-responsive none\" src=\"https:\/\/www.mondragon-assembly.com\/wp-content\/uploads\/2020\/12\/india-sede.jpg\" alt=\"\">\r\n\t\t\t\t\t\t\t\t\t\t\t\t\t\t\t\t\t<span class=\"item-desc item_desc_35398\">NOVA DELHI (\u00cdndia) I VENDAS, ENGENHARIA E SERVI\u00c7O<\/span>\r\n\t\t\t\t\t\t\t\t\t\t\t\t\t\t<\/div>\r\n\t\t\t\t\t<\/a>\r\n\t\t\t\t\t\t\t\t\t\t<a href=\"https:\/\/www.mondragon-assembly.com\/contact-us-mena\/\" target=\"_blank\" title=\"ARIANA (Tun\u00edsia) I VENDAS, ENGENHARIA E SERVI\u00c7O\" title=\"ARIANA (Tun\u00edsia) I VENDAS, ENGENHARIA E SERVI\u00c7O\">\r\n\t\t\t\t\t\t<div data-category=\"4\" data-sort=\"ARIANA (Tun\u00edsia) I VENDAS, ENGENHARIA E SERVI\u00c7O\" class=\"animateonload filtr-item filtr_item_35398 single_one col-lg-6 col-md-6 col-sm-12 col-12\">\r\n\t\t\t\t\t\t\t\t\t\t\t\t\t\t\t<img decoding=\"async\" class=\" thumbnail  thumbnail_35398 pfg-img pfg_img_35398 img-responsive none\" src=\"https:\/\/www.mondragon-assembly.com\/wp-content\/uploads\/2020\/12\/tunisia-mena.jpg\" alt=\"\">\r\n\t\t\t\t\t\t\t\t\t\t\t\t\t\t\t\t\t<span class=\"item-desc item_desc_35398\">ARIANA (Tun\u00edsia) I VENDAS, ENGENHARIA E SERVI\u00c7O<\/span>\r\n\t\t\t\t\t\t\t\t\t\t\t\t\t\t<\/div>\r\n\t\t\t\t\t<\/a>\r\n\t\t\t\t\t\t\t\t\t\t<a href=\"https:\/\/www.mondragon-assembly.com\/contact-us-usa\/\" target=\"_blank\" title=\"CHICAGO (Estados Unidos) I VENDAS, ENGENHARIA E SERVI\u00c7O\" title=\"CHICAGO (Estados Unidos) I VENDAS, ENGENHARIA E SERVI\u00c7O\">\r\n\t\t\t\t\t\t<div data-category=\"3\" data-sort=\"CHICAGO (Estados Unidos) I VENDAS, ENGENHARIA E SERVI\u00c7O\" class=\"animateonload filtr-item filtr_item_35398 single_one col-lg-6 col-md-6 col-sm-12 col-12\">\r\n\t\t\t\t\t\t\t\t\t\t\t\t\t\t\t<img decoding=\"async\" class=\" thumbnail  thumbnail_35398 pfg-img pfg_img_35398 img-responsive none\" src=\"https:\/\/www.mondragon-assembly.com\/wp-content\/uploads\/2020\/12\/chicago.jpg\" alt=\"\">\r\n\t\t\t\t\t\t\t\t\t\t\t\t\t\t\t\t\t<span class=\"item-desc item_desc_35398\">CHICAGO (Estados Unidos) I VENDAS, ENGENHARIA E SERVI\u00c7O<\/span>\r\n\t\t\t\t\t\t\t\t\t\t\t\t\t\t<\/div>\r\n\t\t\t\t\t<\/a>\r\n\t\t\t\t\t\t\t<\/div>\r\n\t<\/div>\r\n<script>\r\n\r\nsetTimeout(function () {\r\n\tjQuery(\".thumbnail_35398\").each(function(){\r\n\t\t\/\/ console.log(jQuery(this).width() + \"x\" + jQuery(this).height())\r\n\t\tvar h = jQuery(this).height();\r\n\t\tvar w = jQuery(this).width();\r\n\t\tjQuery(this).height(h);\r\n\t\tjQuery(this).width(w);\r\n\t\tjQuery(this).resize();\r\n\t});\r\n}, 2500);\r\n\r\njQuery(document).ready(function (jQuery) {\r\n\tjQuery('.filtr-item').addClass('animateonload');\r\n\tjQuery('#filter_gallery_35398').show();\r\n\tjQuery('.loading-wrapper').hide();\r\n\tjQuery(\".loader_img\").hide();\r\n\tjQuery(\".lg_load_more\").show();\r\n\tjQuery(\".filtr-container\").css(\"opacity\", 1);\r\n\t\/\/Filterizd Default options\r\n\toptions = {\r\n\t\tanimationDuration: 0.5,\r\n\t\tcallbacks: {\r\n\t\t\tonFilteringStart: function() { },\r\n\t\t\tonFilteringEnd: function() { },\r\n\t\t\tonShufflingStart: function() { },\r\n\t\t\tonShufflingEnd: function() { },\r\n\t\t\tonSortingStart: function() { },\r\n\t\t\tonSortingEnd: function() { }\r\n\t\t},\r\n\t\tcontrolsSelector: '.filtr-controls-35398',\r\n\t\tfilter: 'all',\r\n\t\t filterOutCss: {\r\n\t\t  top:'0px',\r\n\t\t\tleft:'0px',\r\n\t\t\topacity: 0.001,\r\n\t\t\ttransform: ''\r\n\t\t  },\r\n\t\t  filterInCss: {\r\n\t\t\t  top:'0px',\r\n\t\t\tleft:'0px',\r\n\t\t\topacity: 1,\r\n\t\t\ttransform: ''\r\n\t\t  },\r\n\t\tlayout: 'sameWidth',\r\n\t\tselector: '.filtr-item',\r\n\t\tsetupControls: false\r\n\t}\r\n\tvar filterizd = jQuery('.filter_gallery_35398').filterizr(options);\r\n\t\/\/filterizd.filterizr('sort', 'domIndex', 'desc');\r\n\tjQuery('.filter_gallery_35398').imagesLoaded( function() {\r\n\t\t\/\/ images have already loaded, instantiate Filterizr\r\n\t\tjQuery('.filter_gallery_35398').filterizr(options);\r\n\t}); \r\n\t\t\t\t\/* Sort li to alphabetically: *\/\r\n\t\t\tfunction sortList(ul) {\r\n\t\t\t\tvar ul = document.getElementById(\"f-simplefilter-35398\");\r\n\t\t\t\tArray.from(ul.getElementsByTagName(\"LI\"))\r\n\t\t\t\t.sort((a, b) => a.textContent.localeCompare(b.textContent))\r\n\t\t\t\t.forEach(li => ul.appendChild(li));\r\n\t\t\t}\r\n\t\t\tsortList(\"f-simplefilter-35398\");\r\n\t\t\/* Sort li to alphabetically: *\/\r\n\t\t\t\r\n\t\t\/\/bootstrap-lightbox-js\r\n\t\t\/\/ delegate calls to data-toggle=\"lightbox\"\r\n\t\tdocument.addEventListener('DOMContentLoaded', (event) => {\r\n            document.querySelectorAll('.my-lightbox-toggle').forEach((el) => {\r\n                el.addEventListener('click', (e) => {\r\n                    e.preventDefault();\r\n\r\n                    const options = {\r\n                        keyboard: true,\r\n                        size: 'fullscreen'\r\n                    };\r\n\r\n                    \/\/ Assuming Lightbox is a constructor from the included library\r\n                    \/\/ Check if the Lightbox class or function exists\r\n                    if (typeof Lightbox !== 'undefined') {\r\n                        const lightbox = new Lightbox(el, options);\r\n                        lightbox.show();\r\n                    } else {\r\n                        console.error('Lightbox library is not loaded.');\r\n                    }\r\n                });\r\n            });\r\n        });\r\n\t\t\t\r\n\r\n\t\/\/ video player\r\n\tjQuery(function(){\r\n      jQuery(\"a.video-box-35398\").YouTubePopUp( { autoplay: 0 } ); \/\/ Disable autoplay\r\n\t});\r\n\t\r\n});   \r\n<\/script>[\/vc_column_text][\/vc_column][\/vc_row][vc_row][vc_column][vc_empty_space][\/vc_column][\/vc_row][vc_row][vc_column][vc_column_text]<!-- wpml:html_fragment -->[\/vc_column_text][\/vc_column][\/vc_row]<\/p>\n<\/div>","protected":false},"excerpt":{"rendered":"<p>[vc_row][vc_column][vc_column_text css_animation=&#8221;left-to-right&#8221;] J\u00e1 s\u00e3o quase 30 anos desde que iniciamos nossa jornada internacional e, a desde ent\u00e3o, temos conseguido crescer de forma sustent\u00e1vel ao longo do tempo, al\u00e9m de estar mais pr\u00f3ximos de nossos clientes. Hoje, contamos com 6 unidades de produ\u00e7\u00e3o, nas quais desenvolvemos toda a cadeia de valor dos projetos em diversos pa\u00edses, [&hellip;]<\/p>\n","protected":false},"author":4,"featured_media":0,"parent":0,"menu_order":0,"comment_status":"closed","ping_status":"closed","template":"sectors.php","meta":{"_lmt_disableupdate":"","_lmt_disable":"","footnotes":""},"yst_prominent_words":[1092,1408,1411,2120,2307],"class_list":["post-30069","page","type-page","status-publish","hentry"],"acf":[],"_links":{"self":[{"href":"https:\/\/www.mondragon-assembly.com\/pt-br\/wp-json\/wp\/v2\/pages\/30069","targetHints":{"allow":["GET"]}}],"collection":[{"href":"https:\/\/www.mondragon-assembly.com\/pt-br\/wp-json\/wp\/v2\/pages"}],"about":[{"href":"https:\/\/www.mondragon-assembly.com\/pt-br\/wp-json\/wp\/v2\/types\/page"}],"author":[{"embeddable":true,"href":"https:\/\/www.mondragon-assembly.com\/pt-br\/wp-json\/wp\/v2\/users\/4"}],"replies":[{"embeddable":true,"href":"https:\/\/www.mondragon-assembly.com\/pt-br\/wp-json\/wp\/v2\/comments?post=30069"}],"version-history":[{"count":18,"href":"https:\/\/www.mondragon-assembly.com\/pt-br\/wp-json\/wp\/v2\/pages\/30069\/revisions"}],"predecessor-version":[{"id":37128,"href":"https:\/\/www.mondragon-assembly.com\/pt-br\/wp-json\/wp\/v2\/pages\/30069\/revisions\/37128"}],"wp:attachment":[{"href":"https:\/\/www.mondragon-assembly.com\/pt-br\/wp-json\/wp\/v2\/media?parent=30069"}],"wp:term":[{"taxonomy":"yst_prominent_words","embeddable":true,"href":"https:\/\/www.mondragon-assembly.com\/pt-br\/wp-json\/wp\/v2\/yst_prominent_words?post=30069"}],"curies":[{"name":"wp","href":"https:\/\/api.w.org\/{rel}","templated":true}]}}