{"id":30085,"date":"2021-01-02T21:45:55","date_gmt":"2021-01-02T19:45:55","guid":{"rendered":"https:\/\/www.mondragon-assembly.com\/purchasing\/"},"modified":"2024-01-04T12:39:49","modified_gmt":"2024-01-04T10:39:49","slug":"purchasing","status":"publish","type":"page","link":"https:\/\/www.mondragon-assembly.com\/pt-br\/purchasing\/","title":{"rendered":"Compras"},"content":{"rendered":"<div class=\"wpb-content-wrapper\"><p>[vc_row css=&#8221;.vc_custom_1604064744834{margin-top: -25px !important;}&#8221;][vc_column][vc_empty_space height=&#8221;40&#8243;][\/vc_column][\/vc_row][vc_row][vc_column][vc_column_text]Temos presen\u00e7a internacional, com 6 unidades produtivas nas quais est\u00e1 inserida toda a cadeia de valor. Por este motivo, devemos e queremos continuar a ter uma rede de fornecedores capazes de nos oferecer solu\u00e7\u00f5es onde quer que estejamos. Solu\u00e7\u00f5es que atendem aos nossos padr\u00f5es de qualidade.<\/p>\n<p>Nosso dia a dia baseia-se no trabalho em conjunto com os nossos fornecedores, pois entendemos que eles s\u00e3o o nosso maior aliado para oferecer aos nossos clientes a melhor solu\u00e7\u00e3o. Estamos sempre em busca de novos parceiros que nos ajudem a oferecer aos nossos clientes solu\u00e7\u00f5es da mais alta qualidade e nas melhores condi\u00e7\u00f5es.<\/p>\n<p>N\u00e3o procuramos apenas qualidades em nossos parceiros, como solu\u00e7\u00f5es de alta qualidade, pre\u00e7os competitivos, log\u00edstica bem organizada, confiabilidade e flexibilidade, mas tamb\u00e9m fornecedores que sejam respons\u00e1veis \u200b\u200bpelas pessoas e pelo meio ambiente. Porque somos um grupo socialmente respons\u00e1vel, comprometido com as pessoas, o meio ambiente e a sociedade e buscamos o mesmo em nossos fornecedores.<\/p>\n<p>Nosso objetivo \u00e9 estender os princ\u00edpios aplicados na Mondragon Assembly aos nossos fornecedores. Queremos trabalhar com empresas que integrem a sa\u00fade e a seguran\u00e7a no trabalho em todas as suas atividades, que respeitem o meio ambiente e que sejam \u00e9tica e socialmente respons\u00e1veis.[\/vc_column_text][\/vc_column][\/vc_row][vc_row][vc_column][vc_text_separator title=&#8221;CONDI\u00c7\u00d5ES GERAIS DE COMPRA&#8221; el_class=&#8221;title_gr&#8221;][\/vc_column][\/vc_row][vc_row][vc_column][vc_column_text]Esta se\u00e7\u00e3o inclui as condi\u00e7\u00f5es gerais de compra nos pa\u00edses onde o Grupo de Montagem Mondragon est\u00e1 presente.[\/vc_column_text][\/vc_column][\/vc_row][vc_row][vc_column][vc_column_text]<\/p>\n<table width=\"100%\" cellspacing=\"3\" cellpadding=\"3\">\n<tbody>\n<tr style=\"border-bottom: 1px solid #f64747; height: 40px;\">\n<td style=\"text-align: center; border-right: 1px solid #f64747; font-size: 14px;\" bgcolor=\"#f7f7f7\" width=\"452\">Mondragon Assembly S.Coop Aretxabaleta (Espanha)<\/td>\n<td style=\"text-align: center; border-right: 1px solid #f64747;\" bgcolor=\"#f7f7f7\" width=\"452\">\n<p style=\"text-align: center; color: #666666; font-size: 14px;\">Condi\u00e7\u00f5es gerais de compra em espanhol<\/p>\n<p style=\"text-align: center; color: #666666; font-size: 14px;\"><span style=\"color: #e40521;\"><a href=\"https:\/\/www.mondragon-assembly.com\/pdf\/condiciones_generales_compra_ES.pdf\" target=\"_blank\" rel=\"noopener noreferrer\"><img decoding=\"async\" class=\"aligncenter wp-image-27924\" style=\"margin-bottom: 5px;\" src=\"https:\/\/www.mondragon-assembly.com\/wp-content\/uploads\/2021\/01\/icon-pdf.png\" alt=\"\" width=\"30\" height=\"37\" \/><\/a><\/span><\/p>\n<\/td>\n<td style=\"text-align: center;\" bgcolor=\"#f7f7f7\" width=\"452\">\n<p style=\"color: #e40521;\"><span style=\"text-align: center; color: #666666; font-size: 14px;\">Condi\u00e7\u00f5es gerais de compra em ingl\u00eas<\/span><\/p>\n<p style=\"color: #e40521;\"><span style=\"color: #e40521;\"><a href=\"https:\/\/www.mondragon-assembly.com\/pdf\/en\/General_Purchasing_Conditions_EN.pdf\" target=\"_blank\" rel=\"noopener noreferrer\"><img decoding=\"async\" class=\"aligncenter wp-image-27924\" style=\"margin-bottom: 5px;\" src=\"https:\/\/www.mondragon-assembly.com\/wp-content\/uploads\/2021\/01\/icon-pdf.png\" alt=\"\" width=\"30\" height=\"37\" \/><\/a><\/span><\/p>\n<\/td>\n<\/tr>\n<tr style=\"border-bottom: 1px solid #f64747; height: 40px;\">\n<td style=\"text-align: center; border-right: 1px solid #f64747; font-size: 14px;\" bgcolor=\"#dddddd\">Mondragon Assembly France<\/td>\n<td style=\"text-align: center; border-right: 1px solid #f64747;\" bgcolor=\"#dddddd\">\n<p style=\"text-align: center; color: #666666; font-size: 14px;\">Condi\u00e7\u00f5es gerais de compra em franc\u00eas<\/p>\n<p style=\"text-align: center; color: #666666; font-size: 14px;\"><span style=\"color: #e40521;\"><img decoding=\"async\" class=\"wp-image-27924 aligncenter\" style=\"margin-bottom: 5px;\" src=\"https:\/\/www.mondragon-assembly.com\/wp-content\/uploads\/2021\/01\/icon-pdf.png\" alt=\"\" width=\"30\" height=\"37\" \/><\/span><\/p>\n<\/td>\n<td style=\"text-align: center;\" bgcolor=\"#dddddd\">\n<p style=\"color: #e40521;\"><span style=\"text-align: center; color: #666666; font-size: 14px;\">Condi\u00e7\u00f5es gerais de compra em ingl\u00eas<\/span><\/p>\n<p style=\"color: #e40521;\"><span style=\"color: #e40521;\"><a href=\"https:\/\/www.mondragon-assembly.com\/pdf\/purchasing\/CondicionesGeneralesCompraMA_EN.pdf\" target=\"_blank\" rel=\"noopener noreferrer\"><img decoding=\"async\" class=\"aligncenter wp-image-27924\" style=\"margin-bottom: 5px;\" src=\"https:\/\/www.mondragon-assembly.com\/wp-content\/uploads\/2021\/01\/icon-pdf.png\" alt=\"\" width=\"30\" height=\"37\" \/><\/a><\/span><\/p>\n<\/td>\n<\/tr>\n<tr style=\"border-bottom: 1px solid #f64747; height: 40px;\">\n<td style=\"text-align: center; border-right: 1px solid #f64747;\" bgcolor=\"#f7f7f7\">Mondragon Assembly GmbH<\/td>\n<td style=\"text-align: center; border-right: 1px solid #f64747;\" bgcolor=\"#f7f7f7\">\n<p style=\"text-align: center; color: #666666; font-size: 14px;\">Condi\u00e7\u00f5es gerais de compra em alem\u00e3o<\/p>\n<p style=\"text-align: center; color: #666666; font-size: 14px;\"><span style=\"color: #e40521;\"><a href=\"https:\/\/www.mondragon-assembly.com\/pdf\/de\/Allgemeine_Einkaufsbedingungen_DE.pdf\" target=\"_blank\" rel=\"noopener noreferrer\"><img decoding=\"async\" class=\"aligncenter wp-image-27924\" style=\"margin-bottom: 5px;\" src=\"https:\/\/www.mondragon-assembly.com\/wp-content\/uploads\/2021\/01\/icon-pdf.png\" alt=\"\" width=\"30\" height=\"37\" \/><\/a><\/span><\/p>\n<\/td>\n<td style=\"text-align: center;\" bgcolor=\"#f7f7f7\">\n<p style=\"color: #e40521;\"><span style=\"text-align: center; color: #666666; font-size: 14px;\">Condi\u00e7\u00f5es gerais de compra em ingl\u00eas<\/span><\/p>\n<p style=\"color: #e40521;\"><span style=\"color: #e40521;\"><a href=\"https:\/\/www.mondragon-assembly.com\/pdf\/de\/General_purchasing_conditions_DE-EN.pdf\" target=\"_blank\" rel=\"noopener noreferrer\"><img decoding=\"async\" class=\"aligncenter wp-image-27924\" style=\"margin-bottom: 5px;\" src=\"https:\/\/www.mondragon-assembly.com\/wp-content\/uploads\/2021\/01\/icon-pdf.png\" alt=\"\" width=\"30\" height=\"37\" \/><\/a><\/span><\/p>\n<\/td>\n<\/tr>\n<tr style=\"border-bottom: 1px solid #f64747; height: 40px;\">\n<td style=\"text-align: center; border-right: 1px solid #f64747; font-size: 14px;\" bgcolor=\"#dddddd\">Mondragon Assembly Brasil<\/td>\n<td style=\"text-align: center; border-right: 1px solid #f64747;\" bgcolor=\"#dddddd\">\n<p style=\"text-align: center; color: #666666; font-size: 14px;\">Condi\u00e7\u00f5es gerais de compra em portugu\u00eas<\/p>\n<p style=\"text-align: center; color: #666666; font-size: 14px;\"><span style=\"color: #e40521;\"><a href=\"https:\/\/www.mondragon-assembly.com\/pdf\/pt\/Condi\u00e7oes_Gerais_De_Compra_BR.pdf\" target=\"_blank\" rel=\"noopener noreferrer\"><img decoding=\"async\" class=\"aligncenter wp-image-27924\" style=\"margin-bottom: 5px;\" src=\"https:\/\/www.mondragon-assembly.com\/wp-content\/uploads\/2021\/01\/icon-pdf.png\" alt=\"\" width=\"30\" height=\"37\" \/><\/a><\/span><\/p>\n<\/td>\n<td style=\"text-align: center;\" bgcolor=\"#dddddd\">\n<p style=\"color: #e40521;\"><span style=\"text-align: center; color: #666666; font-size: 14px;\">Condi\u00e7\u00f5es gerais de compra em ingl\u00eas<\/span><\/p>\n<p style=\"color: #e40521;\"><span style=\"color: #e40521;\"><img decoding=\"async\" class=\"wp-image-27924 aligncenter\" style=\"margin-bottom: 5px;\" src=\"https:\/\/www.mondragon-assembly.com\/wp-content\/uploads\/2021\/01\/icon-pdf.png\" alt=\"\" width=\"30\" height=\"37\" \/><\/span><\/p>\n<\/td>\n<\/tr>\n<tr style=\"border-bottom: 1px solid #f64747; height: 40px;\">\n<td style=\"text-align: center; border-right: 1px solid #f64747; font-size: 14px;\" bgcolor=\"#f7f7f7\">Mondragon Assembly S.A. M\u00e9xico<\/td>\n<td style=\"text-align: center; border-right: 1px solid #f64747;\" bgcolor=\"#f7f7f7\">\n<p style=\"text-align: center; color: #666666; font-size: 14px;\">Condi\u00e7\u00f5es gerais de compra em espanhol<\/p>\n<p style=\"text-align: center; color: #666666; font-size: 14px;\"><span style=\"color: #e40521;\"><a href=\"https:\/\/www.mondragon-assembly.com\/pdf\/mx\/Condiciones_Generales_De_Compra_ES-MX.pdf\" target=\"_blank\" rel=\"noopener noreferrer\"><img decoding=\"async\" class=\"aligncenter wp-image-27924\" style=\"margin-bottom: 5px;\" src=\"https:\/\/www.mondragon-assembly.com\/wp-content\/uploads\/2021\/01\/icon-pdf.png\" alt=\"\" width=\"30\" height=\"37\" \/><\/a><\/span><\/p>\n<\/td>\n<td style=\"text-align: center;\" bgcolor=\"#f7f7f7\">\n<p style=\"color: #e40521;\"><span style=\"text-align: center; color: #666666; font-size: 14px;\">Condi\u00e7\u00f5es gerais de compra em ingl\u00eas<\/span><\/p>\n<p style=\"color: #e40521;\"><span style=\"color: #e40521;\"><a href=\"https:\/\/www.mondragon-assembly.com\/pdf\/en\/General_Purchasing_Conditions_ES-MX.pdf\" target=\"_blank\" rel=\"noopener noreferrer\"><img decoding=\"async\" class=\"aligncenter wp-image-27924\" style=\"margin-bottom: 5px;\" src=\"https:\/\/www.mondragon-assembly.com\/wp-content\/uploads\/2021\/01\/icon-pdf.png\" alt=\"\" width=\"30\" height=\"37\" \/><\/a><\/span><\/p>\n<\/td>\n<\/tr>\n<tr style=\"border-bottom: 1px solid #f64747; height: 40px;\">\n<td style=\"text-align: center; border-right: 1px solid #f64747; font-size: 14px;\" bgcolor=\"#dddddd\">Mondragon Assembly China<\/td>\n<td style=\"text-align: center; border-right: 1px solid #f64747;\" bgcolor=\"#dddddd\">\n<p style=\"text-align: center; color: #666666; font-size: 14px;\">General purchasing conditions in Chinese<\/p>\n<p style=\"text-align: center; color: #666666; font-size: 14px;\"><span style=\"color: #e40521;\"><a href=\"https:\/\/www.mondragon-assembly.com\/pdf\/en\/Gral_Purchases_Conditions_customize_ZH_EN.pdf\" target=\"_blank\" rel=\"noopener noreferrer\"><img decoding=\"async\" class=\"aligncenter wp-image-27924\" style=\"margin-bottom: 5px;\" src=\"https:\/\/www.mondragon-assembly.com\/wp-content\/uploads\/2021\/01\/icon-pdf.png\" alt=\"\" width=\"30\" height=\"37\" \/><\/a><\/span><\/p>\n<\/td>\n<td style=\"text-align: center;\" bgcolor=\"#dddddd\">\n<p style=\"color: #e40521;\"><span style=\"text-align: center; color: #666666; font-size: 14px;\">Condi\u00e7\u00f5es gerais de compra em ingl\u00eas<\/span><\/p>\n<p style=\"color: #e40521;\"><span style=\"color: #e40521;\"><a href=\"https:\/\/www.mondragon-assembly.com\/pdf\/en\/General_Purchasing_Conditions_ZH-HANS-EN.pdf\" target=\"_blank\" rel=\"noopener noreferrer\"><img decoding=\"async\" class=\"aligncenter wp-image-27924\" style=\"margin-bottom: 5px;\" src=\"https:\/\/www.mondragon-assembly.com\/wp-content\/uploads\/2021\/01\/icon-pdf.png\" alt=\"\" width=\"30\" height=\"37\" \/><\/a><\/span><\/p>\n<\/td>\n<\/tr>\n<\/tbody>\n<\/table>\n<p>[\/vc_column_text][\/vc_column][\/vc_row][vc_row][vc_column][vc_text_separator title=&#8221;C\u00d3DIGO DE CONDUTA DO FORNECEDOR&#8221; el_class=&#8221;title_gr&#8221;][\/vc_column][\/vc_row][vc_row][vc_column][vc_column_text]<\/p>\n<p style=\"text-align: center;\">Nesta se\u00e7\u00e3o, voc\u00ea pode encontrar o c\u00f3digo de conduta do fornecedor.<\/p>\n<p>[\/vc_column_text][\/vc_column][\/vc_row][vc_row][vc_column][vc_column_text]<\/p>\n<table width=\"60%\" cellspacing=\"3\" cellpadding=\"3\" align=\"center\">\n<tbody>\n<tr style=\"border-top: 1px solid #f64747; border-bottom: 1px solid #f64747; height: 40px;\">\n<td style=\"text-align: center;\" bgcolor=\"#f7f7f7\" width=\"278\" height=\"55\">C\u00f3digo de conduta do fornecedor em espanhol<\/td>\n<td style=\"font-size: 14px; text-align: center;\" bgcolor=\"#f7f7f7\" width=\"162\"><a href=\"https:\/\/www.mondragon-assembly.com\/pdf\/Codigo_conducta.pdf\" target=\"_blank\" rel=\"noopener noreferrer\"><img decoding=\"async\" class=\"wp-image-27924 aligncenter\" src=\"https:\/\/www.mondragon-assembly.com\/wp-content\/uploads\/2021\/01\/icon-pdf.png\" alt=\"\" width=\"30\" height=\"37\" \/><\/a><\/td>\n<\/tr>\n<tr style=\"border-bottom: 1px solid #f64747; height: 40px;\">\n<td style=\"text-align: center;\" bgcolor=\"#dddddd\" height=\"55\">C\u00f3digo de conduta do fornecedor em ingl\u00eas<\/td>\n<td style=\"text-align: center;\" bgcolor=\"#dddddd\"><a href=\"https:\/\/www.mondragon-assembly.com\/pdf\/en\/Supplier_Code_Of_Conduct_EN.pdf\" target=\"_blank\" rel=\"noopener noreferrer\"><img decoding=\"async\" class=\"aligncenter wp-image-27924\" src=\"https:\/\/www.mondragon-assembly.com\/wp-content\/uploads\/2021\/01\/icon-pdf.png\" alt=\"\" width=\"30\" height=\"37\" \/><\/a><\/td>\n<\/tr>\n<tr style=\"border-bottom: 1px solid #f64747; height: 40px;\">\n<td style=\"text-align: center;\" bgcolor=\"#f7f7f7\" height=\"55\">C\u00f3digo de conduta do fornecedor em franc\u00eas<\/td>\n<td style=\"text-align: center;\" bgcolor=\"#f7f7f7\"><a href=\"https:\/\/www.mondragon-assembly.com\/pdf\/fr\/Code_De_Conduite_Des_Fournisseurs.pdf\" target=\"_blank\" rel=\"noopener noreferrer\"><img decoding=\"async\" class=\"aligncenter wp-image-27924\" src=\"https:\/\/www.mondragon-assembly.com\/wp-content\/uploads\/2021\/01\/icon-pdf.png\" alt=\"\" width=\"30\" height=\"37\" \/><\/a><\/td>\n<\/tr>\n<tr style=\"border-bottom: 1px solid #f64747; height: 40px;\">\n<td style=\"text-align: center;\" bgcolor=\"#dddddd\" height=\"55\">C\u00f3digo de conduta do fornecedor em alem\u00e3o<\/td>\n<td style=\"text-align: center;\" bgcolor=\"#dddddd\"><a href=\"https:\/\/www.mondragon-assembly.com\/pdf\/de\/Verhaltenskodex_F\u00fcr_Lieferanten_DE.pdf\" target=\"_blank\" rel=\"noopener noreferrer\"><img decoding=\"async\" class=\"aligncenter wp-image-27924\" src=\"https:\/\/www.mondragon-assembly.com\/wp-content\/uploads\/2021\/01\/icon-pdf.png\" alt=\"\" width=\"30\" height=\"37\" \/><\/a><\/td>\n<\/tr>\n<tr style=\"border-bottom: 1px solid #f64747; height: 40px;\">\n<td style=\"text-align: center;\" bgcolor=\"#f7f7f7\" height=\"55\">C\u00f3digo de conduta do fornecedor em portugu\u00eas<\/td>\n<td style=\"text-align: center;\" bgcolor=\"#f7f7f7\"><a href=\"https:\/\/www.mondragon-assembly.com\/pdf\/pt\/Codigo_De_Conducta_Do_Fornecedor_PT-BR.pdf\" target=\"_blank\" rel=\"noopener noreferrer\"><img decoding=\"async\" class=\"aligncenter wp-image-27924\" src=\"https:\/\/www.mondragon-assembly.com\/wp-content\/uploads\/2021\/01\/icon-pdf.png\" alt=\"\" width=\"30\" height=\"37\" \/><\/a><\/td>\n<\/tr>\n<tr style=\"border-bottom: 1px solid #f64747; height: 40px;\">\n<td style=\"text-align: center;\" bgcolor=\"#dddddd\" height=\"55\">C\u00f3digo de conduta do fornecedor em chin\u00eas<\/td>\n<td style=\"text-align: center;\" bgcolor=\"#dddddd\"><a href=\"https:\/\/www.mondragon-assembly.com\/pdf\/zh\/Supplier_Code_Of_Conduct_ZH-HANS.pdf\" target=\"_blank\" rel=\"noopener noreferrer\"><img decoding=\"async\" class=\"aligncenter wp-image-27924\" src=\"https:\/\/www.mondragon-assembly.com\/wp-content\/uploads\/2021\/01\/icon-pdf.png\" alt=\"\" width=\"30\" height=\"37\" \/><\/a><\/td>\n<\/tr>\n<\/tbody>\n<\/table>\n<p>[\/vc_column_text][\/vc_column][\/vc_row]<\/p>\n<\/div>","protected":false},"excerpt":{"rendered":"<p>[vc_row css=&#8221;.vc_custom_1604064744834{margin-top: -25px !important;}&#8221;][vc_column][vc_empty_space height=&#8221;40&#8243;][\/vc_column][\/vc_row][vc_row][vc_column][vc_column_text]Temos presen\u00e7a internacional, com 6 unidades produtivas nas quais est\u00e1 inserida toda a cadeia de valor. Por este motivo, devemos e queremos continuar a ter uma rede de fornecedores capazes de nos oferecer solu\u00e7\u00f5es onde quer que estejamos. Solu\u00e7\u00f5es que atendem aos nossos padr\u00f5es de qualidade. Nosso dia a dia baseia-se [&hellip;]<\/p>\n","protected":false},"author":4,"featured_media":0,"parent":0,"menu_order":0,"comment_status":"closed","ping_status":"closed","template":"sectors.php","meta":{"_lmt_disableupdate":"","_lmt_disable":"","footnotes":""},"yst_prominent_words":[230],"class_list":["post-30085","page","type-page","status-publish","hentry"],"acf":[],"_links":{"self":[{"href":"https:\/\/www.mondragon-assembly.com\/pt-br\/wp-json\/wp\/v2\/pages\/30085","targetHints":{"allow":["GET"]}}],"collection":[{"href":"https:\/\/www.mondragon-assembly.com\/pt-br\/wp-json\/wp\/v2\/pages"}],"about":[{"href":"https:\/\/www.mondragon-assembly.com\/pt-br\/wp-json\/wp\/v2\/types\/page"}],"author":[{"embeddable":true,"href":"https:\/\/www.mondragon-assembly.com\/pt-br\/wp-json\/wp\/v2\/users\/4"}],"replies":[{"embeddable":true,"href":"https:\/\/www.mondragon-assembly.com\/pt-br\/wp-json\/wp\/v2\/comments?post=30085"}],"version-history":[{"count":26,"href":"https:\/\/www.mondragon-assembly.com\/pt-br\/wp-json\/wp\/v2\/pages\/30085\/revisions"}],"predecessor-version":[{"id":66346,"href":"https:\/\/www.mondragon-assembly.com\/pt-br\/wp-json\/wp\/v2\/pages\/30085\/revisions\/66346"}],"wp:attachment":[{"href":"https:\/\/www.mondragon-assembly.com\/pt-br\/wp-json\/wp\/v2\/media?parent=30085"}],"wp:term":[{"taxonomy":"yst_prominent_words","embeddable":true,"href":"https:\/\/www.mondragon-assembly.com\/pt-br\/wp-json\/wp\/v2\/yst_prominent_words?post=30085"}],"curies":[{"name":"wp","href":"https:\/\/api.w.org\/{rel}","templated":true}]}}