{"id":30102,"date":"2020-11-29T20:14:18","date_gmt":"2020-11-29T18:14:18","guid":{"rendered":"https:\/\/www.mondragon-assembly.com\/global-projects\/"},"modified":"2021-02-18T18:00:13","modified_gmt":"2021-02-18T16:00:13","slug":"global-projects","status":"publish","type":"page","link":"https:\/\/www.mondragon-assembly.com\/pt-br\/global-projects\/","title":{"rendered":"Projetos globais"},"content":{"rendered":"<div class=\"wpb-content-wrapper\"><p>[vc_row][vc_column][vc_column_text]O desenvolvimento de mais de 1000 projetos, a capacidade de encorajar o desenvolvimento sustent\u00e1vel e nossa presen\u00e7a internacional s\u00e3o os pontos fortes fundamentais da Mondragon Assembly. Este \u00faltimo \u00e9 o nosso motivo de formarmos uma equipe de trabalho internacional que agora percorre nossas seis unidades de produ\u00e7\u00e3o, criando um conhecimento \u00fanico.[\/vc_column_text][\/vc_column][\/vc_row][vc_row][vc_column][vc_text_separator title=&#8221;SOLU\u00c7\u00d5ES GLOBAIS PARA CLIENTES INTERNACIONAIS&#8221; el_class=&#8221;title_gr&#8221;][\/vc_column][\/vc_row][vc_row][vc_column][vc_column_text css_animation=&#8221;fadeIn&#8221; css=&#8221;.vc_custom_1613457981708{border-right-width: 3px !important;border-left-width: 3px !important;padding-top: 7px !important;padding-right: 20px !important;padding-bottom: 20px !important;padding-left: 20px !important;background-color: #f7f7f7 !important;border-left-color: #f7f7f7 !important;border-left-style: solid !important;border-right-color: #f7f7f7 !important;border-right-style: solid !important;border-radius: 35px !important;}&#8221;]<!-- wpml:html_fragment\n\n--><\/p>\n<h4><span style=\"color: #6f6f6f; font-weight: bold;\">EQUIPE INTERNACIONAL<\/span><\/h4>\n<p>Nossa equipe internacional \u00e9 exclusivamente dedicada a projetos globais e transfer\u00eancia de know-how entre f\u00e1bricas.[\/vc_column_text][\/vc_column][\/vc_row][vc_row][vc_column][vc_column_text css_animation=&#8221;fadeIn&#8221; css=&#8221;.vc_custom_1608036482991{border-right-width: 3px !important;border-left-width: 3px !important;padding-top: 7px !important;padding-right: 20px !important;padding-bottom: 20px !important;padding-left: 20px !important;background-color: #67686b !important;border-left-color: #f7f7f7 !important;border-left-style: solid !important;border-right-color: #f7f7f7 !important;border-right-style: solid !important;border-radius: 35px !important;}&#8221;]<!-- wpml:html_fragment\n\n--><\/p>\n<h4><span style=\"color: #ffffff; font-weight: bold;\">EXPERTISE E CONHECIMENTO<\/span><\/h4>\n<p><span style=\"color: #ffffff;\">Temos vasta experi\u00eancia e conhecimento de uma ampla gama de produtos e seus processos de montagem.<\/span>[\/vc_column_text][\/vc_column][\/vc_row][vc_row][vc_column][vc_column_text css_animation=&#8221;fadeIn&#8221; css=&#8221;.vc_custom_1613378741118{border-right-width: 3px !important;border-left-width: 3px !important;padding-top: 7px !important;padding-right: 20px !important;padding-bottom: 20px !important;padding-left: 20px !important;background-color: #f7f7f7 !important;border-left-color: #f7f7f7 !important;border-left-style: solid !important;border-right-color: #f7f7f7 !important;border-right-style: solid !important;border-radius: 35px !important;}&#8221;]<!-- wpml:html_fragment\n\n--><\/p>\n<h4><span style=\"color: #6f6f6f; font-weight: bold;\">ENGENHARIA \u00daNICA<\/span><\/h4>\n<p>A Mondragon Assembly oferece engenharia \u00fanica com os mesmos padr\u00f5es em todo o mundo, com adapta\u00e7\u00e3o local \u00e0s necessidades espec\u00edficas. Isso permite redu\u00e7\u00e3o de pre\u00e7os, menos horas de gerenciamento para os clientes e menos despesas com viagens, entre outros.[\/vc_column_text][\/vc_column][\/vc_row][vc_row][vc_column][vc_column_text css_animation=&#8221;fadeIn&#8221; css=&#8221;.vc_custom_1613379040677{border-right-width: 3px !important;border-left-width: 3px !important;padding-top: 7px !important;padding-right: 20px !important;padding-bottom: 20px !important;padding-left: 20px !important;background-color: #67686b !important;border-left-color: #f7f7f7 !important;border-left-style: solid !important;border-right-color: #f7f7f7 !important;border-right-style: solid !important;border-radius: 35px !important;}&#8221;]<!-- wpml:html_fragment\n\n--><\/p>\n<h4><span style=\"color: #ffffff; font-weight: bold;\">ADAPTADO \u00c0S NECESSIDADES DOS NOSSOS CLIENTES <\/span><\/h4>\n<p><span style=\"color: #ffffff;\">Somos interlocutores e uma equipe de engenharia global, sempre nos adaptando aos requisitos globais e locais de nossos clientes, fornecendo fabrica\u00e7\u00e3o local, instala\u00e7\u00e3o e servi\u00e7o p\u00f3s-venda com t\u00e9cnicos locais treinados.<\/span><\/p>\n<p><span style=\"color: #ffffff;\">Podemos colaborar com os nossos clientes no design, em conformidade com as normas europeias, e na sua posterior adapta\u00e7\u00e3o a diferentes pa\u00edses e configura\u00e7\u00f5es de linha.<\/span>[\/vc_column_text][\/vc_column][\/vc_row][vc_row][vc_column][vc_column_text css_animation=&#8221;fadeIn&#8221; css=&#8221;.vc_custom_1613379132560{border-right-width: 3px !important;border-left-width: 3px !important;padding-top: 7px !important;padding-right: 20px !important;padding-bottom: 20px !important;padding-left: 20px !important;background-color: #f7f7f7 !important;border-left-color: #f7f7f7 !important;border-left-style: solid !important;border-right-color: #f7f7f7 !important;border-right-style: solid !important;border-radius: 35px !important;}&#8221; el_class=&#8221;icon_list&#8221;]<!-- wpml:html_fragment\n\n--><\/p>\n<h4><span style=\"color: #6f6f6f; font-weight: bold;\">ASSIST\u00caNCIA E COLABORA\u00c7\u00c3O<\/span><\/h4>\n<p>Al\u00e9m da engenharia de projeto, oferecemos aos nossos clientes assist\u00eancia e colabora\u00e7\u00e3o:<\/p>\n<ul>\n<li>Assessoria para melhores solu\u00e7\u00f5es<\/li>\n<li>Projeto e engenharia de propostas de conceito e<\/li>\n<li>Desenvolvimento de prot\u00f3tipos<\/li>\n<\/ul>\n<p>Todas as nossas solu\u00e7\u00f5es s\u00e3o testadas antes da implementa\u00e7\u00e3o final para que possamos desenvolver prot\u00f3tipos para as opera\u00e7\u00f5es mais cr\u00edticas.[\/vc_column_text][\/vc_column][\/vc_row][vc_row full_width=&#8221;stretch_row&#8221; css=&#8221;.vc_custom_1609836261542{background-color: #f7f7f7 !important;}&#8221;][vc_column width=&#8221;1\/2&#8243;][vc_custom_heading text=&#8221;V\u00cdDEO&#8221; font_container=&#8221;tag:h3|text_align:left&#8221; google_fonts=&#8221;font_family:Roboto%3A100%2C100italic%2C300%2C300italic%2Cregular%2Citalic%2C500%2C500italic%2C700%2C700italic%2C900%2C900italic|font_style:700%20bold%20regular%3A700%3Anormal&#8221; el_class=&#8221;linea_inferior_title&#8221;][vc_column_text]Saiba mais sobre o que nossa equipe internacional pode fazer por voc\u00ea.[\/vc_column_text][\/vc_column][vc_column width=&#8221;1\/2&#8243;][vc_row_inner][vc_column_inner][vc_video link=&#8221;https:\/\/www.youtube.com\/watch?v=i8Wx03-ilPc&#8221;][\/vc_column_inner][\/vc_row_inner][\/vc_column][\/vc_row][vc_row][vc_column][vc_empty_space][\/vc_column][\/vc_row]<!-- wpml:html_fragment\n\n--><\/p>\n<\/div>","protected":false},"excerpt":{"rendered":"<p>[vc_row][vc_column][vc_column_text]O desenvolvimento de mais de 1000 projetos, a capacidade de encorajar o desenvolvimento sustent\u00e1vel e nossa presen\u00e7a internacional s\u00e3o os pontos fortes fundamentais da Mondragon Assembly. Este \u00faltimo \u00e9 o nosso motivo de formarmos uma equipe de trabalho internacional que agora percorre nossas seis unidades de produ\u00e7\u00e3o, criando um conhecimento \u00fanico.[\/vc_column_text][\/vc_column][\/vc_row][vc_row][vc_column][vc_text_separator title=&#8221;SOLU\u00c7\u00d5ES GLOBAIS PARA CLIENTES [&hellip;]<\/p>\n","protected":false},"author":4,"featured_media":0,"parent":0,"menu_order":0,"comment_status":"closed","ping_status":"closed","template":"sectors.php","meta":{"_lmt_disableupdate":"","_lmt_disable":"","footnotes":""},"yst_prominent_words":[2307,2312,3999,230,2234],"class_list":["post-30102","page","type-page","status-publish","hentry"],"acf":[],"_links":{"self":[{"href":"https:\/\/www.mondragon-assembly.com\/pt-br\/wp-json\/wp\/v2\/pages\/30102","targetHints":{"allow":["GET"]}}],"collection":[{"href":"https:\/\/www.mondragon-assembly.com\/pt-br\/wp-json\/wp\/v2\/pages"}],"about":[{"href":"https:\/\/www.mondragon-assembly.com\/pt-br\/wp-json\/wp\/v2\/types\/page"}],"author":[{"embeddable":true,"href":"https:\/\/www.mondragon-assembly.com\/pt-br\/wp-json\/wp\/v2\/users\/4"}],"replies":[{"embeddable":true,"href":"https:\/\/www.mondragon-assembly.com\/pt-br\/wp-json\/wp\/v2\/comments?post=30102"}],"version-history":[{"count":5,"href":"https:\/\/www.mondragon-assembly.com\/pt-br\/wp-json\/wp\/v2\/pages\/30102\/revisions"}],"predecessor-version":[{"id":33611,"href":"https:\/\/www.mondragon-assembly.com\/pt-br\/wp-json\/wp\/v2\/pages\/30102\/revisions\/33611"}],"wp:attachment":[{"href":"https:\/\/www.mondragon-assembly.com\/pt-br\/wp-json\/wp\/v2\/media?parent=30102"}],"wp:term":[{"taxonomy":"yst_prominent_words","embeddable":true,"href":"https:\/\/www.mondragon-assembly.com\/pt-br\/wp-json\/wp\/v2\/yst_prominent_words?post=30102"}],"curies":[{"name":"wp","href":"https:\/\/api.w.org\/{rel}","templated":true}]}}