{"id":30118,"date":"2020-11-09T23:21:47","date_gmt":"2020-11-09T21:21:47","guid":{"rendered":"https:\/\/www.mondragon-assembly.com\/energy-storage\/energy-estorage-individual-equipment\/"},"modified":"2022-02-10T12:37:20","modified_gmt":"2022-02-10T10:37:20","slug":"energy-estorage-individual-equipment","status":"publish","type":"page","link":"https:\/\/www.mondragon-assembly.com\/pt-br\/eletromobilidade-e-armazenamento-de-energia\/energy-estorage-individual-equipment\/","title":{"rendered":"Armazenamento de energia \u2013 Equipamento Individual"},"content":{"rendered":"<div class=\"wpb-content-wrapper\"><p>[vc_row][vc_column][vc_empty_space][\/vc_column][\/vc_row][vc_row][vc_column][vc_text_separator title=&#8221;EQUIPAMENTO DE CLASSIFICA\u00c7\u00c3O E SOLDAGEM DE BATERIAS CIL\u00cdNDRICAS&#8221; el_class=&#8221;title_gr&#8221;][vc_column_text]C\u00e9lulas individuais de \u00edons de l\u00edtio s\u00e3o conectadas em s\u00e9rie a um m\u00f3dulo. Oferecemos plataformas de montagem para um posicionamento preciso e fixa\u00e7\u00e3o segura das c\u00e9lulas da bateria umas \u00e0s outras em um m\u00f3dulo. A m\u00e1quina testa e agrupa as c\u00e9lulas para obter uma bateria de alto desempenho. Esta solu\u00e7\u00e3o concentra-se em uma produ\u00e7\u00e3o flex\u00edvel de baterias de c\u00e9lulas cil\u00edndricas.[\/vc_column_text][vc_single_image image=&#8221;45566&#8243; img_size=&#8221;500&#215;550&#8243; alignment=&#8221;center&#8221;][\/vc_column][\/vc_row][vc_row full_width=&#8221;stretch_row_content&#8221;][vc_column width=&#8221;1\/6&#8243;][\/vc_column][vc_column width=&#8221;2\/6&#8243;][vc_column_text]<!-- wpml:html_fragment --><\/p>\n<h3><span style=\"color: #e20026;\"><img decoding=\"async\" class=\"alignnone wp-image-22233 size-full\" src=\"https:\/\/www.mondragon-assembly.com\/wp-content\/uploads\/2019\/06\/icon-main-features.jpg\" alt=\"\" width=\"41\" height=\"41\" \/> Principais caracter\u00edsticas<\/span><\/h3>\n<p>[\/vc_column_text][vc_column_text el_class=&#8221;icon_list&#8221;]<!-- wpml:html_fragment --><\/p>\n<ul>\n<li>Produto para montagem\n<ul>\n<li>Tipo de m\u00f3dulo de c\u00e9lula de \u00edon de l\u00edtio: 26650 c\u00e9lulas<\/li>\n<li>Opcional: 18650 c\u00e9lulas ou 21700 c\u00e9lulas<\/li>\n<\/ul>\n<\/li>\n<li>Tempo de ciclo: 3 segundos\/c\u00e9lula<\/li>\n<li>Disponibilidade t\u00e9cnica: 95%<\/li>\n<li>Tr\u00eas alimentadores de c\u00e9lulas: 330 c\u00e9lulas\/alimentador (26650)<\/li>\n<li>Um operador necess\u00e1rio para suportes e carregamento de placa de metal<\/li>\n<\/ul>\n<p>[\/vc_column_text][\/vc_column][vc_column width=&#8221;3\/6&#8243;][vc_column_text]<!-- wpml:html_fragment --><\/p>\n<h3><span style=\"color: #e20026;\"><img decoding=\"async\" class=\"alignnone wp-image-22334 size-full\" src=\"https:\/\/www.mondragon-assembly.com\/wp-content\/uploads\/2019\/06\/icon-function.jpg\" alt=\"\" width=\"41\" height=\"41\" \/> Processo de montagem<\/span><\/h3>\n<p>[\/vc_column_text][vc_column_text el_class=&#8221;icon_list&#8221;]<!-- wpml:html_fragment --><\/p>\n<ul>\n<li>Alimenta\u00e7\u00e3o de c\u00e9lulas cil\u00edndricas de 3 dep\u00f3sitos diferentes<\/li>\n<li>Singula\u00e7\u00e3o de c\u00e9lulas e testes de OCV \/ IR<\/li>\n<li>Classifica\u00e7\u00e3o de c\u00e9lulas de acordo com a resist\u00eancia interna e voltagem<\/li>\n<li>Classifica\u00e7\u00e3o de c\u00e9lulas por rob\u00f4 em um buffer intermedi\u00e1rio<\/li>\n<li>Configura\u00e7\u00e3o do conjunto de c\u00e9lulas<\/li>\n<li>Soldagem por resist\u00eancia de placa de n\u00edquel<\/li>\n<li>Sem opera\u00e7\u00f5es manuais\n<ul>\n<li>Coloca\u00e7\u00e3o de placa de n\u00edquel em m\u00f3dulos<\/li>\n<li>Montagem\/desmontagem de ferramentas<\/li>\n<li>Volta (180\u00b0)<\/li>\n<\/ul>\n<\/li>\n<\/ul>\n<p>[\/vc_column_text][\/vc_column][\/vc_row][vc_row][vc_column][vc_empty_space][\/vc_column][\/vc_row][vc_row][vc_column][vc_column_text]<!-- wpml:html_fragment --><\/p>\n<h6 id=\"ancla_prismatic\"><span style=\"color: #ffffff;\">.<\/span><\/h6>\n<p>[\/vc_column_text][vc_text_separator title=&#8221;M\u00c1QUINA DE SOLDAGEM DE C\u00c9LULAS PRISM\u00c1TICAS&#8221; el_class=&#8221;title_gr&#8221;][vc_column_text css_animation=&#8221;none&#8221;]Recentemente, desenvolvemos uma m\u00e1quina de solda de c\u00e9lulas prism\u00e1ticas com capacidade para soldar 3 m\u00f3dulos de c\u00e9lulas prism\u00e1ticas diferentes usando a tecnologia de soldagem a laser.[\/vc_column_text][vc_row_inner][vc_column_inner][vc_single_image image=&#8221;53655&#8243; img_size=&#8221;full&#8221; alignment=&#8221;center&#8221;][\/vc_column_inner][\/vc_row_inner][\/vc_column][\/vc_row][vc_row full_width=&#8221;stretch_row_content&#8221;][vc_column width=&#8221;1\/5&#8243;][\/vc_column][vc_column width=&#8221;2\/5&#8243;][vc_column_text]<!-- wpml:html_fragment --><\/p>\n<h3><span style=\"color: #e20026;\"><img decoding=\"async\" class=\"alignnone wp-image-22233 size-full\" src=\"https:\/\/www.mondragon-assembly.com\/wp-content\/uploads\/2019\/06\/icon-main-features.jpg\" alt=\"\" width=\"41\" height=\"41\" \/> Principais caracter\u00edsticas<\/span><\/h3>\n<p>[\/vc_column_text][vc_column_text el_class=&#8221;icon_list&#8221;]<!-- wpml:html_fragment --><\/p>\n<ul>\n<li>3 m\u00f3dulos diferentes<\/li>\n<li>Tempo de ciclo: 5 minutos para a bateria completa<\/li>\n<li>Disponibilidade t\u00e9cnica: 95%<\/li>\n<li>Soldagem a laser 4kW.<\/li>\n<\/ul>\n<p>[\/vc_column_text][\/vc_column][vc_column width=&#8221;2\/5&#8243;][vc_column_text]<!-- wpml:html_fragment --><\/p>\n<h3><span style=\"color: #e20026;\"><img decoding=\"async\" class=\"alignnone wp-image-22334 size-full\" src=\"https:\/\/www.mondragon-assembly.com\/wp-content\/uploads\/2019\/06\/icon-function.jpg\" alt=\"\" width=\"41\" height=\"41\" \/> Processo de montagem<\/span><\/h3>\n<p>[\/vc_column_text][vc_column_text el_class=&#8221;icon_list&#8221;]<!-- wpml:html_fragment --><\/p>\n<ul>\n<li>Empilhamento manual em paletes<\/li>\n<li>Teste manual de polaridade e isolamento de tens\u00e3o<\/li>\n<li>Carregamento manual do barramento<\/li>\n<li>Transfer\u00eancia autom\u00e1tica entre esta\u00e7\u00f5es<\/li>\n<li>Soldagem autom\u00e1tica e inspe\u00e7\u00e3o visual<\/li>\n<li>Posicionamento autom\u00e1tico<\/li>\n<li>Controles finais manuais<\/li>\n<li>Descarregamento manual<\/li>\n<\/ul>\n<p>[\/vc_column_text][\/vc_column][\/vc_row][vc_row][vc_column][vc_column_text]<!-- wpml:html_fragment -->[\/vc_column_text][\/vc_column][\/vc_row]<\/p>\n<\/div>","protected":false},"excerpt":{"rendered":"<p>[vc_row][vc_column][vc_empty_space][\/vc_column][\/vc_row][vc_row][vc_column][vc_text_separator title=&#8221;EQUIPAMENTO DE CLASSIFICA\u00c7\u00c3O E SOLDAGEM DE BATERIAS CIL\u00cdNDRICAS&#8221; el_class=&#8221;title_gr&#8221;][vc_column_text]C\u00e9lulas individuais de \u00edons de l\u00edtio s\u00e3o conectadas em s\u00e9rie a um m\u00f3dulo. Oferecemos plataformas de montagem para um posicionamento preciso e fixa\u00e7\u00e3o segura das c\u00e9lulas da bateria umas \u00e0s outras em um m\u00f3dulo. A m\u00e1quina testa e agrupa as c\u00e9lulas para obter uma bateria de [&hellip;]<\/p>\n","protected":false},"author":4,"featured_media":0,"parent":30037,"menu_order":0,"comment_status":"closed","ping_status":"closed","template":"sectors.php","meta":{"_lmt_disableupdate":"","_lmt_disable":"","footnotes":""},"yst_prominent_words":[1858],"class_list":["post-30118","page","type-page","status-publish","hentry"],"acf":[],"_links":{"self":[{"href":"https:\/\/www.mondragon-assembly.com\/pt-br\/wp-json\/wp\/v2\/pages\/30118","targetHints":{"allow":["GET"]}}],"collection":[{"href":"https:\/\/www.mondragon-assembly.com\/pt-br\/wp-json\/wp\/v2\/pages"}],"about":[{"href":"https:\/\/www.mondragon-assembly.com\/pt-br\/wp-json\/wp\/v2\/types\/page"}],"author":[{"embeddable":true,"href":"https:\/\/www.mondragon-assembly.com\/pt-br\/wp-json\/wp\/v2\/users\/4"}],"replies":[{"embeddable":true,"href":"https:\/\/www.mondragon-assembly.com\/pt-br\/wp-json\/wp\/v2\/comments?post=30118"}],"version-history":[{"count":21,"href":"https:\/\/www.mondragon-assembly.com\/pt-br\/wp-json\/wp\/v2\/pages\/30118\/revisions"}],"predecessor-version":[{"id":53664,"href":"https:\/\/www.mondragon-assembly.com\/pt-br\/wp-json\/wp\/v2\/pages\/30118\/revisions\/53664"}],"up":[{"embeddable":true,"href":"https:\/\/www.mondragon-assembly.com\/pt-br\/wp-json\/wp\/v2\/pages\/30037"}],"wp:attachment":[{"href":"https:\/\/www.mondragon-assembly.com\/pt-br\/wp-json\/wp\/v2\/media?parent=30118"}],"wp:term":[{"taxonomy":"yst_prominent_words","embeddable":true,"href":"https:\/\/www.mondragon-assembly.com\/pt-br\/wp-json\/wp\/v2\/yst_prominent_words?post=30118"}],"curies":[{"name":"wp","href":"https:\/\/api.w.org\/{rel}","templated":true}]}}