{"id":30134,"date":"2020-11-09T22:50:42","date_gmt":"2020-11-09T20:50:42","guid":{"rendered":"https:\/\/www.mondragon-assembly.com\/energy-storage\/turnkey-lines-for-batteries-modules-packs-assembly\/"},"modified":"2024-09-09T10:14:44","modified_gmt":"2024-09-09T08:14:44","slug":"turnkey-lines-for-batteries-modules-packs-assembly","status":"publish","type":"page","link":"https:\/\/www.mondragon-assembly.com\/pt-br\/eletromobilidade-e-armazenamento-de-energia\/turnkey-lines-for-batteries-modules-packs-assembly\/","title":{"rendered":"Linhas autom\u00e1ticas para tecnologias de baterias"},"content":{"rendered":"<div class=\"wpb-content-wrapper\"><p>[vc_row][vc_column][vc_empty_space][\/vc_column][\/vc_row][vc_row][vc_column][vc_column_text]Oferecemos solu\u00e7\u00f5es modulares e flex\u00edveis para servir diversas \u00e1reas, como sistemas de armazenamento de energia de m\u00e1quinas de pesquisa e desenvolvimento, bem como linhas de montagem completas para produ\u00e7\u00e3o de m\u00f3dulos e conjuntos de baterias.<\/p>\n<p>Podemos fornecer uma ampla gama de solu\u00e7\u00f5es para diferentes aplica\u00e7\u00f5es de produ\u00e7\u00e3o de c\u00e9lulas, tais como: produ\u00e7\u00e3o de c\u00e9lulas cil\u00edndricas, prism\u00e1ticas e pouch.[\/vc_column_text][\/vc_column][\/vc_row][vc_row][vc_column][vc_empty_space][\/vc_column][\/vc_row][vc_row][vc_column][vc_column_text el_class=&#8221;icon_list&#8221;]<\/p>\n<h3 style=\"text-align: center; font-size: 18px; color: #2b3c46; font-weight: bold;\">A linha de montagem do conjunto de baterias consiste em diferentes processos de montagem:<\/h3>\n<p>[\/vc_column_text][vc_row_inner][vc_column_inner width=&#8221;1\/2&#8243;][vc_single_image image=&#8221;25629&#8243; img_size=&#8221;1074&#215;452&#8243; alignment=&#8221;center&#8221;][\/vc_column_inner][vc_column_inner width=&#8221;1\/4&#8243;][vc_column_text el_class=&#8221;icon_list&#8221;]<\/p>\n<p style=\"font-weight: bold;\">Conjunto do m\u00f3dulo da bateria<\/p>\n<ul>\n<li>Alimenta\u00e7\u00e3o e classifica\u00e7\u00e3o de c\u00e9lulas<\/li>\n<li>Configura\u00e7\u00e3o do conjunto de c\u00e9lulas<\/li>\n<li>Alojamento, carregamento e montagem da placa final<\/li>\n<li>Aplica\u00e7\u00e3o da pasta t\u00e9rmica<\/li>\n<li>Carregamento e soldagem do barramento<\/li>\n<\/ul>\n<p>[\/vc_column_text][\/vc_column_inner][vc_column_inner width=&#8221;1\/4&#8243;][vc_column_text el_class=&#8221;icon_list&#8221;]<\/p>\n<p style=\"font-weight: bold;\">Montagem do conjunto de baterias<\/p>\n<ul>\n<li>Carga do alojamento<\/li>\n<li>Montagem de sistemas t\u00e9rmicos<\/li>\n<li>Carregamento e montagem de m\u00f3dulos<\/li>\n<li>Montagem de sistemas AT e BT<\/li>\n<li>Carregamento e roteamento de cabos BMS +<\/li>\n<li>Montagem da tampa<\/li>\n<li>Testes de vazamento \/ isolamento \/ EOL<\/li>\n<\/ul>\n<p>[\/vc_column_text][\/vc_column_inner][\/vc_row_inner][\/vc_column][\/vc_row][vc_row][vc_column][vc_column_text css_animation=&#8221;appear&#8221; css=&#8221;.vc_custom_1609155255799{padding-top: 7px !important;padding-right: 20px !important;padding-bottom: 20px !important;padding-left: 20px !important;background-color: #f7f7f7 !important;}&#8221;]<\/p>\n<h4 style=\"text-align: center;\">Todas as nossas solu\u00e7\u00f5es podem ser personalizadas, e nossa experiente equipe de engenheiros coloca<br \/>\nsua experi\u00eancia \u00e0 sua disposi\u00e7\u00e3o para ajud\u00e1-lo a desenvolver o seu projeto.<\/h4>\n<p>[\/vc_column_text][\/vc_column][\/vc_row][vc_row][vc_column][vc_empty_space][\/vc_column][\/vc_row][vc_row][vc_column][vc_text_separator title=&#8221;COMPONENTES AUXILIARES DOS M\u00d3DULOS DE BATERIA&#8221; el_class=&#8221;title_gr&#8221;][\/vc_column][\/vc_row][vc_row][vc_column][vc_column_text el_class=&#8221;icon_list_subt&#8221;]<\/p>\n<h4><span style=\"color: #2b3c46; font-weight: bold;\">SISTEMA DE CONTATO DE C\u00c9LULAS PARA M\u00d3DULOS DE BATERIA<\/span><\/h4>\n<p>[\/vc_column_text][\/vc_column][\/vc_row][vc_row][vc_column][vc_column_text css_animation=&#8221;none&#8221;]Desenvolvemos tamb\u00e9m linhas de montagem para componentes auxiliares de m\u00f3dulos de bateria[\/vc_column_text][\/vc_column][\/vc_row][vc_row][vc_column width=&#8221;1\/2&#8243;][vc_column_text]<\/p>\n<h3><span style=\"color: #e20026;\"><img decoding=\"async\" class=\"alignnone wp-image-22233 size-full\" src=\"https:\/\/www.mondragon-assembly.com\/wp-content\/uploads\/2019\/06\/icon-main-features.jpg\" alt=\"\" width=\"41\" height=\"41\" \/> Principais caracter\u00edsticas<\/span><\/h3>\n<p>[\/vc_column_text][vc_column_text el_class=&#8221;icon_list&#8221;]<\/p>\n<ul>\n<li>Circula\u00e7\u00e3o de correia fechada com sistema de interruptor para porta-pe\u00e7as<\/li>\n<li>DMC do produto e leitor de c\u00f3digo de barras para rastreabilidade<\/li>\n<li>Esta\u00e7\u00e3o de retrabalho com visor gr\u00e1fico para processos de retrabalho<\/li>\n<li>Conex\u00e3o com sistemas MES de n\u00edvel superior<\/li>\n<\/ul>\n<p>[\/vc_column_text][\/vc_column][vc_column width=&#8221;1\/2&#8243;][vc_column_text]<\/p>\n<h3><span style=\"color: #e20026;\"><img decoding=\"async\" class=\"alignnone wp-image-22334 size-full\" src=\"https:\/\/www.mondragon-assembly.com\/wp-content\/uploads\/2019\/06\/icon-function.jpg\" alt=\"\" width=\"41\" height=\"41\" \/> Processo de montagem<\/span><\/h3>\n<p>[\/vc_column_text][vc_column_text el_class=&#8221;icon_list&#8221;]<\/p>\n<ul>\n<li>Polo P, polo M e carregamento de conector de c\u00e9lula no transportador atrav\u00e9s de um sistema de paletiza\u00e7\u00e3o por rob\u00f4s Scara. Os componentes s\u00e3o calafetados a quente<\/li>\n<li>Os NTCs no PCB s\u00e3o equipados com espuma t\u00e9rmica por rob\u00f4s Scara e o PCB \u00e9 inserido na placa de suporte. A placa tamb\u00e9m \u00e9 calafetada a quente<\/li>\n<li>Limpeza a plasma de todos os pontos de colagem. Em seguida, liga\u00e7\u00e3o entre o PCB e o conector da c\u00e9lula<\/li>\n<li>Revestimento as \u00e1reas de colagem com verniz UV. Cura do revestimento em forno UV<\/li>\n<li>Inspe\u00e7\u00e3o de fim de linha: Inspe\u00e7\u00e3o \u00f3ptica do revestimento UV atrav\u00e9s de um sistema de c\u00e2mera, inspe\u00e7\u00e3o \u00f3ptica dos pontos de calafetagem pelo sistema de c\u00e2mera, testes el\u00e9tricos das juntas de ades\u00e3o e NTCs<\/li>\n<li>Marca\u00e7\u00e3o a laser<\/li>\n<li>Classifica\u00e7\u00e3o de NIO ou pe\u00e7as retrabalhadas via pin\u00e7a. As pe\u00e7as IO s\u00e3o removidas pela equipe operacional<\/li>\n<\/ul>\n<p>[\/vc_column_text][\/vc_column][\/vc_row]<\/p>\n<\/div>","protected":false},"excerpt":{"rendered":"<p>[vc_row][vc_column][vc_empty_space][\/vc_column][\/vc_row][vc_row][vc_column][vc_column_text]Oferecemos solu\u00e7\u00f5es modulares e flex\u00edveis para servir diversas \u00e1reas, como sistemas de armazenamento de energia de m\u00e1quinas de pesquisa e desenvolvimento, bem como linhas de montagem completas para produ\u00e7\u00e3o de m\u00f3dulos e conjuntos de baterias. Podemos fornecer uma ampla gama de solu\u00e7\u00f5es para diferentes aplica\u00e7\u00f5es de produ\u00e7\u00e3o de c\u00e9lulas, tais como: produ\u00e7\u00e3o de c\u00e9lulas cil\u00edndricas, [&hellip;]<\/p>\n","protected":false},"author":4,"featured_media":0,"parent":30037,"menu_order":0,"comment_status":"closed","ping_status":"closed","template":"sectors.php","meta":{"_lmt_disableupdate":"","_lmt_disable":"","footnotes":""},"yst_prominent_words":[545,632,1004,1858,4000],"class_list":["post-30134","page","type-page","status-publish","hentry"],"acf":[],"_links":{"self":[{"href":"https:\/\/www.mondragon-assembly.com\/pt-br\/wp-json\/wp\/v2\/pages\/30134","targetHints":{"allow":["GET"]}}],"collection":[{"href":"https:\/\/www.mondragon-assembly.com\/pt-br\/wp-json\/wp\/v2\/pages"}],"about":[{"href":"https:\/\/www.mondragon-assembly.com\/pt-br\/wp-json\/wp\/v2\/types\/page"}],"author":[{"embeddable":true,"href":"https:\/\/www.mondragon-assembly.com\/pt-br\/wp-json\/wp\/v2\/users\/4"}],"replies":[{"embeddable":true,"href":"https:\/\/www.mondragon-assembly.com\/pt-br\/wp-json\/wp\/v2\/comments?post=30134"}],"version-history":[{"count":15,"href":"https:\/\/www.mondragon-assembly.com\/pt-br\/wp-json\/wp\/v2\/pages\/30134\/revisions"}],"predecessor-version":[{"id":71030,"href":"https:\/\/www.mondragon-assembly.com\/pt-br\/wp-json\/wp\/v2\/pages\/30134\/revisions\/71030"}],"up":[{"embeddable":true,"href":"https:\/\/www.mondragon-assembly.com\/pt-br\/wp-json\/wp\/v2\/pages\/30037"}],"wp:attachment":[{"href":"https:\/\/www.mondragon-assembly.com\/pt-br\/wp-json\/wp\/v2\/media?parent=30134"}],"wp:term":[{"taxonomy":"yst_prominent_words","embeddable":true,"href":"https:\/\/www.mondragon-assembly.com\/pt-br\/wp-json\/wp\/v2\/yst_prominent_words?post=30134"}],"curies":[{"name":"wp","href":"https:\/\/api.w.org\/{rel}","templated":true}]}}