{"id":30150,"date":"2020-11-29T20:01:05","date_gmt":"2020-11-29T18:01:05","guid":{"rendered":"https:\/\/www.mondragon-assembly.com\/contract-manufacturing\/"},"modified":"2021-02-18T17:50:47","modified_gmt":"2021-02-18T15:50:47","slug":"contract-manufacturing","status":"publish","type":"page","link":"https:\/\/www.mondragon-assembly.com\/pt-br\/contract-manufacturing\/","title":{"rendered":"Fabrica\u00e7\u00e3o por contrato"},"content":{"rendered":"<div class=\"wpb-content-wrapper\"><p>[vc_row][vc_column][vc_column_text css_animation=&#8221;left-to-right&#8221;]Somos especialistas no design, fabrica\u00e7\u00e3o e montagem de linhas de montagem para automa\u00e7\u00e3o de processos industriais e, com mais de quarenta anos neste mercado, consolidamo-nos como um parceiro l\u00edder em alta tecnologia para nossos clientes.<!-- wpml:html_fragment\n\n--><\/p>\n<p>Nossa equipe de especialistas, com vasto know-how e experi\u00eancia, est\u00e1 capacitada para oferecer solu\u00e7\u00f5es de alto componente tecnol\u00f3gico em engenharia mec\u00e2nica, el\u00e9ctrica, eletr\u00f4nica e de montagem para os mais diversos produtos dos mais diversos setores.[\/vc_column_text][\/vc_column][\/vc_row][vc_row][vc_column][vc_empty_space][\/vc_column][\/vc_row][vc_row][vc_column width=&#8221;1\/2&#8243;][vc_column_text css_animation=&#8221;left-to-right&#8221; el_class=&#8221;icon_list&#8221;]<!-- wpml:html_fragment\n\n--><\/p>\n<h4 style=\"font-weight: bold;\">Na Mondragon Assembly, temos um alto n\u00edvel de experi\u00eancia em:<\/h4>\n<ul>\n<li>Planejamento e design de linhas de fabrica\u00e7\u00e3o de componentes industriais<\/li>\n<li>Cadeia de fornecimentos global com acordos internacionais com OEMs l\u00edderes em solu\u00e7\u00f5es de automa\u00e7\u00e3o<\/li>\n<li>Montagem, programa\u00e7\u00e3o e ajuste de linhas padr\u00e3o e personalizadas<\/li>\n<li>Servi\u00e7o global de entrega de solu\u00e7\u00f5es autom\u00e1ticas no cliente<\/li>\n<\/ul>\n<p>[\/vc_column_text][\/vc_column][vc_column width=&#8221;1\/2&#8243;][vc_single_image image=&#8221;26811&#8243; img_size=&#8221;full&#8221; style=&#8221;vc_box_outline&#8221; css_animation=&#8221;fadeIn&#8221;][\/vc_column][\/vc_row][vc_row][vc_column][vc_empty_space][\/vc_column][\/vc_row][vc_row css=&#8221;.vc_custom_1609835791864{border-bottom-width: 3px !important;padding-right: 20px !important;padding-left: 20px !important;background-color: #f7f7f7 !important;}&#8221;][vc_column][vc_column_text css_animation=&#8221;left-to-right&#8221; el_class=&#8221;icon_list&#8221;]<!-- wpml:html_fragment\n\n--><\/p>\n<p style=\"text-align: center;\"><strong>Nossa rede de produ\u00e7\u00e3o global, com mais de 1500 projetos desenvolvidos, permite-nos oferecer solu\u00e7\u00f5es para clientes que desejam aumentar a efici\u00eancia de seus processos de produ\u00e7\u00e3o e reduzir a complexidade interna, terceirizando nossos servi\u00e7os em qualquer parte do mundo.<\/strong><\/p>\n<p>[\/vc_column_text][\/vc_column][\/vc_row]<!-- wpml:html_fragment\n\n--><\/p>\n<\/div>","protected":false},"excerpt":{"rendered":"<p>[vc_row][vc_column][vc_column_text css_animation=&#8221;left-to-right&#8221;]Somos especialistas no design, fabrica\u00e7\u00e3o e montagem de linhas de montagem para automa\u00e7\u00e3o de processos industriais e, com mais de quarenta anos neste mercado, consolidamo-nos como um parceiro l\u00edder em alta tecnologia para nossos clientes. Nossa equipe de especialistas, com vasto know-how e experi\u00eancia, est\u00e1 capacitada para oferecer solu\u00e7\u00f5es de alto componente tecnol\u00f3gico em [&hellip;]<\/p>\n","protected":false},"author":4,"featured_media":0,"parent":0,"menu_order":0,"comment_status":"closed","ping_status":"closed","template":"sectors.php","meta":{"_lmt_disableupdate":"","_lmt_disable":"","footnotes":""},"yst_prominent_words":[614,853,854,1289,1820,1821,2202,2208,2542,4519,234,238],"class_list":["post-30150","page","type-page","status-publish","hentry"],"acf":[],"_links":{"self":[{"href":"https:\/\/www.mondragon-assembly.com\/pt-br\/wp-json\/wp\/v2\/pages\/30150","targetHints":{"allow":["GET"]}}],"collection":[{"href":"https:\/\/www.mondragon-assembly.com\/pt-br\/wp-json\/wp\/v2\/pages"}],"about":[{"href":"https:\/\/www.mondragon-assembly.com\/pt-br\/wp-json\/wp\/v2\/types\/page"}],"author":[{"embeddable":true,"href":"https:\/\/www.mondragon-assembly.com\/pt-br\/wp-json\/wp\/v2\/users\/4"}],"replies":[{"embeddable":true,"href":"https:\/\/www.mondragon-assembly.com\/pt-br\/wp-json\/wp\/v2\/comments?post=30150"}],"version-history":[{"count":6,"href":"https:\/\/www.mondragon-assembly.com\/pt-br\/wp-json\/wp\/v2\/pages\/30150\/revisions"}],"predecessor-version":[{"id":33605,"href":"https:\/\/www.mondragon-assembly.com\/pt-br\/wp-json\/wp\/v2\/pages\/30150\/revisions\/33605"}],"wp:attachment":[{"href":"https:\/\/www.mondragon-assembly.com\/pt-br\/wp-json\/wp\/v2\/media?parent=30150"}],"wp:term":[{"taxonomy":"yst_prominent_words","embeddable":true,"href":"https:\/\/www.mondragon-assembly.com\/pt-br\/wp-json\/wp\/v2\/yst_prominent_words?post=30150"}],"curies":[{"name":"wp","href":"https:\/\/api.w.org\/{rel}","templated":true}]}}