{"id":33251,"date":"2021-01-22T16:37:45","date_gmt":"2021-01-22T14:37:45","guid":{"rendered":"https:\/\/www.mondragon-assembly.com\/linhas-e-maquinas-automaticas\/"},"modified":"2021-03-12T14:52:43","modified_gmt":"2021-03-12T12:52:43","slug":"linhas-e-maquinas-automaticas","status":"publish","type":"page","link":"https:\/\/www.mondragon-assembly.com\/pt-br\/linhas-e-maquinas-automaticas\/","title":{"rendered":"Linhas e m\u00e1quinas autom\u00e1ticas"},"content":{"rendered":"<div class=\"wpb-content-wrapper\"><p>[vc_row][vc_column][vc_column_text]Somos especialistas na fabrica\u00e7\u00e3o de linhas e m\u00e1quinas autom\u00e1ticas para componentes industriais nos mais exigentes setores industriais.<\/p>\n<p>Oferecemos solu\u00e7\u00f5es de manufatura totalmente automatizadas que integram as mais avan\u00e7adas tecnologias de montagem e equipamentos de teste, sempre adaptadas \u00e0s necessidades de nossos clientes.[\/vc_column_text][\/vc_column][\/vc_row][vc_row][vc_column][vc_single_image image=&#8221;35806&#8243; img_size=&#8221;full&#8221; alignment=&#8221;center&#8221; css_animation=&#8221;left-to-right&#8221;][\/vc_column][\/vc_row][vc_row][vc_column][vc_empty_space][\/vc_column][\/vc_row][vc_row][vc_column][vc_single_image image=&#8221;31154&#8243; img_size=&#8221;full&#8221; alignment=&#8221;center&#8221;][\/vc_column][\/vc_row][vc_row][vc_column][vc_empty_space][\/vc_column][\/vc_row]<\/p>\n<\/div>","protected":false},"excerpt":{"rendered":"<p>[vc_row][vc_column][vc_column_text]Somos especialistas na fabrica\u00e7\u00e3o de linhas e m\u00e1quinas autom\u00e1ticas para componentes industriais nos mais exigentes setores industriais. Oferecemos solu\u00e7\u00f5es de manufatura totalmente automatizadas que integram as mais avan\u00e7adas tecnologias de montagem e equipamentos de teste, sempre adaptadas \u00e0s necessidades de nossos clientes.[\/vc_column_text][\/vc_column][\/vc_row][vc_row][vc_column][vc_single_image image=&#8221;35806&#8243; img_size=&#8221;full&#8221; alignment=&#8221;center&#8221; css_animation=&#8221;left-to-right&#8221;][\/vc_column][\/vc_row][vc_row][vc_column][vc_empty_space][\/vc_column][\/vc_row][vc_row][vc_column][vc_single_image image=&#8221;31154&#8243; img_size=&#8221;full&#8221; alignment=&#8221;center&#8221;][\/vc_column][\/vc_row][vc_row][vc_column][vc_empty_space][\/vc_column][\/vc_row]<\/p>\n","protected":false},"author":4,"featured_media":0,"parent":0,"menu_order":0,"comment_status":"closed","ping_status":"closed","template":"sectors.php","meta":{"_lmt_disableupdate":"","_lmt_disable":"","footnotes":""},"yst_prominent_words":[2120],"class_list":["post-33251","page","type-page","status-publish","hentry"],"acf":[],"_links":{"self":[{"href":"https:\/\/www.mondragon-assembly.com\/pt-br\/wp-json\/wp\/v2\/pages\/33251","targetHints":{"allow":["GET"]}}],"collection":[{"href":"https:\/\/www.mondragon-assembly.com\/pt-br\/wp-json\/wp\/v2\/pages"}],"about":[{"href":"https:\/\/www.mondragon-assembly.com\/pt-br\/wp-json\/wp\/v2\/types\/page"}],"author":[{"embeddable":true,"href":"https:\/\/www.mondragon-assembly.com\/pt-br\/wp-json\/wp\/v2\/users\/4"}],"replies":[{"embeddable":true,"href":"https:\/\/www.mondragon-assembly.com\/pt-br\/wp-json\/wp\/v2\/comments?post=33251"}],"version-history":[{"count":4,"href":"https:\/\/www.mondragon-assembly.com\/pt-br\/wp-json\/wp\/v2\/pages\/33251\/revisions"}],"predecessor-version":[{"id":35807,"href":"https:\/\/www.mondragon-assembly.com\/pt-br\/wp-json\/wp\/v2\/pages\/33251\/revisions\/35807"}],"wp:attachment":[{"href":"https:\/\/www.mondragon-assembly.com\/pt-br\/wp-json\/wp\/v2\/media?parent=33251"}],"wp:term":[{"taxonomy":"yst_prominent_words","embeddable":true,"href":"https:\/\/www.mondragon-assembly.com\/pt-br\/wp-json\/wp\/v2\/yst_prominent_words?post=33251"}],"curies":[{"name":"wp","href":"https:\/\/api.w.org\/{rel}","templated":true}]}}