{"id":33291,"date":"2021-01-07T11:44:38","date_gmt":"2021-01-07T09:44:38","guid":{"rendered":"https:\/\/www.mondragon-assembly.com\/turnkey-lines-for-bipolar-plate-fuell-cells\/"},"modified":"2021-03-16T13:18:34","modified_gmt":"2021-03-16T11:18:34","slug":"turnkey-lines-for-bipolar-plate-fuell-cells","status":"publish","type":"page","link":"https:\/\/www.mondragon-assembly.com\/pt-br\/eletromobilidade-e-armazenamento-de-energia\/turnkey-lines-for-bipolar-plate-fuell-cells\/","title":{"rendered":"Linhas turnkey para c\u00e9lulas combust\u00edveis de placa bipolar"},"content":{"rendered":"<div class=\"wpb-content-wrapper\"><p>[vc_row][vc_column][vc_empty_space][\/vc_column][\/vc_row][vc_row][vc_column][vc_text_separator title=&#8221;LINHAS TURNKEY PARA C\u00c9LULAS COMBUSTIVEIS DE PLACA BIPOLAR &#8221; el_class=&#8221;title_gr&#8221;][\/vc_column][\/vc_row][vc_row][vc_column][vc_column_text css_animation=&#8221;none&#8221;]Na Mondragon Assembly, temos trabalhado intensamente neste segmento a fim de desenvolver solu\u00e7\u00f5es de alta produtividade para a produ\u00e7\u00e3o em massa de c\u00e9lulas de combust\u00edvel.[\/vc_column_text][\/vc_column][\/vc_row][vc_row][vc_column width=&#8221;1\/2&#8243;][vc_column_text]<\/p>\n<h3><span style=\"color: #e20026;\"><img decoding=\"async\" class=\"alignnone wp-image-22233 size-full\" src=\"https:\/\/www.mondragon-assembly.com\/wp-content\/uploads\/2019\/06\/icon-main-features.jpg\" alt=\"\" width=\"41\" height=\"41\" \/> Principais caracter\u00edsticas<\/span><\/h3>\n<p>[\/vc_column_text][vc_column_text el_class=&#8221;icon_list&#8221;]<\/p>\n<ul>\n<li>Sistema de eixos utilizando o m\u00e9todo TEACH. Sistema de medi\u00e7\u00e3o adicional para posicionamento preciso do eixo<\/li>\n<li>Pedras de granito para minimizar a vibra\u00e7\u00e3o durante a soldagem a laser<\/li>\n<li>Sistema KANBAN de abastecimento<\/li>\n<li>Procedimento de teste por controle de for\u00e7a<\/li>\n<li>Sistemas de manuseio r\u00e1pido para minimizar os tempos de ciclo<\/li>\n<\/ul>\n<p>[\/vc_column_text][\/vc_column][vc_column width=&#8221;1\/2&#8243;][vc_column_text]<\/p>\n<h3><span style=\"color: #e20026;\"><img decoding=\"async\" class=\"alignnone wp-image-22334 size-full\" src=\"https:\/\/www.mondragon-assembly.com\/wp-content\/uploads\/2019\/06\/icon-function.jpg\" alt=\"\" width=\"41\" height=\"41\" \/> Processo de montagem<\/span><\/h3>\n<p>[\/vc_column_text][vc_column_text el_class=&#8221;icon_list&#8221;]<\/p>\n<ul>\n<li>Posicionamento de \u00e2nodo e c\u00e1todo na ferramenta de soldagem<\/li>\n<li>Solda a laser<\/li>\n<li>Inspe\u00e7\u00e3o el\u00e9trica das soldas por controle de for\u00e7a e medi\u00e7\u00e3o de resist\u00eancia<\/li>\n<li>Teste de estanqueidade dos respectivos canais<\/li>\n<li>Marca\u00e7\u00e3o a laser DMC<\/li>\n<li>Descarga final e classifica\u00e7\u00e3o<\/li>\n<\/ul>\n<p>[\/vc_column_text][\/vc_column][\/vc_row]<\/p>\n<\/div>","protected":false},"excerpt":{"rendered":"<p>[vc_row][vc_column][vc_empty_space][\/vc_column][\/vc_row][vc_row][vc_column][vc_text_separator title=&#8221;LINHAS TURNKEY PARA C\u00c9LULAS COMBUSTIVEIS DE PLACA BIPOLAR &#8221; el_class=&#8221;title_gr&#8221;][\/vc_column][\/vc_row][vc_row][vc_column][vc_column_text css_animation=&#8221;none&#8221;]Na Mondragon Assembly, temos trabalhado intensamente neste segmento a fim de desenvolver solu\u00e7\u00f5es de alta produtividade para a produ\u00e7\u00e3o em massa de c\u00e9lulas de combust\u00edvel.[\/vc_column_text][\/vc_column][\/vc_row][vc_row][vc_column width=&#8221;1\/2&#8243;][vc_column_text] Principais caracter\u00edsticas [\/vc_column_text][vc_column_text el_class=&#8221;icon_list&#8221;] Sistema de eixos utilizando o m\u00e9todo TEACH. Sistema de medi\u00e7\u00e3o adicional para posicionamento preciso [&hellip;]<\/p>\n","protected":false},"author":4,"featured_media":0,"parent":30037,"menu_order":0,"comment_status":"closed","ping_status":"closed","template":"sectors.php","meta":{"_lmt_disableupdate":"","_lmt_disable":"","footnotes":""},"yst_prominent_words":[447,554,632,943,963,964,1293,2120,2190,2227],"class_list":["post-33291","page","type-page","status-publish","hentry"],"acf":[],"_links":{"self":[{"href":"https:\/\/www.mondragon-assembly.com\/pt-br\/wp-json\/wp\/v2\/pages\/33291","targetHints":{"allow":["GET"]}}],"collection":[{"href":"https:\/\/www.mondragon-assembly.com\/pt-br\/wp-json\/wp\/v2\/pages"}],"about":[{"href":"https:\/\/www.mondragon-assembly.com\/pt-br\/wp-json\/wp\/v2\/types\/page"}],"author":[{"embeddable":true,"href":"https:\/\/www.mondragon-assembly.com\/pt-br\/wp-json\/wp\/v2\/users\/4"}],"replies":[{"embeddable":true,"href":"https:\/\/www.mondragon-assembly.com\/pt-br\/wp-json\/wp\/v2\/comments?post=33291"}],"version-history":[{"count":17,"href":"https:\/\/www.mondragon-assembly.com\/pt-br\/wp-json\/wp\/v2\/pages\/33291\/revisions"}],"predecessor-version":[{"id":36028,"href":"https:\/\/www.mondragon-assembly.com\/pt-br\/wp-json\/wp\/v2\/pages\/33291\/revisions\/36028"}],"up":[{"embeddable":true,"href":"https:\/\/www.mondragon-assembly.com\/pt-br\/wp-json\/wp\/v2\/pages\/30037"}],"wp:attachment":[{"href":"https:\/\/www.mondragon-assembly.com\/pt-br\/wp-json\/wp\/v2\/media?parent=33291"}],"wp:term":[{"taxonomy":"yst_prominent_words","embeddable":true,"href":"https:\/\/www.mondragon-assembly.com\/pt-br\/wp-json\/wp\/v2\/yst_prominent_words?post=33291"}],"curies":[{"name":"wp","href":"https:\/\/api.w.org\/{rel}","templated":true}]}}