{"id":4283,"date":"2016-04-15T08:55:34","date_gmt":"2016-04-15T06:55:34","guid":{"rendered":"https:\/\/www.mondragon-assembly.com\/pt-br\/?page_id=4283"},"modified":"2017-01-16T11:33:18","modified_gmt":"2017-01-16T09:33:18","slug":"tabber-stringer-ts1400","status":"publish","type":"page","link":"https:\/\/www.mondragon-assembly.com\/pt-br\/solar-automation-solutions\/equipamento-individual-2\/tabber-and-stringer-2\/tabber-stringer-ts1400\/","title":{"rendered":"Tabber and Stringer TS1400"},"content":{"rendered":"<div class=\"wpb-content-wrapper\"><p>[vc_row][vc_column width=&#8221;1\/2&#8243;][vc_column_text]A Tabber&amp;stringer \u00e9 muito flex\u00edvel e pode realizar m\u00f3dulos padr\u00e3o ou m\u00f3dulos especiais com c\u00e9lulas cortadas. \u00c9 econ\u00f4mica e apresenta um manuseio muito simples, com uma capacidade de produ\u00e7\u00e3o m\u00e9dia-alta de &gt;40\u00a0MW\/ano.<\/p>\n<h4><\/h4>\n<p>[\/vc_column_text][vc_column_text el_class=&#8221;title_lineas&#8221;]<\/p>\n<h4><span style=\"color: #e20026;\">Descri\u00e7\u00e3o<\/span><\/h4>\n<p>[\/vc_column_text][vc_column_text]A Tabber&amp;stringer da Mondragon Assembly \u00e9 precisa, confi\u00e1vel e f\u00e1cil de usar. Alterando apenas alguns par\u00e2metros \u00e9 poss\u00edvel mudar imediatamente o string.<\/p>\n<p>Gra\u00e7as aos nossos conhecimentos e experi\u00eancia tecnol\u00f3gica em processos e equipamentos solares, nossa equipe oferece desenhos modulares com fun\u00e7\u00f5es avan\u00e7adas, de baixo custo e alto rendimento.[\/vc_column_text][\/vc_column][vc_column width=&#8221;1\/2&#8243;][vc_gallery interval=&#8221;3&#8243; images=&#8221;2762&#8243; img_size=&#8221;full&#8221;][vc_column_text el_class=&#8221;youtubemodal&#8221; css=&#8221;.vc_custom_1484559179036{margin-top: -70px !important;}&#8221;]<\/p>\n<h4><a href=\"https:\/\/www.youtube.com\/embed\/-xh1g9Keszc\"><img decoding=\"async\" class=\"alignnone wp-image-15035 size-full\" src=\"https:\/\/www.mondragon-assembly.com\/wp-content\/uploads\/2016\/12\/YouTube-icon.png\" width=\"30\" height=\"21\" \/><\/a>\u00a0<a href=\"https:\/\/www.youtube.com\/embed\/-xh1g9Keszc\">V\u00eddeo<\/a><\/h4>\n<p>[\/vc_column_text][\/vc_column][\/vc_row][vc_row][vc_column][vc_column_text el_class=&#8221;title_lineas&#8221;]<\/p>\n<h4><span style=\"color: #e20026;\">Vantagens<\/span><\/h4>\n<p>[\/vc_column_text][vc_column_text el_class=&#8221;icon_list&#8221;]<\/p>\n<ul>\n<li>Sistema de controle de vis\u00e3o para verifica\u00e7\u00e3o da qualidade das c\u00e9lulas de forma a detectar e afastar as defeituosas<\/li>\n<li>Controle da temperatura das c\u00e9lulas para garantir uma soldagem apropriada<\/li>\n<li>Controle do tempo para um autodiagn\u00f3stico correto<\/li>\n<li>N\u00famero ilimitado de receitas de processo, nas quais o mesmo modelo ou m\u00f3dulo pode assumir v\u00e1rios par\u00e2metros de processo, dependendo dos materiais usados.<\/li>\n<li>Flexibilidade para o processamento de diferentes modelos ou dimens\u00f5es de c\u00e9lulas com um tempo de altera\u00e7\u00e3o muito reduzido. Trabalhamos c\u00e9lulas cortadas. At\u00e9 c\u00e9lulas 1\/6 de 6&#8243;.<\/li>\n<\/ul>\n<p>[\/vc_column_text][vc_column_text el_class=&#8221;title_lineas&#8221;]<\/p>\n<h4><span style=\"color: #e20026;\">Caracter\u00edsticas principais<\/span><\/h4>\n<p>[\/vc_column_text][vc_column_text el_class=&#8221;icon_list&#8221;]<\/p>\n<ul>\n<li>Soldagem IV sem contato para n\u00e3o gerar estresse na c\u00e9lula<\/li>\n<li>Dosagem de fluxo na barra condutora, sem contato com a c\u00e9lula<\/li>\n<li>Sistemas anti-camber para melhorar o alinhamento do ribbon<\/li>\n<li>Vis\u00e3o artificial<\/li>\n<\/ul>\n<p>[\/vc_column_text][\/vc_column][\/vc_row][vc_row][vc_column][vc_table vc_table_theme=&#8221;classic_pink&#8221;][bg#e20026;b]Par%C3%A2metros%20da%20c%C3%A9lula,[bg#e20026]|Intervalo%20de%20dimens%C3%B5es%20da%20c%C3%A9lula,Cortar%20c%C3%A9lulas%20de%206%22%3A%20%C2%BD%22%3B1%2F4%22%2C1%2F6%22.%20Outros%20tamanhos%20ser%C3%A3o%20estudados|Intervalo%20de%20espessuras%20da%20c%C3%A9lula,[c#5e5e5e]160%E2%80%93300%20%C2%B5m|Geometria%20da%20c%C3%A9lula,Todas|[c#ffffff;bg#e20026;b]Tabs,[bg#e20026]|N%C3%BAmero%20de%20tabs%20por%20c%C3%A9lula,2-3-4-5|Espa%C3%A7o%20entre%20tabs,Espa%C3%A7o%20entre%20tabs%3A%202BB%3A%2078%20ou%2075%3B%203BB%3A52%3B4BB%3A%2039%3B5BB%3A%2031%2C2%20(m%C3%ADnimo%3A%2025%20mm)|Processo%20de%20soldagem%20de%20tabs,Cont%C3%ADnuo|[bg#e20026;c#ffffff;b]Strings,[bg#e20026]|N%C3%BAmero%20de%20c%C3%A9lulas%20(125%20x%20125%20mm)%20por%20string,15|N%C3%BAmero%20de%20c%C3%A9lulas%20(156%20x%20156%20mm)%20por%20string,12|Comprimento%20m%C3%A1x.%20do%20string,1960%20mm|Dist%C3%A2ncia%20entre%20c%C3%A9lulas%20dentro%20do%20string,2%2C5%E2%80%93160%20mm%20(maior%20mediante%20peti%C3%A7%C3%A3o)|N%C3%BAmero%20m%C3%A1x.%20de%20strings%20paralelos%20na%20unidade%20de%20montagem,8|Tamanho%20m%C3%A1x.%20do%20m%C3%B3dulo%20(C%20x%20L),2000%20x%201100%20mm|Tamanho%20m%C3%ADn.%20do%20m%C3%B3dulo%20(C%20x%20L),1400%20x%20600%20mm|[bg#e20026;c#ffffff;b]Tabbing%20e%20stringing,[bg#e20026]|Alinhamento%20das%20c%C3%A9lulas,Sistema%20de%20vis%C3%A3o|Processo%20de%20tabbing%20e%20stringing,Uma%20etapa|M%C3%A9todo%20de%20aplica%C3%A7%C3%A3o%20do%20fluxo,Autom%C3%A1tico%2C%20sem%20contato|Processo%20de%20soldagem,IV|[bg#e20026;b;c#ffffff]Sistema%20de%20transporte%20de%20c%C3%A9lulas,[bg#e20026]|Tabbing%20e%20stringing,Walking%20Beam|[bg#e20026;c#ffffff;b]Carga%20e%20descarga,[bg#e20026]|N%C3%BAmero%20m%C3%A1x.%20de%20c%C3%A9lulas%20por%20cassete%20(buffer),200%20c%C3%A9lulas%20(5%20cassetes%20por%20buffer)|Descarga%20de%20c%C3%A9lulas,Rob%C3%B4%20Scara%20Adept%20S800|Descarga%20de%20strings,Layup%20sobre%20vidro|[bg#e20026;c#ffffff;b]Presta%C3%A7%C3%B5es,[bg#e20026;c#ffffff;b]|Produ%C3%A7%C3%A3o%20m%C3%A1x.%2Fnominal,1400%2F1300%20c%C3%A9lulas%2Fh|Rela%C3%A7%C3%A3o%20m%C3%A9dia%20de%20ruptura%20de%20c%C3%A9lulas,%3C0%2C2%25%20(com%20c%C3%A9lulas%20certificadas)|[bg#e20026;c#ffffff;b]Fornecimento%20de%20ar%20e%20eletricidade,[bg#e20026;c#ffffff;b]|Press%C3%A3o%20e%20fluxo%20de%20ar%20comprimido,5%20bars%2C%20750%20Nl%2Fmin|Pot%C3%AAncia%20instalada,31%20kW%20(trif%C3%A1sica%2C%20380%E2%80%93420%20V%2C%2050%E2%80%9360%20Hz)|Consumo%20de%20energia%20durante%20o%20aquecimento,12%20kWh|Consumo%20de%20energia,6%20kWh|[bg#e20026;c#ffffff;b]Dimens%C3%B5es,[bg#e20026;c#ffffff;b]|Peso,4000%20kg|C%20x%20largura%20(%2B%20esteiras%20transportadoras)%20x%20A,6%2C5%20x%203%2C2%20x%202%2C1%20m|[bg#e20026;c#ffffff;b]Controle%20e%20software%20do%20sistema,[bg#e20026;c#ffffff;b]|Hardware,PLC%20Beckhoff%20com%20tela%20sens%C3%ADvel%20ao%20toque|Software%20que%20permite%20o%20diagn%C3%B3stico%20remoto,Sim|Dados%20adquiridos%20compat%C3%ADveis%20com%20Access%20e%20Excel,Sim[\/vc_table][\/vc_column][\/vc_row]<\/p>\n<\/div>","protected":false},"excerpt":{"rendered":"<p>[vc_row][vc_column width=&#8221;1\/2&#8243;][vc_column_text]A Tabber&amp;stringer \u00e9 muito flex\u00edvel e pode realizar m\u00f3dulos padr\u00e3o ou m\u00f3dulos especiais com c\u00e9lulas cortadas. \u00c9 econ\u00f4mica e apresenta um manuseio muito simples, com uma capacidade de produ\u00e7\u00e3o m\u00e9dia-alta de &gt;40\u00a0MW\/ano. [\/vc_column_text][vc_column_text el_class=&#8221;title_lineas&#8221;] Descri\u00e7\u00e3o [\/vc_column_text][vc_column_text]A Tabber&amp;stringer da Mondragon Assembly \u00e9 precisa, confi\u00e1vel e f\u00e1cil de usar. Alterando apenas alguns par\u00e2metros \u00e9 poss\u00edvel mudar [&hellip;]<\/p>\n","protected":false},"author":4,"featured_media":0,"parent":27023,"menu_order":0,"comment_status":"closed","ping_status":"closed","template":"sectors.php","meta":{"_lmt_disableupdate":"","_lmt_disable":"","footnotes":""},"yst_prominent_words":[],"class_list":["post-4283","page","type-page","status-publish","hentry"],"acf":[],"_links":{"self":[{"href":"https:\/\/www.mondragon-assembly.com\/pt-br\/wp-json\/wp\/v2\/pages\/4283","targetHints":{"allow":["GET"]}}],"collection":[{"href":"https:\/\/www.mondragon-assembly.com\/pt-br\/wp-json\/wp\/v2\/pages"}],"about":[{"href":"https:\/\/www.mondragon-assembly.com\/pt-br\/wp-json\/wp\/v2\/types\/page"}],"author":[{"embeddable":true,"href":"https:\/\/www.mondragon-assembly.com\/pt-br\/wp-json\/wp\/v2\/users\/4"}],"replies":[{"embeddable":true,"href":"https:\/\/www.mondragon-assembly.com\/pt-br\/wp-json\/wp\/v2\/comments?post=4283"}],"version-history":[{"count":5,"href":"https:\/\/www.mondragon-assembly.com\/pt-br\/wp-json\/wp\/v2\/pages\/4283\/revisions"}],"predecessor-version":[{"id":15129,"href":"https:\/\/www.mondragon-assembly.com\/pt-br\/wp-json\/wp\/v2\/pages\/4283\/revisions\/15129"}],"up":[{"embeddable":true,"href":"https:\/\/www.mondragon-assembly.com\/pt-br\/wp-json\/wp\/v2\/pages\/27023"}],"wp:attachment":[{"href":"https:\/\/www.mondragon-assembly.com\/pt-br\/wp-json\/wp\/v2\/media?parent=4283"}],"wp:term":[{"taxonomy":"yst_prominent_words","embeddable":true,"href":"https:\/\/www.mondragon-assembly.com\/pt-br\/wp-json\/wp\/v2\/yst_prominent_words?post=4283"}],"curies":[{"name":"wp","href":"https:\/\/api.w.org\/{rel}","templated":true}]}}