{"id":4446,"date":"2016-04-15T09:08:16","date_gmt":"2016-04-15T07:08:16","guid":{"rendered":"https:\/\/www.mondragon-assembly.com\/pt-br\/?page_id=4446"},"modified":"2016-05-21T09:14:55","modified_gmt":"2016-05-21T09:14:55","slug":"inspecao-hi-pot","status":"publish","type":"page","link":"https:\/\/www.mondragon-assembly.com\/pt-br\/solar-automation-solutions\/equipamento-individual-2\/inspecao-hi-pot\/","title":{"rendered":"Inspe\u00e7\u00e3o Hi-Pot"},"content":{"rendered":"<div class=\"wpb-content-wrapper\"><p>[vc_row][vc_column width=&#8221;1\/2&#8243;][vc_column_text]Esta equipe realiza os testes de isolamento el\u00e9trico do painel.<\/p>\n<p>Cumprimos com a norma internacional <strong>IEC-61215<\/strong> de Qualifica\u00e7\u00e3o de desenho e homologa\u00e7\u00e3o.[\/vc_column_text][vc_column_text el_class=&#8221;icon_list&#8221;]Realiza os seguintes tipos de teste:<\/p>\n<ul>\n<li>Resist\u00eancia de diel\u00e9trica<\/li>\n<li>Testes de continuidade e de efic\u00e1cia<\/li>\n<li>Resist\u00eancia do isolamento<\/li>\n<\/ul>\n<p>[\/vc_column_text][\/vc_column][vc_column width=&#8221;1\/2&#8243;][vc_gallery type=&#8221;flexslider_slide&#8221; interval=&#8221;3&#8243; images=&#8221;2719,2739&#8243; img_size=&#8221;640&#215;480&#8243;][\/vc_column][vc_column][\/vc_column][\/vc_row]<\/p>\n<\/div>","protected":false},"excerpt":{"rendered":"<p>[vc_row][vc_column width=&#8221;1\/2&#8243;][vc_column_text]Esta equipe realiza os testes de isolamento el\u00e9trico do painel. Cumprimos com a norma internacional IEC-61215 de Qualifica\u00e7\u00e3o de desenho e homologa\u00e7\u00e3o.[\/vc_column_text][vc_column_text el_class=&#8221;icon_list&#8221;]Realiza os seguintes tipos de teste: Resist\u00eancia de diel\u00e9trica Testes de continuidade e de efic\u00e1cia Resist\u00eancia do isolamento [\/vc_column_text][\/vc_column][vc_column width=&#8221;1\/2&#8243;][vc_gallery type=&#8221;flexslider_slide&#8221; interval=&#8221;3&#8243; images=&#8221;2719,2739&#8243; img_size=&#8221;640&#215;480&#8243;][\/vc_column][vc_column][\/vc_column][\/vc_row]<\/p>\n","protected":false},"author":4,"featured_media":0,"parent":27580,"menu_order":0,"comment_status":"closed","ping_status":"closed","template":"sectors.php","meta":{"_lmt_disableupdate":"","_lmt_disable":"","footnotes":""},"yst_prominent_words":[],"class_list":["post-4446","page","type-page","status-publish","hentry"],"acf":[],"_links":{"self":[{"href":"https:\/\/www.mondragon-assembly.com\/pt-br\/wp-json\/wp\/v2\/pages\/4446","targetHints":{"allow":["GET"]}}],"collection":[{"href":"https:\/\/www.mondragon-assembly.com\/pt-br\/wp-json\/wp\/v2\/pages"}],"about":[{"href":"https:\/\/www.mondragon-assembly.com\/pt-br\/wp-json\/wp\/v2\/types\/page"}],"author":[{"embeddable":true,"href":"https:\/\/www.mondragon-assembly.com\/pt-br\/wp-json\/wp\/v2\/users\/4"}],"replies":[{"embeddable":true,"href":"https:\/\/www.mondragon-assembly.com\/pt-br\/wp-json\/wp\/v2\/comments?post=4446"}],"version-history":[{"count":4,"href":"https:\/\/www.mondragon-assembly.com\/pt-br\/wp-json\/wp\/v2\/pages\/4446\/revisions"}],"predecessor-version":[{"id":8546,"href":"https:\/\/www.mondragon-assembly.com\/pt-br\/wp-json\/wp\/v2\/pages\/4446\/revisions\/8546"}],"up":[{"embeddable":true,"href":"https:\/\/www.mondragon-assembly.com\/pt-br\/wp-json\/wp\/v2\/pages\/27580"}],"wp:attachment":[{"href":"https:\/\/www.mondragon-assembly.com\/pt-br\/wp-json\/wp\/v2\/media?parent=4446"}],"wp:term":[{"taxonomy":"yst_prominent_words","embeddable":true,"href":"https:\/\/www.mondragon-assembly.com\/pt-br\/wp-json\/wp\/v2\/yst_prominent_words?post=4446"}],"curies":[{"name":"wp","href":"https:\/\/api.w.org\/{rel}","templated":true}]}}