{"id":4638,"date":"2016-04-04T08:06:42","date_gmt":"2016-04-04T06:06:42","guid":{"rendered":"https:\/\/www.mondragon-assembly.com\/pt-br\/?page_id=4638"},"modified":"2021-02-19T19:13:59","modified_gmt":"2021-02-19T17:13:59","slug":"setor-automotivo","status":"publish","type":"page","link":"https:\/\/www.mondragon-assembly.com\/pt-br\/setor-automotivo\/","title":{"rendered":"Setor automotivo"},"content":{"rendered":"<div class=\"wpb-content-wrapper\"><p>[vc_row][vc_column width=&#8221;1\/2&#8243;][vc_column_text]A Mondragon Assembly \u00e9 uma empresa l\u00edder na concep\u00e7\u00e3o e fabrica\u00e7\u00e3o de solu\u00e7\u00f5es autom\u00e1ticas para a montagem de componentes industriais. Proporcionamos solu\u00e7\u00f5es autom\u00e1ticas, linhas de montagem e testes de fim de linha para componentes do setor automotivo.<\/p>\n<p>A ind\u00fastria automobil\u00edstica \u00e9 um dos principais setores do Grupo Mondragon Assembly. Temos 40 anos de experi\u00eancia nesse setor, o que nos tornou em um dos principais fornecedores de sistemas de montagem para componentes automotivos.[\/vc_column_text][vc_column_text el_class=&#8221;icon_list&#8221;]<\/p>\n<ul>\n<li>Solu\u00e7\u00f5es turnkey e maquinas fabricadas sob medida para solu\u00e7\u00f5es autom\u00e1ticas<\/li>\n<li>Fabrica\u00e7\u00e3o de maquinas autom\u00e1tica e\/ou semiautom\u00e1tica para componentes automotivos<\/li>\n<li>Desenvolvimento, montagem, programa\u00e7\u00e3o e instala\u00e7\u00e3o da linha de fabrica\u00e7\u00e3o at\u00e9 a recep\u00e7\u00e3o final do projeto, oferecendo um servi\u00e7o completo.<\/li>\n<li>Solu\u00e7\u00f5es de alta produtividade, flexibilidade e qualidade<\/li>\n<li>Solu\u00e7\u00f5es personalizadas: a equipe de engenharia da Mondragon Assembly coloca sua experi\u00eancia \u00e0 sua disposi\u00e7\u00e3o para lhe ajudar a desenvolver seu projeto.<\/li>\n<\/ul>\n<p>[\/vc_column_text][\/vc_column][vc_column width=&#8221;1\/2&#8243;][vc_gallery type=&#8221;flexslider_slide&#8221; interval=&#8221;3&#8243; images=&#8221;10125,11302,11311&#8243; img_size=&#8221;full&#8221;][\/vc_column][\/vc_row]<\/p>\n<\/div>","protected":false},"excerpt":{"rendered":"<p>[vc_row][vc_column width=&#8221;1\/2&#8243;][vc_column_text]A Mondragon Assembly \u00e9 uma empresa l\u00edder na concep\u00e7\u00e3o e fabrica\u00e7\u00e3o de solu\u00e7\u00f5es autom\u00e1ticas para a montagem de componentes industriais. Proporcionamos solu\u00e7\u00f5es autom\u00e1ticas, linhas de montagem e testes de fim de linha para componentes do setor automotivo. A ind\u00fastria automobil\u00edstica \u00e9 um dos principais setores do Grupo Mondragon Assembly. Temos 40 anos de experi\u00eancia [&hellip;]<\/p>\n","protected":false},"author":4,"featured_media":0,"parent":0,"menu_order":0,"comment_status":"closed","ping_status":"closed","template":"sectors.php","meta":{"_lmt_disableupdate":"","_lmt_disable":"","footnotes":""},"yst_prominent_words":[1828,1833,1838,1844,1849,1853,1858,1862,230,1869,233,1874,234,1879,554,1883,1410,1595,1675,1825],"class_list":["post-4638","page","type-page","status-publish","hentry"],"acf":[],"_links":{"self":[{"href":"https:\/\/www.mondragon-assembly.com\/pt-br\/wp-json\/wp\/v2\/pages\/4638","targetHints":{"allow":["GET"]}}],"collection":[{"href":"https:\/\/www.mondragon-assembly.com\/pt-br\/wp-json\/wp\/v2\/pages"}],"about":[{"href":"https:\/\/www.mondragon-assembly.com\/pt-br\/wp-json\/wp\/v2\/types\/page"}],"author":[{"embeddable":true,"href":"https:\/\/www.mondragon-assembly.com\/pt-br\/wp-json\/wp\/v2\/users\/4"}],"replies":[{"embeddable":true,"href":"https:\/\/www.mondragon-assembly.com\/pt-br\/wp-json\/wp\/v2\/comments?post=4638"}],"version-history":[{"count":6,"href":"https:\/\/www.mondragon-assembly.com\/pt-br\/wp-json\/wp\/v2\/pages\/4638\/revisions"}],"predecessor-version":[{"id":33798,"href":"https:\/\/www.mondragon-assembly.com\/pt-br\/wp-json\/wp\/v2\/pages\/4638\/revisions\/33798"}],"wp:attachment":[{"href":"https:\/\/www.mondragon-assembly.com\/pt-br\/wp-json\/wp\/v2\/media?parent=4638"}],"wp:term":[{"taxonomy":"yst_prominent_words","embeddable":true,"href":"https:\/\/www.mondragon-assembly.com\/pt-br\/wp-json\/wp\/v2\/yst_prominent_words?post=4638"}],"curies":[{"name":"wp","href":"https:\/\/api.w.org\/{rel}","templated":true}]}}