{"id":4659,"date":"2016-04-15T08:57:36","date_gmt":"2016-04-15T06:57:36","guid":{"rendered":"https:\/\/www.mondragon-assembly.com\/pt-br\/?page_id=4659"},"modified":"2021-02-19T20:27:31","modified_gmt":"2021-02-19T18:27:31","slug":"testing","status":"publish","type":"page","link":"https:\/\/www.mondragon-assembly.com\/pt-br\/setor-automotivo\/productosservicios\/testing\/","title":{"rendered":"Solu\u00e7\u00f5es de teste"},"content":{"rendered":"<div class=\"wpb-content-wrapper\"><p>[vc_row][vc_column width=&#8221;1\/2&#8243;][vc_column_text el_class=&#8221;title_lineas&#8221;]<\/p>\n<h4><span style=\"color: #e20026;\">Medi\u00e7\u00e3o e controle<br \/>\n<\/span><\/h4>\n<p>[\/vc_column_text][vc_column_text el_class=&#8221;icon_list&#8221;]<\/p>\n<ul>\n<li>Testes el\u00e9tricos: tens\u00e3o, corrente, resist\u00eancia, Hi-Pot, indut\u00e2ncia, capacitivos, frequ\u00eancia etc.<\/li>\n<li>Testes mec\u00e2nicos: baixa press\u00e3o, alta press\u00e3o, v\u00e1cuo, tens\u00e3o, compress\u00e3o, durabilidade etc.<\/li>\n<li>Testes eletr\u00f4nicos: funcionalidade de protocolos de comunica\u00e7\u00e3o (LIN, CAN), testes em circuito (In-circuit) etc.<\/li>\n<li>Testes de final de linha para presen\u00e7a de componentes e testes de funcionalidade<\/li>\n<\/ul>\n<p>[\/vc_column_text][\/vc_column][vc_column width=&#8221;1\/2&#8243;][vc_column_text el_class=&#8221;title_lineas&#8221;]<\/p>\n<h4><span style=\"color: #e20026;\">Rastreabilidade das linhas de montagem<br \/>\n<\/span><\/h4>\n<p>[\/vc_column_text][vc_column_text el_class=&#8221;icon_list&#8221;]<\/p>\n<ul>\n<li>Rastreabilidade por meio de c\u00f3digos de barras ou datamatrix<\/li>\n<li>Rastreabilidade online (dados incorporados no produto, RFID)<\/li>\n<li>Recupera\u00e7\u00e3o de dados<\/li>\n<li>Comunica\u00e7\u00e3o com sistemas MES (sistemas de controle de produ\u00e7\u00e3o)<\/li>\n<\/ul>\n<p>[\/vc_column_text][\/vc_column][vc_column][vc_separator][\/vc_column][\/vc_row][vc_row][vc_column][vc_column_text css=&#8221;.vc_custom_1463823461313{padding-bottom: 3px !important;padding-left: 15px !important;background-color: #e8e8e8 !important;}&#8221;]<\/p>\n<h3><span style=\"color: #e20026; line-height: 35px;\">Ar condicionado \u2013 teste de fim de linha<br \/>\n<\/span><\/h3>\n<p>[\/vc_column_text][vc_gallery type=&#8221;image_grid&#8221; images=&#8221;5799,5806,5792&#8243; img_size=&#8221;&#8221; el_class=&#8221;foto_margen&#8221;][vc_row_inner][vc_column_inner width=&#8221;1\/3&#8243;][vc_column_text el_class=&#8221;title_lineas&#8221;]<\/p>\n<h4><span style=\"color: #e20026;\">Configura\u00e7\u00e3o da solu\u00e7\u00e3o:<br \/>\n<\/span><\/h4>\n<p>[\/vc_column_text][vc_column_text el_class=&#8221;icon_list&#8221;]<\/p>\n<ul>\n<li>Teste de final de linha<\/li>\n<li>Esta\u00e7\u00e3o semiautom\u00e1tica<\/li>\n<li>Controle baseado em PC<\/li>\n<\/ul>\n<p>[\/vc_column_text][\/vc_column_inner][vc_column_inner width=&#8221;1\/3&#8243;][vc_column_text el_class=&#8221;title_lineas&#8221;]<\/p>\n<h4><span style=\"color: #e20026;\">Processo:<br \/>\n<\/span><\/h4>\n<p>[\/vc_column_text][vc_column_text el_class=&#8221;icon_list&#8221;]<\/p>\n<ul>\n<li>Programa\u00e7\u00e3o de motores de passo por meio de LIN<\/li>\n<li>Medi\u00e7\u00e3o de corrente\/tens\u00e3o<\/li>\n<li>Teste do motor<\/li>\n<li>Teste de vibra\u00e7\u00e3o e ru\u00eddo<\/li>\n<li>Verifica\u00e7\u00e3o de vaz\u00e3o e igni\u00e7\u00e3o do soprador<\/li>\n<li>Curva termorresistiva<\/li>\n<li>Detec\u00e7\u00e3o de movimento de aletas<\/li>\n<li>Controle de presen\u00e7a e de posi\u00e7\u00e3o de componentes<\/li>\n<li>Exporta\u00e7\u00e3o de dados (Excel etc.)<\/li>\n<\/ul>\n<p>[\/vc_column_text][\/vc_column_inner][vc_column_inner width=&#8221;1\/3&#8243;][vc_column_text el_class=&#8221;title_lineas&#8221;]<\/p>\n<h4><span style=\"color: #e20026;\">Dados t\u00e9cnicos:<br \/>\n<\/span><\/h4>\n<p>[\/vc_column_text][vc_column_text el_class=&#8221;icon_list&#8221;]<\/p>\n<ul>\n<li>Tempo do ciclo = 45\u00a0s<\/li>\n<li>Sistema de vis\u00e3o por Ethernet<\/li>\n<li>Profibus para entradas\/sa\u00eddas remotas<\/li>\n<li>LIN bus com o ar-condicionado<\/li>\n<\/ul>\n<p>[\/vc_column_text][\/vc_column_inner][\/vc_row_inner][vc_separator][\/vc_column][\/vc_row][vc_row][vc_column][vc_column_text css=&#8221;.vc_custom_1463823487235{padding-bottom: 3px !important;padding-left: 15px !important;background-color: #e8e8e8 !important;}&#8221;]<\/p>\n<h3><span style=\"color: #e20026; line-height: 35px;\">Bomba de assist\u00eancia de frenagem \u2013 teste de fim de linha<br \/>\n<\/span><\/h3>\n<p>[\/vc_column_text][vc_gallery type=&#8221;image_grid&#8221; images=&#8221;5820,5827,5834,5813&#8243; img_size=&#8221;&#8221; el_class=&#8221;foto_margen&#8221;][vc_row_inner][vc_column_inner width=&#8221;1\/3&#8243;][vc_column_text el_class=&#8221;title_lineas&#8221;]<\/p>\n<h4><span style=\"color: #e20026;\">Configura\u00e7\u00e3o da solu\u00e7\u00e3o:<br \/>\n<\/span><\/h4>\n<p>[\/vc_column_text][vc_column_text el_class=&#8221;icon_list&#8221;]<\/p>\n<ul>\n<li>Teste de final de linha<\/li>\n<li>Esta\u00e7\u00e3o semiautom\u00e1tica<\/li>\n<li>Eixo el\u00e9trico para exercitar a bomba<\/li>\n<li>Aquisi\u00e7\u00e3o de dados por meio de c\u00e9lula de carga e transdutores lineares<\/li>\n<li>Controle baseado em PC<\/li>\n<li>Aquisi\u00e7\u00e3o de dados simult\u00e2nea<\/li>\n<li>Simula\u00e7\u00e3o da for\u00e7a de sa\u00edda<\/li>\n<li>An\u00e1lise das for\u00e7as de entrada e sa\u00edda<\/li>\n<\/ul>\n<p>[\/vc_column_text][\/vc_column_inner][vc_column_inner width=&#8221;1\/3&#8243;][vc_column_text el_class=&#8221;title_lineas&#8221;]<\/p>\n<h4><span style=\"color: #e20026;\">Processo:<br \/>\n<\/span><\/h4>\n<p>[\/vc_column_text][vc_column_text el_class=&#8221;icon_list&#8221;]<\/p>\n<ul>\n<li>A maquina aciona a bomba para alivio de press\u00e3o no processo de montagem<\/li>\n<li>Aplica-se v\u00e1cuo dentro da bomba, onde \u00e9 efetuado o monitoramento durante o teste<\/li>\n<li>A for\u00e7a de entrada \u00e9 controlada por meio de um servo motor e uma c\u00e9lula de carga.<\/li>\n<li>A for\u00e7a de sa\u00edda amplificada \u00e9 analisada em rela\u00e7\u00e3o \u00e0 for\u00e7a de entrada para avaliar o desempenho em diferentes pontos<\/li>\n<\/ul>\n<p>[\/vc_column_text][\/vc_column_inner][vc_column_inner width=&#8221;1\/3&#8243;][vc_column_text el_class=&#8221;title_lineas&#8221;]<\/p>\n<h4><span style=\"color: #e20026;\">Dados t\u00e9cnicos:<br \/>\n<\/span><\/h4>\n<p>[\/vc_column_text][vc_column_text el_class=&#8221;icon_list&#8221;]<\/p>\n<ul>\n<li>Tempo do ciclo: 35\u00a0s<\/li>\n<li>Teste de vazamento est\u00e1tico (&lt; 1,33\u00a0mb\/s)<\/li>\n<li>An\u00e1lise de for\u00e7as de entrada em rela\u00e7\u00e3o \u00e0s de sa\u00edda<\/li>\n<li>Verifica\u00e7\u00e3o da velocidade e do deslocamento dos eixos de entrada e sa\u00edda<\/li>\n<\/ul>\n<p>[\/vc_column_text][\/vc_column_inner][\/vc_row_inner][\/vc_column][\/vc_row][vc_row][vc_column][vc_column_text css=&#8221;.vc_custom_1463823503522{padding-bottom: 3px !important;padding-left: 15px !important;background-color: #e8e8e8 !important;}&#8221;]<\/p>\n<h3><span style=\"color: #e20026; line-height: 35px;\">Aplica\u00e7\u00e3o de rastreabilidade<br \/>\n<\/span><\/h3>\n<p>[\/vc_column_text][vc_row_inner][vc_column_inner][vc_single_image image=&#8221;5841&#8243;][\/vc_column_inner][\/vc_row_inner][vc_row_inner][vc_column_inner width=&#8221;1\/3&#8243;][vc_column_text el_class=&#8221;title_lineas&#8221;]<\/p>\n<h4><span style=\"color: #e20026;\">Caracter\u00edsticas:<br \/>\n<\/span><\/h4>\n<p>[\/vc_column_text][vc_column_text el_class=&#8221;icon_list&#8221;]<\/p>\n<ul>\n<li>Impress\u00e3o de etiqueta de rastreabilidade<\/li>\n<li>Monitoramento do estado geral<\/li>\n<li>Gerenciamento de peritos<\/li>\n<li>Recoleta de medidas e poka-yokes<\/li>\n<li>Controle de fluxo da linha<\/li>\n<li>Ajuste de par\u00e2metros da linha<\/li>\n<li>Banco de dados de pe\u00e7as produzidas<\/li>\n<li>Relat\u00f3rios personalizados<\/li>\n<li>Exporta\u00e7\u00e3o de dados (Excel etc.)<\/li>\n<\/ul>\n<p>[\/vc_column_text][\/vc_column_inner][\/vc_row_inner][\/vc_column][\/vc_row][vc_row][vc_column][vc_column_text css=&#8221;.vc_custom_1463823523257{padding-bottom: 3px !important;padding-left: 15px !important;background-color: #e8e8e8 !important;}&#8221;]<\/p>\n<h3><span style=\"color: #e20026; line-height: 35px;\">Fita de igni\u00e7\u00e3o \u2013 Teste de fim de linha<br \/>\n<\/span><\/h3>\n<p>[\/vc_column_text][vc_gallery type=&#8221;image_grid&#8221; images=&#8221;5848,5855&#8243; img_size=&#8221;&#8221; el_class=&#8221;foto_margen&#8221;][vc_row_inner][vc_column_inner width=&#8221;1\/3&#8243;][vc_column_text el_class=&#8221;title_lineas&#8221;]<\/p>\n<h4><span style=\"color: #e20026;\">Configura\u00e7\u00e3o da solu\u00e7\u00e3o:<br \/>\n<\/span><\/h4>\n<p>[\/vc_column_text][vc_column_text el_class=&#8221;icon_list&#8221;]<\/p>\n<ul>\n<li>Teste de final de linha<\/li>\n<li>Esta\u00e7\u00e3o semiautom\u00e1tica<\/li>\n<li>Controle baseado em PC<\/li>\n<li>Aquisi\u00e7\u00e3o de dados simult\u00e2nea<\/li>\n<\/ul>\n<p>[\/vc_column_text][\/vc_column_inner][vc_column_inner width=&#8221;1\/3&#8243;][vc_column_text el_class=&#8221;title_lineas&#8221;]<\/p>\n<h4><span style=\"color: #e20026;\">Processo:<br \/>\n<\/span><\/h4>\n<p>[\/vc_column_text][vc_column_text el_class=&#8221;icon_list&#8221;]<\/p>\n<ul>\n<li>Avalia\u00e7\u00e3o das curvas de tens\u00e3o\/corrente<\/li>\n<li>Banco de dados de pe\u00e7as produzidas<\/li>\n<li>Ajuste de par\u00e2metros de teste<\/li>\n<li>Controle de 6 opera\u00e7\u00f5es simult\u00e2neas<\/li>\n<li>Carga, teste de estresse, teste de funcionamento<\/li>\n<li>Marca\u00e7\u00e3o a laser de pe\u00e7as aprovadas, pick &amp; place de descarga<\/li>\n<\/ul>\n<p>[\/vc_column_text][\/vc_column_inner][vc_column_inner width=&#8221;1\/3&#8243;][vc_column_text el_class=&#8221;title_lineas&#8221;]<\/p>\n<h4><span style=\"color: #e20026;\">Dados t\u00e9cnicos:<br \/>\n<\/span><\/h4>\n<p>[\/vc_column_text][vc_column_text el_class=&#8221;icon_list&#8221;]<\/p>\n<ul>\n<li>Controle da sequ\u00eancia de teste<\/li>\n<li>Instrumenta\u00e7\u00e3o de controle<\/li>\n<li>Exporta\u00e7\u00e3o de dados (Excel etc.)<\/li>\n<\/ul>\n<p>[\/vc_column_text][\/vc_column_inner][\/vc_row_inner][\/vc_column][\/vc_row][vc_row][vc_column][vc_column_text css=&#8221;.vc_custom_1463823542721{padding-bottom: 3px !important;padding-left: 15px !important;background-color: #e8e8e8 !important;}&#8221;]<\/p>\n<h3><span style=\"color: #e20026; line-height: 35px;\">Luz traseira \u2013 Teste de ilumina\u00e7\u00e3o e c\u00e2mera de v\u00eddeo<br \/>\n<\/span><\/h3>\n<p>[\/vc_column_text][vc_gallery type=&#8221;image_grid&#8221; images=&#8221;5869,5862,5877&#8243; img_size=&#8221;&#8221; el_class=&#8221;foto_margen&#8221;][vc_row_inner][vc_column_inner width=&#8221;1\/3&#8243;][vc_column_text el_class=&#8221;title_lineas&#8221;]<\/p>\n<h4><span style=\"color: #e20026;\">Configura\u00e7\u00e3o da solu\u00e7\u00e3o:<br \/>\n<\/span><\/h4>\n<p>[\/vc_column_text][vc_column_text el_class=&#8221;icon_list&#8221;]<\/p>\n<ul>\n<li>Teste de final de linha<\/li>\n<li>Esta\u00e7\u00e3o semiautom\u00e1tica<\/li>\n<li>Sistema de vis\u00e3o sobre eixo Servo controlado<\/li>\n<li>Controle baseado em PC<\/li>\n<li>Aquisi\u00e7\u00e3o de dados simult\u00e2nea<\/li>\n<\/ul>\n<p>[\/vc_column_text][\/vc_column_inner][vc_column_inner width=&#8221;1\/3&#8243;][vc_column_text el_class=&#8221;title_lineas&#8221;]<\/p>\n<h4><span style=\"color: #e20026;\">Processo:<br \/>\n<\/span><\/h4>\n<p>[\/vc_column_text][vc_column_text el_class=&#8221;icon_list&#8221;]<\/p>\n<ul>\n<li>Impress\u00e3o de etiqueta de rastreabilidade<\/li>\n<li>Edi\u00e7\u00e3o dos par\u00e2metros de teste<\/li>\n<li>Monitores de corrente e tens\u00e3o<\/li>\n<li>Aquisi\u00e7\u00e3o da imagem ao vivo<\/li>\n<li>Armazenamento das imagens da c\u00e2mera para rastreamento<\/li>\n<li>Exporta\u00e7\u00e3o de dados (Excel, csv etc.)<\/li>\n<\/ul>\n<p>[\/vc_column_text][\/vc_column_inner][vc_column_inner width=&#8221;1\/3&#8243;][vc_column_text el_class=&#8221;title_lineas&#8221;]<\/p>\n<h4><span style=\"color: #e20026;\">Dados t\u00e9cnicos:<br \/>\n<\/span><\/h4>\n<p>[\/vc_column_text][vc_column_text el_class=&#8221;icon_list&#8221;]<\/p>\n<ul>\n<li>Tempo do ciclo = 30\u00a0s<\/li>\n<li>Controle de corrente e tens\u00e3o<\/li>\n<li>Funcionalidade da c\u00e2mera de v\u00eddeo<\/li>\n<li>Banco de dados MS SQL<\/li>\n<li>Comunica\u00e7\u00e3o Ethernet<\/li>\n<li>Interface do usu\u00e1rio em VB NET<\/li>\n<\/ul>\n<p>[\/vc_column_text][\/vc_column_inner][\/vc_row_inner][\/vc_column][\/vc_row]<\/p>\n<\/div>","protected":false},"excerpt":{"rendered":"<p>[vc_row][vc_column width=&#8221;1\/2&#8243;][vc_column_text el_class=&#8221;title_lineas&#8221;] Medi\u00e7\u00e3o e controle [\/vc_column_text][vc_column_text el_class=&#8221;icon_list&#8221;] Testes el\u00e9tricos: tens\u00e3o, corrente, resist\u00eancia, Hi-Pot, indut\u00e2ncia, capacitivos, frequ\u00eancia etc. Testes mec\u00e2nicos: baixa press\u00e3o, alta press\u00e3o, v\u00e1cuo, tens\u00e3o, compress\u00e3o, durabilidade etc. Testes eletr\u00f4nicos: funcionalidade de protocolos de comunica\u00e7\u00e3o (LIN, CAN), testes em circuito (In-circuit) etc. Testes de final de linha para presen\u00e7a de componentes e testes de [&hellip;]<\/p>\n","protected":false},"author":4,"featured_media":0,"parent":4644,"menu_order":0,"comment_status":"closed","ping_status":"closed","template":"sectors.php","meta":{"_lmt_disableupdate":"","_lmt_disable":"","footnotes":""},"yst_prominent_words":[],"class_list":["post-4659","page","type-page","status-publish","hentry"],"acf":[],"_links":{"self":[{"href":"https:\/\/www.mondragon-assembly.com\/pt-br\/wp-json\/wp\/v2\/pages\/4659","targetHints":{"allow":["GET"]}}],"collection":[{"href":"https:\/\/www.mondragon-assembly.com\/pt-br\/wp-json\/wp\/v2\/pages"}],"about":[{"href":"https:\/\/www.mondragon-assembly.com\/pt-br\/wp-json\/wp\/v2\/types\/page"}],"author":[{"embeddable":true,"href":"https:\/\/www.mondragon-assembly.com\/pt-br\/wp-json\/wp\/v2\/users\/4"}],"replies":[{"embeddable":true,"href":"https:\/\/www.mondragon-assembly.com\/pt-br\/wp-json\/wp\/v2\/comments?post=4659"}],"version-history":[{"count":11,"href":"https:\/\/www.mondragon-assembly.com\/pt-br\/wp-json\/wp\/v2\/pages\/4659\/revisions"}],"predecessor-version":[{"id":33848,"href":"https:\/\/www.mondragon-assembly.com\/pt-br\/wp-json\/wp\/v2\/pages\/4659\/revisions\/33848"}],"up":[{"embeddable":true,"href":"https:\/\/www.mondragon-assembly.com\/pt-br\/wp-json\/wp\/v2\/pages\/4644"}],"wp:attachment":[{"href":"https:\/\/www.mondragon-assembly.com\/pt-br\/wp-json\/wp\/v2\/media?parent=4659"}],"wp:term":[{"taxonomy":"yst_prominent_words","embeddable":true,"href":"https:\/\/www.mondragon-assembly.com\/pt-br\/wp-json\/wp\/v2\/yst_prominent_words?post=4659"}],"curies":[{"name":"wp","href":"https:\/\/api.w.org\/{rel}","templated":true}]}}