{"id":4669,"date":"2016-04-25T09:25:22","date_gmt":"2016-04-25T07:25:22","guid":{"rendered":"https:\/\/www.mondragon-assembly.com\/pt-br\/?page_id=4669"},"modified":"2017-04-07T13:25:44","modified_gmt":"2017-04-07T11:25:44","slug":"tecnologias-2-2","status":"publish","type":"page","link":"https:\/\/www.mondragon-assembly.com\/pt-br\/dispositivo-medico\/productosservicios-4\/tecnologias-2-2\/","title":{"rendered":"Tecnologias"},"content":{"rendered":"<div class=\"wpb-content-wrapper\"><p>[vc_row][vc_column][vc_gallery type=&#8221;flexslider_slide&#8221; interval=&#8221;3&#8243; images=&#8221;10871,10862,10853&#8243; img_size=&#8221;full&#8221;][vc_column_text]A Mondragon Assembly integra as tecnologias mais avan\u00e7adas do mercado em suas solu\u00e7\u00f5es, sendo pioneira no desenvolvimento de novas aplica\u00e7\u00f5es de automatiza\u00e7\u00e3o.<\/p>\n<p>Contamos com engenheiros altamente qualificados e especializados, com larga experi\u00eancia nos produtos, processos e tecnologias. Oferecemos as solu\u00e7\u00f5es automatizadas que melhor se adequam \u00e0s necessidades de nossos clientes.<\/p>\n<p>Entre as tecnologias aplicadas aos produtos da Mondragon Assembly, destacamos as \u00faltimas gera\u00e7\u00f5es de rob\u00f4s, sistemas de vis\u00e3o artificial, motores lineares avan\u00e7ados, sistemas de transfer\u00eancia magn\u00e9ticos, sistemas e tecnologias de soldagem e rob\u00f4s colaborativos.[\/vc_column_text][vc_separator color=&#8221;black&#8221;][\/vc_column][\/vc_row][vc_row][vc_column][vc_tta_accordion style=&#8221;flat&#8221; color=&#8221;white&#8221; c_position=&#8221;right&#8221; active_section=&#8221;0&#8243; collapsible_all=&#8221;true&#8221;][vc_tta_section title=&#8221;Alimenta\u00e7\u00e3o&#8221; tab_id=&#8221;1461053881569-94715fc9-4ef7&#8243;][vc_column_text css_animation=&#8221;top-to-bottom&#8221; el_class=&#8221;icon_list&#8221;]<\/p>\n<ul>\n<li>Alimentadores por bandeja vibrat\u00f3ria<\/li>\n<li>Alimentadores centr\u00edfugos<\/li>\n<li>Outras solu\u00e7\u00f5es (alimentadores de passo para granel\u2026)<\/li>\n<\/ul>\n<p>[\/vc_column_text][vc_gallery type=&#8221;image_grid&#8221; images=&#8221;1879&#8243; img_size=&#8221;&#8221; el_class=&#8221;foto_margen&#8221;][\/vc_tta_section][vc_tta_section title=&#8221;Sistemas de manipula\u00e7\u00e3o&#8221; tab_id=&#8221;1461053881626-7a57108e-5a37&#8243;][vc_column_text css_animation=&#8221;top-to-bottom&#8221; el_class=&#8221;icon_list&#8221;]<\/p>\n<ul>\n<li>Coleta e coloca\u00e7\u00e3o pneum\u00e1tica<\/li>\n<li>Coleta e coloca\u00e7\u00e3o pneum\u00e1tica (servomotores)<\/li>\n<li>Coleta e coloca\u00e7\u00e3o el\u00e9trica (motores lineares)<\/li>\n<\/ul>\n<p>[\/vc_column_text][vc_gallery type=&#8221;image_grid&#8221; images=&#8221;11903,11894,11885,11876&#8243; img_size=&#8221;&#8221; el_class=&#8221;foto_margen&#8221;][\/vc_tta_section][vc_tta_section title=&#8221;Rob\u00f3tica&#8221; tab_id=&#8221;1461054147928-cf873369-b862&#8243;][vc_column_text css_animation=&#8221;top-to-bottom&#8221; el_class=&#8221;icon_list&#8221;]<\/p>\n<ul>\n<li>SCARA<\/li>\n<li>Rob\u00f4s Delta<\/li>\n<li>Rob\u00f4s Cartesian<\/li>\n<li>Rob\u00f4s de 6-eixos + 7\u00ba eixo<\/li>\n<\/ul>\n<p>[\/vc_column_text][vc_gallery type=&#8221;image_grid&#8221; images=&#8221;1891,1896,1899&#8243; img_size=&#8221;&#8221; el_class=&#8221;foto_margen&#8221;][\/vc_tta_section][vc_tta_section title=&#8221;Tecnologias de uni\u00e3o e conforma\u00e7\u00e3o&#8221; tab_id=&#8221;1461661663306-37d24182-9735&#8243;][vc_column_text css_animation=&#8221;top-to-bottom&#8221; el_class=&#8221;icon_list&#8221;]<\/p>\n<ul class=\"inactive\">\n<li class=\"inactive\">Aparafusamento\n<ul>\n<li>Pneum\u00e1tico<\/li>\n<li>El\u00e9trico<\/li>\n<\/ul>\n<\/li>\n<li class=\"inactive\">Conforma\u00e7\u00e3o por prensa\n<ul>\n<li>Pneum\u00e1tico<\/li>\n<li>Hidro-pneum\u00e1tica<\/li>\n<li>Hidr\u00e1ulica<\/li>\n<li>Servo-prensa<\/li>\n<\/ul>\n<\/li>\n<li>Rebitamento<\/li>\n<li>Puncionamento<\/li>\n<li>Estampagem<\/li>\n<li>Uni\u00e3o<\/li>\n<li>Limpeza a plasma<\/li>\n<li>Conforma\u00e7\u00e3o de fios<\/li>\n<li>Corte por forma<\/li>\n<li>Compress\u00e3o<\/li>\n<\/ul>\n<p>[\/vc_column_text][vc_gallery type=&#8221;image_grid&#8221; images=&#8221;1901,1902,1903,1904&#8243; img_size=&#8221;&#8221; el_class=&#8221;foto_margen&#8221;][\/vc_tta_section][vc_tta_section title=&#8221;Dispensa\u00e7\u00e3o&#8221; tab_id=&#8221;1461661696633-02d7a033-545c&#8221;][vc_column_text css_animation=&#8221;top-to-bottom&#8221; el_class=&#8221;icon_list&#8221;]<\/p>\n<ul class=\"inactive\">\n<li class=\"inactive\">Tecnologias\n<ul>\n<li>Volum\u00e9trica<\/li>\n<li>Fuso<\/li>\n<li>Temporizador<\/li>\n<\/ul>\n<\/li>\n<li class=\"inactive\">Materiais\n<ul>\n<li>Graxa<\/li>\n<li>\u00d3leo<\/li>\n<li>Cianoacrilato<\/li>\n<li>Primer<\/li>\n<li>Fus\u00e3o quente<\/li>\n<li>Silicone<\/li>\n<li>Fluxo<\/li>\n<li>Revestimento de conforma\u00e7\u00e3o<\/li>\n<li>Tinta<\/li>\n<li>\u2026<\/li>\n<\/ul>\n<\/li>\n<\/ul>\n<p>[\/vc_column_text][vc_gallery type=&#8221;image_grid&#8221; images=&#8221;1939,1940,1941,1942&#8243; img_size=&#8221;&#8221; el_class=&#8221;foto_margen&#8221;][\/vc_tta_section][vc_tta_section title=&#8221;Marca\u00e7\u00e3o e identifica\u00e7\u00e3o&#8221; tab_id=&#8221;1461661711789-174b4c5a-704c&#8221;][vc_column_text css_animation=&#8221;top-to-bottom&#8221; el_class=&#8221;icon_list&#8221;]<\/p>\n<ul>\n<li>Laser<\/li>\n<li>Inkjet<\/li>\n<li>Marca\u00e7\u00e3o por pinos<\/li>\n<li>Impress\u00e3o e aplica\u00e7\u00e3o de etiquetas<\/li>\n<li>Pintura por pontos de cor<\/li>\n<li>Marca\u00e7\u00e3o por ponto singelo<\/li>\n<li>Estamparia a quente<\/li>\n<\/ul>\n<p>[\/vc_column_text][vc_gallery type=&#8221;image_grid&#8221; images=&#8221;1906&#8243;][\/vc_tta_section][vc_tta_section title=&#8221;Sistemas de transfer\u00eancia&#8221; tab_id=&#8221;1461661734077-46f76d34-21bc&#8221;][vc_column_text css_animation=&#8221;top-to-bottom&#8221; el_class=&#8221;icon_list&#8221;]<\/p>\n<ul>\n<li>C\u00e9lula fina<\/li>\n<li>C\u00e9lulas Kart-Loop<\/li>\n<li>Sistemas rotativos (mec\u00e2nico, totalmente program\u00e1vel, girante: velocidade fixa\u2026)<\/li>\n<li>Sistemas lineares (sistemas FMS, transfer\u00eancia r\u00edgida linear 12, 18 e 22 posi\u00e7\u00f5es)<\/li>\n<li>C\u00e9lulas rob\u00f3ticas<\/li>\n<\/ul>\n<p>[\/vc_column_text][\/vc_tta_section][vc_tta_section title=&#8221;Sistemas de vis\u00e3o&#8221; tab_id=&#8221;1461661747961-f7d3080e-0192&#8243;][vc_column_text css_animation=&#8221;top-to-bottom&#8221; el_class=&#8221;icon_list&#8221;]<\/p>\n<ul>\n<li>C\u00e2meras de alta resolu\u00e7\u00e3o<\/li>\n<li>C\u00e2meras de Alta velocidade<\/li>\n<li>Verificadores visuais<\/li>\n<li>Sensores de vis\u00e3o<\/li>\n<li>\u2026<\/li>\n<\/ul>\n<p>[\/vc_column_text][vc_gallery type=&#8221;image_grid&#8221; images=&#8221;1943,1944,1945,1946,1947&#8243; img_size=&#8221;&#8221; el_class=&#8221;foto_margen&#8221;][\/vc_tta_section][vc_tta_section title=&#8221;Medi\u00e7\u00e3o e controle&#8221; tab_id=&#8221;1461661774750-4dfb97a3-5862&#8243;][vc_column_text css_animation=&#8221;top-to-bottom&#8221; el_class=&#8221;icon_list&#8221;]<\/p>\n<ul class=\"inactive\">\n<li class=\"inactive\">Testadores de vazamentos\n<ul>\n<li>Queda de press\u00e3o (press\u00e3o alta e baixa)<\/li>\n<li>V\u00e1cuo<\/li>\n<li>Helio<\/li>\n<\/ul>\n<p>&nbsp;<\/li>\n<li>Testadores de fluxo<\/li>\n<li>Transdutores Lineares<\/li>\n<li>Transdutores rotativos<\/li>\n<li>C\u00e9lulas de carga (Tens\u00e3o, Compress\u00e3o, Torque)<\/li>\n<li>C\u00e2meras de vis\u00e3o<\/li>\n<li>Aceler\u00f4metros<\/li>\n<li>Teste Hipot<\/li>\n<li>Avalia\u00e7\u00e3o de curva tens\u00e3o\/corrente<\/li>\n<li>Consumo de corrente<\/li>\n<li>Inspe\u00e7\u00e3o de soldagem<\/li>\n<li>Inspe\u00e7\u00e3o de dosagem<\/li>\n<li>Protocolo de comunica\u00e7\u00e3o baseado em Linbus\/CAN para os produtos<\/li>\n<li>Isola\u00e7\u00e3o<\/li>\n<li>Testes de efeito Hall<\/li>\n<li>\u2026<\/li>\n<\/ul>\n<p>[\/vc_column_text][vc_gallery type=&#8221;image_grid&#8221; images=&#8221;1948,1949&#8243; img_size=&#8221;&#8221; el_class=&#8221;foto_margen&#8221;][\/vc_tta_section][vc_tta_section title=&#8221;Soldagem&#8221; tab_id=&#8221;1461661814225-4add7de5-726f&#8221;][vc_column_text css_animation=&#8221;top-to-bottom&#8221; el_class=&#8221;icon_list&#8221;]<\/p>\n<ul>\n<li>Laser<\/li>\n<li>Radia\u00e7\u00e3o IV.<\/li>\n<li>Indu\u00e7\u00e3o<\/li>\n<li>Ultrass\u00f4nica<\/li>\n<li>Vibra\u00e7\u00e3o<\/li>\n<li>Soldagem autom\u00e1tica ou semiautom\u00e1tica sob atmosfera gasosa (TIG, MIG, MAG)<\/li>\n<li>Soldagem por calor<\/li>\n<\/ul>\n<p>[\/vc_column_text][vc_gallery type=&#8221;image_grid&#8221; images=&#8221;1950,1951,1952,1953,1954&#8243; img_size=&#8221;&#8221; el_class=&#8221;foto_margen&#8221;][\/vc_tta_section][vc_tta_section title=&#8221;Sistemas de rastreabilidade &#8221; tab_id=&#8221;1461661830670-b97f5611-f49d&#8221;][vc_column_text css_animation=&#8221;top-to-bottom&#8221; el_class=&#8221;icon_list&#8221;]<\/p>\n<ul>\n<li>Bases de dados<\/li>\n<li>Conex\u00e3o a sistemas de execu\u00e7\u00e3o de fabrica\u00e7\u00e3o<\/li>\n<\/ul>\n<p>[\/vc_column_text][\/vc_tta_section][vc_tta_section title=&#8221;Redes&#8221; tab_id=&#8221;1461661867645-db396446-e45a&#8221;][vc_column_text css_animation=&#8221;top-to-bottom&#8221; el_class=&#8221;icon_list&#8221;]<\/p>\n<ul>\n<li>PROFIBUS<\/li>\n<li>DeviceNet<\/li>\n<li>EtherNet\/IP<\/li>\n<li>EtherCAT<\/li>\n<li>CANopen<\/li>\n<li>SAI<\/li>\n<\/ul>\n<p>[\/vc_column_text][\/vc_tta_section][\/vc_tta_accordion][\/vc_column][\/vc_row]<\/p>\n<\/div>","protected":false},"excerpt":{"rendered":"<p>[vc_row][vc_column][vc_gallery type=&#8221;flexslider_slide&#8221; interval=&#8221;3&#8243; images=&#8221;10871,10862,10853&#8243; img_size=&#8221;full&#8221;][vc_column_text]A Mondragon Assembly integra as tecnologias mais avan\u00e7adas do mercado em suas solu\u00e7\u00f5es, sendo pioneira no desenvolvimento de novas aplica\u00e7\u00f5es de automatiza\u00e7\u00e3o. Contamos com engenheiros altamente qualificados e especializados, com larga experi\u00eancia nos produtos, processos e tecnologias. Oferecemos as solu\u00e7\u00f5es automatizadas que melhor se adequam \u00e0s necessidades de nossos clientes. Entre [&hellip;]<\/p>\n","protected":false},"author":4,"featured_media":0,"parent":8091,"menu_order":0,"comment_status":"closed","ping_status":"closed","template":"sectors.php","meta":{"_lmt_disableupdate":"","_lmt_disable":"","footnotes":""},"yst_prominent_words":[],"class_list":["post-4669","page","type-page","status-publish","hentry"],"acf":[],"_links":{"self":[{"href":"https:\/\/www.mondragon-assembly.com\/pt-br\/wp-json\/wp\/v2\/pages\/4669","targetHints":{"allow":["GET"]}}],"collection":[{"href":"https:\/\/www.mondragon-assembly.com\/pt-br\/wp-json\/wp\/v2\/pages"}],"about":[{"href":"https:\/\/www.mondragon-assembly.com\/pt-br\/wp-json\/wp\/v2\/types\/page"}],"author":[{"embeddable":true,"href":"https:\/\/www.mondragon-assembly.com\/pt-br\/wp-json\/wp\/v2\/users\/4"}],"replies":[{"embeddable":true,"href":"https:\/\/www.mondragon-assembly.com\/pt-br\/wp-json\/wp\/v2\/comments?post=4669"}],"version-history":[{"count":5,"href":"https:\/\/www.mondragon-assembly.com\/pt-br\/wp-json\/wp\/v2\/pages\/4669\/revisions"}],"predecessor-version":[{"id":15947,"href":"https:\/\/www.mondragon-assembly.com\/pt-br\/wp-json\/wp\/v2\/pages\/4669\/revisions\/15947"}],"up":[{"embeddable":true,"href":"https:\/\/www.mondragon-assembly.com\/pt-br\/wp-json\/wp\/v2\/pages\/8091"}],"wp:attachment":[{"href":"https:\/\/www.mondragon-assembly.com\/pt-br\/wp-json\/wp\/v2\/media?parent=4669"}],"wp:term":[{"taxonomy":"yst_prominent_words","embeddable":true,"href":"https:\/\/www.mondragon-assembly.com\/pt-br\/wp-json\/wp\/v2\/yst_prominent_words?post=4669"}],"curies":[{"name":"wp","href":"https:\/\/api.w.org\/{rel}","templated":true}]}}