{"id":55316,"date":"2021-10-21T17:57:00","date_gmt":"2021-10-21T15:57:00","guid":{"rendered":"https:\/\/www.mondragon-assembly.com\/?page_id=55316"},"modified":"2023-10-06T13:36:50","modified_gmt":"2023-10-06T11:36:50","slug":"trabalhe-conosco","status":"publish","type":"page","link":"https:\/\/www.mondragon-assembly.com\/pt-br\/trabalhe-conosco\/","title":{"rendered":"Trabalhe conosco"},"content":{"rendered":"<div class=\"wpb-content-wrapper\"><p>[vc_row full_width=&#8221;stretch_row_content_no_spaces&#8221;][vc_column][rev_slider_vc alias=&#8221;join-us-video&#8221;][\/vc_column][\/vc_row][vc_row full_width=&#8221;stretch_row&#8221; css=&#8221;.vc_custom_1635321373767{padding-right: 50px !important;padding-left: 50px !important;background-color: #f7f7f7 !important;}&#8221;][vc_column][vc_row_inner][vc_column_inner width=&#8221;1\/4&#8243;][\/vc_column_inner][vc_column_inner width=&#8221;1\/2&#8243;][vc_single_image image=&#8221;55459&#8243; img_size=&#8221;full&#8221; alignment=&#8221;center&#8221;][\/vc_column_inner][vc_column_inner width=&#8221;1\/4&#8243;][\/vc_column_inner][\/vc_row_inner][vc_row_inner][vc_column_inner width=&#8221;1\/4&#8243;][\/vc_column_inner][vc_column_inner width=&#8221;1\/2&#8243;][vc_column_text]Na Mondragon Assembly acreditamos no talento. Trabalhamos por e para as pessoas, estamos comprometidos com voc\u00ea e seu talento.<br \/>\nNosso compromisso com as pessoas \u00e9 real, estamos comprometidos com seu desenvolvimento profissional dentro de uma empresa \u00fanica que lhe oferece grandes oportunidades.[\/vc_column_text][\/vc_column_inner][vc_column_inner width=&#8221;1\/4&#8243;][\/vc_column_inner][\/vc_row_inner][\/vc_column][\/vc_row][vc_row full_width=&#8221;stretch_row&#8221; css=&#8221;.vc_custom_1639657531387{padding-right: 50px !important;padding-left: 50px !important;}&#8221;][vc_column][vc_row_inner][vc_column_inner width=&#8221;1\/4&#8243;][\/vc_column_inner][vc_column_inner width=&#8221;1\/2&#8243;][vc_column_text]<\/p>\n<h3 style=\"font-weight: bold;\">VOC\u00ca QUER FAZER PARTE DESTA AVENTURA?<\/h3>\n<p>[\/vc_column_text][\/vc_column_inner][vc_column_inner width=&#8221;1\/4&#8243;][\/vc_column_inner][\/vc_row_inner][\/vc_column][\/vc_row][vc_row][vc_column][vc_row_inner][vc_column_inner width=&#8221;1\/4&#8243;][\/vc_column_inner][vc_column_inner width=&#8221;1\/4&#8243;][vc_btn title=&#8221;Vagas de emprego&#8221; style=&#8221;custom&#8221; custom_background=&#8221;#e40521&#8243; custom_text=&#8221;#ffffff&#8221; align=&#8221;center&#8221; button_block=&#8221;true&#8221; link=&#8221;url:https%3A%2F%2Fwww.mondragon-assembly.com%2Fpt-br%2Fvagas-de-emprego%2F&#8221; css=&#8221;.vc_custom_1646063992362{padding-right: 20px !important;padding-left: 20px !important;}&#8221;][\/vc_column_inner][vc_column_inner width=&#8221;1\/4&#8243;][vc_btn title=&#8221;Est\u00e1gio e projetos finais&#8221; style=&#8221;custom&#8221; custom_background=&#8221;#e40521&#8243; custom_text=&#8221;#ffffff&#8221; align=&#8221;center&#8221; button_block=&#8221;true&#8221; link=&#8221;url:https%3A%2F%2Fmondragonassembly.talentclue.com%2Fpt-br%2Fnode%2Fadd%2Fcv%2Fjob%2F101368239%2Fcompany%2F29663897%2F%3Fclicked_button%3Dapply_manually|target:_blank&#8221; css=&#8221;.vc_custom_1696587942898{padding-right: 20px !important;padding-left: 20px !important;}&#8221;][\/vc_column_inner][vc_column_inner width=&#8221;1\/4&#8243;][\/vc_column_inner][\/vc_row_inner][\/vc_column][\/vc_row][vc_row][vc_column][vc_empty_space height=&#8221;45px&#8221;][\/vc_column][\/vc_row][vc_row][vc_column][vc_text_separator title=&#8221;DESCOBRIR AS POSI\u00c7\u00d5ES-CHAVE QUE FAZEM DE NOSSOS PROJETOS UMA REALIDADE&#8221; el_class=&#8221;title_gr&#8221;][\/vc_column][\/vc_row][vc_row el_class=&#8221;ocultar_banner&#8221;][vc_column width=&#8221;1\/3&#8243;][vc_video link=&#8221;https:\/\/youtu.be\/cV8H3ACr3qM&#8221;][vc_column_text css=&#8221;.vc_custom_1645532695560{margin-top: -10px !important;}&#8221;]<span style=\"font-weight: bold;\">PROGRAMADOR.<\/span><br \/>\nL\u00edder da equipe. Orienta\u00e7\u00e3o ao cliente[\/vc_column_text][\/vc_column][vc_column width=&#8221;1\/3&#8243;][vc_video link=&#8221;https:\/\/youtu.be\/PGNmeLZnbOU&#8221;][vc_column_text css=&#8221;.vc_custom_1645532708921{margin-top: -10px !important;}&#8221;]<span style=\"font-weight: bold;\">DESIGNER.<br \/>\n<\/span>Proatividade e criatividade.[\/vc_column_text][\/vc_column][vc_column width=&#8221;1\/3&#8243;][vc_video link=&#8221;https:\/\/youtu.be\/akFcVHNJy6Q&#8221;][vc_column_text css=&#8221;.vc_custom_1645532721843{margin-top: -10px !important;}&#8221;]<span style=\"font-weight: bold;\">ASSEMBLER.<br \/>\n<\/span>Vis\u00e3o resoluta e melhoria cont\u00ednua.[\/vc_column_text][\/vc_column][\/vc_row][vc_row][vc_column][vc_column_text]<\/p>\n<h4>N\u00f3s acreditamos no autodesenvolvimento. Todas as nossas posi\u00e7\u00f5es s\u00e3o a reserva de talentos de nossos futuros l\u00edderes que impulsionam o projeto da Mondragon Assembly<\/h4>\n<h4 style=\"line-height: 50px;\">Para tornar os projetos uma realidade, \u00e9 essencial a colabora\u00e7\u00e3o de outras posi\u00e7\u00f5es, al\u00e9m das mencionadas acima.<\/h4>\n<p>[\/vc_column_text][\/vc_column][\/vc_row][vc_row][vc_column][vc_empty_space height=&#8221;45px&#8221;][\/vc_column][\/vc_row][vc_row][vc_column][vc_single_image image=&#8221;55326&#8243; img_size=&#8221;full&#8221; alignment=&#8221;center&#8221;][\/vc_column][\/vc_row][vc_row][vc_column][vc_text_separator title=&#8221;GEST\u00c3O DE PROJETOS NA MONTAGEM MONDRAGON&#8221; el_class=&#8221;title_gr&#8221;][\/vc_column][\/vc_row][vc_row][vc_column][vc_column_text css=&#8221;.vc_custom_1645532794641{margin-top: -30px !important;}&#8221;]<\/p>\n<h3 style=\"text-align: center;\">\u00c9 assim que o fazemos<\/h3>\n<p>[\/vc_column_text][\/vc_column][\/vc_row][vc_row][vc_column][vc_single_image image=&#8221;55335&#8243; img_size=&#8221;full&#8221; alignment=&#8221;center&#8221; css_animation=&#8221;fadeIn&#8221;][\/vc_column][\/vc_row][vc_row][vc_column][vc_text_separator title=&#8221;NOSSOS COLABORADORES&#8221; el_class=&#8221;title_gr&#8221;][\/vc_column][\/vc_row][vc_row][vc_column][rev_slider_vc alias=&#8221;our-people-pt-br&#8221;][\/vc_column][\/vc_row][vc_row gap=&#8221;30&#8243; css=&#8221;.vc_custom_1637836480076{margin-top: 25px !important;padding-right: 50px !important;padding-bottom: 20px !important;padding-left: 50px !important;background-color: #f7f7f7 !important;}&#8221;][vc_column width=&#8221;1\/2&#8243;][vc_single_image image=&#8221;52292&#8243; img_size=&#8221;full&#8221; onclick=&#8221;custom_link&#8221; css=&#8221;.vc_custom_1646064000070{border-top-width: 3px !important;border-right-width: 3px !important;border-bottom-width: 3px !important;border-left-width: 3px !important;border-left-color: #fce3e9 !important;border-left-style: solid !important;border-right-color: #fce3e9 !important;border-right-style: solid !important;border-top-color: #fce3e9 !important;border-top-style: solid !important;border-bottom-color: #fce3e9 !important;border-bottom-style: solid !important;}&#8221; link=&#8221;https:\/\/www.mondragon-assembly.com\/pt-br\/vagas-de-emprego\/&#8221;][vc_custom_heading text=&#8221;VAGAS DE TRABALHO&#8221; font_container=&#8221;tag:h3|text_align:left&#8221; google_fonts=&#8221;font_family:Roboto%3A100%2C100italic%2C300%2C300italic%2Cregular%2Citalic%2C500%2C500italic%2C700%2C700italic%2C900%2C900italic|font_style:700%20bold%20regular%3A700%3Anormal&#8221; el_class=&#8221;linea_inferior_title&#8221; link=&#8221;url:https%3A%2F%2Fwww.mondragon-assembly.com%2Fpt-br%2Fvagas-de-emprego%2F&#8221;][\/vc_column][vc_column width=&#8221;1\/2&#8243;][vc_single_image image=&#8221;52284&#8243; img_size=&#8221;full&#8221; onclick=&#8221;custom_link&#8221; img_link_target=&#8221;_blank&#8221; css=&#8221;.vc_custom_1696592197859{border-top-width: 3px !important;border-right-width: 3px !important;border-bottom-width: 3px !important;border-left-width: 3px !important;border-left-color: #fce3e9 !important;border-left-style: solid !important;border-right-color: #fce3e9 !important;border-right-style: solid !important;border-top-color: #fce3e9 !important;border-top-style: solid !important;border-bottom-color: #fce3e9 !important;border-bottom-style: solid !important;}&#8221; link=&#8221;https:\/\/mondragonassembly.talentclue.com\/pt-br\/node\/add\/cv\/job\/101368239\/company\/29663897\/?clicked_button=apply_manually&#8221;][vc_custom_heading text=&#8221;EST\u00c1GIOS E PROJETOS FINAIS&#8221; font_container=&#8221;tag:h3|text_align:left&#8221; google_fonts=&#8221;font_family:Roboto%3A100%2C100italic%2C300%2C300italic%2Cregular%2Citalic%2C500%2C500italic%2C700%2C700italic%2C900%2C900italic|font_style:700%20bold%20regular%3A700%3Anormal&#8221; el_class=&#8221;linea_inferior_title&#8221; link=&#8221;url:https%3A%2F%2Fmondragonassembly.talentclue.com%2Fpt-br%2Fnode%2Fadd%2Fcv%2Fjob%2F101368239%2Fcompany%2F29663897%2F%3Fclicked_button%3Dapply_manually|target:_blank&#8221;][\/vc_column][\/vc_row]<\/p>\n<\/div>","protected":false},"excerpt":{"rendered":"<p>[vc_row full_width=&#8221;stretch_row_content_no_spaces&#8221;][vc_column][rev_slider_vc alias=&#8221;join-us-video&#8221;][\/vc_column][\/vc_row][vc_row full_width=&#8221;stretch_row&#8221; css=&#8221;.vc_custom_1635321373767{padding-right: 50px !important;padding-left: 50px !important;background-color: #f7f7f7 !important;}&#8221;][vc_column][vc_row_inner][vc_column_inner width=&#8221;1\/4&#8243;][\/vc_column_inner][vc_column_inner width=&#8221;1\/2&#8243;][vc_single_image image=&#8221;55459&#8243; img_size=&#8221;full&#8221; alignment=&#8221;center&#8221;][\/vc_column_inner][vc_column_inner width=&#8221;1\/4&#8243;][\/vc_column_inner][\/vc_row_inner][vc_row_inner][vc_column_inner width=&#8221;1\/4&#8243;][\/vc_column_inner][vc_column_inner width=&#8221;1\/2&#8243;][vc_column_text]Na Mondragon Assembly acreditamos no talento. Trabalhamos por e para as pessoas, estamos comprometidos com voc\u00ea e seu talento. Nosso compromisso com as pessoas \u00e9 real, estamos comprometidos com seu desenvolvimento profissional dentro de uma empresa \u00fanica [&hellip;]<\/p>\n","protected":false},"author":4,"featured_media":0,"parent":0,"menu_order":0,"comment_status":"closed","ping_status":"closed","template":"sectors.php","meta":{"_lmt_disableupdate":"","_lmt_disable":"","footnotes":""},"yst_prominent_words":[230,233,234,554,967,2120,2186,2229,2234,2887],"class_list":["post-55316","page","type-page","status-publish","hentry"],"acf":[],"_links":{"self":[{"href":"https:\/\/www.mondragon-assembly.com\/pt-br\/wp-json\/wp\/v2\/pages\/55316","targetHints":{"allow":["GET"]}}],"collection":[{"href":"https:\/\/www.mondragon-assembly.com\/pt-br\/wp-json\/wp\/v2\/pages"}],"about":[{"href":"https:\/\/www.mondragon-assembly.com\/pt-br\/wp-json\/wp\/v2\/types\/page"}],"author":[{"embeddable":true,"href":"https:\/\/www.mondragon-assembly.com\/pt-br\/wp-json\/wp\/v2\/users\/4"}],"replies":[{"embeddable":true,"href":"https:\/\/www.mondragon-assembly.com\/pt-br\/wp-json\/wp\/v2\/comments?post=55316"}],"version-history":[{"count":12,"href":"https:\/\/www.mondragon-assembly.com\/pt-br\/wp-json\/wp\/v2\/pages\/55316\/revisions"}],"predecessor-version":[{"id":65509,"href":"https:\/\/www.mondragon-assembly.com\/pt-br\/wp-json\/wp\/v2\/pages\/55316\/revisions\/65509"}],"wp:attachment":[{"href":"https:\/\/www.mondragon-assembly.com\/pt-br\/wp-json\/wp\/v2\/media?parent=55316"}],"wp:term":[{"taxonomy":"yst_prominent_words","embeddable":true,"href":"https:\/\/www.mondragon-assembly.com\/pt-br\/wp-json\/wp\/v2\/yst_prominent_words?post=55316"}],"curies":[{"name":"wp","href":"https:\/\/api.w.org\/{rel}","templated":true}]}}