{"id":8089,"date":"2016-04-20T11:13:57","date_gmt":"2016-04-20T09:13:57","guid":{"rendered":"https:\/\/www.mondragon-assembly.com\/pt-br\/?page_id=8089"},"modified":"2016-05-26T11:39:58","modified_gmt":"2016-05-26T11:39:58","slug":"productosservicios-3","status":"publish","type":"page","link":"https:\/\/www.mondragon-assembly.com\/pt-br\/cosmetica\/productosservicios-3\/","title":{"rendered":"Produtos e servi\u00e7os"},"content":{"rendered":"<div class=\"wpb-content-wrapper\"><p>[vc_row][vc_column width=&#8221;1\/3&#8243;][vc_single_image image=&#8221;8045&#8243; style=&#8221;vc_box_shadow_border&#8221; onclick=&#8221;custom_link&#8221; link=&#8221;https:\/\/www.mondragon-assembly.com\/pt-br\/cosmetica\/productosservicios-3\/soluciones-de-automatizacion\/&#8221;][vc_column_text]<\/p>\n<h4>Solu\u00e7\u00f5es de automa\u00e7\u00e3o<\/h4>\n<p>[\/vc_column_text][\/vc_column][vc_column width=&#8221;1\/3&#8243;][vc_single_image image=&#8221;10697&#8243; style=&#8221;vc_box_shadow_border&#8221; onclick=&#8221;custom_link&#8221; link=&#8221;https:\/\/www.mondragon-assembly.com\/pt-br\/cosmetica\/productosservicios-3\/tecnologias\/&#8221;][vc_column_text]<\/p>\n<h4>Servi\u00e7o ao cliente<\/h4>\n<p>[\/vc_column_text][\/vc_column][vc_column width=&#8221;1\/3&#8243;][vc_single_image image=&#8221;8027&#8243; style=&#8221;vc_box_shadow_border&#8221; onclick=&#8221;custom_link&#8221; link=&#8221;https:\/\/www.mondragon-assembly.com\/pt-br\/cosmetica\/productosservicios-3\/servico-ao-cliente\/&#8221;][vc_column_text]<\/p>\n<h4>Tecnologias<\/h4>\n<p>[\/vc_column_text][\/vc_column][\/vc_row]<\/p>\n<\/div>","protected":false},"excerpt":{"rendered":"<p>[vc_row][vc_column width=&#8221;1\/3&#8243;][vc_single_image image=&#8221;8045&#8243; style=&#8221;vc_box_shadow_border&#8221; onclick=&#8221;custom_link&#8221; link=&#8221;https:\/\/www.mondragon-assembly.com\/pt-br\/cosmetica\/productosservicios-3\/soluciones-de-automatizacion\/&#8221;][vc_column_text] Solu\u00e7\u00f5es de automa\u00e7\u00e3o [\/vc_column_text][\/vc_column][vc_column width=&#8221;1\/3&#8243;][vc_single_image image=&#8221;10697&#8243; style=&#8221;vc_box_shadow_border&#8221; onclick=&#8221;custom_link&#8221; link=&#8221;https:\/\/www.mondragon-assembly.com\/pt-br\/cosmetica\/productosservicios-3\/tecnologias\/&#8221;][vc_column_text] Servi\u00e7o ao cliente [\/vc_column_text][\/vc_column][vc_column width=&#8221;1\/3&#8243;][vc_single_image image=&#8221;8027&#8243; style=&#8221;vc_box_shadow_border&#8221; onclick=&#8221;custom_link&#8221; link=&#8221;https:\/\/www.mondragon-assembly.com\/pt-br\/cosmetica\/productosservicios-3\/servico-ao-cliente\/&#8221;][vc_column_text] Tecnologias [\/vc_column_text][\/vc_column][\/vc_row]<\/p>\n","protected":false},"author":4,"featured_media":0,"parent":8481,"menu_order":0,"comment_status":"closed","ping_status":"closed","template":"sectors.php","meta":{"_lmt_disableupdate":"","_lmt_disable":"","footnotes":""},"yst_prominent_words":[],"class_list":["post-8089","page","type-page","status-publish","hentry"],"acf":[],"_links":{"self":[{"href":"https:\/\/www.mondragon-assembly.com\/pt-br\/wp-json\/wp\/v2\/pages\/8089","targetHints":{"allow":["GET"]}}],"collection":[{"href":"https:\/\/www.mondragon-assembly.com\/pt-br\/wp-json\/wp\/v2\/pages"}],"about":[{"href":"https:\/\/www.mondragon-assembly.com\/pt-br\/wp-json\/wp\/v2\/types\/page"}],"author":[{"embeddable":true,"href":"https:\/\/www.mondragon-assembly.com\/pt-br\/wp-json\/wp\/v2\/users\/4"}],"replies":[{"embeddable":true,"href":"https:\/\/www.mondragon-assembly.com\/pt-br\/wp-json\/wp\/v2\/comments?post=8089"}],"version-history":[{"count":5,"href":"https:\/\/www.mondragon-assembly.com\/pt-br\/wp-json\/wp\/v2\/pages\/8089\/revisions"}],"predecessor-version":[{"id":11260,"href":"https:\/\/www.mondragon-assembly.com\/pt-br\/wp-json\/wp\/v2\/pages\/8089\/revisions\/11260"}],"up":[{"embeddable":true,"href":"https:\/\/www.mondragon-assembly.com\/pt-br\/wp-json\/wp\/v2\/pages\/8481"}],"wp:attachment":[{"href":"https:\/\/www.mondragon-assembly.com\/pt-br\/wp-json\/wp\/v2\/media?parent=8089"}],"wp:term":[{"taxonomy":"yst_prominent_words","embeddable":true,"href":"https:\/\/www.mondragon-assembly.com\/pt-br\/wp-json\/wp\/v2\/yst_prominent_words?post=8089"}],"curies":[{"name":"wp","href":"https:\/\/api.w.org\/{rel}","templated":true}]}}