{"id":8476,"date":"2016-04-20T09:47:06","date_gmt":"2016-04-20T07:47:06","guid":{"rendered":"https:\/\/www.mondragon-assembly.com\/pt-br\/?page_id=8476"},"modified":"2021-02-24T13:59:49","modified_gmt":"2021-02-24T11:59:49","slug":"componentes-eletricos","status":"publish","type":"page","link":"https:\/\/www.mondragon-assembly.com\/pt-br\/componentes-eletricos\/","title":{"rendered":"Componentes el\u00e9tricos"},"content":{"rendered":"<div class=\"wpb-content-wrapper\"><p>[vc_row][vc_column width=&#8221;1\/2&#8243;][vc_column_text]A Mondragon Assembly \u00e9 uma empresa l\u00edder na concep\u00e7\u00e3o e fabrica\u00e7\u00e3o de solu\u00e7\u00f5es autom\u00e1ticas para a montagem de componentes el\u00e9tricos. Somos peritos no desenvolvimento de linhas r\u00e1pidas de montagem de componentes el\u00e9tricos.<\/p>\n<p>Proporcionamos solu\u00e7\u00f5es autom\u00e1ticas e linhas de montagem com tecnologias de vanguarda para componentes el\u00e9tricos.[\/vc_column_text][vc_column_text el_class=&#8221;icon_list&#8221;]<\/p>\n<ul>\n<li>Solu\u00e7\u00f5es chave na m\u00e3o e maquinaria fabricada \u00e0 medida para solu\u00e7\u00f5es autom\u00e1ticas<\/li>\n<li>Fabrica\u00e7\u00e3o de maquinaria autom\u00e1tica e\/ou semiautom\u00e1tica para v\u00e1rios componentes el\u00e9tricos<\/li>\n<li>Concep\u00e7\u00e3o, montagem, programa\u00e7\u00e3o e instala\u00e7\u00e3o das linhas de fabrica\u00e7\u00e3o at\u00e9 a recep\u00e7\u00e3o final do projeto, oferecendo um servi\u00e7o completo<\/li>\n<li>Solu\u00e7\u00f5es de alta produtividade, flexibilidade e qualidade<\/li>\n<li>Solu\u00e7\u00f5es de alta velocidade para a montagem e o controle de qualidade de v\u00e1rios produtos<\/li>\n<li>Solu\u00e7\u00f5es personalizadas: a equipe de engenharia da Mondragon Assembly coloca sua experi\u00eancia \u00e0 sua disposi\u00e7\u00e3o para lhe ajudar a desenvolver seu projeto.<\/li>\n<\/ul>\n<p>[\/vc_column_text][\/vc_column][vc_column width=&#8221;1\/2&#8243;][vc_gallery type=&#8221;flexslider_slide&#8221; interval=&#8221;3&#8243; images=&#8221;10150,11353,11362&#8243; img_size=&#8221;full&#8221;][\/vc_column][\/vc_row]<\/p>\n<\/div>","protected":false},"excerpt":{"rendered":"<p>[vc_row][vc_column width=&#8221;1\/2&#8243;][vc_column_text]A Mondragon Assembly \u00e9 uma empresa l\u00edder na concep\u00e7\u00e3o e fabrica\u00e7\u00e3o de solu\u00e7\u00f5es autom\u00e1ticas para a montagem de componentes el\u00e9tricos. Somos peritos no desenvolvimento de linhas r\u00e1pidas de montagem de componentes el\u00e9tricos. Proporcionamos solu\u00e7\u00f5es autom\u00e1ticas e linhas de montagem com tecnologias de vanguarda para componentes el\u00e9tricos.[\/vc_column_text][vc_column_text el_class=&#8221;icon_list&#8221;] Solu\u00e7\u00f5es chave na m\u00e3o e maquinaria fabricada [&hellip;]<\/p>\n","protected":false},"author":4,"featured_media":0,"parent":0,"menu_order":0,"comment_status":"closed","ping_status":"closed","template":"sectors.php","meta":{"_lmt_disableupdate":"","_lmt_disable":"","footnotes":""},"yst_prominent_words":[1869,2120,230,554,1086,1595,1675,1751,1838,1858,1862],"class_list":["post-8476","page","type-page","status-publish","hentry"],"acf":[],"_links":{"self":[{"href":"https:\/\/www.mondragon-assembly.com\/pt-br\/wp-json\/wp\/v2\/pages\/8476","targetHints":{"allow":["GET"]}}],"collection":[{"href":"https:\/\/www.mondragon-assembly.com\/pt-br\/wp-json\/wp\/v2\/pages"}],"about":[{"href":"https:\/\/www.mondragon-assembly.com\/pt-br\/wp-json\/wp\/v2\/types\/page"}],"author":[{"embeddable":true,"href":"https:\/\/www.mondragon-assembly.com\/pt-br\/wp-json\/wp\/v2\/users\/4"}],"replies":[{"embeddable":true,"href":"https:\/\/www.mondragon-assembly.com\/pt-br\/wp-json\/wp\/v2\/comments?post=8476"}],"version-history":[{"count":9,"href":"https:\/\/www.mondragon-assembly.com\/pt-br\/wp-json\/wp\/v2\/pages\/8476\/revisions"}],"predecessor-version":[{"id":34522,"href":"https:\/\/www.mondragon-assembly.com\/pt-br\/wp-json\/wp\/v2\/pages\/8476\/revisions\/34522"}],"wp:attachment":[{"href":"https:\/\/www.mondragon-assembly.com\/pt-br\/wp-json\/wp\/v2\/media?parent=8476"}],"wp:term":[{"taxonomy":"yst_prominent_words","embeddable":true,"href":"https:\/\/www.mondragon-assembly.com\/pt-br\/wp-json\/wp\/v2\/yst_prominent_words?post=8476"}],"curies":[{"name":"wp","href":"https:\/\/api.w.org\/{rel}","templated":true}]}}