{"id":8481,"date":"2016-04-04T08:07:03","date_gmt":"2016-04-04T06:07:03","guid":{"rendered":"https:\/\/www.mondragon-assembly.com\/pt-br\/?page_id=8481"},"modified":"2016-05-27T09:02:52","modified_gmt":"2016-05-27T09:02:52","slug":"cosmetica","status":"publish","type":"page","link":"https:\/\/www.mondragon-assembly.com\/pt-br\/cosmetica\/","title":{"rendered":"Cosm\u00e9tica"},"content":{"rendered":"<div class=\"wpb-content-wrapper\"><p>[vc_row][vc_column width=&#8221;1\/2&#8243;][vc_column_text]A Mondragon Assembly \u00e9 uma empresa l\u00edder na concep\u00e7\u00e3o e fabrica\u00e7\u00e3o de solu\u00e7\u00f5es autom\u00e1ticas para a montagem de produtos cosm\u00e9ticos.<\/p>\n<p>Proporcionamos solu\u00e7\u00f5es autom\u00e1ticas e linhas de montagem com tecnologias de vanguarda para componentes do setor da cosm\u00e9tica.[\/vc_column_text][vc_column_text el_class=&#8221;icon_list&#8221;]<\/p>\n<ul>\n<li>Solu\u00e7\u00f5es chave na m\u00e3o e maquinaria fabricada \u00e0 medida para solu\u00e7\u00f5es autom\u00e1ticas<\/li>\n<li>Fabrica\u00e7\u00e3o de maquinaria autom\u00e1tica e\/ou semiautom\u00e1tica de v\u00e1rios componentes para cosm\u00e9tica<\/li>\n<li>Concep\u00e7\u00e3o, montagem, programa\u00e7\u00e3o e instala\u00e7\u00e3o das linhas de fabrica\u00e7\u00e3o at\u00e9 a recep\u00e7\u00e3o final do projeto, oferecendo um servi\u00e7o completo<\/li>\n<li>Solu\u00e7\u00f5es de alta produtividade, flexibilidade e qualidade<\/li>\n<li>Solu\u00e7\u00f5es de alta velocidade para a montagem e o controle de qualidade de v\u00e1rios produtos<\/li>\n<li>Solu\u00e7\u00f5es personalizadas: a equipe de engenharia da Mondragon Assembly coloca sua experi\u00eancia \u00e0 sua disposi\u00e7\u00e3o para lhe ajudar a desenvolver seu projeto<\/li>\n<li>Conformidade com a norma BPF ISO 22716<\/li>\n<\/ul>\n<p>[\/vc_column_text][\/vc_column][vc_column width=&#8221;1\/2&#8243;][vc_gallery type=&#8221;flexslider_slide&#8221; interval=&#8221;3&#8243; images=&#8221;10182,11441&#8243; img_size=&#8221;full&#8221;][\/vc_column][\/vc_row]<\/p>\n<\/div>","protected":false},"excerpt":{"rendered":"<p>[vc_row][vc_column width=&#8221;1\/2&#8243;][vc_column_text]A Mondragon Assembly \u00e9 uma empresa l\u00edder na concep\u00e7\u00e3o e fabrica\u00e7\u00e3o de solu\u00e7\u00f5es autom\u00e1ticas para a montagem de produtos cosm\u00e9ticos. Proporcionamos solu\u00e7\u00f5es autom\u00e1ticas e linhas de montagem com tecnologias de vanguarda para componentes do setor da cosm\u00e9tica.[\/vc_column_text][vc_column_text el_class=&#8221;icon_list&#8221;] Solu\u00e7\u00f5es chave na m\u00e3o e maquinaria fabricada \u00e0 medida para solu\u00e7\u00f5es autom\u00e1ticas Fabrica\u00e7\u00e3o de maquinaria autom\u00e1tica [&hellip;]<\/p>\n","protected":false},"author":4,"featured_media":0,"parent":0,"menu_order":0,"comment_status":"closed","ping_status":"closed","template":"sectors.php","meta":{"_lmt_disableupdate":"","_lmt_disable":"","footnotes":""},"yst_prominent_words":[],"class_list":["post-8481","page","type-page","status-publish","hentry"],"acf":[],"_links":{"self":[{"href":"https:\/\/www.mondragon-assembly.com\/pt-br\/wp-json\/wp\/v2\/pages\/8481","targetHints":{"allow":["GET"]}}],"collection":[{"href":"https:\/\/www.mondragon-assembly.com\/pt-br\/wp-json\/wp\/v2\/pages"}],"about":[{"href":"https:\/\/www.mondragon-assembly.com\/pt-br\/wp-json\/wp\/v2\/types\/page"}],"author":[{"embeddable":true,"href":"https:\/\/www.mondragon-assembly.com\/pt-br\/wp-json\/wp\/v2\/users\/4"}],"replies":[{"embeddable":true,"href":"https:\/\/www.mondragon-assembly.com\/pt-br\/wp-json\/wp\/v2\/comments?post=8481"}],"version-history":[{"count":3,"href":"https:\/\/www.mondragon-assembly.com\/pt-br\/wp-json\/wp\/v2\/pages\/8481\/revisions"}],"predecessor-version":[{"id":11450,"href":"https:\/\/www.mondragon-assembly.com\/pt-br\/wp-json\/wp\/v2\/pages\/8481\/revisions\/11450"}],"wp:attachment":[{"href":"https:\/\/www.mondragon-assembly.com\/pt-br\/wp-json\/wp\/v2\/media?parent=8481"}],"wp:term":[{"taxonomy":"yst_prominent_words","embeddable":true,"href":"https:\/\/www.mondragon-assembly.com\/pt-br\/wp-json\/wp\/v2\/yst_prominent_words?post=8481"}],"curies":[{"name":"wp","href":"https:\/\/api.w.org\/{rel}","templated":true}]}}