{"id":8561,"date":"2016-04-15T08:57:21","date_gmt":"2016-04-15T06:57:21","guid":{"rendered":"https:\/\/www.mondragon-assembly.com\/pt-br\/?page_id=8561"},"modified":"2021-02-19T20:09:22","modified_gmt":"2021-02-19T18:09:22","slug":"soluciones-de-automatizacion","status":"publish","type":"page","link":"https:\/\/www.mondragon-assembly.com\/pt-br\/setor-automotivo\/productosservicios\/soluciones-de-automatizacion\/","title":{"rendered":"Solu\u00e7\u00f5es de automa\u00e7\u00e3o"},"content":{"rendered":"<div class=\"wpb-content-wrapper\"><p>[vc_row][vc_column][vc_column_text css=&#8221;.vc_custom_1466588292532{padding-bottom: 3px !important;padding-left: 15px !important;background-color: #e8e8e8 !important;}&#8221;]<\/p>\n<h3><span style=\"color: #e20026; line-height: 35px;\">Linha de montagem autom\u00e1tica<\/span><\/h3>\n<p>[\/vc_column_text][\/vc_column][\/vc_row][vc_row][vc_column width=&#8221;1\/2&#8243;][vc_column_text]Linha de montagem autom\u00e1tica turnkey para a montagem e o controle de uma grande variedade de produtos. Nossas solu\u00e7\u00f5es v\u00e3o desde a alimenta\u00e7\u00e3o de pe\u00e7as individuais at\u00e9 o acondicionamento de produtos acabados, junto com todos os controles de qualidades exigidos. A produ\u00e7\u00e3o pode ser monitorada de maneira cont\u00ednua e os dados armazenados em sistemas MES (sistemas de controle de produ\u00e7\u00e3o).<\/p>\n<p>A Mondragon Assembly garante a melhor solu\u00e7\u00e3o em custo, efici\u00eancia e atendimento ao cliente.[\/vc_column_text][\/vc_column][vc_column width=&#8221;1\/2&#8243;][vc_gallery type=&#8221;image_grid&#8221; images=&#8221;5715,12549&#8243; el_class=&#8221;foto_margen&#8221;][\/vc_column][\/vc_row][vc_row][vc_column][vc_column_text css=&#8221;.vc_custom_1463823319890{padding-bottom: 3px !important;padding-left: 15px !important;background-color: #e8e8e8 !important;}&#8221;]<\/p>\n<h3><span style=\"color: #e20026; line-height: 35px;\">M\u00f3dulos lineares<\/span><\/h3>\n<p>[\/vc_column_text][\/vc_column][\/vc_row][vc_row][vc_column][vc_gallery type=&#8221;image_grid&#8221; images=&#8221;8185,8149,8158,8167,8176&#8243; img_size=&#8221;&#8221;][vc_column_text]M\u00f3dulos lineares totalmente autom\u00e1ticos, com a transfer\u00eancia r\u00e1pida da Mondragon integrada. Nossos m\u00f3dulos lineares incluem as mais avan\u00e7adas tecnologias em alimenta\u00e7\u00e3o, manipula\u00e7\u00e3o, produ\u00e7\u00e3o e controle.<\/p>\n<p>A Mondragon Assembly garante a melhor solu\u00e7\u00e3o em custo, efici\u00eancia e atendimento ao cliente.[\/vc_column_text][\/vc_column][\/vc_row][vc_row][vc_column][vc_column_text css=&#8221;.vc_custom_1463823341608{padding-bottom: 3px !important;padding-left: 15px !important;background-color: #e8e8e8 !important;}&#8221;]<\/p>\n<h3><span style=\"color: #e20026; line-height: 35px;\">M\u00f3dulos rotativos<br \/>\n<\/span><\/h3>\n<p>[\/vc_column_text][\/vc_column][\/vc_row][vc_row][vc_column][vc_gallery type=&#8221;image_grid&#8221; images=&#8221;8222,8195,8204,8213&#8243;][vc_column_text]M\u00f3dulos rotativos totalmente autom\u00e1ticos, com pratos indexados ou cont\u00ednuos. Nossos m\u00f3dulos rotativos incluem as mais avan\u00e7adas tecnologias em alimenta\u00e7\u00e3o, manipula\u00e7\u00e3o, produ\u00e7\u00e3o e controle.<\/p>\n<p>A Mondragon Assembly garante a melhor solu\u00e7\u00e3o em custo, efici\u00eancia e atendimento ao cliente.[\/vc_column_text][\/vc_column][\/vc_row][vc_row][vc_column][vc_column_text css=&#8221;.vc_custom_1463823366457{padding-bottom: 3px !important;padding-left: 15px !important;background-color: #e8e8e8 !important;}&#8221;]<\/p>\n<h3><span style=\"color: #e20026; line-height: 35px;\">C\u00e9lulas rob\u00f3ticas<\/span><\/h3>\n<p>[\/vc_column_text][\/vc_column][\/vc_row][vc_row][vc_column][vc_gallery type=&#8221;image_grid&#8221; images=&#8221;5722,5729,5736,5743,5750&#8243; img_size=&#8221;&#8221; el_class=&#8221;foto_margen&#8221;][vc_column_text]Solu\u00e7\u00f5es altamente flex\u00edveis, integradoras e completas para tarefas como alimenta\u00e7\u00e3o, manipula\u00e7\u00e3o, paletiza\u00e7\u00e3o, fabrica\u00e7\u00e3o de precis\u00e3o etc.<\/p>\n<p>A Mondragon Assembly garante a melhor solu\u00e7\u00e3o em custo, efici\u00eancia e atendimento ao cliente.[\/vc_column_text][\/vc_column][\/vc_row][vc_row][vc_column][vc_column_text css=&#8221;.vc_custom_1463823389377{padding-bottom: 3px !important;padding-left: 15px !important;background-color: #e8e8e8 !important;}&#8221;]<\/p>\n<h3><span style=\"color: #e20026; line-height: 35px;\">Sistemas de produ\u00e7\u00e3o lean<\/span><\/h3>\n<p>[\/vc_column_text][\/vc_column][\/vc_row][vc_row][vc_column][vc_gallery type=&#8221;image_grid&#8221; images=&#8221;5757,5764,5771,8283&#8243; img_size=&#8221;&#8221; el_class=&#8221;foto_margen&#8221;][vc_column_text]Linhas de montagem com postos de trabalho semiautom\u00e1ticos para fabrica\u00e7\u00e3o de pe\u00e7as em s\u00e9rie.<\/p>\n<p>Mondragon Assembly garante a melhor solu\u00e7\u00e3o em custo, efici\u00eancia e atendimento ao cliente[\/vc_column_text][\/vc_column][\/vc_row]<\/p>\n<\/div>","protected":false},"excerpt":{"rendered":"<p>[vc_row][vc_column][vc_column_text css=&#8221;.vc_custom_1466588292532{padding-bottom: 3px !important;padding-left: 15px !important;background-color: #e8e8e8 !important;}&#8221;] Linha de montagem autom\u00e1tica [\/vc_column_text][\/vc_column][\/vc_row][vc_row][vc_column width=&#8221;1\/2&#8243;][vc_column_text]Linha de montagem autom\u00e1tica turnkey para a montagem e o controle de uma grande variedade de produtos. Nossas solu\u00e7\u00f5es v\u00e3o desde a alimenta\u00e7\u00e3o de pe\u00e7as individuais at\u00e9 o acondicionamento de produtos acabados, junto com todos os controles de qualidades exigidos. A produ\u00e7\u00e3o [&hellip;]<\/p>\n","protected":false},"author":4,"featured_media":0,"parent":4644,"menu_order":0,"comment_status":"closed","ping_status":"closed","template":"sectors.php","meta":{"_lmt_disableupdate":"","_lmt_disable":"","footnotes":""},"yst_prominent_words":[],"class_list":["post-8561","page","type-page","status-publish","hentry"],"acf":[],"_links":{"self":[{"href":"https:\/\/www.mondragon-assembly.com\/pt-br\/wp-json\/wp\/v2\/pages\/8561","targetHints":{"allow":["GET"]}}],"collection":[{"href":"https:\/\/www.mondragon-assembly.com\/pt-br\/wp-json\/wp\/v2\/pages"}],"about":[{"href":"https:\/\/www.mondragon-assembly.com\/pt-br\/wp-json\/wp\/v2\/types\/page"}],"author":[{"embeddable":true,"href":"https:\/\/www.mondragon-assembly.com\/pt-br\/wp-json\/wp\/v2\/users\/4"}],"replies":[{"embeddable":true,"href":"https:\/\/www.mondragon-assembly.com\/pt-br\/wp-json\/wp\/v2\/comments?post=8561"}],"version-history":[{"count":9,"href":"https:\/\/www.mondragon-assembly.com\/pt-br\/wp-json\/wp\/v2\/pages\/8561\/revisions"}],"predecessor-version":[{"id":33842,"href":"https:\/\/www.mondragon-assembly.com\/pt-br\/wp-json\/wp\/v2\/pages\/8561\/revisions\/33842"}],"up":[{"embeddable":true,"href":"https:\/\/www.mondragon-assembly.com\/pt-br\/wp-json\/wp\/v2\/pages\/4644"}],"wp:attachment":[{"href":"https:\/\/www.mondragon-assembly.com\/pt-br\/wp-json\/wp\/v2\/media?parent=8561"}],"wp:term":[{"taxonomy":"yst_prominent_words","embeddable":true,"href":"https:\/\/www.mondragon-assembly.com\/pt-br\/wp-json\/wp\/v2\/yst_prominent_words?post=8561"}],"curies":[{"name":"wp","href":"https:\/\/api.w.org\/{rel}","templated":true}]}}