{"id":8592,"date":"2016-04-15T08:59:42","date_gmt":"2016-04-15T06:59:42","guid":{"rendered":"https:\/\/www.mondragon-assembly.com\/pt-br\/?page_id=8592"},"modified":"2016-05-21T09:53:31","modified_gmt":"2016-05-21T09:53:31","slug":"exterior","status":"publish","type":"page","link":"https:\/\/www.mondragon-assembly.com\/pt-br\/setor-automotivo\/aplicaciones\/exterior\/","title":{"rendered":"Exterior"},"content":{"rendered":"<div class=\"wpb-content-wrapper\"><p>[vc_row][vc_column][vc_column_text el_class=&#8221;title_lineas&#8221;]<\/p>\n<h4><span style=\"color: #e20026;\">Produtos<\/span><\/h4>\n<p>[\/vc_column_text][vc_row_inner][vc_column_inner width=&#8221;1\/2&#8243;][vc_column_text el_class=&#8221;icon_list&#8221;]<\/p>\n<ul>\n<li>Luzes\n<ul>\n<li>Frontais<\/li>\n<li>Traseiras<\/li>\n<li>Do porta-malas<\/li>\n<li>Faixas de LED<\/li>\n<\/ul>\n<\/li>\n<li>Teto solar<\/li>\n<li>Para-brisa<\/li>\n<\/ul>\n<p>[\/vc_column_text][\/vc_column_inner][vc_column_inner width=&#8221;1\/2&#8243;][vc_column_text el_class=&#8221;icon_list&#8221;]<\/p>\n<ul>\n<li>PCBs<\/li>\n<li>Sensores\n<ul>\n<li>Press\u00e3o das rodas<\/li>\n<li>Posi\u00e7\u00e3o do pedal<\/li>\n<li>Torque-\u00e2ngulo<\/li>\n<li>Transmiss\u00e3o<\/li>\n<\/ul>\n<\/li>\n<li>Espelhos retrovisores<\/li>\n<\/ul>\n<p>[\/vc_column_text][\/vc_column_inner][\/vc_row_inner][\/vc_column][\/vc_row][vc_row][vc_column][vc_column_text css=&#8221;.vc_custom_1463824149320{padding-bottom: 3px !important;padding-left: 15px !important;background-color: #e8e8e8 !important;}&#8221;]<\/p>\n<h3><span style=\"color: #e20026; line-height: 35px;\">Luzes dianteiras e traseiras<br \/>\n<\/span><\/h3>\n<p>[\/vc_column_text][vc_row_inner][vc_column_inner][vc_gallery type=&#8221;image_grid&#8221; images=&#8221;2311,2310,2312&#8243; el_class=&#8221;foto_margen&#8221;][\/vc_column_inner][\/vc_row_inner][vc_row_inner][vc_column_inner width=&#8221;1\/3&#8243;][vc_column_text el_class=&#8221;title_lineas&#8221;]<\/p>\n<h4><span style=\"color: #e20026;\">Configura\u00e7\u00e3o da solu\u00e7\u00e3o<br \/>\n<\/span><\/h4>\n<p>[\/vc_column_text][vc_column_text el_class=&#8221;icon_list&#8221;]<\/p>\n<ul>\n<li>M\u00faltiplas esta\u00e7\u00f5es semiautom\u00e1ticas<\/li>\n<li>Opera\u00e7\u00f5es de aparafusamento e montagem<\/li>\n<li>Teste el\u00e9trico e de vazamento<\/li>\n<\/ul>\n<p>[\/vc_column_text][\/vc_column_inner][vc_column_inner width=&#8221;1\/3&#8243;][vc_column_text el_class=&#8221;title_lineas&#8221;]<\/p>\n<h4><span style=\"color: #e20026;\">Processo<\/span><\/h4>\n<p>[\/vc_column_text][vc_column_text el_class=&#8221;icon_list&#8221;]<\/p>\n<ul>\n<li>Aparafusamento manual\/autom\u00e1tico<\/li>\n<li>Montagem manual de componentes<\/li>\n<li>Teste de vazamento<\/li>\n<li>Coloca\u00e7\u00e3o manual de l\u00e2mpadas<\/li>\n<li>Teste el\u00e9trico<\/li>\n<li>Teste de vis\u00e3o<\/li>\n<\/ul>\n<p>[\/vc_column_text][\/vc_column_inner][vc_column_inner width=&#8221;1\/3&#8243;][vc_column_text el_class=&#8221;title_lineas&#8221;]<\/p>\n<h4><span style=\"color: #e20026;\">Dados t\u00e9cnicos<\/span><\/h4>\n<p>[\/vc_column_text][vc_column_text el_class=&#8221;icon_list&#8221;]<\/p>\n<ul>\n<li>Tempo do ciclo: 25\u00a0s<\/li>\n<li>Torque de aparafusamento = 1\u20136\u00a0Nm<\/li>\n<li>Tempo do teste de vazamento: 15\u00a0s<\/li>\n<li>Press\u00e3o de teste = 1\u00a0psi<\/li>\n<li>Intervalo de press\u00e3o = 10\u00a0sccm<\/li>\n<li>Medi\u00e7\u00e3o de corrente = 0,5\u20136\u00a0A<\/li>\n<\/ul>\n<p>[\/vc_column_text][\/vc_column_inner][\/vc_row_inner][\/vc_column][\/vc_row][vc_row][vc_column][vc_column_text css=&#8221;.vc_custom_1463824225912{padding-bottom: 3px !important;padding-left: 15px !important;background-color: #e8e8e8 !important;}&#8221;]<\/p>\n<h3><span style=\"color: #e20026; line-height: 35px;\">Teto solar<\/span><\/h3>\n<p>[\/vc_column_text][vc_gallery type=&#8221;image_grid&#8221; images=&#8221;2315,2313,2318,2316&#8243; img_size=&#8221;&#8221; el_class=&#8221;foto_margen&#8221;][vc_row_inner][vc_column_inner width=&#8221;1\/3&#8243;][vc_column_text el_class=&#8221;title_lineas&#8221;]<\/p>\n<h4><span style=\"color: #e20026;\">Configura\u00e7\u00e3o da solu\u00e7\u00e3o<br \/>\n<\/span><\/h4>\n<p>[\/vc_column_text][vc_column_text el_class=&#8221;icon_list&#8221;]<\/p>\n<ul>\n<li>3 esta\u00e7\u00f5es fora da linha de pr\u00e9-montagem<\/li>\n<li>3 esta\u00e7\u00f5es na linha de montagem<\/li>\n<li>2 c\u00e9lulas rob\u00f3ticas, uma para limpeza e outra para aplica\u00e7\u00e3o de hot melt e montagem final<\/li>\n<li>Esta\u00e7\u00e3o de ajuste do vidro<\/li>\n<li>Teste funcional<\/li>\n<\/ul>\n<p>[\/vc_column_text][\/vc_column_inner][vc_column_inner width=&#8221;1\/3&#8243;][vc_column_text el_class=&#8221;title_lineas&#8221;]<\/p>\n<h4><span style=\"color: #e20026;\">Processo<\/span><\/h4>\n<p>[\/vc_column_text][vc_column_text el_class=&#8221;icon_list&#8221;]<\/p>\n<ul>\n<li>Prepara\u00e7\u00e3o de trilhos e rolo<\/li>\n<li>Montagem de mecanismos de trilhos<\/li>\n<li>Normaliza\u00e7\u00e3o e montagem do motor<\/li>\n<li>Limpeza e aplica\u00e7\u00e3o de primer por meio de rob\u00f4<\/li>\n<li>Cura<\/li>\n<li>Dosagem de adesivo e colagem de PC cover<\/li>\n<li>Ajuste e aparafusamento do vidro<\/li>\n<li>Teste de consumo, for\u00e7a e ru\u00eddo do movimento do vidro<\/li>\n<li>Descarga<\/li>\n<\/ul>\n<p>[\/vc_column_text][\/vc_column_inner][vc_column_inner width=&#8221;1\/3&#8243;][vc_column_text el_class=&#8221;title_lineas&#8221;]<\/p>\n<h4><span style=\"color: #e20026;\">Dados t\u00e9cnicos<\/span><\/h4>\n<p>[\/vc_column_text][vc_column_text el_class=&#8221;icon_list&#8221;]<\/p>\n<ul>\n<li>Tempo do ciclo: 5\u00a0minutos<\/li>\n<li>2x rob\u00f4s de 6 eixos<\/li>\n<li>Rastreabilidade de produto<\/li>\n<li>Montagem do marco e PC cover com uma toler\u00e2ncia inferior a 0,2\u00a0mm<\/li>\n<li>Toler\u00e2ncia permitida para a montagem do vidro: 0,1\u00a0mm<\/li>\n<\/ul>\n<p>[\/vc_column_text][\/vc_column_inner][\/vc_row_inner][\/vc_column][\/vc_row][vc_row][vc_column][vc_column_text css=&#8221;.vc_custom_1463824262072{padding-bottom: 3px !important;padding-left: 15px !important;background-color: #e8e8e8 !important;}&#8221;]<\/p>\n<h3><span style=\"color: #e20026; line-height: 35px;\">Microatuador da tampa de combust\u00edvel<\/span><\/h3>\n<p>[\/vc_column_text][vc_gallery type=&#8221;image_grid&#8221; images=&#8221;2326,2324,2325,2327&#8243; img_size=&#8221;&#8221; el_class=&#8221;foto_margen&#8221;][vc_row_inner][vc_column_inner width=&#8221;1\/3&#8243;][vc_column_text el_class=&#8221;title_lineas&#8221;]<\/p>\n<h4><span style=\"color: #e20026;\">Configura\u00e7\u00e3o da solu\u00e7\u00e3o<br \/>\n<\/span><\/h4>\n<p>[\/vc_column_text][vc_column_text el_class=&#8221;icon_list&#8221;]<\/p>\n<ul>\n<li>3 esta\u00e7\u00f5es semiautom\u00e1ticas de montagem<\/li>\n<li>1 teste de vazamento e marca\u00e7\u00e3o a laser<\/li>\n<li>1 teste de fim de linha<\/li>\n<\/ul>\n<p>[\/vc_column_text][\/vc_column_inner][vc_column_inner width=&#8221;1\/3&#8243;][vc_column_text el_class=&#8221;title_lineas&#8221;]<\/p>\n<h4><span style=\"color: #e20026;\">Processo<\/span><\/h4>\n<p>[\/vc_column_text][vc_column_text el_class=&#8221;icon_list&#8221;]<\/p>\n<ul>\n<li>Inser\u00e7\u00e3o do motor e terminais no corpo de pl\u00e1stico (controle de for\u00e7a vs. dist\u00e2ncia)<\/li>\n<li>Lubrifica\u00e7\u00e3o de engrenagens e eixo<\/li>\n<li>Soldagem a laser de corpo e tampa pl\u00e1sticos<\/li>\n<li>Teste de vazamento e marca\u00e7\u00e3o a laser<\/li>\n<li>Prensagem de gatilhos no eixo<\/li>\n<li>Teste funcional: tempo de ativa\u00e7\u00e3o e desativa\u00e7\u00e3o, medi\u00e7\u00e3o de corrente e tens\u00e3o. Interface VB NET<\/li>\n<\/ul>\n<p>[\/vc_column_text][\/vc_column_inner][vc_column_inner width=&#8221;1\/3&#8243;][vc_column_text el_class=&#8221;title_lineas&#8221;]<\/p>\n<h4><span style=\"color: #e20026;\">Dados t\u00e9cnicos<\/span><\/h4>\n<p>[\/vc_column_text][vc_column_text el_class=&#8221;icon_list&#8221;]<\/p>\n<ul>\n<li>Tempo do ciclo: 16\u00a0s<\/li>\n<li>Poka-yokes para todos os componentes<\/li>\n<li>Detec\u00e7\u00e3o de vers\u00e3o<\/li>\n<li>Controle de for\u00e7a vs. dist\u00e2ncia<\/li>\n<li>Pull test em linha<\/li>\n<li>Avalia\u00e7\u00e3o da posi\u00e7\u00e3o angular com aquisi\u00e7\u00f5es em milissegundos<\/li>\n<\/ul>\n<p>[\/vc_column_text][\/vc_column_inner][\/vc_row_inner][\/vc_column][\/vc_row][vc_row][vc_column][vc_column_text css=&#8221;.vc_custom_1463824331841{padding-bottom: 3px !important;padding-left: 15px !important;background-color: #e8e8e8 !important;}&#8221;]<\/p>\n<h3><span style=\"color: #e20026; line-height: 35px;\">Sensor de press\u00e3o de ar<br \/>\n<\/span><\/h3>\n<p>[\/vc_column_text][vc_gallery type=&#8221;image_grid&#8221; images=&#8221;2329,2330,8431&#8243; img_size=&#8221;&#8221; el_class=&#8221;foto_margen&#8221;][vc_row_inner][vc_column_inner width=&#8221;1\/3&#8243;][vc_column_text el_class=&#8221;title_lineas&#8221;]<\/p>\n<h4><span style=\"color: #e20026;\">Configura\u00e7\u00e3o da solu\u00e7\u00e3o<br \/>\n<\/span><\/h4>\n<p>[\/vc_column_text][vc_column_text el_class=&#8221;icon_list&#8221;]<\/p>\n<ul>\n<li>Linhas totalmente autom\u00e1ticas<\/li>\n<li>V\u00e1rias esta\u00e7\u00f5es autom\u00e1ticas unidas por esteiras autom\u00e1ticas<\/li>\n<li>Transporte do produto em pallets sobre esteira<\/li>\n<\/ul>\n<p>[\/vc_column_text][\/vc_column_inner][vc_column_inner width=&#8221;1\/3&#8243;][vc_column_text el_class=&#8221;title_lineas&#8221;]<\/p>\n<h4><span style=\"color: #e20026;\">Processo<\/span><\/h4>\n<p>[\/vc_column_text][vc_column_text el_class=&#8221;icon_list&#8221;]<\/p>\n<ul>\n<li>Carga do corpo<\/li>\n<li>Carga de PCBs<\/li>\n<li>Carga de baterias<\/li>\n<li>Esta\u00e7\u00e3o de soldagem e controle visual<\/li>\n<li>Esfriamento<\/li>\n<li>Esta\u00e7\u00e3o de teste e marca\u00e7\u00e3o a laser<\/li>\n<li>Carga da tampa<\/li>\n<li>Montagem da tampa, soldagem a laser e teste de vazamento<\/li>\n<li>Teste final<\/li>\n<li>Descarga de produto terminado<\/li>\n<\/ul>\n<p>[\/vc_column_text][\/vc_column_inner][vc_column_inner width=&#8221;1\/3&#8243;][vc_column_text el_class=&#8221;title_lineas&#8221;]<\/p>\n<h4><span style=\"color: #e20026;\">Dados t\u00e9cnicos<\/span><\/h4>\n<p>[\/vc_column_text][vc_column_text el_class=&#8221;icon_list&#8221;]<\/p>\n<ul>\n<li>Tempo do ciclo: 5\u00a0s<\/li>\n<li>OEE: 99,75%<\/li>\n<li>Autonomia: 20\u00a0min<\/li>\n<li>M\u00faltiplas receitas de processo<\/li>\n<li>Troca de modelo r\u00e1pida e simples<\/li>\n<li>F\u00e1cil manuten\u00e7\u00e3o<\/li>\n<\/ul>\n<p>[\/vc_column_text][\/vc_column_inner][\/vc_row_inner][\/vc_column][\/vc_row]<\/p>\n<\/div>","protected":false},"excerpt":{"rendered":"<p>[vc_row][vc_column][vc_column_text el_class=&#8221;title_lineas&#8221;] Produtos [\/vc_column_text][vc_row_inner][vc_column_inner width=&#8221;1\/2&#8243;][vc_column_text el_class=&#8221;icon_list&#8221;] Luzes Frontais Traseiras Do porta-malas Faixas de LED Teto solar Para-brisa [\/vc_column_text][\/vc_column_inner][vc_column_inner width=&#8221;1\/2&#8243;][vc_column_text el_class=&#8221;icon_list&#8221;] PCBs Sensores Press\u00e3o das rodas Posi\u00e7\u00e3o do pedal Torque-\u00e2ngulo Transmiss\u00e3o Espelhos retrovisores [\/vc_column_text][\/vc_column_inner][\/vc_row_inner][\/vc_column][\/vc_row][vc_row][vc_column][vc_column_text css=&#8221;.vc_custom_1463824149320{padding-bottom: 3px !important;padding-left: 15px !important;background-color: #e8e8e8 !important;}&#8221;] Luzes dianteiras e traseiras [\/vc_column_text][vc_row_inner][vc_column_inner][vc_gallery type=&#8221;image_grid&#8221; images=&#8221;2311,2310,2312&#8243; el_class=&#8221;foto_margen&#8221;][\/vc_column_inner][\/vc_row_inner][vc_row_inner][vc_column_inner width=&#8221;1\/3&#8243;][vc_column_text el_class=&#8221;title_lineas&#8221;] Configura\u00e7\u00e3o da solu\u00e7\u00e3o [\/vc_column_text][vc_column_text el_class=&#8221;icon_list&#8221;] [&hellip;]<\/p>\n","protected":false},"author":4,"featured_media":0,"parent":8590,"menu_order":0,"comment_status":"closed","ping_status":"closed","template":"sectors.php","meta":{"_lmt_disableupdate":"","_lmt_disable":"","footnotes":""},"yst_prominent_words":[],"class_list":["post-8592","page","type-page","status-publish","hentry"],"acf":[],"_links":{"self":[{"href":"https:\/\/www.mondragon-assembly.com\/pt-br\/wp-json\/wp\/v2\/pages\/8592","targetHints":{"allow":["GET"]}}],"collection":[{"href":"https:\/\/www.mondragon-assembly.com\/pt-br\/wp-json\/wp\/v2\/pages"}],"about":[{"href":"https:\/\/www.mondragon-assembly.com\/pt-br\/wp-json\/wp\/v2\/types\/page"}],"author":[{"embeddable":true,"href":"https:\/\/www.mondragon-assembly.com\/pt-br\/wp-json\/wp\/v2\/users\/4"}],"replies":[{"embeddable":true,"href":"https:\/\/www.mondragon-assembly.com\/pt-br\/wp-json\/wp\/v2\/comments?post=8592"}],"version-history":[{"count":1,"href":"https:\/\/www.mondragon-assembly.com\/pt-br\/wp-json\/wp\/v2\/pages\/8592\/revisions"}],"predecessor-version":[{"id":8593,"href":"https:\/\/www.mondragon-assembly.com\/pt-br\/wp-json\/wp\/v2\/pages\/8592\/revisions\/8593"}],"up":[{"embeddable":true,"href":"https:\/\/www.mondragon-assembly.com\/pt-br\/wp-json\/wp\/v2\/pages\/8590"}],"wp:attachment":[{"href":"https:\/\/www.mondragon-assembly.com\/pt-br\/wp-json\/wp\/v2\/media?parent=8592"}],"wp:term":[{"taxonomy":"yst_prominent_words","embeddable":true,"href":"https:\/\/www.mondragon-assembly.com\/pt-br\/wp-json\/wp\/v2\/yst_prominent_words?post=8592"}],"curies":[{"name":"wp","href":"https:\/\/api.w.org\/{rel}","templated":true}]}}