{"id":8604,"date":"2016-04-18T11:12:41","date_gmt":"2016-04-18T09:12:41","guid":{"rendered":"https:\/\/www.mondragon-assembly.com\/pt-br\/?page_id=8604"},"modified":"2016-05-21T09:57:42","modified_gmt":"2016-05-21T09:57:42","slug":"interior","status":"publish","type":"page","link":"https:\/\/www.mondragon-assembly.com\/pt-br\/setor-automotivo\/aplicaciones\/interior\/","title":{"rendered":"Interior"},"content":{"rendered":"<div class=\"wpb-content-wrapper\"><p>[vc_row][vc_column][vc_column_text el_class=&#8221;title_lineas&#8221;]<\/p>\n<h4><span style=\"color: #e20026;\">Produtos<\/span><\/h4>\n<p>[\/vc_column_text][vc_row_inner][vc_column_inner width=&#8221;1\/2&#8243;][vc_column_text el_class=&#8221;icon_list&#8221;]<\/p>\n<ul>\n<li>Portas\n<ul>\n<li>Puxadores<\/li>\n<li>Elevadores de vidro<\/li>\n<li>Fechaduras<\/li>\n<li>Chaves autom\u00e1ticas<\/li>\n<\/ul>\n<\/li>\n<li>Painel de controle central<\/li>\n<li>Painel de comandos<\/li>\n<\/ul>\n<p>[\/vc_column_text][\/vc_column_inner][vc_column_inner width=&#8221;1\/2&#8243;][vc_column_text el_class=&#8221;icon_list&#8221;]<\/p>\n<ul>\n<li>Volante<\/li>\n<li>Controles do volante<\/li>\n<li>Assentos<\/li>\n<li>Encostos de cabe\u00e7a<\/li>\n<li>Apoios de bra\u00e7o<\/li>\n<li>Sistema de \u00e1udio<\/li>\n<li>Consoles de controle de luzes internas<\/li>\n<\/ul>\n<p>[\/vc_column_text][\/vc_column_inner][\/vc_row_inner][\/vc_column][\/vc_row][vc_row][vc_column][vc_column_text css=&#8221;.vc_custom_1463824484832{padding-bottom: 3px !important;padding-left: 15px !important;background-color: #e8e8e8 !important;}&#8221;]<\/p>\n<h3><span style=\"color: #e20026; line-height: 35px;\">Painel de controle central<\/span><\/h3>\n<p>[\/vc_column_text][vc_row_inner][vc_column_inner][vc_gallery type=&#8221;image_grid&#8221; images=&#8221;2299,2300,2298&#8243; el_class=&#8221;foto_margen&#8221;][\/vc_column_inner][\/vc_row_inner][vc_row_inner][vc_column_inner width=&#8221;1\/3&#8243;][vc_column_text el_class=&#8221;title_lineas&#8221;]<\/p>\n<h4><span style=\"color: #e20026;\">Configura\u00e7\u00e3o da solu\u00e7\u00e3o<br \/>\n<\/span><\/h4>\n<p>[\/vc_column_text][vc_column_text el_class=&#8221;icon_list&#8221;]<\/p>\n<ul>\n<li>2 esta\u00e7\u00f5es fora de linha<\/li>\n<li>5 esta\u00e7\u00f5es semiautom\u00e1ticas de montagem em linha<\/li>\n<li>1 teste de final de linha<\/li>\n<li>Gerenciamento de pe\u00e7as em pratos sobre transportador manual<\/li>\n<\/ul>\n<p>[\/vc_column_text][\/vc_column_inner][vc_column_inner width=&#8221;1\/3&#8243;][vc_column_text el_class=&#8221;title_lineas&#8221;]<\/p>\n<h4><span style=\"color: #e20026;\">Processo<\/span><\/h4>\n<p>[\/vc_column_text][vc_column_text el_class=&#8221;icon_list&#8221;]<\/p>\n<ul>\n<li>Coloca\u00e7\u00e3o manual de bot\u00f5es, atuadores e guias de luz<\/li>\n<li>Prensa de corte de guias de luz<\/li>\n<li>Clipagem de bot\u00f5es<\/li>\n<li>Teste de vis\u00e3o<\/li>\n<li>Esta\u00e7\u00e3o de aparafusamento<\/li>\n<\/ul>\n<p>[\/vc_column_text][\/vc_column_inner][vc_column_inner width=&#8221;1\/3&#8243;][vc_column_text el_class=&#8221;title_lineas&#8221;]<\/p>\n<h4><span style=\"color: #e20026;\">Dados t\u00e9cnicos<\/span><\/h4>\n<p>[\/vc_column_text][vc_column_text el_class=&#8221;icon_list&#8221;]<\/p>\n<ul>\n<li>Tempo do ciclo: 90\u00a0s<\/li>\n<li>Presen\u00e7a de componentes<\/li>\n<li>Intensidade da luz<\/li>\n<li>Configura\u00e7\u00e3o Ethernet para o sistema de vis\u00e3o<\/li>\n<li>Comunica\u00e7\u00f5es CAN bus com o painel frontal<\/li>\n<\/ul>\n<p>[\/vc_column_text][\/vc_column_inner][\/vc_row_inner][\/vc_column][\/vc_row][vc_row][vc_column][vc_column_text css=&#8221;.vc_custom_1463824540769{padding-bottom: 3px !important;padding-left: 15px !important;background-color: #e8e8e8 !important;}&#8221;]<\/p>\n<h3><span style=\"color: #e20026; line-height: 35px;\">Painel de comandos<\/span><\/h3>\n<p>[\/vc_column_text][vc_gallery type=&#8221;image_grid&#8221; images=&#8221;2301,2303,2302&#8243; img_size=&#8221;&#8221; el_class=&#8221;foto_margen&#8221;][vc_row_inner][vc_column_inner width=&#8221;1\/3&#8243;][vc_column_text el_class=&#8221;title_lineas&#8221;]<\/p>\n<h4><span style=\"color: #e20026;\">Configura\u00e7\u00e3o da solu\u00e7\u00e3o<br \/>\n<\/span><\/h4>\n<p>[\/vc_column_text][vc_column_text el_class=&#8221;icon_list&#8221;]<\/p>\n<ul>\n<li>12 esta\u00e7\u00f5es semiautom\u00e1ticas<\/li>\n<li>2 testers de fim de linha<\/li>\n<li>2 EOL testers<\/li>\n<li>Rastreamento total<\/li>\n<\/ul>\n<p>[\/vc_column_text][\/vc_column_inner][vc_column_inner width=&#8221;1\/3&#8243;][vc_column_text el_class=&#8221;title_lineas&#8221;]<\/p>\n<h4><span style=\"color: #e20026;\">Processo<\/span><\/h4>\n<p>[\/vc_column_text][vc_column_text el_class=&#8221;icon_list&#8221;]<\/p>\n<ul>\n<li>Parafusadeira autom\u00e1tica<\/li>\n<li>Medi\u00e7\u00e3o da posi\u00e7\u00e3o de clips<\/li>\n<li>Teste de vis\u00e3o<\/li>\n<li>Teste el\u00e9trico<\/li>\n<li>Teste funcional<\/li>\n<\/ul>\n<p>[\/vc_column_text][\/vc_column_inner][vc_column_inner width=&#8221;1\/3&#8243;][vc_column_text el_class=&#8221;title_lineas&#8221;]<\/p>\n<h4><span style=\"color: #e20026;\">Dados t\u00e9cnicos<\/span><\/h4>\n<p>[\/vc_column_text][vc_column_text el_class=&#8221;icon_list&#8221;]<\/p>\n<ul>\n<li>Tempo do ciclo: 30\u00a0s<\/li>\n<li>Linha de montagem de 2 modelos<\/li>\n<li>Teste de vis\u00e3o de inser\u00e7\u00e3o correta de agulhas<\/li>\n<li>Aparafusamento autom\u00e1tico T=0,8\u00a0Nm<\/li>\n<li>Rastreabilidade mediante Ethernet<\/li>\n<li>Teste de comunica\u00e7\u00e3o CAN<\/li>\n<\/ul>\n<p>[\/vc_column_text][\/vc_column_inner][\/vc_row_inner][\/vc_column][\/vc_row][vc_row][vc_column][vc_column_text css=&#8221;.vc_custom_1463824600673{padding-bottom: 3px !important;padding-left: 15px !important;background-color: #e8e8e8 !important;}&#8221;]<\/p>\n<h3><span style=\"color: #e20026; line-height: 35px;\">Puxadores das portas<br \/>\n<\/span><\/h3>\n<p>[\/vc_column_text][vc_gallery type=&#8221;image_grid&#8221; images=&#8221;2306,2305&#8243; img_size=&#8221;&#8221; el_class=&#8221;foto_margen&#8221;][vc_row_inner][vc_column_inner width=&#8221;1\/3&#8243;][vc_column_text el_class=&#8221;title_lineas&#8221;]<\/p>\n<h4><span style=\"color: #e20026;\">Configura\u00e7\u00e3o da solu\u00e7\u00e3o<br \/>\n<\/span><\/h4>\n<p>[\/vc_column_text][vc_column_text el_class=&#8221;icon_list&#8221;]<\/p>\n<ul>\n<li>1 esta\u00e7\u00e3o semiautom\u00e1tica<\/li>\n<li>Rebitagem e teste funcional na mesma esta\u00e7\u00e3o<\/li>\n<\/ul>\n<p>[\/vc_column_text][\/vc_column_inner][vc_column_inner width=&#8221;1\/3&#8243;][vc_column_text el_class=&#8221;title_lineas&#8221;]<\/p>\n<h4><span style=\"color: #e20026;\">Processo<\/span><\/h4>\n<p>[\/vc_column_text][vc_column_text el_class=&#8221;icon_list&#8221;]<\/p>\n<ul>\n<li>Sele\u00e7\u00e3o de modelo LH ou RH<\/li>\n<li>O operador carrega os componentes pr\u00e9-montados em um dos alojamentos<\/li>\n<li>Rebitagem ultrass\u00f4nica na esta\u00e7\u00e3o 2<\/li>\n<li>Teste funcional da alavanca por meio de transdutor linear na esta\u00e7\u00e3o 3<\/li>\n<li>Descarga de pe\u00e7as boas\/ruins na esta\u00e7\u00e3o 4<\/li>\n<\/ul>\n<p>[\/vc_column_text][\/vc_column_inner][vc_column_inner width=&#8221;1\/3&#8243;][vc_column_text el_class=&#8221;title_lineas&#8221;]<\/p>\n<h4><span style=\"color: #e20026;\">Dados t\u00e9cnicos<\/span><\/h4>\n<p>[\/vc_column_text][vc_column_text el_class=&#8221;icon_list&#8221;]<\/p>\n<ul>\n<li>Tempo do ciclo: 6\u00a0s<\/li>\n<li>Equipamento de rebitagem ultrass\u00f4nica<\/li>\n<li>Teste funcional<\/li>\n<\/ul>\n<p>[\/vc_column_text][\/vc_column_inner][\/vc_row_inner][\/vc_column][\/vc_row]<\/p>\n<\/div>","protected":false},"excerpt":{"rendered":"<p>[vc_row][vc_column][vc_column_text el_class=&#8221;title_lineas&#8221;] Produtos [\/vc_column_text][vc_row_inner][vc_column_inner width=&#8221;1\/2&#8243;][vc_column_text el_class=&#8221;icon_list&#8221;] Portas Puxadores Elevadores de vidro Fechaduras Chaves autom\u00e1ticas Painel de controle central Painel de comandos [\/vc_column_text][\/vc_column_inner][vc_column_inner width=&#8221;1\/2&#8243;][vc_column_text el_class=&#8221;icon_list&#8221;] Volante Controles do volante Assentos Encostos de cabe\u00e7a Apoios de bra\u00e7o Sistema de \u00e1udio Consoles de controle de luzes internas [\/vc_column_text][\/vc_column_inner][\/vc_row_inner][\/vc_column][\/vc_row][vc_row][vc_column][vc_column_text css=&#8221;.vc_custom_1463824484832{padding-bottom: 3px !important;padding-left: 15px !important;background-color: #e8e8e8 !important;}&#8221;] Painel de controle [&hellip;]<\/p>\n","protected":false},"author":4,"featured_media":0,"parent":8590,"menu_order":0,"comment_status":"closed","ping_status":"closed","template":"sectors.php","meta":{"_lmt_disableupdate":"","_lmt_disable":"","footnotes":""},"yst_prominent_words":[],"class_list":["post-8604","page","type-page","status-publish","hentry"],"acf":[],"_links":{"self":[{"href":"https:\/\/www.mondragon-assembly.com\/pt-br\/wp-json\/wp\/v2\/pages\/8604","targetHints":{"allow":["GET"]}}],"collection":[{"href":"https:\/\/www.mondragon-assembly.com\/pt-br\/wp-json\/wp\/v2\/pages"}],"about":[{"href":"https:\/\/www.mondragon-assembly.com\/pt-br\/wp-json\/wp\/v2\/types\/page"}],"author":[{"embeddable":true,"href":"https:\/\/www.mondragon-assembly.com\/pt-br\/wp-json\/wp\/v2\/users\/4"}],"replies":[{"embeddable":true,"href":"https:\/\/www.mondragon-assembly.com\/pt-br\/wp-json\/wp\/v2\/comments?post=8604"}],"version-history":[{"count":1,"href":"https:\/\/www.mondragon-assembly.com\/pt-br\/wp-json\/wp\/v2\/pages\/8604\/revisions"}],"predecessor-version":[{"id":8608,"href":"https:\/\/www.mondragon-assembly.com\/pt-br\/wp-json\/wp\/v2\/pages\/8604\/revisions\/8608"}],"up":[{"embeddable":true,"href":"https:\/\/www.mondragon-assembly.com\/pt-br\/wp-json\/wp\/v2\/pages\/8590"}],"wp:attachment":[{"href":"https:\/\/www.mondragon-assembly.com\/pt-br\/wp-json\/wp\/v2\/media?parent=8604"}],"wp:term":[{"taxonomy":"yst_prominent_words","embeddable":true,"href":"https:\/\/www.mondragon-assembly.com\/pt-br\/wp-json\/wp\/v2\/yst_prominent_words?post=8604"}],"curies":[{"name":"wp","href":"https:\/\/api.w.org\/{rel}","templated":true}]}}