{"id":8617,"date":"2016-04-15T08:59:16","date_gmt":"2016-04-15T06:59:16","guid":{"rendered":"https:\/\/www.mondragon-assembly.com\/pt-br\/?page_id=8617"},"modified":"2016-05-21T10:04:28","modified_gmt":"2016-05-21T10:04:28","slug":"powertrain","status":"publish","type":"page","link":"https:\/\/www.mondragon-assembly.com\/pt-br\/setor-automotivo\/aplicaciones\/powertrain\/","title":{"rendered":"Powertrain"},"content":{"rendered":"<div class=\"wpb-content-wrapper\"><p>[vc_row][vc_column][vc_column_text el_class=&#8221;title_lineas&#8221;]<\/p>\n<h4><span style=\"color: #e20026;\">Produtos<\/span><\/h4>\n<p>[\/vc_column_text][vc_row_inner][vc_column_inner width=&#8221;1\/2&#8243;][vc_column_text el_class=&#8221;icon_list&#8221;]<\/p>\n<ul>\n<li>EGR (recircula\u00e7\u00e3o de gases de escape)<\/li>\n<li>Sistemas de inje\u00e7\u00e3o\n<ul>\n<li>Injetores de combust\u00edvel<\/li>\n<li>Common rail<\/li>\n<li>Filtro de combust\u00edvel<\/li>\n<li>ECU (unidade de controle eletr\u00f4nica)<\/li>\n<\/ul>\n<\/li>\n<li>Sistema de igni\u00e7\u00e3o<\/li>\n<li>Atuadores de escape de ar\n<ul>\n<li>A v\u00e1cuo<\/li>\n<li>El\u00e9trico<\/li>\n<\/ul>\n<\/li>\n<li>V\u00e1lvula de recircula\u00e7\u00e3o<\/li>\n<li>Bomba de v\u00e1cuo<\/li>\n<li>M\u00f3dulo de \u00f3leo<\/li>\n<li>Filtro de \u00f3leo<\/li>\n<li>Filtro de cat\u00e1lise<\/li>\n<\/ul>\n<p>[\/vc_column_text][\/vc_column_inner][vc_column_inner width=&#8221;1\/2&#8243;][vc_column_text el_class=&#8221;icon_list&#8221;]<\/p>\n<ul>\n<li>Jantes<\/li>\n<li>M\u00f3dulos de pot\u00eancia<\/li>\n<li>Sensor de coluna de dire\u00e7\u00e3o<\/li>\n<li>Motores el\u00e9tricos<\/li>\n<li>Motores do limpador de para-brisa<\/li>\n<li>Estatores<\/li>\n<li>Rolamentos:\n<ul>\n<li>De esferas de uma fileira<\/li>\n<li>C\u00f4nicos<\/li>\n<li>De rolos de duas fileiras<\/li>\n<\/ul>\n<\/li>\n<li>ECU (unidade de controle eletr\u00f4nica)<\/li>\n<li>Tanque de combust\u00edvel<\/li>\n<li>Porta-mancais<\/li>\n<li>Conex\u00e3o de transmiss\u00e3o<\/li>\n<li>Alternador<\/li>\n<\/ul>\n<p>[\/vc_column_text][\/vc_column_inner][\/vc_row_inner][\/vc_column][\/vc_row][vc_row][vc_column][vc_column_text css=&#8221;.vc_custom_1463824785089{padding-bottom: 3px !important;padding-left: 15px !important;background-color: #e8e8e8 !important;}&#8221;]<\/p>\n<h3><span style=\"color: #e20026; line-height: 35px;\">EGR (Recircula\u00e7\u00e3o de gases de escape)<\/span><\/h3>\n<p>[\/vc_column_text][vc_row_inner][vc_column_inner][vc_gallery type=&#8221;image_grid&#8221; images=&#8221;2260,2261,2262&#8243; el_class=&#8221;foto_margen&#8221;][\/vc_column_inner][\/vc_row_inner][vc_row_inner][vc_column_inner width=&#8221;1\/3&#8243;][vc_column_text el_class=&#8221;title_lineas&#8221;]<\/p>\n<h4><span style=\"color: #e20026;\">Configura\u00e7\u00e3o da solu\u00e7\u00e3o<\/span><\/h4>\n<p>[\/vc_column_text][vc_column_text el_class=&#8221;icon_list&#8221;]<\/p>\n<ul>\n<li>2 c\u00e9lulas de soldagem a laser do flap e da tampa superior<\/li>\n<li>Guia de deslocamento do laser pelo rob\u00f4 atrav\u00e9s da c\u00e2mera de vis\u00e3o<\/li>\n<li>Medi\u00e7\u00e3o da altura da trajet\u00f3ria da soldagem por meio do transdutor linear<\/li>\n<\/ul>\n<p>[\/vc_column_text][\/vc_column_inner][vc_column_inner width=&#8221;1\/3&#8243;][vc_column_text el_class=&#8221;title_lineas&#8221;]<\/p>\n<h4><span style=\"color: #e20026;\">Processo<\/span><\/h4>\n<p>[\/vc_column_text][vc_column_text el_class=&#8221;icon_list&#8221;]<\/p>\n<ul>\n<li>Carregamento manual do produto na m\u00e1quina<\/li>\n<li>Reconstru\u00e7\u00e3o geom\u00e9trica da trajet\u00f3ria<\/li>\n<li>Medi\u00e7\u00e3o de dist\u00e2ncia por meio do transdutor<\/li>\n<li>Comunica\u00e7\u00e3o da trajet\u00f3ria ao rob\u00f4<\/li>\n<li>Ajuste da trajet\u00f3ria<\/li>\n<li>Soldagem a laser precisa sobre a trajet\u00f3ria<\/li>\n<\/ul>\n<p>[\/vc_column_text][\/vc_column_inner][vc_column_inner width=&#8221;1\/3&#8243;][vc_column_text el_class=&#8221;title_lineas&#8221;]<\/p>\n<h4><span style=\"color: #e20026;\">Dados t\u00e9cnicos<\/span><\/h4>\n<p>[\/vc_column_text][vc_column_text el_class=&#8221;icon_list&#8221;]<\/p>\n<ul>\n<li>Tempo do ciclo: 26\u00a0s<\/li>\n<li>Rob\u00f4 de 6 eixos<\/li>\n<li>Soldagem a laser cont\u00ednua do flap<\/li>\n<li>Soldagem a laser por pontos da tampa<\/li>\n<li>Classe de seguran\u00e7a para laser<\/li>\n<li>Reconstru\u00e7\u00e3o geom\u00e9trica por meio de sistema de vis\u00e3o<\/li>\n<\/ul>\n<p>[\/vc_column_text][\/vc_column_inner][\/vc_row_inner][\/vc_column][\/vc_row][vc_row][vc_column][vc_column_text css=&#8221;.vc_custom_1463824840485{padding-bottom: 3px !important;padding-left: 15px !important;background-color: #e8e8e8 !important;}&#8221;]<\/p>\n<h3><span style=\"color: #e20026; line-height: 35px;\">Base do injector<\/span><\/h3>\n<p>[\/vc_column_text][vc_gallery type=&#8221;image_grid&#8221; images=&#8221;2264,2266,2265,2263&#8243; img_size=&#8221;&#8221; el_class=&#8221;foto_margen&#8221;][vc_row_inner][vc_column_inner width=&#8221;1\/3&#8243;][vc_column_text el_class=&#8221;title_lineas&#8221;]<\/p>\n<h4><span style=\"color: #e20026;\">Configura\u00e7\u00e3o da solu\u00e7\u00e3o<\/span><\/h4>\n<p>[\/vc_column_text][vc_column_text el_class=&#8221;icon_list&#8221;]<\/p>\n<ul>\n<li>Esta\u00e7\u00f5es tipo lean com opera\u00e7\u00f5es semiautom\u00e1ticas<\/li>\n<li>4 esta\u00e7\u00f5es de montagem e um teste de fim de linha<\/li>\n<\/ul>\n<p>[\/vc_column_text][\/vc_column_inner][vc_column_inner width=&#8221;1\/3&#8243;][vc_column_text el_class=&#8221;title_lineas&#8221;]<\/p>\n<h4><span style=\"color: #e20026;\">Processo<\/span><\/h4>\n<p>[\/vc_column_text][vc_column_text el_class=&#8221;icon_list&#8221;]<\/p>\n<ul>\n<li>Dobradura e corte do arame da bobina do motor<\/li>\n<li>Soldagem da bobina e da vareta<\/li>\n<li>Inser\u00e7\u00e3o final dos terminais<\/li>\n<li>Crimpagem do arame dentro do terminal<\/li>\n<li>Soldagem final e teste de funcionamento<\/li>\n<\/ul>\n<p>[\/vc_column_text][\/vc_column_inner][vc_column_inner width=&#8221;1\/3&#8243;][vc_column_text el_class=&#8221;title_lineas&#8221;]<\/p>\n<h4><span style=\"color: #e20026;\">Dados t\u00e9cnicos<\/span><\/h4>\n<p>[\/vc_column_text][vc_column_text el_class=&#8221;icon_list&#8221;]<\/p>\n<ul>\n<li>Tempo do ciclo: 25\u00a0s<\/li>\n<li>Prensagem com monitores de for\u00e7a vs. dist\u00e2ncia<\/li>\n<li>Sistema de vis\u00e3o de alta resolu\u00e7\u00e3o<\/li>\n<li>Soldagem por arco de grande precis\u00e3o<\/li>\n<li>Teste de resist\u00eancia<\/li>\n<li>Teste de funcionamento<\/li>\n<li>Banco de dados<\/li>\n<\/ul>\n<p>[\/vc_column_text][\/vc_column_inner][\/vc_row_inner][\/vc_column][\/vc_row][vc_row][vc_column][vc_column_text css=&#8221;.vc_custom_1463824892791{padding-bottom: 3px !important;padding-left: 15px !important;background-color: #e8e8e8 !important;}&#8221;]<\/p>\n<h3><span style=\"color: #e20026; line-height: 35px;\">Bomba de v\u00e1cuo<\/span><\/h3>\n<p>[\/vc_column_text][vc_gallery type=&#8221;image_grid&#8221; images=&#8221;2270,2269,2272,2271,2273&#8243; img_size=&#8221;&#8221; el_class=&#8221;foto_margen&#8221;][vc_row_inner][vc_column_inner width=&#8221;1\/3&#8243;][vc_column_text el_class=&#8221;title_lineas&#8221;]<\/p>\n<h4><span style=\"color: #e20026;\">Configura\u00e7\u00e3o da solu\u00e7\u00e3o<br \/>\n<\/span><\/h4>\n<p>[\/vc_column_text][vc_column_text el_class=&#8221;icon_list&#8221;]<\/p>\n<ul>\n<li>Esta\u00e7\u00f5es tipo lean com opera\u00e7\u00f5es semiautom\u00e1ticas<\/li>\n<li>3 esta\u00e7\u00f5es de prensagem<\/li>\n<li>1 aparafusamento autom\u00e1tico e teste de vis\u00e3o<\/li>\n<li>1 teste de fluxo e um teste de vazamento<\/li>\n<\/ul>\n<p>[\/vc_column_text][\/vc_column_inner][vc_column_inner width=&#8221;1\/3&#8243;][vc_column_text el_class=&#8221;title_lineas&#8221;]<\/p>\n<h4><span style=\"color: #e20026;\">Processo<\/span><\/h4>\n<p>[\/vc_column_text][vc_column_text el_class=&#8221;icon_list&#8221;]<\/p>\n<ul>\n<li>Carga e descarga manual de componentes<\/li>\n<li>Prensagem autom\u00e1tica de filtros e v\u00e1lvulas no corpo de alum\u00ednio<\/li>\n<li>Aparafusamento com carga autom\u00e1tica de parafusos por meio do gantry XY.<\/li>\n<li>Teste de vazamento e de vaz\u00e3o<\/li>\n<li>Inspe\u00e7\u00e3o de componentes por meio de sistema de vis\u00e3o<\/li>\n<\/ul>\n<p>[\/vc_column_text][\/vc_column_inner][vc_column_inner width=&#8221;1\/3&#8243;][vc_column_text el_class=&#8221;title_lineas&#8221;]<\/p>\n<h4><span style=\"color: #e20026;\">Dados t\u00e9cnicos<\/span><\/h4>\n<p>[\/vc_column_text][vc_column_text el_class=&#8221;icon_list&#8221;]<\/p>\n<ul>\n<li>Tempo do ciclo: 27\u00a0s<\/li>\n<li>Poka-yokes nos alojamentos<\/li>\n<li>Detec\u00e7\u00e3o de presen\u00e7a de componentes<\/li>\n<li>Medi\u00e7\u00e3o da espessura das v\u00e1lvulas<\/li>\n<li>Controle de torque e \u00e2ngulo<\/li>\n<li>Teste de vazamento e de vaz\u00e3o<\/li>\n<li>Controle de for\u00e7a vs. dist\u00e2ncia<\/li>\n<\/ul>\n<p>[\/vc_column_text][\/vc_column_inner][\/vc_row_inner][\/vc_column][\/vc_row][vc_row][vc_column][vc_column_text css=&#8221;.vc_custom_1463824951415{padding-bottom: 3px !important;padding-left: 15px !important;background-color: #e8e8e8 !important;}&#8221;]<\/p>\n<h3><span style=\"color: #e20026; line-height: 35px;\">Rolamentos<\/span><\/h3>\n<p>[\/vc_column_text][vc_gallery type=&#8221;image_grid&#8221; images=&#8221;5952,8349,8358,8367&#8243;][vc_row_inner][vc_column_inner width=&#8221;1\/3&#8243;][vc_column_text el_class=&#8221;title_lineas&#8221;]<\/p>\n<h4><span style=\"color: #e20026;\">Configura\u00e7\u00e3o da solu\u00e7\u00e3o<br \/>\n<\/span><\/h4>\n<p>[\/vc_column_text][vc_column_text el_class=&#8221;icon_list&#8221;]<\/p>\n<ul>\n<li>Linhas totalmente autom\u00e1ticas<\/li>\n<li>V\u00e1rias esta\u00e7\u00f5es autom\u00e1ticas unidas por esteiras autom\u00e1ticas<\/li>\n<li>Carga autom\u00e1tica de componentes<\/li>\n<li>C\u00e9lulas rob\u00f3ticas para opera\u00e7\u00f5es complexas<\/li>\n<\/ul>\n<p>[\/vc_column_text][\/vc_column_inner][vc_column_inner width=&#8221;1\/3&#8243;][vc_column_text el_class=&#8221;title_lineas&#8221;]<\/p>\n<h4><span style=\"color: #e20026;\">Processo<\/span><\/h4>\n<p>[\/vc_column_text][vc_column_text el_class=&#8221;icon_list&#8221;]<\/p>\n<ul>\n<li>Alimenta\u00e7\u00e3o de anel interior e exterior<\/li>\n<li>Controle de presen\u00e7a e de posi\u00e7\u00e3o<\/li>\n<li>Controle de dureza<\/li>\n<li>Medi\u00e7\u00e3o de di\u00e2metros externo e interno<\/li>\n<li>Controle do caminho de rodagem<\/li>\n<li>Medi\u00e7\u00e3o de esferas\/rolos e alimenta\u00e7\u00e3o na gaiola (casando tamanhos)<\/li>\n<li>Lubrifica\u00e7\u00e3o<\/li>\n<li>Montagem de an\u00e9is por meio do rob\u00f4<\/li>\n<li>Medi\u00e7\u00e3o do jogo<\/li>\n<li>Medi\u00e7\u00e3o do peso total<\/li>\n<li>Teste de rendimento<\/li>\n<li>Marca\u00e7\u00e3o a laser<\/li>\n<li>Descarga<\/li>\n<\/ul>\n<p>[\/vc_column_text][\/vc_column_inner][vc_column_inner width=&#8221;1\/3&#8243;][vc_column_text el_class=&#8221;title_lineas&#8221;]<\/p>\n<h4><span style=\"color: #e20026;\">Dados t\u00e9cnicos<\/span><\/h4>\n<p>[\/vc_column_text][vc_column_text el_class=&#8221;icon_list&#8221;]<\/p>\n<ul>\n<li>Tempo do ciclo: 5,5\u201320\u00a0s (dependendo do tipo de rolamento)<\/li>\n<li>Cycle time: 5.5s\u201320s (depending on bearing)<\/li>\n<li>M\u00faltiplas receitas de processo<\/li>\n<li>Troca de modelo r\u00e1pida e simples<\/li>\n<li>F\u00e1cil manuten\u00e7\u00e3o<\/li>\n<\/ul>\n<p>[\/vc_column_text][\/vc_column_inner][\/vc_row_inner][\/vc_column][\/vc_row][vc_row][vc_column][vc_column_text css=&#8221;.vc_custom_1463825004712{padding-bottom: 3px !important;padding-left: 15px !important;background-color: #e8e8e8 !important;}&#8221;]<\/p>\n<h3><span style=\"color: #e20026; line-height: 35px;\">M\u00f3dulo\/filtro de \u00f3leo<\/span><\/h3>\n<p>[\/vc_column_text][vc_gallery type=&#8221;image_grid&#8221; images=&#8221;2278,8386,8377,8395,8404&#8243; el_class=&#8221;foto_margen&#8221;][vc_row_inner][vc_column_inner width=&#8221;1\/3&#8243;][vc_column_text el_class=&#8221;title_lineas&#8221;]<\/p>\n<h4><span style=\"color: #e20026;\">Configura\u00e7\u00e3o da solu\u00e7\u00e3o<br \/>\n<\/span><\/h4>\n<p>[\/vc_column_text][vc_column_text el_class=&#8221;icon_list&#8221;]<\/p>\n<ul>\n<li>Esta\u00e7\u00e3o de montagem com opera\u00e7\u00e3o manual integrada<\/li>\n<\/ul>\n<p>[\/vc_column_text][\/vc_column_inner][vc_column_inner width=&#8221;1\/3&#8243;][vc_column_text el_class=&#8221;title_lineas&#8221;]<\/p>\n<h4><span style=\"color: #e20026;\">Processo<\/span><\/h4>\n<p>[\/vc_column_text][vc_column_text el_class=&#8221;icon_list&#8221;]<\/p>\n<ul>\n<li>Prensagem por meio de calor de sockets<\/li>\n<li>Prensagem de v\u00e1lvulas<\/li>\n<li>Montagem da v\u00e1lvula de PVC<\/li>\n<li>Parafusadeira<\/li>\n<li>Teste de vazamento<\/li>\n<li>Marca\u00e7\u00e3o<\/li>\n<\/ul>\n<p>[\/vc_column_text][\/vc_column_inner][vc_column_inner width=&#8221;1\/3&#8243;][vc_column_text el_class=&#8221;title_lineas&#8221;]<\/p>\n<h4><span style=\"color: #e20026;\">Dados t\u00e9cnicos<\/span><\/h4>\n<p>[\/vc_column_text][vc_column_text el_class=&#8221;icon_list&#8221;]<\/p>\n<ul>\n<li>Tempo do ciclo: 40\u00a0s<\/li>\n<li>Troca de modelo r\u00e1pida e simples<\/li>\n<li>F\u00e1cil manuten\u00e7\u00e3o<\/li>\n<li>Gerenciamento de dados<\/li>\n<li>Conectividade remota<\/li>\n<\/ul>\n<p>[\/vc_column_text][\/vc_column_inner][\/vc_row_inner][\/vc_column][\/vc_row]<\/p>\n<\/div>","protected":false},"excerpt":{"rendered":"<p>[vc_row][vc_column][vc_column_text el_class=&#8221;title_lineas&#8221;] Produtos [\/vc_column_text][vc_row_inner][vc_column_inner width=&#8221;1\/2&#8243;][vc_column_text el_class=&#8221;icon_list&#8221;] EGR (recircula\u00e7\u00e3o de gases de escape) Sistemas de inje\u00e7\u00e3o Injetores de combust\u00edvel Common rail Filtro de combust\u00edvel ECU (unidade de controle eletr\u00f4nica) Sistema de igni\u00e7\u00e3o Atuadores de escape de ar A v\u00e1cuo El\u00e9trico V\u00e1lvula de recircula\u00e7\u00e3o Bomba de v\u00e1cuo M\u00f3dulo de \u00f3leo Filtro de \u00f3leo Filtro de cat\u00e1lise [\/vc_column_text][\/vc_column_inner][vc_column_inner [&hellip;]<\/p>\n","protected":false},"author":4,"featured_media":0,"parent":8590,"menu_order":0,"comment_status":"closed","ping_status":"closed","template":"sectors.php","meta":{"_lmt_disableupdate":"","_lmt_disable":"","footnotes":""},"yst_prominent_words":[],"class_list":["post-8617","page","type-page","status-publish","hentry"],"acf":[],"_links":{"self":[{"href":"https:\/\/www.mondragon-assembly.com\/pt-br\/wp-json\/wp\/v2\/pages\/8617","targetHints":{"allow":["GET"]}}],"collection":[{"href":"https:\/\/www.mondragon-assembly.com\/pt-br\/wp-json\/wp\/v2\/pages"}],"about":[{"href":"https:\/\/www.mondragon-assembly.com\/pt-br\/wp-json\/wp\/v2\/types\/page"}],"author":[{"embeddable":true,"href":"https:\/\/www.mondragon-assembly.com\/pt-br\/wp-json\/wp\/v2\/users\/4"}],"replies":[{"embeddable":true,"href":"https:\/\/www.mondragon-assembly.com\/pt-br\/wp-json\/wp\/v2\/comments?post=8617"}],"version-history":[{"count":1,"href":"https:\/\/www.mondragon-assembly.com\/pt-br\/wp-json\/wp\/v2\/pages\/8617\/revisions"}],"predecessor-version":[{"id":8618,"href":"https:\/\/www.mondragon-assembly.com\/pt-br\/wp-json\/wp\/v2\/pages\/8617\/revisions\/8618"}],"up":[{"embeddable":true,"href":"https:\/\/www.mondragon-assembly.com\/pt-br\/wp-json\/wp\/v2\/pages\/8590"}],"wp:attachment":[{"href":"https:\/\/www.mondragon-assembly.com\/pt-br\/wp-json\/wp\/v2\/media?parent=8617"}],"wp:term":[{"taxonomy":"yst_prominent_words","embeddable":true,"href":"https:\/\/www.mondragon-assembly.com\/pt-br\/wp-json\/wp\/v2\/yst_prominent_words?post=8617"}],"curies":[{"name":"wp","href":"https:\/\/api.w.org\/{rel}","templated":true}]}}