{"id":8619,"date":"2016-04-15T08:59:29","date_gmt":"2016-04-15T06:59:29","guid":{"rendered":"https:\/\/www.mondragon-assembly.com\/pt-br\/?page_id=8619"},"modified":"2021-02-19T21:01:29","modified_gmt":"2021-02-19T19:01:29","slug":"seguranca","status":"publish","type":"page","link":"https:\/\/www.mondragon-assembly.com\/pt-br\/setor-automotivo\/aplicaciones\/seguranca\/","title":{"rendered":"Seguran\u00e7a"},"content":{"rendered":"<div class=\"wpb-content-wrapper\"><p>[vc_row][vc_column][vc_column_text el_class=&#8221;title_lineas&#8221;]<\/p>\n<h4><span style=\"color: #e20026;\">Produtos<\/span><\/h4>\n<p>[\/vc_column_text][vc_row_inner][vc_column_inner width=&#8221;1\/2&#8243;][vc_column_text el_class=&#8221;icon_list&#8221;]<\/p>\n<ul>\n<li>Pin\u00e7a de freio<\/li>\n<li>Bomba de assist\u00eancia de frenagem<\/li>\n<li>Controle ABS<\/li>\n<li>Airbags<\/li>\n<li>Amortecedor<\/li>\n<\/ul>\n<p>[\/vc_column_text][\/vc_column_inner][\/vc_row_inner][\/vc_column][\/vc_row][vc_row][vc_column][vc_column_text css=&#8221;.vc_custom_1463825124568{padding-bottom: 3px !important;padding-left: 15px !important;background-color: #e8e8e8 !important;}&#8221;]<\/p>\n<h3><span style=\"color: #e20026; line-height: 35px;\">Pin\u00e7a de freio<\/span><\/h3>\n<p>[\/vc_column_text][vc_row_inner][vc_column_inner][vc_gallery type=&#8221;image_grid&#8221; images=&#8221;5973,5979,5985,5991&#8243; el_class=&#8221;foto_margen&#8221;][\/vc_column_inner][\/vc_row_inner][vc_row_inner][vc_column_inner width=&#8221;1\/3&#8243;][vc_column_text el_class=&#8221;title_lineas&#8221;]<\/p>\n<h4><span style=\"color: #e20026;\">Configura\u00e7\u00e3o da solu\u00e7\u00e3o<br \/>\n<\/span><\/h4>\n<p>[\/vc_column_text][vc_column_text el_class=&#8221;icon_list&#8221;]<\/p>\n<ul>\n<li>3 esta\u00e7\u00f5es de montagem semiautom\u00e1ticas<\/li>\n<li>Esta\u00e7\u00e3o de teste de vazamento<\/li>\n<li>Esta\u00e7\u00e3o final de teste funcional<\/li>\n<\/ul>\n<p>[\/vc_column_text][\/vc_column_inner][vc_column_inner width=&#8221;1\/3&#8243;][vc_column_text el_class=&#8221;title_lineas&#8221;]<\/p>\n<h4><span style=\"color: #e20026;\">Processo<\/span><\/h4>\n<p>[\/vc_column_text][vc_column_text el_class=&#8221;icon_list&#8221;]<\/p>\n<ul>\n<li>Verifica\u00e7\u00e3o de aus\u00eancia de marcas e sujeira<\/li>\n<li>Montagem de pist\u00e3o e selos<\/li>\n<li>Teste de baixa e alta press\u00e3o<\/li>\n<li>Lubrifica\u00e7\u00e3o de pinos<\/li>\n<li>Montagem de suporte e controle de modelo<\/li>\n<li>Teste de desempenho com monitoramento de for\u00e7a vs. dist\u00e2ncia<\/li>\n<\/ul>\n<p>[\/vc_column_text][\/vc_column_inner][vc_column_inner width=&#8221;1\/3&#8243;][vc_column_text el_class=&#8221;title_lineas&#8221;]<\/p>\n<h4><span style=\"color: #e20026;\">Dados t\u00e9cnicos<\/span><\/h4>\n<p>[\/vc_column_text][vc_column_text el_class=&#8221;icon_list&#8221;]<\/p>\n<ul>\n<li>Tempo do ciclo: 48\u00a0s<\/li>\n<li>Sistema de vis\u00e3o para verificar a aus\u00eancia de marcas<\/li>\n<li>Teste de vazamento de alta press\u00e3o (250\u00a0bars)<\/li>\n<li>Teste de vazamento de baixa press\u00e3o (250\u00a0bars)<\/li>\n<li>(6\u00a0bars)<\/li>\n<li>Presen\u00e7a e verifica\u00e7\u00e3o de modelo dos diferentes componentes por meio de c\u00e2meras de vis\u00e3o.<\/li>\n<li>Montagem de pist\u00e3o e selos por meio de mecanismo servocontrolado<\/li>\n<li>Medi\u00e7\u00e3o da curva de for\u00e7a vs. dist\u00e2ncia<\/li>\n<\/ul>\n<p>[\/vc_column_text][\/vc_column_inner][\/vc_row_inner][\/vc_column][\/vc_row][vc_row][vc_column][vc_column_text css=&#8221;.vc_custom_1463825172806{padding-bottom: 3px !important;padding-left: 15px !important;background-color: #e8e8e8 !important;}&#8221;]<\/p>\n<h3><span style=\"color: #e20026; line-height: 35px;\">Amortecedor<\/span><\/h3>\n<p>[\/vc_column_text][vc_gallery type=&#8221;image_grid&#8221; images=&#8221;5997,6003,6009,6015,6021&#8243; img_size=&#8221;&#8221; el_class=&#8221;foto_margen&#8221;][vc_row_inner][vc_column_inner width=&#8221;1\/3&#8243;][vc_column_text el_class=&#8221;title_lineas&#8221;]<\/p>\n<h4><span style=\"color: #e20026;\">Configura\u00e7\u00e3o da solu\u00e7\u00e3o<br \/>\n<\/span><\/h4>\n<p>[\/vc_column_text][vc_column_text el_class=&#8221;icon_list&#8221;]<\/p>\n<ul>\n<li>M\u00e1quina totalmente autom\u00e1tica<\/li>\n<li>Transporte de pe\u00e7as em pratos com RFID<\/li>\n<li>Configura\u00e7\u00e3o modular e flex\u00edvel de todas as esta\u00e7\u00f5es (esta\u00e7\u00f5es independentes unidas)<\/li>\n<li>Gerenciamento separado de pe\u00e7as boas\/ruins<\/li>\n<li>Esta\u00e7\u00e3o de retrabalho<\/li>\n<\/ul>\n<p>[\/vc_column_text][\/vc_column_inner][vc_column_inner width=&#8221;1\/3&#8243;][vc_column_text el_class=&#8221;title_lineas&#8221;]<\/p>\n<h4><span style=\"color: #e20026;\">Processo<\/span><\/h4>\n<p>[\/vc_column_text][vc_column_text el_class=&#8221;icon_list&#8221;]<\/p>\n<ul>\n<li>Dispensa\u00e7\u00e3o de \u00f3leo<\/li>\n<li>Sistema de teste servo-hidr\u00e1ulico com gerenciamento de dados<\/li>\n<li>Sistema de fecho orbital<\/li>\n<li>Teste de for\u00e7a de g\u00e1s<\/li>\n<li>Montagem de protetor e controle de altura total<\/li>\n<li>Impress\u00e3o e aplica\u00e7\u00e3o de etiqueta<\/li>\n<\/ul>\n<p>[\/vc_column_text][\/vc_column_inner][vc_column_inner width=&#8221;1\/3&#8243;][vc_column_text el_class=&#8221;title_lineas&#8221;]<\/p>\n<h4><span style=\"color: #e20026;\">Dados t\u00e9cnicos<\/span><\/h4>\n<p>[\/vc_column_text][vc_column_text el_class=&#8221;icon_list&#8221;]<\/p>\n<ul>\n<li>Tempo do ciclo: 6,7\u00a0s<\/li>\n<li>Dispensa\u00e7\u00e3o de \u00f3leo com cpk 1.3<\/li>\n<li>Teste funcional e de for\u00e7a de g\u00e1s<\/li>\n<li>Gerenciamento de m\u00faltiplos modelos<\/li>\n<li>Troca de modelo r\u00e1pida e simples<\/li>\n<li>F\u00e1cil manuten\u00e7\u00e3o<\/li>\n<\/ul>\n<p>[\/vc_column_text][\/vc_column_inner][\/vc_row_inner][\/vc_column][\/vc_row][vc_row][vc_column][vc_column_text css=&#8221;.vc_custom_1462265423757{padding-bottom: 3px !important;padding-left: 15px !important;background-color: #e8e8e8 !important;}&#8221;]<\/p>\n<h3><span style=\"color: #e20026; line-height: 35px;\">Airbag<\/span><\/h3>\n<p>[\/vc_column_text][vc_gallery type=&#8221;image_grid&#8221; images=&#8221;6027,6033&#8243; img_size=&#8221;&#8221; el_class=&#8221;foto_margen&#8221;][vc_row_inner][vc_column_inner width=&#8221;1\/3&#8243;][vc_column_text el_class=&#8221;title_lineas&#8221;]<\/p>\n<h4><span style=\"color: #e20026;\">Configura\u00e7\u00e3o da solu\u00e7\u00e3o<br \/>\n<\/span><\/h4>\n<p>[\/vc_column_text][vc_column_text el_class=&#8221;icon_list&#8221;]<\/p>\n<ul>\n<li>4 esta\u00e7\u00f5es semiautom\u00e1ticas para montagem, dobradura e controle final<\/li>\n<li>Rastreamento total<\/li>\n<\/ul>\n<p>[\/vc_column_text][\/vc_column_inner][vc_column_inner width=&#8221;1\/3&#8243;][vc_column_text el_class=&#8221;title_lineas&#8221;]<\/p>\n<h4><span style=\"color: #e20026;\">Processo<\/span><\/h4>\n<p>[\/vc_column_text][vc_column_text el_class=&#8221;icon_list&#8221;]<\/p>\n<ul>\n<li>Montagem de gerador e tampa no corpo Inclui controle de inser\u00e7\u00e3o<\/li>\n<li>Clipagem da bolsa no housing e controle anal\u00f3gico<\/li>\n<li>Dobradura da bolsa. Configura\u00e7\u00e3o de dobradura para cada modelo a partir do painel de controle<\/li>\n<li>Controle de Tyvek e acondicionamento<\/li>\n<\/ul>\n<p>[\/vc_column_text][\/vc_column_inner][vc_column_inner width=&#8221;1\/3&#8243;][vc_column_text el_class=&#8221;title_lineas&#8221;]<\/p>\n<h4><span style=\"color: #e20026;\">Dados t\u00e9cnicos<\/span><\/h4>\n<p>[\/vc_column_text][vc_column_text el_class=&#8221;icon_list&#8221;]<\/p>\n<ul>\n<li>Tempo do ciclo: 25\u00a0s<\/li>\n<li>Poka-yokes em todas as opera\u00e7\u00f5es<\/li>\n<li>Troca de modelo r\u00e1pida e simples<\/li>\n<li>F\u00e1cil manuten\u00e7\u00e3o<\/li>\n<\/ul>\n<p>[\/vc_column_text][\/vc_column_inner][\/vc_row_inner][\/vc_column][\/vc_row]<\/p>\n<\/div>","protected":false},"excerpt":{"rendered":"<p>[vc_row][vc_column][vc_column_text el_class=&#8221;title_lineas&#8221;] Produtos [\/vc_column_text][vc_row_inner][vc_column_inner width=&#8221;1\/2&#8243;][vc_column_text el_class=&#8221;icon_list&#8221;] Pin\u00e7a de freio Bomba de assist\u00eancia de frenagem Controle ABS Airbags Amortecedor [\/vc_column_text][\/vc_column_inner][\/vc_row_inner][\/vc_column][\/vc_row][vc_row][vc_column][vc_column_text css=&#8221;.vc_custom_1463825124568{padding-bottom: 3px !important;padding-left: 15px !important;background-color: #e8e8e8 !important;}&#8221;] Pin\u00e7a de freio [\/vc_column_text][vc_row_inner][vc_column_inner][vc_gallery type=&#8221;image_grid&#8221; images=&#8221;5973,5979,5985,5991&#8243; el_class=&#8221;foto_margen&#8221;][\/vc_column_inner][\/vc_row_inner][vc_row_inner][vc_column_inner width=&#8221;1\/3&#8243;][vc_column_text el_class=&#8221;title_lineas&#8221;] Configura\u00e7\u00e3o da solu\u00e7\u00e3o [\/vc_column_text][vc_column_text el_class=&#8221;icon_list&#8221;] 3 esta\u00e7\u00f5es de montagem semiautom\u00e1ticas Esta\u00e7\u00e3o de teste de vazamento Esta\u00e7\u00e3o final de teste funcional [&hellip;]<\/p>\n","protected":false},"author":4,"featured_media":0,"parent":8590,"menu_order":0,"comment_status":"closed","ping_status":"closed","template":"sectors.php","meta":{"_lmt_disableupdate":"","_lmt_disable":"","footnotes":""},"yst_prominent_words":[],"class_list":["post-8619","page","type-page","status-publish","hentry"],"acf":[],"_links":{"self":[{"href":"https:\/\/www.mondragon-assembly.com\/pt-br\/wp-json\/wp\/v2\/pages\/8619","targetHints":{"allow":["GET"]}}],"collection":[{"href":"https:\/\/www.mondragon-assembly.com\/pt-br\/wp-json\/wp\/v2\/pages"}],"about":[{"href":"https:\/\/www.mondragon-assembly.com\/pt-br\/wp-json\/wp\/v2\/types\/page"}],"author":[{"embeddable":true,"href":"https:\/\/www.mondragon-assembly.com\/pt-br\/wp-json\/wp\/v2\/users\/4"}],"replies":[{"embeddable":true,"href":"https:\/\/www.mondragon-assembly.com\/pt-br\/wp-json\/wp\/v2\/comments?post=8619"}],"version-history":[{"count":3,"href":"https:\/\/www.mondragon-assembly.com\/pt-br\/wp-json\/wp\/v2\/pages\/8619\/revisions"}],"predecessor-version":[{"id":33854,"href":"https:\/\/www.mondragon-assembly.com\/pt-br\/wp-json\/wp\/v2\/pages\/8619\/revisions\/33854"}],"up":[{"embeddable":true,"href":"https:\/\/www.mondragon-assembly.com\/pt-br\/wp-json\/wp\/v2\/pages\/8590"}],"wp:attachment":[{"href":"https:\/\/www.mondragon-assembly.com\/pt-br\/wp-json\/wp\/v2\/media?parent=8619"}],"wp:term":[{"taxonomy":"yst_prominent_words","embeddable":true,"href":"https:\/\/www.mondragon-assembly.com\/pt-br\/wp-json\/wp\/v2\/yst_prominent_words?post=8619"}],"curies":[{"name":"wp","href":"https:\/\/api.w.org\/{rel}","templated":true}]}}