{"id":8663,"date":"2016-04-20T10:08:39","date_gmt":"2016-04-20T08:08:39","guid":{"rendered":"https:\/\/www.mondragon-assembly.com\/pt-br\/?page_id=8663"},"modified":"2016-06-22T11:51:11","modified_gmt":"2016-06-22T09:51:11","slug":"soluciones-de-automatizacion","status":"publish","type":"page","link":"https:\/\/www.mondragon-assembly.com\/pt-br\/componentes-eletricos\/productosservicios\/soluciones-de-automatizacion\/","title":{"rendered":"Solu\u00e7\u00f5es de automa\u00e7\u00e3o"},"content":{"rendered":"<div class=\"wpb-content-wrapper\"><p>[vc_row][vc_column][vc_column_text css=&#8221;.vc_custom_1463823292326{padding-bottom: 3px !important;padding-left: 15px !important;background-color: #e8e8e8 !important;}&#8221;]<\/p>\n<h3><span style=\"color: #e20026; line-height: 35px;\">Linha de montagem autom\u00e1tica<\/span><\/h3>\n<p>[\/vc_column_text][\/vc_column][\/vc_row][vc_row][vc_column width=&#8221;1\/2&#8243;][vc_column_text]Linha de montagem autom\u00e1tica chave na m\u00e3o para a montagem e o controle de uma grande variedade de produtos. Nossas solu\u00e7\u00f5es v\u00e3o desde a alimenta\u00e7\u00e3o de pe\u00e7as individuais at\u00e9 o acondicionamento de produtos acabados, junto com todos os controles de qualidades exigidos. A produ\u00e7\u00e3o pode ser monitorada de maneira cont\u00ednua e os dados armazenados em sistemas MES (sistemas de controle de produ\u00e7\u00e3o).<\/p>\n<p>A Mondragon Assembly garante a melhor solu\u00e7\u00e3o em custo, efici\u00eancia e atendimento ao cliente.[\/vc_column_text][\/vc_column][vc_column width=&#8221;1\/2&#8243;][vc_gallery type=&#8221;image_grid&#8221; images=&#8221;5709,12541&#8243; el_class=&#8221;foto_margen&#8221;][\/vc_column][\/vc_row][vc_row][vc_column][vc_column_text css=&#8221;.vc_custom_1463823319890{padding-bottom: 3px !important;padding-left: 15px !important;background-color: #e8e8e8 !important;}&#8221;]<\/p>\n<h3><span style=\"color: #e20026; line-height: 35px;\">M\u00f3dulos lineares<\/span><\/h3>\n<p>[\/vc_column_text][\/vc_column][\/vc_row][vc_row][vc_column][vc_gallery type=&#8221;image_grid&#8221; images=&#8221;8177,8141,8150,8159,8168&#8243; img_size=&#8221;&#8221;][vc_column_text]M\u00f3dulos lineares totalmente autom\u00e1ticos, com a transfer\u00eancia r\u00e1pida da Mondragon integrada. Nossos m\u00f3dulos lineares incluem as mais avan\u00e7adas tecnologias em alimenta\u00e7\u00e3o, manipula\u00e7\u00e3o, produ\u00e7\u00e3o e controle.<\/p>\n<p>A Mondragon Assembly garante a melhor solu\u00e7\u00e3o em custo, efici\u00eancia e atendimento ao cliente.[\/vc_column_text][\/vc_column][\/vc_row][vc_row][vc_column][vc_column_text css=&#8221;.vc_custom_1463823341608{padding-bottom: 3px !important;padding-left: 15px !important;background-color: #e8e8e8 !important;}&#8221;]<\/p>\n<h3><span style=\"color: #e20026; line-height: 35px;\">M\u00f3dulos rotativos<br \/>\n<\/span><\/h3>\n<p>[\/vc_column_text][\/vc_column][\/vc_row][vc_row][vc_column][vc_gallery type=&#8221;image_grid&#8221; images=&#8221;8214,8187,8196,8205&#8243;][vc_column_text]M\u00f3dulos rotativos totalmente autom\u00e1ticos, com pratos indexados ou cont\u00ednuos. Nossos m\u00f3dulos rotativos incluem as mais avan\u00e7adas tecnologias em alimenta\u00e7\u00e3o, manipula\u00e7\u00e3o, produ\u00e7\u00e3o e controle.<\/p>\n<p>A Mondragon Assembly garante a melhor solu\u00e7\u00e3o em custo, efici\u00eancia e atendimento ao cliente.[\/vc_column_text][\/vc_column][\/vc_row][vc_row][vc_column][vc_column_text css=&#8221;.vc_custom_1463823366457{padding-bottom: 3px !important;padding-left: 15px !important;background-color: #e8e8e8 !important;}&#8221;]<\/p>\n<h3><span style=\"color: #e20026; line-height: 35px;\">C\u00e9lulas rob\u00f3ticas<\/span><\/h3>\n<p>[\/vc_column_text][\/vc_column][\/vc_row][vc_row][vc_column][vc_gallery type=&#8221;image_grid&#8221; images=&#8221;2214,2215,2216,2217,2218&#8243; img_size=&#8221;&#8221; el_class=&#8221;foto_margen&#8221;][vc_column_text]Solu\u00e7\u00f5es altamente flex\u00edveis, integradoras e completas para tarefas como alimenta\u00e7\u00e3o, manipula\u00e7\u00e3o, paletiza\u00e7\u00e3o, fabrica\u00e7\u00e3o de precis\u00e3o etc.<\/p>\n<p>A Mondragon Assembly garante a melhor solu\u00e7\u00e3o em custo, efici\u00eancia e atendimento ao cliente.[\/vc_column_text][\/vc_column][\/vc_row][vc_row][vc_column][vc_column_text css=&#8221;.vc_custom_1463823389377{padding-bottom: 3px !important;padding-left: 15px !important;background-color: #e8e8e8 !important;}&#8221;]<\/p>\n<h3><span style=\"color: #e20026; line-height: 35px;\">Sistemas de produ\u00e7\u00e3o lean<\/span><\/h3>\n<p>[\/vc_column_text][\/vc_column][\/vc_row][vc_row][vc_column][vc_gallery type=&#8221;image_grid&#8221; images=&#8221;2219,2220,2221,8275&#8243; img_size=&#8221;&#8221; el_class=&#8221;foto_margen&#8221;][vc_column_text]L\u00edneas de ensamble con estaciones de trabajo semiautom\u00e1ticas para fabricaci\u00f3n de piezas en serie.<\/p>\n<p>Mondragon Assembly garantiza la mejor soluci\u00f3n en coste, eficiencia y servicio al cliente.[\/vc_column_text][\/vc_column][\/vc_row]<\/p>\n<\/div>","protected":false},"excerpt":{"rendered":"<p>[vc_row][vc_column][vc_column_text css=&#8221;.vc_custom_1463823292326{padding-bottom: 3px !important;padding-left: 15px !important;background-color: #e8e8e8 !important;}&#8221;] Linha de montagem autom\u00e1tica [\/vc_column_text][\/vc_column][\/vc_row][vc_row][vc_column width=&#8221;1\/2&#8243;][vc_column_text]Linha de montagem autom\u00e1tica chave na m\u00e3o para a montagem e o controle de uma grande variedade de produtos. Nossas solu\u00e7\u00f5es v\u00e3o desde a alimenta\u00e7\u00e3o de pe\u00e7as individuais at\u00e9 o acondicionamento de produtos acabados, junto com todos os controles de qualidades exigidos. [&hellip;]<\/p>\n","protected":false},"author":4,"featured_media":0,"parent":8084,"menu_order":0,"comment_status":"closed","ping_status":"closed","template":"sectors.php","meta":{"_lmt_disableupdate":"","_lmt_disable":"","footnotes":""},"yst_prominent_words":[],"class_list":["post-8663","page","type-page","status-publish","hentry"],"acf":[],"_links":{"self":[{"href":"https:\/\/www.mondragon-assembly.com\/pt-br\/wp-json\/wp\/v2\/pages\/8663","targetHints":{"allow":["GET"]}}],"collection":[{"href":"https:\/\/www.mondragon-assembly.com\/pt-br\/wp-json\/wp\/v2\/pages"}],"about":[{"href":"https:\/\/www.mondragon-assembly.com\/pt-br\/wp-json\/wp\/v2\/types\/page"}],"author":[{"embeddable":true,"href":"https:\/\/www.mondragon-assembly.com\/pt-br\/wp-json\/wp\/v2\/users\/4"}],"replies":[{"embeddable":true,"href":"https:\/\/www.mondragon-assembly.com\/pt-br\/wp-json\/wp\/v2\/comments?post=8663"}],"version-history":[{"count":4,"href":"https:\/\/www.mondragon-assembly.com\/pt-br\/wp-json\/wp\/v2\/pages\/8663\/revisions"}],"predecessor-version":[{"id":12584,"href":"https:\/\/www.mondragon-assembly.com\/pt-br\/wp-json\/wp\/v2\/pages\/8663\/revisions\/12584"}],"up":[{"embeddable":true,"href":"https:\/\/www.mondragon-assembly.com\/pt-br\/wp-json\/wp\/v2\/pages\/8084"}],"wp:attachment":[{"href":"https:\/\/www.mondragon-assembly.com\/pt-br\/wp-json\/wp\/v2\/media?parent=8663"}],"wp:term":[{"taxonomy":"yst_prominent_words","embeddable":true,"href":"https:\/\/www.mondragon-assembly.com\/pt-br\/wp-json\/wp\/v2\/yst_prominent_words?post=8663"}],"curies":[{"name":"wp","href":"https:\/\/api.w.org\/{rel}","templated":true}]}}