{"id":8725,"date":"2016-04-22T11:33:14","date_gmt":"2016-04-22T09:33:14","guid":{"rendered":"https:\/\/www.mondragon-assembly.com\/pt-br\/?page_id=8725"},"modified":"2016-05-23T15:06:01","modified_gmt":"2016-05-23T15:06:01","slug":"aplicaciones","status":"publish","type":"page","link":"https:\/\/www.mondragon-assembly.com\/pt-br\/dispositivo-medico\/aplicaciones\/","title":{"rendered":"Aplica\u00e7\u00f5es"},"content":{"rendered":"<div class=\"wpb-content-wrapper\"><p>[vc_row][vc_column][vc_column_text el_class=&#8221;title_lineas&#8221;]<\/p>\n<h4><span style=\"color: #e20026;\">Produtos<\/span><\/h4>\n<p>[\/vc_column_text][vc_row_inner][vc_column_inner width=&#8221;1\/2&#8243;][vc_column_text el_class=&#8221;icon_list&#8221;]<\/p>\n<ul>\n<li>Bolsa de colostomia<\/li>\n<li>Dispositivo de fixa\u00e7\u00e3o de cateter<\/li>\n<li>Dispositivo de limpeza<\/li>\n<li>Escova dental de suc\u00e7\u00e3o<\/li>\n<li>Escova dental<\/li>\n<li>Garrafa de alto v\u00e1cuo<\/li>\n<li>Frascos est\u00e9reis<\/li>\n<li>Tubos de limpeza de sangue<\/li>\n<\/ul>\n<p>[\/vc_column_text][\/vc_column_inner][vc_column_inner width=&#8221;1\/2&#8243;][\/vc_column_inner][\/vc_row_inner][\/vc_column][\/vc_row][vc_row][vc_column][vc_column_text css=&#8221;.vc_custom_1463827564600{padding-bottom: 3px !important;padding-left: 15px !important;background-color: #e8e8e8 !important;}&#8221;]<\/p>\n<h3><span style=\"color: #e20026; line-height: 35px;\">Dispositivo de fixa\u00e7\u00e3o de cat\u00e9ter<\/span><\/h3>\n<p>[\/vc_column_text][vc_row_inner][vc_column_inner][vc_gallery type=&#8221;image_grid&#8221; images=&#8221;2569,2568,2672&#8243; el_class=&#8221;foto_margen&#8221;][\/vc_column_inner][\/vc_row_inner][vc_row_inner][vc_column_inner width=&#8221;1\/3&#8243;][vc_column_text el_class=&#8221;title_lineas&#8221;]<\/p>\n<h4><span style=\"color: #e20026;\">Configura\u00e7\u00e3o da solu\u00e7\u00e3o<\/span><\/h4>\n<p>[\/vc_column_text][vc_column_text el_class=&#8221;icon_list&#8221;]<\/p>\n<ul>\n<li>M\u00e1quina totalmente autom\u00e1tica<\/li>\n<li>Alimenta\u00e7\u00e3o autom\u00e1tica de componentes<\/li>\n<li>Transporte do produto em pratos sobre esteira servocontrolada<\/li>\n<\/ul>\n<p>[\/vc_column_text][\/vc_column_inner][vc_column_inner width=&#8221;1\/3&#8243;][vc_column_text el_class=&#8221;title_lineas&#8221;]<\/p>\n<h4><span style=\"color: #e20026;\">Processo<\/span><\/h4>\n<p>[\/vc_column_text][vc_column_text el_class=&#8221;icon_list&#8221;]<\/p>\n<ul>\n<li>Alimenta\u00e7\u00e3o autom\u00e1tica do corpo de pl\u00e1stico<\/li>\n<li>Dosagem de cianoacrilato por meio de rob\u00f4 cartesiano<\/li>\n<li>Inspe\u00e7\u00e3o da dosagem de primer por meio de c\u00e2mera de vis\u00e3o<\/li>\n<li>Inspe\u00e7\u00e3o dimensional de todos os produtos por meio de vis\u00e3o artificial<\/li>\n<\/ul>\n<p>[\/vc_column_text][\/vc_column_inner][vc_column_inner width=&#8221;1\/3&#8243;][vc_column_text el_class=&#8221;title_lineas&#8221;]<\/p>\n<h4><span style=\"color: #e20026;\">Dados t\u00e9cnicos<\/span><\/h4>\n<p>[\/vc_column_text][vc_column_text el_class=&#8221;icon_list&#8221;]<\/p>\n<ul>\n<li>Tempo do ciclo: 2\u00a0s<\/li>\n<li>Controle por vis\u00e3o de pe\u00e7as boas\/ruins<\/li>\n<li>Desenho de acordo com os padr\u00f5es de salas limpas<\/li>\n<\/ul>\n<p>[\/vc_column_text][\/vc_column_inner][\/vc_row_inner][\/vc_column][\/vc_row][vc_row][vc_column][vc_column_text css=&#8221;.vc_custom_1462363216625{padding-bottom: 3px !important;padding-left: 15px !important;background-color: #e8e8e8 !important;}&#8221;]<\/p>\n<h3><span style=\"color: #e20026; line-height: 35px;\">Dispositivo de limpieza<\/span><\/h3>\n<p>[\/vc_column_text][vc_gallery type=&#8221;image_grid&#8221; images=&#8221;2574,2572,2573,2575&#8243; img_size=&#8221;&#8221; el_class=&#8221;foto_margen&#8221;][vc_row_inner][vc_column_inner width=&#8221;1\/3&#8243;][vc_column_text el_class=&#8221;title_lineas&#8221;]<\/p>\n<h4><span style=\"color: #e20026;\">Configura\u00e7\u00e3o da solu\u00e7\u00e3o<\/span><\/h4>\n<p>[\/vc_column_text][vc_column_text el_class=&#8221;icon_list&#8221;]<\/p>\n<ul>\n<li>M\u00e1quina totalmente autom\u00e1tica<\/li>\n<li>Alimenta\u00e7\u00e3o autom\u00e1tica de pe\u00e7as<\/li>\n<li>Transporte de pe\u00e7as em esteira servocontrolada<\/li>\n<li>Esta\u00e7\u00f5es orientadas por cames para uma sincroniza\u00e7\u00e3o perfeita<\/li>\n<\/ul>\n<p>[\/vc_column_text][\/vc_column_inner][vc_column_inner width=&#8221;1\/3&#8243;][vc_column_text el_class=&#8221;title_lineas&#8221;]<\/p>\n<h4><span style=\"color: #e20026;\">Processo<\/span><\/h4>\n<p>[\/vc_column_text][vc_column_text el_class=&#8221;icon_list&#8221;]<\/p>\n<ul>\n<li>Alimenta\u00e7\u00e3o de recipiente de pl\u00e1stico e esponja por meio de vibradores<\/li>\n<li>Separa\u00e7\u00e3o por meio de eixo-\u00e1rvore para carga r\u00e1pida do recipiente<\/li>\n<li>2 rob\u00f4s delta (paralelos) trabalhando a 80 pe\u00e7as\/minuto, com posicionamento de pe\u00e7as por meio de vis\u00e3o e tracking<\/li>\n<li>Dosagem de \u00e1lcool<\/li>\n<li>Alimenta\u00e7\u00e3o de papel pl\u00e1stico e impress\u00e3o de data<\/li>\n<li>Soldagem de recipiente e papel pl\u00e1stico<\/li>\n<li>Troquel de corte de papel pl\u00e1stico<\/li>\n<li>Descarga final<\/li>\n<\/ul>\n<p>[\/vc_column_text][\/vc_column_inner][vc_column_inner width=&#8221;1\/3&#8243;][vc_column_text el_class=&#8221;title_lineas&#8221;]<\/p>\n<h4><span style=\"color: #e20026;\">Dados t\u00e9cnicos<\/span><\/h4>\n<p>[\/vc_column_text][vc_column_text el_class=&#8221;icon_list&#8221;]<\/p>\n<ul>\n<li>Produ\u00e7\u00e3o: 160\u00a0pe\u00e7as\/min<\/li>\n<li>Dispensa\u00e7\u00e3o precisa de 0,2\u00a0ml de IPA com cpk 1.3<\/li>\n<li>Corre\u00e7\u00e3o din\u00e2mica da posi\u00e7\u00e3o da soldagem dependendo da posi\u00e7\u00e3o das marcas impressas de f\u00e1brica<\/li>\n<li>Troquel com 2 m\u00edcrons de jogo<\/li>\n<li>Desenho de acordo com os padr\u00f5es de salas limpas<\/li>\n<\/ul>\n<p>[\/vc_column_text][\/vc_column_inner][\/vc_row_inner][\/vc_column][\/vc_row][vc_row][vc_column][vc_column_text css=&#8221;.vc_custom_1463827626896{padding-bottom: 3px !important;padding-left: 15px !important;background-color: #e8e8e8 !important;}&#8221;]<\/p>\n<h3><span style=\"color: #e20026; line-height: 35px;\">Prepara\u00e7\u00e3o de produtos farmac\u00eauticos<br \/>\n<\/span><\/h3>\n<p>[\/vc_column_text][vc_gallery type=&#8221;image_grid&#8221; images=&#8221;2766,2767,2768&#8243; img_size=&#8221;&#8221; el_class=&#8221;foto_margen&#8221;][vc_row_inner][vc_column_inner width=&#8221;1\/3&#8243;][vc_column_text el_class=&#8221;title_lineas&#8221;]<\/p>\n<h4><span style=\"color: #e20026;\">Configura\u00e7\u00e3o da solu\u00e7\u00e3o<\/span><\/h4>\n<p>[\/vc_column_text][vc_column_text el_class=&#8221;icon_list&#8221;]<\/p>\n<ul>\n<li>Verifica\u00e7\u00e3o do processo e rastreabilidade dos produtos manuseados<\/li>\n<li>Alta flexibilidade e excelente velocidade em processos simples e complexos<\/li>\n<li>Interliga\u00e7\u00e3o com diversos sistemas de informa\u00e7\u00e3o de hospitais e laborat\u00f3rios.<\/li>\n<\/ul>\n<p>[\/vc_column_text][\/vc_column_inner][vc_column_inner width=&#8221;1\/3&#8243;][vc_column_text el_class=&#8221;title_lineas&#8221;]<\/p>\n<h4><span style=\"color: #e20026;\">Processo<\/span><\/h4>\n<p>[\/vc_column_text][vc_column_text el_class=&#8221;icon_list&#8221;]<\/p>\n<ul>\n<li>2 bra\u00e7os rob\u00f3ticos<\/li>\n<li>Prato de 12 posi\u00e7\u00f5es para os frascos em uso<\/li>\n<li>Prepara\u00e7\u00e3o para at\u00e9 8 bolsas de infus\u00e3o, cassetes ou bombas elastom\u00e9ricas<\/li>\n<li>Dep\u00f3sito para at\u00e9 8 seringas<\/li>\n<li>Esta\u00e7\u00e3o de tamponamento de seringas com 4 tamp\u00f5es diferentes<\/li>\n<li>Dep\u00f3sito provis\u00f3rio para at\u00e9 10 frascos em processo<\/li>\n<li>Dispositivo gravim\u00e9trico para pesagem em linha<\/li>\n<li>2 bombas perist\u00e1lticas para dispensa\u00e7\u00e3o de dissolvente e reconstitui\u00e7\u00e3o<\/li>\n<li>2 c\u00e2maras de identifica\u00e7\u00e3o de seringa e frasco<\/li>\n<li>Leitor de c\u00f3digo de barras para identifica\u00e7\u00e3o do produto<\/li>\n<\/ul>\n<p>[\/vc_column_text][\/vc_column_inner][vc_column_inner width=&#8221;1\/3&#8243;][vc_column_text el_class=&#8221;title_lineas&#8221;]<\/p>\n<h4><span style=\"color: #e20026;\">Dados t\u00e9cnicos<\/span><\/h4>\n<p>[\/vc_column_text][vc_column_text el_class=&#8221;icon_list&#8221;]<\/p>\n<ul>\n<li>Trabalhos realizados em ambientes limpos de classe ISO 5\/limpeza microbiol\u00f3gica<\/li>\n<li>Prote\u00e7\u00e3o ambiental por meio de filtros HEPA e press\u00e3o negativa na c\u00e2mara de recircula\u00e7\u00e3o<\/li>\n<li>Prote\u00e7\u00e3o do usu\u00e1rio por meio de ambiente de manipula\u00e7\u00e3o com press\u00e3o negativa<\/li>\n<li>Conformidade com as normas internacionais<\/li>\n<\/ul>\n<p>[\/vc_column_text][\/vc_column_inner][\/vc_row_inner][\/vc_column][\/vc_row][vc_row][vc_column][vc_column_text css=&#8221;.vc_custom_1462363580232{padding-bottom: 3px !important;padding-left: 15px !important;background-color: #e8e8e8 !important;}&#8221;]<\/p>\n<h3><span style=\"color: #e20026; line-height: 35px;\">Bolsa de colostom\u00eda<\/span><\/h3>\n<p>[\/vc_column_text][vc_gallery type=&#8221;image_grid&#8221; images=&#8221;2676,2680,2678,2677,2679&#8243; el_class=&#8221;foto_margen&#8221;][vc_row_inner][vc_column_inner width=&#8221;1\/3&#8243;][vc_column_text el_class=&#8221;title_lineas&#8221;]<\/p>\n<h4><span style=\"color: #e20026;\">Configura\u00e7\u00e3o da solu\u00e7\u00e3o<\/span><\/h4>\n<p>[\/vc_column_text][vc_column_text el_class=&#8221;icon_list&#8221;]<\/p>\n<ul>\n<li>Esteiras de carga e descarga<\/li>\n<li>Mesa rotativa com 2 rob\u00f4s e 2 sistemas de vis\u00e3o<\/li>\n<\/ul>\n<p>[\/vc_column_text][\/vc_column_inner][vc_column_inner width=&#8221;1\/3&#8243;][vc_column_text el_class=&#8221;title_lineas&#8221;]<\/p>\n<h4><span style=\"color: #e20026;\">Processo<\/span><\/h4>\n<p>[\/vc_column_text][vc_column_text el_class=&#8221;icon_list&#8221;]<\/p>\n<ul>\n<li>Sistema de pr\u00e9-aquecimento por infravermelho<\/li>\n<li>Soldagem de pl\u00e1stico<\/li>\n<li>Servoprensa para o corte de borracha<\/li>\n<li>Sistema de vis\u00e3o para controle de dimens\u00f5es<\/li>\n<li>Impress\u00e3o de etiqueta personalizada<\/li>\n<\/ul>\n<p>[\/vc_column_text][\/vc_column_inner][vc_column_inner width=&#8221;1\/3&#8243;][vc_column_text el_class=&#8221;title_lineas&#8221;]<\/p>\n<h4><span style=\"color: #e20026;\">Dados t\u00e9cnicos<\/span><\/h4>\n<p>[\/vc_column_text][vc_column_text el_class=&#8221;icon_list&#8221;]<\/p>\n<ul>\n<li>Produ\u00e7\u00e3o: 4\u00a0s<\/li>\n<li>12 refer\u00eancias diferentes e 3 modelos<\/li>\n<li>Desenho de acordo com os padr\u00f5es de salas limpas<\/li>\n<li>Troca de modelo r\u00e1pida e simples<\/li>\n<li>F\u00e1cil manuten\u00e7\u00e3o<\/li>\n<\/ul>\n<p>[\/vc_column_text][\/vc_column_inner][\/vc_row_inner][\/vc_column][\/vc_row][vc_row][vc_column][vc_column_text css=&#8221;.vc_custom_1463827702457{padding-bottom: 3px !important;padding-left: 15px !important;background-color: #e8e8e8 !important;}&#8221;]<\/p>\n<h3><span style=\"color: #e20026; line-height: 35px;\">M\u00e1quina modular de detec\u00e7\u00e3o de vazamentos em linha para recipientes Blow-Fill-Seal<br \/>\n<\/span><\/h3>\n<p>[\/vc_column_text][vc_gallery type=&#8221;image_grid&#8221; images=&#8221;2770,2772,2778,2777,2578&#8243; el_class=&#8221;foto_margen&#8221;][vc_row_inner][vc_column_inner width=&#8221;1\/3&#8243;][vc_column_text el_class=&#8221;title_lineas&#8221;]<\/p>\n<h4><span style=\"color: #e20026;\">Configura\u00e7\u00e3o da solu\u00e7\u00e3o<\/span><\/h4>\n<p>[\/vc_column_text][vc_column_text el_class=&#8221;icon_list&#8221;]<\/p>\n<ul>\n<li>O LT25 \u00e9 um sistema de indexa\u00e7\u00e3o linear com um teste de vazamento n\u00e3o destrutivo, para produtos BFS pequenos e grandes<\/li>\n<li>Seu desenho modular \u00e9 uma solu\u00e7\u00e3o flex\u00edvel que se adapta perfeitamente \u00e0s necessidades do cliente.<\/li>\n<li>Os recipientes s\u00e3o introduzidos na m\u00e1quina atrav\u00e9s da faixa transportadora. Um sistema rob\u00f3tico de sele\u00e7\u00e3o orientado por vis\u00e3o carrega os recipientes BFS nas c\u00e2maras de teste. Uma vez carregados, \u00e9 realizado um teste de vazamento por v\u00e1cuo que detecta os vazamentos em qualquer parte dos recipientes. Ap\u00f3s o teste, o sistema rob\u00f3tico descarrega as pe\u00e7as boas na faixa de sa\u00edda. Os recipientes recusados s\u00e3o colocados em um cubo separado.<\/li>\n<\/ul>\n<p>[\/vc_column_text][\/vc_column_inner][vc_column_inner width=&#8221;1\/3&#8243;][vc_column_text el_class=&#8221;title_lineas&#8221;]<\/p>\n<h4><span style=\"color: #e20026;\">Processo<\/span><\/h4>\n<p>[\/vc_column_text][vc_column_text el_class=&#8221;icon_list&#8221;]<\/p>\n<ul>\n<li>Sistema apto inclusive para produtos com pequenas varia\u00e7\u00f5es de forma<\/li>\n<li>A entrega \u00e9 realizada com pe\u00e7as mestras para processos de calibragem de maquinaria<\/li>\n<li>Alta capacidade de detec\u00e7\u00e3o de vazamentos. Seu m\u00e9todo de duas etapas evita a contamina\u00e7\u00e3o das c\u00e2maras enquanto s\u00e3o detectados grandes vazamentos com o nosso m\u00f3dulo opcional em linha de verifica\u00e7\u00e3o por vis\u00e3o.<\/li>\n<\/ul>\n<p>[\/vc_column_text][\/vc_column_inner][vc_column_inner width=&#8221;1\/3&#8243;][vc_column_text el_class=&#8221;title_lineas&#8221;]<\/p>\n<h4><span style=\"color: #e20026;\">Dados t\u00e9cnicos<\/span><\/h4>\n<p>[\/vc_column_text][vc_column_text el_class=&#8221;icon_list&#8221;]<\/p>\n<ul>\n<li>Alta flexibilidade<\/li>\n<li>Tamanho extremamente reduzido<\/li>\n<li>Alta sensibilidade para detectar vazamentos gra\u00e7as a cabe\u00e7otes de teste fixos<\/li>\n<li>Sistema SMED para trocar r\u00e1pida e facilmente todo o m\u00f3dulo de teste<\/li>\n<li>Sistema acionado por um detector de vazamentos ATEQ. Certifica\u00e7\u00e3o da calibragem do equipamento de teste pela COFRAC &#8211; mediante solicita\u00e7\u00e3o pr\u00e9via.<\/li>\n<li>Fun\u00e7\u00f5es de gr\u00e1ficos na HMI em tempo real para valida\u00e7\u00e3o e acompanhamento da produ\u00e7\u00e3o<\/li>\n<\/ul>\n<p>[\/vc_column_text][\/vc_column_inner][\/vc_row_inner][\/vc_column][\/vc_row]<\/p>\n<\/div>","protected":false},"excerpt":{"rendered":"<p>[vc_row][vc_column][vc_column_text el_class=&#8221;title_lineas&#8221;] Produtos [\/vc_column_text][vc_row_inner][vc_column_inner width=&#8221;1\/2&#8243;][vc_column_text el_class=&#8221;icon_list&#8221;] Bolsa de colostomia Dispositivo de fixa\u00e7\u00e3o de cateter Dispositivo de limpeza Escova dental de suc\u00e7\u00e3o Escova dental Garrafa de alto v\u00e1cuo Frascos est\u00e9reis Tubos de limpeza de sangue [\/vc_column_text][\/vc_column_inner][vc_column_inner width=&#8221;1\/2&#8243;][\/vc_column_inner][\/vc_row_inner][\/vc_column][\/vc_row][vc_row][vc_column][vc_column_text css=&#8221;.vc_custom_1463827564600{padding-bottom: 3px !important;padding-left: 15px !important;background-color: #e8e8e8 !important;}&#8221;] Dispositivo de fixa\u00e7\u00e3o de cat\u00e9ter [\/vc_column_text][vc_row_inner][vc_column_inner][vc_gallery type=&#8221;image_grid&#8221; images=&#8221;2569,2568,2672&#8243; el_class=&#8221;foto_margen&#8221;][\/vc_column_inner][\/vc_row_inner][vc_row_inner][vc_column_inner width=&#8221;1\/3&#8243;][vc_column_text el_class=&#8221;title_lineas&#8221;] Configura\u00e7\u00e3o [&hellip;]<\/p>\n","protected":false},"author":4,"featured_media":0,"parent":8483,"menu_order":0,"comment_status":"closed","ping_status":"closed","template":"sectors.php","meta":{"_lmt_disableupdate":"","_lmt_disable":"","footnotes":""},"yst_prominent_words":[],"class_list":["post-8725","page","type-page","status-publish","hentry"],"acf":[],"_links":{"self":[{"href":"https:\/\/www.mondragon-assembly.com\/pt-br\/wp-json\/wp\/v2\/pages\/8725","targetHints":{"allow":["GET"]}}],"collection":[{"href":"https:\/\/www.mondragon-assembly.com\/pt-br\/wp-json\/wp\/v2\/pages"}],"about":[{"href":"https:\/\/www.mondragon-assembly.com\/pt-br\/wp-json\/wp\/v2\/types\/page"}],"author":[{"embeddable":true,"href":"https:\/\/www.mondragon-assembly.com\/pt-br\/wp-json\/wp\/v2\/users\/4"}],"replies":[{"embeddable":true,"href":"https:\/\/www.mondragon-assembly.com\/pt-br\/wp-json\/wp\/v2\/comments?post=8725"}],"version-history":[{"count":2,"href":"https:\/\/www.mondragon-assembly.com\/pt-br\/wp-json\/wp\/v2\/pages\/8725\/revisions"}],"predecessor-version":[{"id":9727,"href":"https:\/\/www.mondragon-assembly.com\/pt-br\/wp-json\/wp\/v2\/pages\/8725\/revisions\/9727"}],"up":[{"embeddable":true,"href":"https:\/\/www.mondragon-assembly.com\/pt-br\/wp-json\/wp\/v2\/pages\/8483"}],"wp:attachment":[{"href":"https:\/\/www.mondragon-assembly.com\/pt-br\/wp-json\/wp\/v2\/media?parent=8725"}],"wp:term":[{"taxonomy":"yst_prominent_words","embeddable":true,"href":"https:\/\/www.mondragon-assembly.com\/pt-br\/wp-json\/wp\/v2\/yst_prominent_words?post=8725"}],"curies":[{"name":"wp","href":"https:\/\/api.w.org\/{rel}","templated":true}]}}