{"id":8728,"date":"2016-04-22T11:56:18","date_gmt":"2016-04-22T09:56:18","guid":{"rendered":"https:\/\/www.mondragon-assembly.com\/pt-br\/?page_id=8728"},"modified":"2016-05-23T15:05:45","modified_gmt":"2016-05-23T15:05:45","slug":"aplicaciones","status":"publish","type":"page","link":"https:\/\/www.mondragon-assembly.com\/pt-br\/componentes-para-eletrodomesticos\/aplicaciones\/","title":{"rendered":"Aplica\u00e7\u00f5es"},"content":{"rendered":"<div class=\"wpb-content-wrapper\"><p>[vc_row][vc_column][vc_column_text el_class=&#8221;title_lineas&#8221;]<\/p>\n<h4><span style=\"color: #e20026;\">Produtos<\/span><\/h4>\n<p>[\/vc_column_text][vc_row_inner][vc_column_inner width=&#8221;1\/2&#8243;][vc_column_text el_class=&#8221;icon_list&#8221;]<\/p>\n<ul>\n<li>V\u00e1lvula de g\u00e1s<\/li>\n<li>Termopar de fio<\/li>\n<li>Seguran\u00e7a magn\u00e9tica<\/li>\n<li>Bomba de \u00e1gua<\/li>\n<li>Vitrocer\u00e2mica<\/li>\n<\/ul>\n<p>[\/vc_column_text][\/vc_column_inner][vc_column_inner width=&#8221;1\/2&#8243;][\/vc_column_inner][\/vc_row_inner][\/vc_column][\/vc_row][vc_row][vc_column][vc_column_text css=&#8221;.vc_custom_1463827877462{padding-bottom: 3px !important;padding-left: 15px !important;background-color: #e8e8e8 !important;}&#8221;]<\/p>\n<h3><span style=\"color: #e20026; line-height: 35px;\">V\u00e1lvula de g\u00e1s<\/span><\/h3>\n<p>[\/vc_column_text][vc_row_inner][vc_column_inner][vc_gallery type=&#8221;image_grid&#8221; images=&#8221;2581,2582&#8243; el_class=&#8221;foto_margen&#8221;][\/vc_column_inner][\/vc_row_inner][vc_row_inner][vc_column_inner width=&#8221;1\/3&#8243;][vc_column_text el_class=&#8221;title_lineas&#8221;]<\/p>\n<h4><span style=\"color: #e20026;\">Configura\u00e7\u00e3o da solu\u00e7\u00e3o<\/span><\/h4>\n<p>[\/vc_column_text][vc_column_text el_class=&#8221;icon_list&#8221;]<\/p>\n<ul>\n<li>M\u00e1quina de montagem autom\u00e1tica<\/li>\n<li>Transporte de pe\u00e7as em pratos sobre esteira<\/li>\n<li>Prato rotativo de teste de 8 posi\u00e7\u00f5es<\/li>\n<\/ul>\n<p>[\/vc_column_text][\/vc_column_inner][vc_column_inner width=&#8221;1\/3&#8243;][vc_column_text el_class=&#8221;title_lineas&#8221;]<\/p>\n<h4><span style=\"color: #e20026;\">Processo<\/span><\/h4>\n<p>[\/vc_column_text][vc_column_text el_class=&#8221;icon_list&#8221;]<\/p>\n<ul>\n<li>Alimenta\u00e7\u00f5es manuais e autom\u00e1ticas<\/li>\n<li>Lubrifica\u00e7\u00e3o<\/li>\n<li>Aparafusamento<\/li>\n<li>Verifica\u00e7\u00e3o de modelo por vis\u00e3o<\/li>\n<li>Verifica\u00e7\u00e3o de aparafusamento por vis\u00e3o<\/li>\n<li>Teste de mola<\/li>\n<li>Calibragem autom\u00e1tica da v\u00e1lvula<\/li>\n<li>Testes autom\u00e1ticos: 2 testes de vazamento, 2 testes de vaz\u00e3o<\/li>\n<li>Marca\u00e7\u00e3o por jato de tinta e descarga<\/li>\n<\/ul>\n<p>[\/vc_column_text][\/vc_column_inner][vc_column_inner width=&#8221;1\/3&#8243;][vc_column_text el_class=&#8221;title_lineas&#8221;]<\/p>\n<h4><span style=\"color: #e20026;\">Dados t\u00e9cnicos<\/span><\/h4>\n<p>[\/vc_column_text][vc_column_text el_class=&#8221;icon_list&#8221;]<\/p>\n<ul>\n<li>Tempo do ciclo: 3,5\u00a0s<\/li>\n<li>Mais de 300 modelos<\/li>\n<li>Aparafusamentos el\u00e9tricos e pneum\u00e1ticos<\/li>\n<li>Checkers de vis\u00e3o<\/li>\n<li>Medidores de vaz\u00e3o<\/li>\n<li>Testes de vazamento<\/li>\n<li>Marca\u00e7\u00e3o por jato de tinta<\/li>\n<\/ul>\n<p>[\/vc_column_text][\/vc_column_inner][\/vc_row_inner][\/vc_column][\/vc_row][vc_row][vc_column][vc_column_text css=&#8221;.vc_custom_1463827914943{padding-bottom: 3px !important;padding-left: 15px !important;background-color: #e8e8e8 !important;}&#8221;]<\/p>\n<h3><span style=\"color: #e20026; line-height: 35px;\">Termopar de fio<\/span><\/h3>\n<p>[\/vc_column_text][vc_gallery type=&#8221;image_grid&#8221; images=&#8221;2683,2685,2684&#8243; img_size=&#8221;&#8221; el_class=&#8221;foto_margen&#8221;][vc_row_inner][vc_column_inner width=&#8221;1\/3&#8243;][vc_column_text el_class=&#8221;title_lineas&#8221;]<\/p>\n<h4><span style=\"color: #e20026;\">Configura\u00e7\u00e3o da solu\u00e7\u00e3o<\/span><\/h4>\n<p>[\/vc_column_text][vc_column_text el_class=&#8221;icon_list&#8221;]<\/p>\n<ul>\n<li>68 esta\u00e7\u00f5es autom\u00e1ticas<\/li>\n<li>2 esta\u00e7\u00f5es de rebobinagem, corte e carga de fio<\/li>\n<li>2 esta\u00e7\u00f5es de forma\u00e7\u00e3o de terminais<\/li>\n<li>1 esta\u00e7\u00e3o de rebobinagem, corte e inser\u00e7\u00e3o de bainha<\/li>\n<li>1 soldagem a laser e 2 esta\u00e7\u00f5es de soldagem TIG<\/li>\n<li>Todos os modelos de conduto s\u00e3o verificados por sistemas de vis\u00e3o<\/li>\n<li>2 prensas servocontroladas<\/li>\n<li>2 controles de tra\u00e7\u00e3o<\/li>\n<\/ul>\n<p>[\/vc_column_text][\/vc_column_inner][vc_column_inner width=&#8221;1\/3&#8243;][vc_column_text el_class=&#8221;title_lineas&#8221;]<\/p>\n<h4><span style=\"color: #e20026;\">Dados t\u00e9cnicos<\/span><\/h4>\n<p>[\/vc_column_text][vc_column_text el_class=&#8221;icon_list&#8221;]<\/p>\n<ul>\n<li>Tempo do ciclo: 1.4\u00a0s<\/li>\n<li>Manipula\u00e7\u00e3o por meio de motores lineares<\/li>\n<li>Diferentes controles por meio de vis\u00e3o artificial: dimens\u00e3o, posi\u00e7\u00e3o, soldagem etc.<\/li>\n<li>Sistema de controle de produ\u00e7\u00e3o integrado<\/li>\n<li>Troca de modelo r\u00e1pida e simples<\/li>\n<li>F\u00e1cil manuten\u00e7\u00e3o<\/li>\n<\/ul>\n<p>[\/vc_column_text][\/vc_column_inner][vc_column_inner width=&#8221;1\/3&#8243;][\/vc_column_inner][\/vc_row_inner][\/vc_column][\/vc_row][vc_row][vc_column][vc_column_text css=&#8221;.vc_custom_1463827943178{padding-bottom: 3px !important;padding-left: 15px !important;background-color: #e8e8e8 !important;}&#8221;]<\/p>\n<h3><span style=\"color: #e20026; line-height: 35px;\">Seguran\u00e7a magn\u00e9tica<\/span><\/h3>\n<p>[\/vc_column_text][vc_gallery type=&#8221;image_grid&#8221; images=&#8221;2687,2688,2689&#8243; img_size=&#8221;&#8221; el_class=&#8221;foto_margen&#8221;][vc_row_inner][vc_column_inner width=&#8221;1\/3&#8243;][vc_column_text el_class=&#8221;title_lineas&#8221;]<\/p>\n<h4><span style=\"color: #e20026;\">Configura\u00e7\u00e3o da solu\u00e7\u00e3o<\/span><\/h4>\n<p>[\/vc_column_text][vc_column_text el_class=&#8221;icon_list&#8221;]<\/p>\n<ul>\n<li>M\u00e1quinas de cames<\/li>\n<li>110 esta\u00e7\u00f5es autom\u00e1ticas<\/li>\n<li>12 alimenta\u00e7\u00f5es autom\u00e1ticas<\/li>\n<li>2 despaletizadores autom\u00e1ticos com controle visual<\/li>\n<li>Carga e molde de bobina integrados<\/li>\n<li>2 soldagens por resist\u00eancia<\/li>\n<li>2 esta\u00e7\u00f5es de soldagem por plasma<\/li>\n<li>Sistema de limpeza de componentes<\/li>\n<\/ul>\n<p>[\/vc_column_text][\/vc_column_inner][vc_column_inner width=&#8221;1\/3&#8243;][vc_column_text el_class=&#8221;title_lineas&#8221;]<\/p>\n<h4><span style=\"color: #e20026;\">Dados t\u00e9cnicos<\/span><\/h4>\n<p>[\/vc_column_text][vc_column_text el_class=&#8221;icon_list&#8221;]<\/p>\n<ul>\n<li>Tempo do ciclo: 0.5\u00a0s<\/li>\n<li>Diferentes controles por meio de vis\u00e3o artificial: dimens\u00f5es, posi\u00e7\u00e3o, contorno, marca\u00e7\u00e3o&#8230;<\/li>\n<li>Teste de vazamento<\/li>\n<li>Diferentes controles de opera\u00e7\u00e3o: resist\u00eancia, engate, desengate&#8230;<\/li>\n<li>Sistema de controle de produ\u00e7\u00e3o integrado<\/li>\n<li>Troca de modelo r\u00e1pida e simples<\/li>\n<li>F\u00e1cil manuten\u00e7\u00e3o<\/li>\n<\/ul>\n<p>[\/vc_column_text][\/vc_column_inner][\/vc_row_inner][\/vc_column][\/vc_row][vc_row][vc_column][vc_column_text css=&#8221;.vc_custom_1462364520217{padding-bottom: 3px !important;padding-left: 15px !important;background-color: #e8e8e8 !important;}&#8221;]<\/p>\n<h3><span style=\"color: #e20026; line-height: 35px;\">Bypass<\/span><\/h3>\n<p>[\/vc_column_text][vc_gallery type=&#8221;image_grid&#8221; images=&#8221;2586,2585,2587&#8243; el_class=&#8221;foto_margen&#8221;][vc_row_inner][vc_column_inner width=&#8221;1\/3&#8243;][vc_column_text el_class=&#8221;title_lineas&#8221;]<\/p>\n<h4><span style=\"color: #e20026;\">Configura\u00e7\u00e3o da solu\u00e7\u00e3o<\/span><\/h4>\n<p>[\/vc_column_text][vc_column_text el_class=&#8221;icon_list&#8221;]<\/p>\n<ul>\n<li>Alimenta\u00e7\u00e3o autom\u00e1tica de componentes<\/li>\n<li>Prato rotativo de 4 posi\u00e7\u00f5es<\/li>\n<\/ul>\n<p>[\/vc_column_text][\/vc_column_inner][vc_column_inner width=&#8221;1\/3&#8243;][vc_column_text el_class=&#8221;title_lineas&#8221;]<\/p>\n<h4><span style=\"color: #e20026;\">Processo<\/span><\/h4>\n<p>[\/vc_column_text][vc_column_text el_class=&#8221;icon_list&#8221;]<\/p>\n<ul>\n<li>Carga autom\u00e1tica de bypass<\/li>\n<li>Carga autom\u00e1tica do anel met\u00e1lico<\/li>\n<li>Montagem do anel no bypass<\/li>\n<li>Controle de di\u00e2metro por vis\u00e3o<\/li>\n<li>Rejei\u00e7\u00e3o autom\u00e1tica<\/li>\n<li>Marca\u00e7\u00e3o com pintura e descarga de pe\u00e7as boas<\/li>\n<\/ul>\n<p>[\/vc_column_text][\/vc_column_inner][vc_column_inner width=&#8221;1\/3&#8243;][vc_column_text el_class=&#8221;title_lineas&#8221;]<\/p>\n<h4><span style=\"color: #e20026;\">Dados t\u00e9cnicos<\/span><\/h4>\n<p>[\/vc_column_text][vc_column_text el_class=&#8221;icon_list&#8221;]<\/p>\n<ul>\n<li>Tempo do ciclo: 1,2\u00a0s<\/li>\n<li>Mais de 300 modelos<\/li>\n<li>Autonomia de 1\u00a0hora<\/li>\n<li>Repetitividade do rob\u00f4 de 0,03\u00a0mm<\/li>\n<li>Precis\u00e3o da c\u00e2mera de vis\u00e3o de 0,001\u00a0polegadas<\/li>\n<\/ul>\n<p>[\/vc_column_text][\/vc_column_inner][\/vc_row_inner][\/vc_column][\/vc_row]<\/p>\n<\/div>","protected":false},"excerpt":{"rendered":"<p>[vc_row][vc_column][vc_column_text el_class=&#8221;title_lineas&#8221;] Produtos [\/vc_column_text][vc_row_inner][vc_column_inner width=&#8221;1\/2&#8243;][vc_column_text el_class=&#8221;icon_list&#8221;] V\u00e1lvula de g\u00e1s Termopar de fio Seguran\u00e7a magn\u00e9tica Bomba de \u00e1gua Vitrocer\u00e2mica [\/vc_column_text][\/vc_column_inner][vc_column_inner width=&#8221;1\/2&#8243;][\/vc_column_inner][\/vc_row_inner][\/vc_column][\/vc_row][vc_row][vc_column][vc_column_text css=&#8221;.vc_custom_1463827877462{padding-bottom: 3px !important;padding-left: 15px !important;background-color: #e8e8e8 !important;}&#8221;] V\u00e1lvula de g\u00e1s [\/vc_column_text][vc_row_inner][vc_column_inner][vc_gallery type=&#8221;image_grid&#8221; images=&#8221;2581,2582&#8243; el_class=&#8221;foto_margen&#8221;][\/vc_column_inner][\/vc_row_inner][vc_row_inner][vc_column_inner width=&#8221;1\/3&#8243;][vc_column_text el_class=&#8221;title_lineas&#8221;] Configura\u00e7\u00e3o da solu\u00e7\u00e3o [\/vc_column_text][vc_column_text el_class=&#8221;icon_list&#8221;] M\u00e1quina de montagem autom\u00e1tica Transporte de pe\u00e7as em pratos sobre esteira Prato rotativo de [&hellip;]<\/p>\n","protected":false},"author":4,"featured_media":0,"parent":8478,"menu_order":0,"comment_status":"closed","ping_status":"closed","template":"sectors.php","meta":{"_lmt_disableupdate":"","_lmt_disable":"","footnotes":""},"yst_prominent_words":[],"class_list":["post-8728","page","type-page","status-publish","hentry"],"acf":[],"_links":{"self":[{"href":"https:\/\/www.mondragon-assembly.com\/pt-br\/wp-json\/wp\/v2\/pages\/8728","targetHints":{"allow":["GET"]}}],"collection":[{"href":"https:\/\/www.mondragon-assembly.com\/pt-br\/wp-json\/wp\/v2\/pages"}],"about":[{"href":"https:\/\/www.mondragon-assembly.com\/pt-br\/wp-json\/wp\/v2\/types\/page"}],"author":[{"embeddable":true,"href":"https:\/\/www.mondragon-assembly.com\/pt-br\/wp-json\/wp\/v2\/users\/4"}],"replies":[{"embeddable":true,"href":"https:\/\/www.mondragon-assembly.com\/pt-br\/wp-json\/wp\/v2\/comments?post=8728"}],"version-history":[{"count":2,"href":"https:\/\/www.mondragon-assembly.com\/pt-br\/wp-json\/wp\/v2\/pages\/8728\/revisions"}],"predecessor-version":[{"id":9725,"href":"https:\/\/www.mondragon-assembly.com\/pt-br\/wp-json\/wp\/v2\/pages\/8728\/revisions\/9725"}],"up":[{"embeddable":true,"href":"https:\/\/www.mondragon-assembly.com\/pt-br\/wp-json\/wp\/v2\/pages\/8478"}],"wp:attachment":[{"href":"https:\/\/www.mondragon-assembly.com\/pt-br\/wp-json\/wp\/v2\/media?parent=8728"}],"wp:term":[{"taxonomy":"yst_prominent_words","embeddable":true,"href":"https:\/\/www.mondragon-assembly.com\/pt-br\/wp-json\/wp\/v2\/yst_prominent_words?post=8728"}],"curies":[{"name":"wp","href":"https:\/\/api.w.org\/{rel}","templated":true}]}}