{"id":8736,"date":"2016-04-22T12:02:41","date_gmt":"2016-04-22T10:02:41","guid":{"rendered":"https:\/\/www.mondragon-assembly.com\/pt-br\/?page_id=8736"},"modified":"2016-05-23T15:05:52","modified_gmt":"2016-05-23T15:05:52","slug":"aplicaciones","status":"publish","type":"page","link":"https:\/\/www.mondragon-assembly.com\/pt-br\/cosmetica\/aplicaciones\/","title":{"rendered":"Aplica\u00e7\u00f5es"},"content":{"rendered":"<div class=\"wpb-content-wrapper\"><p>[vc_row][vc_column][vc_column_text el_class=&#8221;title_lineas&#8221;]<\/p>\n<h4><span style=\"color: #e20026;\">Produtos<\/span><\/h4>\n<p>[\/vc_column_text][vc_row_inner][vc_column_inner width=&#8221;1\/2&#8243;][vc_column_text el_class=&#8221;icon_list&#8221;]<\/p>\n<ul>\n<li>Perfumes<\/li>\n<li>L\u00e1pis de l\u00e1bios<\/li>\n<li>Estojos de maquiagem<\/li>\n<\/ul>\n<p>[\/vc_column_text][\/vc_column_inner][vc_column_inner width=&#8221;1\/2&#8243;][\/vc_column_inner][\/vc_row_inner][vc_gallery type=&#8221;image_grid&#8221; images=&#8221;2817,2818&#8243; el_class=&#8221;foto_margen&#8221;][\/vc_column][\/vc_row][vc_row][vc_column][vc_column_text css=&#8221;.vc_custom_1462447733829{padding-bottom: 3px !important;padding-left: 15px !important;background-color: #e8e8e8 !important;}&#8221;]<\/p>\n<h3><span style=\"color: #e20026; line-height: 35px;\">Perfume<\/span><\/h3>\n<p>[\/vc_column_text][vc_row_inner][vc_column_inner][vc_gallery type=&#8221;image_grid&#8221; images=&#8221;2783,2784&#8243; el_class=&#8221;foto_margen&#8221;][\/vc_column_inner][\/vc_row_inner][vc_row_inner][vc_column_inner width=&#8221;1\/3&#8243;][vc_column_text el_class=&#8221;title_lineas&#8221;]<\/p>\n<h4><span style=\"color: #e20026;\">Configura\u00e7\u00e3o da solu\u00e7\u00e3o<\/span><\/h4>\n<p>[\/vc_column_text][vc_column_text el_class=&#8221;icon_list&#8221;]<\/p>\n<ul>\n<li>Linha totalmente autom\u00e1tica<\/li>\n<li>Carga autom\u00e1tica de componentes<\/li>\n<li>Transporte do produto sobre esteira<\/li>\n<\/ul>\n<p>[\/vc_column_text][\/vc_column_inner][vc_column_inner width=&#8221;1\/3&#8243;][vc_column_text el_class=&#8221;title_lineas&#8221;]<\/p>\n<h4><span style=\"color: #e20026;\">Processo<\/span><\/h4>\n<p>[\/vc_column_text][vc_column_text el_class=&#8221;icon_list&#8221;]<\/p>\n<ul>\n<li>Carga dos frascos: a partir da bandeja ou caixa com divisores<\/li>\n<li>Alimenta\u00e7\u00e3o e sele\u00e7\u00e3o de bomba, tampa, redu\u00e7\u00e3o: vibrador, alimentador vertical etc.<\/li>\n<li>Crimpagem e montagem da bomba<\/li>\n<li>Montagem da tampa<\/li>\n<li>Controle visual<\/li>\n<li>Etiquetagem<\/li>\n<li>Marca\u00e7\u00e3o a laser: YAG, CO\u00b2, UV\u2026<\/li>\n<\/ul>\n<p>[\/vc_column_text][\/vc_column_inner][vc_column_inner width=&#8221;1\/3&#8243;][vc_column_text el_class=&#8221;title_lineas&#8221;]<\/p>\n<h4><span style=\"color: #e20026;\">Dados t\u00e9cnicos<\/span><\/h4>\n<p>[\/vc_column_text][vc_column_text el_class=&#8221;icon_list&#8221;]<\/p>\n<ul>\n<li>Produ\u00e7\u00e3o: 40\u00a0pe\u00e7as\/min<\/li>\n<li>Troca de modelo r\u00e1pida e simples<\/li>\n<li>F\u00e1cil manuten\u00e7\u00e3o<\/li>\n<\/ul>\n<p>[\/vc_column_text][\/vc_column_inner][\/vc_row_inner][\/vc_column][\/vc_row][vc_row][vc_column][vc_column_text css=&#8221;.vc_custom_1463828385152{padding-bottom: 3px !important;padding-left: 15px !important;background-color: #e8e8e8 !important;}&#8221;]<\/p>\n<h3><span style=\"color: #e20026; line-height: 35px;\">Estojo de maquiagem<br \/>\n<\/span><\/h3>\n<p>[\/vc_column_text][vc_gallery type=&#8221;image_grid&#8221; images=&#8221;2786&#8243; img_size=&#8221;&#8221; el_class=&#8221;foto_margen&#8221;][vc_row_inner][vc_column_inner width=&#8221;1\/3&#8243;][vc_column_text el_class=&#8221;title_lineas&#8221;]<\/p>\n<h4><span style=\"color: #e20026;\">Configura\u00e7\u00e3o da solu\u00e7\u00e3o<\/span><\/h4>\n<p>[\/vc_column_text][vc_column_text el_class=&#8221;icon_list&#8221;]<\/p>\n<ul>\n<li>Linha autom\u00e1tica<\/li>\n<li>Carga autom\u00e1tica de componentes<\/li>\n<li>Transporte do produto em pallets sobre esteira<\/li>\n<\/ul>\n<p>[\/vc_column_text][\/vc_column_inner][vc_column_inner width=&#8221;1\/3&#8243;][vc_column_text el_class=&#8221;title_lineas&#8221;]<\/p>\n<h4><span style=\"color: #e20026;\">Processo<\/span><\/h4>\n<p>[\/vc_column_text][vc_column_text el_class=&#8221;icon_list&#8221;]<\/p>\n<ul>\n<li>Carga de estojos robotizada<\/li>\n<li>Abertura autom\u00e1tica de estojos<\/li>\n<li>Dosagem de cola para fixar a maquiagem<\/li>\n<li>Carga robotizada de pastilhas: 1, 2, 3, 4 ou 5<\/li>\n<li>Carga de aplicador, pincel, esponja<\/li>\n<li>Carga autom\u00e1tica de l\u00e2mina transparente<\/li>\n<li>Fechamento autom\u00e1tico de estojos<\/li>\n<li>Etiquetagem autom\u00e1tica<\/li>\n<li>Tampografia<\/li>\n<li>Acondicionamento autom\u00e1tico<\/li>\n<\/ul>\n<p>[\/vc_column_text][\/vc_column_inner][vc_column_inner width=&#8221;1\/3&#8243;][vc_column_text el_class=&#8221;title_lineas&#8221;]<\/p>\n<h4><span style=\"color: #e20026;\">Dados t\u00e9cnicos<\/span><\/h4>\n<p>[\/vc_column_text][vc_column_text el_class=&#8221;icon_list&#8221;]<\/p>\n<ul>\n<li>Produ\u00e7\u00e3o: 40\u00a0pe\u00e7as\/min<\/li>\n<li>100 refer\u00eancias diferentes<\/li>\n<li>Controles de qualidade: vis\u00e3o, altura etc.<\/li>\n<li>Troca de modelo r\u00e1pida e simples<\/li>\n<li>F\u00e1cil manuten\u00e7\u00e3o<\/li>\n<\/ul>\n<p>[\/vc_column_text][\/vc_column_inner][\/vc_row_inner][\/vc_column][\/vc_row][vc_row][vc_column][vc_column_text css=&#8221;.vc_custom_1463828422209{padding-bottom: 3px !important;padding-left: 15px !important;background-color: #e8e8e8 !important;}&#8221;]<\/p>\n<h3><span style=\"color: #e20026; line-height: 35px;\">L\u00e1pis de l\u00e1bios<br \/>\n<\/span><\/h3>\n<p>[\/vc_column_text][vc_gallery type=&#8221;image_grid&#8221; images=&#8221;2790,2788,2789&#8243; img_size=&#8221;&#8221; el_class=&#8221;foto_margen&#8221;][vc_row_inner][vc_column_inner width=&#8221;1\/3&#8243;][vc_column_text el_class=&#8221;title_lineas&#8221;]<\/p>\n<h4><span style=\"color: #e20026;\">Configura\u00e7\u00e3o da solu\u00e7\u00e3o<\/span><\/h4>\n<p>[\/vc_column_text][vc_column_text el_class=&#8221;icon_list&#8221;]<\/p>\n<ul>\n<li>C\u00e9lula robotizada de carga de mecanismo e carca\u00e7a<\/li>\n<li>Dep\u00f3sito de termoformados para mecanismos<\/li>\n<li>Alimenta\u00e7\u00e3o de mecanismos a granel<\/li>\n<li>Prato rotativo de montagem n\u00ba 1<\/li>\n<li>C\u00e9lula robotizada de coloca\u00e7\u00e3o de tampa e descarga<\/li>\n<li>Dep\u00f3sitos de termoformados para carca\u00e7as e tampas<\/li>\n<\/ul>\n<p>[\/vc_column_text][\/vc_column_inner][vc_column_inner width=&#8221;1\/3&#8243;][vc_column_text el_class=&#8221;title_lineas&#8221;]<\/p>\n<h4><span style=\"color: #e20026;\">Processo<\/span><\/h4>\n<p>[\/vc_column_text][vc_column_text el_class=&#8221;icon_list&#8221;]<\/p>\n<ul>\n<li>Integra\u00e7\u00e3o de m\u00e1quina de enchimento NANYO: enchimento superior e\/ou traseiro<\/li>\n<li>Alimenta\u00e7\u00e3o de mecanismo: vibrador, alimentador vertical etc.<\/li>\n<li>Montagem de l\u00e1pis com seu mecanismo<\/li>\n<li>Montagem final: carga e rosqueamento da tampa<\/li>\n<li>Marca\u00e7\u00e3o a laser<\/li>\n<li>Etiqueta de identifica\u00e7\u00e3o<\/li>\n<li>Acondicionamento autom\u00e1tico<\/li>\n<\/ul>\n<p>[\/vc_column_text][\/vc_column_inner][vc_column_inner width=&#8221;1\/3&#8243;][vc_column_text el_class=&#8221;title_lineas&#8221;]<\/p>\n<h4><span style=\"color: #e20026;\">Dados t\u00e9cnicos<\/span><\/h4>\n<p>[\/vc_column_text][vc_column_text el_class=&#8221;icon_list&#8221;]<\/p>\n<ul>\n<li>Produ\u00e7\u00e3o: 50\u00a0pe\u00e7as\/min<\/li>\n<li>Controle de qualidade: sistemas de vis\u00e3o, controle de altura, torque de aparafusamento etc.<\/li>\n<li>95 refer\u00eancias diferentes<\/li>\n<li>Troca de modelo r\u00e1pida e simples<\/li>\n<li>F\u00e1cil manuten\u00e7\u00e3o<\/li>\n<\/ul>\n<p>[\/vc_column_text][\/vc_column_inner][\/vc_row_inner][\/vc_column][\/vc_row]<\/p>\n<\/div>","protected":false},"excerpt":{"rendered":"<p>[vc_row][vc_column][vc_column_text el_class=&#8221;title_lineas&#8221;] Produtos [\/vc_column_text][vc_row_inner][vc_column_inner width=&#8221;1\/2&#8243;][vc_column_text el_class=&#8221;icon_list&#8221;] Perfumes L\u00e1pis de l\u00e1bios Estojos de maquiagem [\/vc_column_text][\/vc_column_inner][vc_column_inner width=&#8221;1\/2&#8243;][\/vc_column_inner][\/vc_row_inner][vc_gallery type=&#8221;image_grid&#8221; images=&#8221;2817,2818&#8243; el_class=&#8221;foto_margen&#8221;][\/vc_column][\/vc_row][vc_row][vc_column][vc_column_text css=&#8221;.vc_custom_1462447733829{padding-bottom: 3px !important;padding-left: 15px !important;background-color: #e8e8e8 !important;}&#8221;] Perfume [\/vc_column_text][vc_row_inner][vc_column_inner][vc_gallery type=&#8221;image_grid&#8221; images=&#8221;2783,2784&#8243; el_class=&#8221;foto_margen&#8221;][\/vc_column_inner][\/vc_row_inner][vc_row_inner][vc_column_inner width=&#8221;1\/3&#8243;][vc_column_text el_class=&#8221;title_lineas&#8221;] Configura\u00e7\u00e3o da solu\u00e7\u00e3o [\/vc_column_text][vc_column_text el_class=&#8221;icon_list&#8221;] Linha totalmente autom\u00e1tica Carga autom\u00e1tica de componentes Transporte do produto sobre esteira [\/vc_column_text][\/vc_column_inner][vc_column_inner width=&#8221;1\/3&#8243;][vc_column_text el_class=&#8221;title_lineas&#8221;] Processo [\/vc_column_text][vc_column_text el_class=&#8221;icon_list&#8221;] [&hellip;]<\/p>\n","protected":false},"author":4,"featured_media":0,"parent":8481,"menu_order":0,"comment_status":"closed","ping_status":"closed","template":"sectors.php","meta":{"_lmt_disableupdate":"","_lmt_disable":"","footnotes":""},"yst_prominent_words":[],"class_list":["post-8736","page","type-page","status-publish","hentry"],"acf":[],"_links":{"self":[{"href":"https:\/\/www.mondragon-assembly.com\/pt-br\/wp-json\/wp\/v2\/pages\/8736","targetHints":{"allow":["GET"]}}],"collection":[{"href":"https:\/\/www.mondragon-assembly.com\/pt-br\/wp-json\/wp\/v2\/pages"}],"about":[{"href":"https:\/\/www.mondragon-assembly.com\/pt-br\/wp-json\/wp\/v2\/types\/page"}],"author":[{"embeddable":true,"href":"https:\/\/www.mondragon-assembly.com\/pt-br\/wp-json\/wp\/v2\/users\/4"}],"replies":[{"embeddable":true,"href":"https:\/\/www.mondragon-assembly.com\/pt-br\/wp-json\/wp\/v2\/comments?post=8736"}],"version-history":[{"count":2,"href":"https:\/\/www.mondragon-assembly.com\/pt-br\/wp-json\/wp\/v2\/pages\/8736\/revisions"}],"predecessor-version":[{"id":9726,"href":"https:\/\/www.mondragon-assembly.com\/pt-br\/wp-json\/wp\/v2\/pages\/8736\/revisions\/9726"}],"up":[{"embeddable":true,"href":"https:\/\/www.mondragon-assembly.com\/pt-br\/wp-json\/wp\/v2\/pages\/8481"}],"wp:attachment":[{"href":"https:\/\/www.mondragon-assembly.com\/pt-br\/wp-json\/wp\/v2\/media?parent=8736"}],"wp:term":[{"taxonomy":"yst_prominent_words","embeddable":true,"href":"https:\/\/www.mondragon-assembly.com\/pt-br\/wp-json\/wp\/v2\/yst_prominent_words?post=8736"}],"curies":[{"name":"wp","href":"https:\/\/api.w.org\/{rel}","templated":true}]}}